{"id":1821,"date":"2022-03-05T11:56:43","date_gmt":"2022-03-05T10:56:43","guid":{"rendered":"https:\/\/agora.xtec.cat\/insvilafranca2\/?page_id=1821"},"modified":"2026-05-11T08:46:50","modified_gmt":"2026-05-11T06:46:50","slug":"aportacions-de-les-families","status":"publish","type":"page","link":"https:\/\/agora.xtec.cat\/insvilafranca2\/secretaria\/aportacions-de-les-families\/","title":{"rendered":"Aportacions de les fam\u00edlies"},"content":{"rendered":"<p>Segons acord del Consell Escolar de l\u2019Institut, per a la inscripci\u00f3 als nivells d\u2019ESO,\u00a0 cal abonar 100\u20ac\u00a0en concepte d\u2019aportaci\u00f3 per a la compra del paquet did\u00e0ctic\u00a0 i\u00a0 manteniment de l\u2019equipament inform\u00e0tic.<\/p>\n<h3><strong>PAQUET DID\u00c0CTIC 25-26<\/strong><\/h3>\n<p><span style=\"font-weight: 400;\">Com ja deveu imaginar, la dotaci\u00f3 econ\u00f2mica de la Generalitat de Catalunya per als centres p\u00fablics cobreix tan sol l\u2019Edifici, amb les seves despeses (energia el\u00e8ctrica, aigua i gas), els sous del professorat i personal Administratiu. Per a qualsevol altra despesa, \u00e9s imprescindible comptar amb l\u2019aportaci\u00f3 de les fam\u00edlies en concepte de material i asseguran\u00e7a. Aquests diners es demanen amb una quota anual i aniran destinats a adquirir i renovar material d\u2019\u00fas com\u00fa i el manteniment dels diferents equipaments. Per tant, permetran dur a terme el servei educatiu que rebran els vostres fills\/es. Aquests s\u00f3n alguns dels \u00e0mbits a qu\u00e8 es destinaran les vostres aportacions:<\/span><\/p>\n<ul>\n<li style=\"font-weight: 400;\" aria-level=\"1\"><strong>Material general del centre<\/strong><span style=\"font-weight: 400;\">: pintura, claus, materials per festes, descomptes sortides, exposicions, projectes, sistemes de seguretat, escala, \u2026<\/span><\/li>\n<li style=\"font-weight: 400;\" aria-level=\"1\"><strong>Eines de treball a l\u2019aula<\/strong><span style=\"font-weight: 400;\">: fotoc\u00f2pies, folis i cartolines, llibres de consulta, material d\u2019escriptori, murals, \u2026<\/span><\/li>\n<li style=\"font-weight: 400;\" aria-level=\"1\"><strong>Material esportiu<\/strong><span style=\"font-weight: 400;\">: pilotes de diversos esports, raquetes, <\/span><i><span style=\"font-weight: 400;\">stiks<\/span><\/i><span style=\"font-weight: 400;\">, material de malabars, xarxes, pitralls, cons,..<\/span><\/li>\n<li style=\"font-weight: 400;\" aria-level=\"1\"><strong>Manteniment i compra dels Recursos digitals<\/strong><span style=\"font-weight: 400;\">: manteniment port\u00e0tils del centre i equips inform\u00e0tics del centre (ordinadors i impressores), manteniment de la p\u00e0gina web, plataformes digitals Clickedu, domini, manteniment dels canons i les pissarres digitals,\u2026<\/span><\/li>\n<li style=\"font-weight: 400;\" aria-level=\"1\"><strong>Taller de Tecnologia<\/strong><span style=\"font-weight: 400;\">: Materials fungibles (fustes, metalls, P.V.C., \u2026) i manteniment dels elements mec\u00e0nics.<\/span><\/li>\n<li style=\"font-weight: 400;\" aria-level=\"1\"><strong>Laboratoris de Biologia i F\u00edsica i Qu\u00edmica<\/strong><span style=\"font-weight: 400;\">: materials fungibles (reactius, estris per disseccionar), microscopis i refrigeraci\u00f3.<\/span><\/li>\n<li style=\"font-weight: 400;\" aria-level=\"1\"><strong>Material Pati<\/strong><span style=\"font-weight: 400;\">: pilotes<\/span><\/li>\n<li style=\"font-weight: 400;\" aria-level=\"1\"><strong>Dotaci\u00f3 Biblioteca<\/strong><span style=\"font-weight: 400;\">: Adquisici\u00f3 i actualitzaci\u00f3 de nous llibres.<\/span><\/li>\n<\/ul>\n<p>Des de Secretaria del centre s&#8217;ofereix la possibilitat de poder pagar de forma fraccionada el paquet did\u00e0ctic, les llic\u00e8ncies digitals i les sortides a trav\u00e9s la plataforma de TPV-Escola.<\/p>\n<p>En l&#8217;actualitat, el centre no rep cap ajut per sufragar aquestes despeses o el preu d&#8217;aquestes activitats i serveis.<\/p>\n\n\n<p><\/p>\n","protected":false},"excerpt":{"rendered":"<p>Segons acord del Consell Escolar de l\u2019Institut, per a la inscripci\u00f3 als nivells d\u2019ESO,\u00a0 cal abonar 100\u20ac\u00a0en concepte d\u2019aportaci\u00f3 per a la compra del paquet did\u00e0ctic\u00a0 i\u00a0 manteniment de l\u2019equipament inform\u00e0tic. PAQUET DID\u00c0CTIC 25-26 Com ja deveu imaginar, la dotaci\u00f3 econ\u00f2mica de la Generalitat de Catalunya per als centres p\u00fablics cobreix tan sol l\u2019Edifici, amb [&hellip;]<\/p>\n","protected":false},"author":1,"featured_media":0,"parent":81,"menu_order":2,"comment_status":"closed","ping_status":"closed","template":"","meta":{"_bbp_topic_count":0,"_bbp_reply_count":0,"_bbp_total_topic_count":0,"_bbp_total_reply_count":0,"_bbp_voice_count":0,"_bbp_anonymous_reply_count":0,"_bbp_topic_count_hidden":0,"_bbp_reply_count_hidden":0,"_bbp_forum_subforum_count":0,"site-sidebar-layout":"default","site-content-layout":"","ast-site-content-layout":"default","site-content-style":"default","site-sidebar-style":"default","ast-global-header-display":"","ast-banner-title-visibility":"","ast-main-header-display":"","ast-hfb-above-header-display":"","ast-hfb-below-header-display":"","ast-hfb-mobile-header-display":"","site-post-title":"","ast-breadcrumbs-content":"","ast-featured-img":"","footer-sml-layout":"","theme-transparent-header-meta":"","adv-header-id-meta":"","stick-header-meta":"","header-above-stick-meta":"","header-main-stick-meta":"","header-below-stick-meta":"","astra-migrate-meta-layouts":"set","ast-page-background-enabled":"default","ast-page-background-meta":{"desktop":{"background-color":"var(--ast-global-color-4)","background-image":"","background-repeat":"repeat","background-position":"center center","background-size":"auto","background-attachment":"scroll","background-type":"","background-media":"","overlay-type":"","overlay-color":"","overlay-opacity":"","overlay-gradient":""},"tablet":{"background-color":"","background-image":"","background-repeat":"repeat","background-position":"center center","background-size":"auto","background-attachment":"scroll","background-type":"","background-media":"","overlay-type":"","overlay-color":"","overlay-opacity":"","overlay-gradient":""},"mobile":{"background-color":"","background-image":"","background-repeat":"repeat","background-position":"center center","background-size":"auto","background-attachment":"scroll","background-type":"","background-media":"","overlay-type":"","overlay-color":"","overlay-opacity":"","overlay-gradient":""}},"ast-content-background-meta":{"desktop":{"background-color":"var(--ast-global-color-5)","background-image":"","background-repeat":"repeat","background-position":"center center","background-size":"auto","background-attachment":"scroll","background-type":"","background-media":"","overlay-type":"","overlay-color":"","overlay-opacity":"","overlay-gradient":""},"tablet":{"background-color":"var(--ast-global-color-5)","background-image":"","background-repeat":"repeat","background-position":"center center","background-size":"auto","background-attachment":"scroll","background-type":"","background-media":"","overlay-type":"","overlay-color":"","overlay-opacity":"","overlay-gradient":""},"mobile":{"background-color":"var(--ast-global-color-5)","background-image":"","background-repeat":"repeat","background-position":"center center","background-size":"auto","background-attachment":"scroll","background-type":"","background-media":"","overlay-type":"","overlay-color":"","overlay-opacity":"","overlay-gradient":""}},"footnotes":""},"class_list":["post-1821","page","type-page","status-publish","hentry"],"post_mailing_queue_ids":[],"_links":{"self":[{"href":"https:\/\/agora.xtec.cat\/insvilafranca2\/wp-json\/wp\/v2\/pages\/1821","targetHints":{"allow":["GET"]}}],"collection":[{"href":"https:\/\/agora.xtec.cat\/insvilafranca2\/wp-json\/wp\/v2\/pages"}],"about":[{"href":"https:\/\/agora.xtec.cat\/insvilafranca2\/wp-json\/wp\/v2\/types\/page"}],"author":[{"embeddable":true,"href":"https:\/\/agora.xtec.cat\/insvilafranca2\/wp-json\/wp\/v2\/users\/1"}],"replies":[{"embeddable":true,"href":"https:\/\/agora.xtec.cat\/insvilafranca2\/wp-json\/wp\/v2\/comments?post=1821"}],"version-history":[{"count":5,"href":"https:\/\/agora.xtec.cat\/insvilafranca2\/wp-json\/wp\/v2\/pages\/1821\/revisions"}],"predecessor-version":[{"id":2991,"href":"https:\/\/agora.xtec.cat\/insvilafranca2\/wp-json\/wp\/v2\/pages\/1821\/revisions\/2991"}],"up":[{"embeddable":true,"href":"https:\/\/agora.xtec.cat\/insvilafranca2\/wp-json\/wp\/v2\/pages\/81"}],"wp:attachment":[{"href":"https:\/\/agora.xtec.cat\/insvilafranca2\/wp-json\/wp\/v2\/media?parent=1821"}],"curies":[{"name":"wp","href":"https:\/\/api.w.org\/{rel}","templated":true}]}}