{"id":1798,"date":"2022-03-05T09:57:17","date_gmt":"2022-03-05T08:57:17","guid":{"rendered":"https:\/\/agora.xtec.cat\/insvilafranca2\/?page_id=1798"},"modified":"2026-05-07T08:41:04","modified_gmt":"2026-05-07T06:41:04","slug":"preinscripcio","status":"publish","type":"page","link":"https:\/\/agora.xtec.cat\/insvilafranca2\/secretaria\/preinscripcio\/","title":{"rendered":"Preinscripci\u00f3 Curs 26-27"},"content":{"rendered":"<h1><a href=\"https:\/\/sites.google.com\/xtec.cat\/insvilafranca2preinscripcio\/inici\"><span style=\"color: #33cccc;\"><b>Preinscripci\u00f3 a l\u2019ESO. Curs 2026-2027.<\/b><\/span><\/a><\/h1>\n<p><span style=\"font-weight: 400;\">Benvinguts a l&#8217;espai de gestions acad\u00e8miques. Aqu\u00ed trobareu tota la informaci\u00f3 actualitzada per al proper curs escolar. <\/span><\/p>\n<p><span style=\"font-weight: 400;\">Si teniu qualsevol dubte durant el proc\u00e9s, estem al vostre costat per ajudar-vos.<\/span><\/p>\n<p><a href=\"https:\/\/agora.xtec.cat\/insvilafranca2\/wp-content\/uploads\/usu2145\/2026\/04\/preinscripcio-2026-2027-760x428-1.png\"><img loading=\"lazy\" decoding=\"async\" class=\"alignnone size-full wp-image-2955\" src=\"https:\/\/agora.xtec.cat\/insvilafranca2\/wp-content\/uploads\/usu2145\/2026\/04\/preinscripcio-2026-2027-760x428-1.png\" alt=\"\" width=\"760\" height=\"428\" srcset=\"https:\/\/agora.xtec.cat\/insvilafranca2\/wp-content\/uploads\/usu2145\/2026\/04\/preinscripcio-2026-2027-760x428-1.png 760w, https:\/\/agora.xtec.cat\/insvilafranca2\/wp-content\/uploads\/usu2145\/2026\/04\/preinscripcio-2026-2027-760x428-1-300x169.png 300w\" sizes=\"auto, (max-width: 760px) 100vw, 760px\" \/><\/a><\/p>\n<h2>CODI DE CENTRE\u00a0<span style=\"color: #ff0000;\"><strong>08076893<\/strong><\/span><\/h2>\n<p><span style=\"font-weight: 400;\">\ud83d\udcdd Preinscripci\u00f3 (Del 6 al 18 de mar\u00e7 de 2026)<\/span><\/p>\n<p><i><span style=\"font-weight: 400;\">El primer pas per formar part del Vilafranca 2.<\/span><\/i><\/p>\n<ul>\n<li style=\"font-weight: 400;\" aria-level=\"1\"><span style=\"font-weight: 400;\">\ud83d\udd17 <\/span><a href=\"https:\/\/preinscripcio.gencat.cat\/ca\/estudis\/eso\/inici\/\"><b>Web oficial de Preinscripci\u00f3 &#8211; Gencat.cat<\/b><\/a><span style=\"font-weight: 400;\">: Tota la informaci\u00f3 de la Generalitat.<\/span><\/li>\n<li style=\"font-weight: 400;\" aria-level=\"1\"><span style=\"font-weight: 400;\">\ud83d\udcc4 <\/span><a href=\"https:\/\/preinscripcio.gencat.cat\/web\/.content\/ajuda\/guia-preinscripcio-ca.pdf\"><b>Guia per a la preinscripci\u00f3 i matr\u00edcula<\/b><\/a><span style=\"font-weight: 400;\">: Guia pr\u00e0ctica per no deixar-se cap dada.<\/span><\/li>\n<\/ul>\n<p><span style=\"font-weight: 400;\">\ud83d\udcc5 Seguiment del proc\u00e9s (Llistes i barems)<\/span><\/p>\n<p><span style=\"font-weight: 400;\">Anirem publicant els llistats a mesura que es publiquin.<\/span><\/p>\n<ul>\n<li style=\"font-weight: 400;\" aria-level=\"1\"><span style=\"font-weight: 400;\">\u00a0<\/span><a href=\"https:\/\/drive.google.com\/file\/d\/1Ry6M3Csqgdu6ImeCj9i3iDO23JizBWeO\/view?usp=drive_link\"><b>Oferta inicial de places<\/b> <b>03\/03\/26<\/b><\/a><\/li>\n<li style=\"font-weight: 400;\" aria-level=\"1\"><span style=\"font-weight: 400;\">\u00a0<\/span><b><a href=\"https:\/\/drive.google.com\/file\/d\/1ZnMdcY_qZA62ePD0qA1gWRIjhBJk5Jn9\/view?usp=drive_link\">Barem provisional 15\/04\/26<\/a><\/b><\/li>\n<li aria-level=\"1\"><strong><a href=\"https:\/\/drive.google.com\/file\/d\/11oz05MKpwkfEuaGZrKk1aGso9mRqTcjS\/view?usp=sharing\">\u00a0Barem resoltes les reclamacions\u00a0 23\/04\/2026<\/a><\/strong><\/li>\n<li style=\"font-weight: 400;\" aria-level=\"1\"><b>\u00a0<a href=\"https:\/\/preinscripcio.gencat.cat\/ca\/estudis\/eso\/preinscriute\/seguiment-sollicitud\/sorteig-desempat\/\">Sorteig n\u00famero de desempat 28\/04\/26<\/a><\/b><\/li>\n<li style=\"font-weight: 400;\" aria-level=\"1\"><a href=\"https:\/\/drive.google.com\/file\/d\/1uWyt8N696xGkSNGFi15YB2yiDyfJyc5g\/view?usp=drive_link\"><strong>Llista ordenada 29\/04\/26<\/strong><\/a><\/li>\n<li style=\"font-weight: 400;\" aria-level=\"1\"><span style=\"font-weight: 400;\">\u00a0<\/span><b>Alumnat adm\u00e8s 10\/06\/26:<\/b><span style=\"font-weight: 400;\"> [Pendent de publicaci\u00f3]<\/span><\/li>\n<li style=\"font-weight: 400;\" aria-level=\"1\"><span style=\"font-weight: 400;\">\u00a0<\/span><b>Llista d&#8217;espera 10\/06\/26:<\/b><span style=\"font-weight: 400;\"> [Pendent de publicaci\u00f3]<\/span><\/li>\n<\/ul>\n<h2>La informaci\u00f3 del centre la trobeu a <span style=\"color: #ff0000;\"><strong><a style=\"color: #ff0000;\" href=\"https:\/\/sites.google.com\/xtec.cat\/insvilafranca2preinscripcio\/p%C3%A0gina-dinici\">PREINSCRIPCI\u00d3 26-27 (acc\u00e9s).<\/a><\/strong><\/span><\/h2>\n\n\n<p><\/p>\n","protected":false},"excerpt":{"rendered":"<p>Preinscripci\u00f3 a l\u2019ESO. Curs 2026-2027. Benvinguts a l&#8217;espai de gestions acad\u00e8miques. Aqu\u00ed trobareu tota la informaci\u00f3 actualitzada per al proper curs escolar. Si teniu qualsevol dubte durant el proc\u00e9s, estem al vostre costat per ajudar-vos. CODI DE CENTRE\u00a008076893 \ud83d\udcdd Preinscripci\u00f3 (Del 6 al 18 de mar\u00e7 de 2026) El primer pas per formar part del [&hellip;]<\/p>\n","protected":false},"author":1,"featured_media":0,"parent":81,"menu_order":4,"comment_status":"closed","ping_status":"closed","template":"","meta":{"_bbp_topic_count":0,"_bbp_reply_count":0,"_bbp_total_topic_count":0,"_bbp_total_reply_count":0,"_bbp_voice_count":0,"_bbp_anonymous_reply_count":0,"_bbp_topic_count_hidden":0,"_bbp_reply_count_hidden":0,"_bbp_forum_subforum_count":0,"site-sidebar-layout":"default","site-content-layout":"","ast-site-content-layout":"default","site-content-style":"default","site-sidebar-style":"default","ast-global-header-display":"","ast-banner-title-visibility":"","ast-main-header-display":"","ast-hfb-above-header-display":"","ast-hfb-below-header-display":"","ast-hfb-mobile-header-display":"","site-post-title":"","ast-breadcrumbs-content":"","ast-featured-img":"","footer-sml-layout":"","theme-transparent-header-meta":"","adv-header-id-meta":"","stick-header-meta":"","header-above-stick-meta":"","header-main-stick-meta":"","header-below-stick-meta":"","astra-migrate-meta-layouts":"set","ast-page-background-enabled":"default","ast-page-background-meta":{"desktop":{"background-color":"var(--ast-global-color-4)","background-image":"","background-repeat":"repeat","background-position":"center center","background-size":"auto","background-attachment":"scroll","background-type":"","background-media":"","overlay-type":"","overlay-color":"","overlay-opacity":"","overlay-gradient":""},"tablet":{"background-color":"","background-image":"","background-repeat":"repeat","background-position":"center center","background-size":"auto","background-attachment":"scroll","background-type":"","background-media":"","overlay-type":"","overlay-color":"","overlay-opacity":"","overlay-gradient":""},"mobile":{"background-color":"","background-image":"","background-repeat":"repeat","background-position":"center center","background-size":"auto","background-attachment":"scroll","background-type":"","background-media":"","overlay-type":"","overlay-color":"","overlay-opacity":"","overlay-gradient":""}},"ast-content-background-meta":{"desktop":{"background-color":"var(--ast-global-color-5)","background-image":"","background-repeat":"repeat","background-position":"center center","background-size":"auto","background-attachment":"scroll","background-type":"","background-media":"","overlay-type":"","overlay-color":"","overlay-opacity":"","overlay-gradient":""},"tablet":{"background-color":"var(--ast-global-color-5)","background-image":"","background-repeat":"repeat","background-position":"center center","background-size":"auto","background-attachment":"scroll","background-type":"","background-media":"","overlay-type":"","overlay-color":"","overlay-opacity":"","overlay-gradient":""},"mobile":{"background-color":"var(--ast-global-color-5)","background-image":"","background-repeat":"repeat","background-position":"center center","background-size":"auto","background-attachment":"scroll","background-type":"","background-media":"","overlay-type":"","overlay-color":"","overlay-opacity":"","overlay-gradient":""}},"footnotes":""},"class_list":["post-1798","page","type-page","status-publish","hentry"],"post_mailing_queue_ids":[],"_links":{"self":[{"href":"https:\/\/agora.xtec.cat\/insvilafranca2\/wp-json\/wp\/v2\/pages\/1798","targetHints":{"allow":["GET"]}}],"collection":[{"href":"https:\/\/agora.xtec.cat\/insvilafranca2\/wp-json\/wp\/v2\/pages"}],"about":[{"href":"https:\/\/agora.xtec.cat\/insvilafranca2\/wp-json\/wp\/v2\/types\/page"}],"author":[{"embeddable":true,"href":"https:\/\/agora.xtec.cat\/insvilafranca2\/wp-json\/wp\/v2\/users\/1"}],"replies":[{"embeddable":true,"href":"https:\/\/agora.xtec.cat\/insvilafranca2\/wp-json\/wp\/v2\/comments?post=1798"}],"version-history":[{"count":6,"href":"https:\/\/agora.xtec.cat\/insvilafranca2\/wp-json\/wp\/v2\/pages\/1798\/revisions"}],"predecessor-version":[{"id":2969,"href":"https:\/\/agora.xtec.cat\/insvilafranca2\/wp-json\/wp\/v2\/pages\/1798\/revisions\/2969"}],"up":[{"embeddable":true,"href":"https:\/\/agora.xtec.cat\/insvilafranca2\/wp-json\/wp\/v2\/pages\/81"}],"wp:attachment":[{"href":"https:\/\/agora.xtec.cat\/insvilafranca2\/wp-json\/wp\/v2\/media?parent=1798"}],"curies":[{"name":"wp","href":"https:\/\/api.w.org\/{rel}","templated":true}]}}