{"id":1774,"date":"2022-03-04T14:25:22","date_gmt":"2022-03-04T13:25:22","guid":{"rendered":"https:\/\/agora.xtec.cat\/insvilafranca2\/?page_id=1774"},"modified":"2026-03-01T14:48:43","modified_gmt":"2026-03-01T13:48:43","slug":"pga-programacio-general-anual","status":"publish","type":"page","link":"https:\/\/agora.xtec.cat\/insvilafranca2\/documents-de-centre\/pga-programacio-general-anual\/","title":{"rendered":"PGA (Programaci\u00f3 General Anual)"},"content":{"rendered":"<p>Els centres han d&#8217;elaborar la programaci\u00f3 general anual d&#8217;acord amb el que estableix l&#8217;article 10 del Decret 102\/2010, d&#8217;autonomia dels centres educatius. En la programaci\u00f3 es recull la concreci\u00f3 de les prioritats, de les activitats i del funcionament del centre per al curs escolar corresponent, i dels diferents \u00e0mbits de l&#8217;autonomia del centre, d&#8217;acord amb el projecte educatiu i, en els centres p\u00fablics, d&#8217;acord amb el projecte de direcci\u00f3 vigent:<br \/>\n\u25cf<span style=\"color: #33cccc;\"><strong> Autonomia pedag\u00f2gica<\/strong><\/span>: concreci\u00f3 anual dels objectius del PEC i del curr\u00edculum, aix\u00ed com de tots els plans d&#8217;actuaci\u00f3 acordats i aprovats.<br \/>\n\u25cf<span style=\"color: #33cccc;\"><strong> Autonomia organitzativa<\/strong><\/span>: concreci\u00f3 anual de totes les prioritats dels projectes i normes, i la previsi\u00f3 de totes les activitats de l&#8217;horari escolar.<br \/>\n\u25cf <span style=\"color: #33cccc;\"><strong>Autonomia de gesti\u00f3 de recursos<\/strong><\/span>: la concreci\u00f3 de recursos destinats per a les diferents actuacions, els responsables i els mecanismes de seguiment, aix\u00ed com els indicadors iprocediments per avaluar els processos i els resultats, a partir dels indicadors definits en el projecte de direcci\u00f3 i dels indicadors de progr\u00e9s del projecte educatiu.<\/p>\n<p>Hem planificat els objectius generals a assolir al llarg del curs, els quals aniran acompanyats dels indicadors d\u2019assoliment, actuacions i temporitzaci\u00f3 en els seg\u00fcents \u00e0mbits:<\/p>\n<p><a href=\"https:\/\/agora.xtec.cat\/insvilafranca2\/wp-content\/uploads\/usu2145\/2022\/03\/ambits-pga.jpg\"><img loading=\"lazy\" decoding=\"async\" class=\"alignnone size-full wp-image-1787\" src=\"https:\/\/agora.xtec.cat\/insvilafranca2\/wp-content\/uploads\/usu2145\/2022\/03\/ambits-pga.jpg\" alt=\"\" width=\"984\" height=\"556\" srcset=\"https:\/\/agora.xtec.cat\/insvilafranca2\/wp-content\/uploads\/usu2145\/2022\/03\/ambits-pga.jpg 984w, https:\/\/agora.xtec.cat\/insvilafranca2\/wp-content\/uploads\/usu2145\/2022\/03\/ambits-pga-300x170.jpg 300w, https:\/\/agora.xtec.cat\/insvilafranca2\/wp-content\/uploads\/usu2145\/2022\/03\/ambits-pga-768x434.jpg 768w\" sizes=\"auto, (max-width: 984px) 100vw, 984px\" \/><\/a><\/p>\n<p>En aquest espai trobareu les programacions generals anuals dels diferents cursos.<\/p>\n<p><strong>PGA\u00a0 <span style=\"color: #33cccc;\">25-26 (<a href=\"https:\/\/docs.google.com\/document\/d\/1ntuB2mOtxXFwLlIrZZStEsE5g4Uteleo6V3Ef2UVyms\/edit?usp=sharing\">acc\u00e9s<\/a>)<\/span><\/strong><\/p>\n<p>En aquesta PGA trobareu el seg\u00fcent contingut:<\/p>\n<p>1.Informaci\u00f3 general del centre.<br \/>\n2.Objectius generals, actuacions, indicadors, temporitzaci\u00f3 i responsables.<br \/>\n3.Funcions dels c\u00e0rrecs de coordinaci\u00f3.<br \/>\n4.Hores de reducci\u00f3 per c\u00e0rrecs de coordinaci\u00f3.<br \/>\n5.Professorat i organigrama de centre.<br \/>\n6.Tutories i coordinacions per nivells i mat\u00e8ria.<br \/>\n7.Activitats extraescolars organitzades per l&#8217;AFA.<br \/>\n8.Mat\u00e8ries espec\u00edfiques de 1r i 2n d&#8217;ESO.<br \/>\n9.Organitzaci\u00f3 curricular de l\u2019ESO.<br \/>\n10.Sostenibilitat.<br \/>\n11.Calendari del curs 2021-2022<br \/>\n11.1. Calendari general del curs 2021-2022 .<br \/>\n11.2. Calendari dels primers dies de setembre de 2021.<br \/>\n11.3. Calendari del mes de juliol i agost de 2022<br \/>\n12.Sortides i activitats complement\u00e0ries de centre.<br \/>\n13.Xerrades<br \/>\n14.Formaci\u00f3 del professorat.<br \/>\n14.1. Assessorament en el curr\u00edculum competencial des d&#8217;una perspectiva global.<br \/>\n15.Programacions did\u00e0ctiques .<br \/>\n16.Pla d\u2019acollida del professorat.<br \/>\n17. Informaci\u00f3 als docents que volen saber m\u00e9s del nostre projecte pedag\u00f2gic.<br \/>\n18. Serveis del centre.<br \/>\n19. Retiment de comptes.<\/p>\n<p><strong>PGA <span style=\"color: #33cccc;\"><a style=\"color: #33cccc;\" href=\"https:\/\/agora.xtec.cat\/insvilafranca2\/docs\/pga-20-21\/\">20-21 (acc\u00e9s)\u00a0<\/a><\/span><\/strong><\/p>\n","protected":false},"excerpt":{"rendered":"<p>Els centres han d&#8217;elaborar la programaci\u00f3 general anual d&#8217;acord amb el que estableix l&#8217;article 10 del Decret 102\/2010, d&#8217;autonomia dels centres educatius. En la programaci\u00f3 es recull la concreci\u00f3 de les prioritats, de les activitats i del funcionament del centre per al curs escolar corresponent, i dels diferents \u00e0mbits de l&#8217;autonomia del centre, d&#8217;acord amb [&hellip;]<\/p>\n","protected":false},"author":1,"featured_media":0,"parent":546,"menu_order":3,"comment_status":"closed","ping_status":"closed","template":"","meta":{"_bbp_topic_count":0,"_bbp_reply_count":0,"_bbp_total_topic_count":0,"_bbp_total_reply_count":0,"_bbp_voice_count":0,"_bbp_anonymous_reply_count":0,"_bbp_topic_count_hidden":0,"_bbp_reply_count_hidden":0,"_bbp_forum_subforum_count":0,"site-sidebar-layout":"default","site-content-layout":"","ast-site-content-layout":"default","site-content-style":"default","site-sidebar-style":"default","ast-global-header-display":"","ast-banner-title-visibility":"","ast-main-header-display":"","ast-hfb-above-header-display":"","ast-hfb-below-header-display":"","ast-hfb-mobile-header-display":"","site-post-title":"","ast-breadcrumbs-content":"","ast-featured-img":"","footer-sml-layout":"","theme-transparent-header-meta":"","adv-header-id-meta":"","stick-header-meta":"","header-above-stick-meta":"","header-main-stick-meta":"","header-below-stick-meta":"","astra-migrate-meta-layouts":"set","ast-page-background-enabled":"default","ast-page-background-meta":{"desktop":{"background-color":"var(--ast-global-color-4)","background-image":"","background-repeat":"repeat","background-position":"center center","background-size":"auto","background-attachment":"scroll","background-type":"","background-media":"","overlay-type":"","overlay-color":"","overlay-opacity":"","overlay-gradient":""},"tablet":{"background-color":"","background-image":"","background-repeat":"repeat","background-position":"center center","background-size":"auto","background-attachment":"scroll","background-type":"","background-media":"","overlay-type":"","overlay-color":"","overlay-opacity":"","overlay-gradient":""},"mobile":{"background-color":"","background-image":"","background-repeat":"repeat","background-position":"center center","background-size":"auto","background-attachment":"scroll","background-type":"","background-media":"","overlay-type":"","overlay-color":"","overlay-opacity":"","overlay-gradient":""}},"ast-content-background-meta":{"desktop":{"background-color":"var(--ast-global-color-5)","background-image":"","background-repeat":"repeat","background-position":"center center","background-size":"auto","background-attachment":"scroll","background-type":"","background-media":"","overlay-type":"","overlay-color":"","overlay-opacity":"","overlay-gradient":""},"tablet":{"background-color":"var(--ast-global-color-5)","background-image":"","background-repeat":"repeat","background-position":"center center","background-size":"auto","background-attachment":"scroll","background-type":"","background-media":"","overlay-type":"","overlay-color":"","overlay-opacity":"","overlay-gradient":""},"mobile":{"background-color":"var(--ast-global-color-5)","background-image":"","background-repeat":"repeat","background-position":"center center","background-size":"auto","background-attachment":"scroll","background-type":"","background-media":"","overlay-type":"","overlay-color":"","overlay-opacity":"","overlay-gradient":""}},"footnotes":""},"class_list":["post-1774","page","type-page","status-publish","hentry"],"post_mailing_queue_ids":[],"_links":{"self":[{"href":"https:\/\/agora.xtec.cat\/insvilafranca2\/wp-json\/wp\/v2\/pages\/1774","targetHints":{"allow":["GET"]}}],"collection":[{"href":"https:\/\/agora.xtec.cat\/insvilafranca2\/wp-json\/wp\/v2\/pages"}],"about":[{"href":"https:\/\/agora.xtec.cat\/insvilafranca2\/wp-json\/wp\/v2\/types\/page"}],"author":[{"embeddable":true,"href":"https:\/\/agora.xtec.cat\/insvilafranca2\/wp-json\/wp\/v2\/users\/1"}],"replies":[{"embeddable":true,"href":"https:\/\/agora.xtec.cat\/insvilafranca2\/wp-json\/wp\/v2\/comments?post=1774"}],"version-history":[{"count":3,"href":"https:\/\/agora.xtec.cat\/insvilafranca2\/wp-json\/wp\/v2\/pages\/1774\/revisions"}],"predecessor-version":[{"id":2924,"href":"https:\/\/agora.xtec.cat\/insvilafranca2\/wp-json\/wp\/v2\/pages\/1774\/revisions\/2924"}],"up":[{"embeddable":true,"href":"https:\/\/agora.xtec.cat\/insvilafranca2\/wp-json\/wp\/v2\/pages\/546"}],"wp:attachment":[{"href":"https:\/\/agora.xtec.cat\/insvilafranca2\/wp-json\/wp\/v2\/media?parent=1774"}],"curies":[{"name":"wp","href":"https:\/\/api.w.org\/{rel}","templated":true}]}}