{"id":1768,"date":"2022-03-04T09:51:12","date_gmt":"2022-03-04T08:51:12","guid":{"rendered":"https:\/\/agora.xtec.cat\/insvilafranca2\/?page_id=1768"},"modified":"2025-02-24T13:04:51","modified_gmt":"2025-02-24T12:04:51","slug":"adscripcio-centres-de-primaria","status":"publish","type":"page","link":"https:\/\/agora.xtec.cat\/insvilafranca2\/secretaria\/adscripcio-centres-de-primaria\/","title":{"rendered":"Adscripci\u00f3 centres de prim\u00e0ria"},"content":{"rendered":"<p>&nbsp;<\/p>\n<p>Totes les escoles p\u00fabliques dels diversos municipis que s\u00f3n de l\u2019\u00e0rea d\u2019influ\u00e8ncia de Vilafranca del Pened\u00e8s s\u00f3n centres adscrits a qualsevol dels instituts p\u00fablics de Vilafranca, per a l\u2019educaci\u00f3 secund\u00e0ria obligat\u00f2ria:<\/p>\n<p>08031319 Escola Llebeig (Vilob\u00ed del Pened\u00e8s)<\/p>\n<p>08031320 Escola Estalella i Graells (Vilafranca del Pened\u00e8s)<\/p>\n<p>08031332 Escola Josep Balt\u00e0 i Elias (Vilafranca del Pened\u00e8s)<\/p>\n<p>08034126 Escola Pau Boada (Vilafranca del Pened\u00e8s)<\/p>\n<p>08036111 Escola Mas i Perera (Vilafranca del Pened\u00e8s)<\/p>\n<p>08039291 Escola Crist\u00f2for Mestre (Vilafranca del Pened\u00e8s)<\/p>\n<p>08028151 Escola Les Moreres &#8211; ZER Cep de Sis (Santa Fe del Pened\u00e8s)<\/p>\n<p>08064738 Escola Dolors Piera (Vilafranca del Pened\u00e8s)<\/p>\n<p>08022379 Escola Pont de l&#8217;Arcada (Olesa de Bonesvalls)<\/p>\n<p>08062705 Escola La Cabana (Les Cabanyes)<\/p>\n<p>08026099 Escola Les Vinyes (Sant Cugat Sesgarrigues)<\/p>\n<p>08022586 Escola El Drac (Pacs del Pened\u00e8s)<\/p>\n<p>08022367 Escola Rossend Montan\u00e9 (Ol\u00e8rdola)<\/p>\n<p>08022343 Escola Circell (Ol\u00e8rdola)<\/p>\n<p>08017682 Escola Jacint Verdaguer (La Granada)<\/p>\n<p>08000347 Escola d&#8217;Avinyonet del Pened\u00e8s (Avinyonet del Pened\u00e8s)<\/p>\n<p>08023359 Escola Virolai &#8211; ZER Cep de Sis (Puigd\u00e0lber)<\/p>\n","protected":false},"excerpt":{"rendered":"<p>&nbsp; Totes les escoles p\u00fabliques dels diversos municipis que s\u00f3n de l\u2019\u00e0rea d\u2019influ\u00e8ncia de Vilafranca del Pened\u00e8s s\u00f3n centres adscrits a qualsevol dels instituts p\u00fablics de Vilafranca, per a l\u2019educaci\u00f3 secund\u00e0ria obligat\u00f2ria: 08031319 Escola Llebeig (Vilob\u00ed del Pened\u00e8s) 08031320 Escola Estalella i Graells (Vilafranca del Pened\u00e8s) 08031332 Escola Josep Balt\u00e0 i Elias (Vilafranca del Pened\u00e8s) [&hellip;]<\/p>\n","protected":false},"author":1,"featured_media":0,"parent":81,"menu_order":5,"comment_status":"closed","ping_status":"closed","template":"","meta":{"_bbp_topic_count":0,"_bbp_reply_count":0,"_bbp_total_topic_count":0,"_bbp_total_reply_count":0,"_bbp_voice_count":0,"_bbp_anonymous_reply_count":0,"_bbp_topic_count_hidden":0,"_bbp_reply_count_hidden":0,"_bbp_forum_subforum_count":0,"site-sidebar-layout":"default","site-content-layout":"","ast-site-content-layout":"","site-content-style":"default","site-sidebar-style":"default","ast-global-header-display":"","ast-banner-title-visibility":"","ast-main-header-display":"","ast-hfb-above-header-display":"","ast-hfb-below-header-display":"","ast-hfb-mobile-header-display":"","site-post-title":"","ast-breadcrumbs-content":"","ast-featured-img":"","footer-sml-layout":"","theme-transparent-header-meta":"","adv-header-id-meta":"","stick-header-meta":"","header-above-stick-meta":"","header-main-stick-meta":"","header-below-stick-meta":"","astra-migrate-meta-layouts":"default","ast-page-background-enabled":"default","ast-page-background-meta":{"desktop":{"background-color":"var(--ast-global-color-4)","background-image":"","background-repeat":"repeat","background-position":"center center","background-size":"auto","background-attachment":"scroll","background-type":"","background-media":"","overlay-type":"","overlay-color":"","overlay-opacity":"","overlay-gradient":""},"tablet":{"background-color":"","background-image":"","background-repeat":"repeat","background-position":"center center","background-size":"auto","background-attachment":"scroll","background-type":"","background-media":"","overlay-type":"","overlay-color":"","overlay-opacity":"","overlay-gradient":""},"mobile":{"background-color":"","background-image":"","background-repeat":"repeat","background-position":"center center","background-size":"auto","background-attachment":"scroll","background-type":"","background-media":"","overlay-type":"","overlay-color":"","overlay-opacity":"","overlay-gradient":""}},"ast-content-background-meta":{"desktop":{"background-color":"var(--ast-global-color-5)","background-image":"","background-repeat":"repeat","background-position":"center center","background-size":"auto","background-attachment":"scroll","background-type":"","background-media":"","overlay-type":"","overlay-color":"","overlay-opacity":"","overlay-gradient":""},"tablet":{"background-color":"var(--ast-global-color-5)","background-image":"","background-repeat":"repeat","background-position":"center center","background-size":"auto","background-attachment":"scroll","background-type":"","background-media":"","overlay-type":"","overlay-color":"","overlay-opacity":"","overlay-gradient":""},"mobile":{"background-color":"var(--ast-global-color-5)","background-image":"","background-repeat":"repeat","background-position":"center center","background-size":"auto","background-attachment":"scroll","background-type":"","background-media":"","overlay-type":"","overlay-color":"","overlay-opacity":"","overlay-gradient":""}},"footnotes":""},"class_list":["post-1768","page","type-page","status-publish","hentry"],"post_mailing_queue_ids":[],"_links":{"self":[{"href":"https:\/\/agora.xtec.cat\/insvilafranca2\/wp-json\/wp\/v2\/pages\/1768","targetHints":{"allow":["GET"]}}],"collection":[{"href":"https:\/\/agora.xtec.cat\/insvilafranca2\/wp-json\/wp\/v2\/pages"}],"about":[{"href":"https:\/\/agora.xtec.cat\/insvilafranca2\/wp-json\/wp\/v2\/types\/page"}],"author":[{"embeddable":true,"href":"https:\/\/agora.xtec.cat\/insvilafranca2\/wp-json\/wp\/v2\/users\/1"}],"replies":[{"embeddable":true,"href":"https:\/\/agora.xtec.cat\/insvilafranca2\/wp-json\/wp\/v2\/comments?post=1768"}],"version-history":[{"count":3,"href":"https:\/\/agora.xtec.cat\/insvilafranca2\/wp-json\/wp\/v2\/pages\/1768\/revisions"}],"predecessor-version":[{"id":2588,"href":"https:\/\/agora.xtec.cat\/insvilafranca2\/wp-json\/wp\/v2\/pages\/1768\/revisions\/2588"}],"up":[{"embeddable":true,"href":"https:\/\/agora.xtec.cat\/insvilafranca2\/wp-json\/wp\/v2\/pages\/81"}],"wp:attachment":[{"href":"https:\/\/agora.xtec.cat\/insvilafranca2\/wp-json\/wp\/v2\/media?parent=1768"}],"curies":[{"name":"wp","href":"https:\/\/api.w.org\/{rel}","templated":true}]}}