{"id":8164,"date":"2025-02-20T21:45:35","date_gmt":"2025-02-20T20:45:35","guid":{"rendered":"https:\/\/agora.xtec.cat\/insvilafranca\/?page_id=8164"},"modified":"2026-03-26T10:47:23","modified_gmt":"2026-03-26T09:47:23","slug":"portes-obertes-2025","status":"publish","type":"page","link":"https:\/\/agora.xtec.cat\/insvilafranca\/portes-obertes-2025\/","title":{"rendered":"PORTES OBERTES 2026"},"content":{"rendered":"<h2 style=\"text-align: center;\">US DONEM LA BENVINGUDA AL NOSTRE INSTITUT<\/h2>\n<p style=\"text-align: center;\"><a href=\"https:\/\/drive.google.com\/file\/d\/1XRbF6AnKg8mbHh44xs73S7FmNl50l5pA\/view?usp=sharing\">Accediu al pl\u00e0nol interactiu<\/a> i navegueu pels diferents espais per con\u00e8ixer el centre i les diferents activitats<\/p>\n<p><a href=\"https:\/\/drive.google.com\/file\/d\/1XRbF6AnKg8mbHh44xs73S7FmNl50l5pA\/view?usp=sharing\"><img loading=\"lazy\" decoding=\"async\" class=\"aligncenter size-full wp-image-9570\" src=\"https:\/\/agora.xtec.cat\/insvilafranca\/wp-content\/uploads\/usu75\/2026\/02\/Captura-de-pantalla-2026-02-19-194906.png\" alt=\"\" width=\"996\" height=\"703\" srcset=\"https:\/\/agora.xtec.cat\/insvilafranca\/wp-content\/uploads\/usu75\/2026\/02\/Captura-de-pantalla-2026-02-19-194906.png 996w, https:\/\/agora.xtec.cat\/insvilafranca\/wp-content\/uploads\/usu75\/2026\/02\/Captura-de-pantalla-2026-02-19-194906-300x212.png 300w, https:\/\/agora.xtec.cat\/insvilafranca\/wp-content\/uploads\/usu75\/2026\/02\/Captura-de-pantalla-2026-02-19-194906-768x542.png 768w\" sizes=\"auto, (max-width: 996px) 100vw, 996px\" \/><\/a><\/p>\n<table style=\"border-collapse: collapse; width: 100%;\">\n<tbody>\n<tr>\n<td style=\"width: 47.3057%; text-align: center;\">\n<h5>PRESENTACI\u00d3 INFORMATIVA 1r ESO<\/h5>\n<p>Podeu consultar-la en <a href=\"https:\/\/drive.google.com\/file\/d\/1iwEy0UpLmEZmtO5AHGubrXOB4O2o-YMr\/view?usp=drive_link\">aquest enlla\u00e7.<\/a><\/p>\n<p><a href=\"https:\/\/drive.google.com\/file\/d\/1WdrQm2185S2YofcVnBOI13BIlxAS1E4H\/view?usp=drive_link\">Tr\u00edptic informatiu ESO<\/a><\/p>\n<p><a href=\"https:\/\/drive.google.com\/file\/d\/12lRvIvm0hn4HKUqK34zFJqDHhwsO45yV\/view\">Presentaci\u00f3 juliol &#8217;25<\/a><\/td>\n<td style=\"width: 52.6943%; text-align: center;\">\n<h5><strong>PRESENTACI\u00d3 INFORMATIVA BATXILLERAT<br \/>\n<\/strong><\/h5>\n<p>Podeu consultar-la en <a href=\"https:\/\/view.genially.com\/69c3fd813fb79f7c2ea9b1bb\">aquest enlla\u00e7<\/a><\/p>\n<p><a href=\"https:\/\/drive.google.com\/file\/d\/192lS7KDOwP08Rn_IUL7ZlUOkTQjehEOP\/view?usp=sharing\">Tr\u00edptic informatiu BAT<\/a><\/td>\n<\/tr>\n<\/tbody>\n<\/table>\n<p><a href=\"https:\/\/drive.google.com\/file\/d\/18WqUC3HuEBoXwM2dbXlJ-XwIE-JXu5Rg\/view?usp=sharing\"><img loading=\"lazy\" decoding=\"async\" class=\"aligncenter size-large wp-image-9651\" src=\"https:\/\/agora.xtec.cat\/insvilafranca\/wp-content\/uploads\/usu75\/2026\/03\/Captura-de-pantalla-2026-03-15-080002-1024x308.png\" alt=\"\" width=\"1024\" height=\"308\" srcset=\"https:\/\/agora.xtec.cat\/insvilafranca\/wp-content\/uploads\/usu75\/2026\/03\/Captura-de-pantalla-2026-03-15-080002-1024x308.png 1024w, https:\/\/agora.xtec.cat\/insvilafranca\/wp-content\/uploads\/usu75\/2026\/03\/Captura-de-pantalla-2026-03-15-080002-300x90.png 300w, https:\/\/agora.xtec.cat\/insvilafranca\/wp-content\/uploads\/usu75\/2026\/03\/Captura-de-pantalla-2026-03-15-080002-768x231.png 768w, https:\/\/agora.xtec.cat\/insvilafranca\/wp-content\/uploads\/usu75\/2026\/03\/Captura-de-pantalla-2026-03-15-080002.png 1208w\" sizes=\"auto, (max-width: 1024px) 100vw, 1024px\" \/><\/a><\/p>\n<p>&nbsp;<\/p>\n<table style=\"height: 154px; width: 101.07%;\" width=\"947\">\n<tbody>\n<tr style=\"height: 364px;\">\n<td style=\"width: 49.6135%; height: 154px;\" colspan=\"2\">\n<h2 style=\"text-align: center;\"><span style=\"color: #800000;\"><strong>Els espais de l&#8217;Institut La Girada<\/strong><\/span><\/h2>\n<p><a href=\"https:\/\/drive.google.com\/file\/d\/1XRbF6AnKg8mbHh44xs73S7FmNl50l5pA\/view?usp=sharing\"><img loading=\"lazy\" decoding=\"async\" class=\"aligncenter wp-image-9565 size-full\" src=\"https:\/\/agora.xtec.cat\/insvilafranca\/wp-content\/uploads\/usu75\/2026\/02\/LOGO-2.jpg\" alt=\"\" width=\"642\" height=\"221\" srcset=\"https:\/\/agora.xtec.cat\/insvilafranca\/wp-content\/uploads\/usu75\/2026\/02\/LOGO-2.jpg 642w, https:\/\/agora.xtec.cat\/insvilafranca\/wp-content\/uploads\/usu75\/2026\/02\/LOGO-2-300x103.jpg 300w\" sizes=\"auto, (max-width: 642px) 100vw, 642px\" \/><\/a><\/td>\n<td style=\"width: 63.6088%; height: 154px;\">\n<h2 style=\"text-align: center;\"><span style=\"color: #800000;\"><strong>Cursar Batxillerat a l&#8217;Institut La Girada<\/strong><\/span><\/h2>\n<p><a href=\"https:\/\/drive.google.com\/file\/d\/1QbHfaI0Q71Zc9DTxSUuSPioQG5oLUn7q\/view?usp=sharing\" target=\"_blank\" rel=\"noopener\"><img loading=\"lazy\" decoding=\"async\" class=\"wp-image-4309 aligncenter\" src=\"https:\/\/agora.xtec.cat\/insvilafranca\/wp-content\/uploads\/usu75\/2021\/03\/geeral-300x143.jpg\" alt=\"\" width=\"435\" height=\"206\" \/><\/a><\/td>\n<\/tr>\n<\/tbody>\n<\/table>\n<p>&nbsp;<\/p>\n<table style=\"width: 95.282%; height: 475px;\">\n<tbody>\n<tr style=\"height: 81px;\">\n<td style=\"width: 98.9247%; height: 25px;\" colspan=\"4\">\n<h2 style=\"text-align: center;\"><span style=\"color: #800000;\"><strong>Mostra de les activitats dels diferents departaments<\/strong><\/span><\/h2>\n<\/td>\n<\/tr>\n<tr style=\"height: 197px;\">\n<td style=\"width: 20.6256%; height: 197px;\"><a href=\"https:\/\/drive.google.com\/file\/d\/1MAFuaBajsxEbjPMbjk-wikU3ScOsnqRr\/view?usp=sharing\" target=\"_blank\" rel=\"noopener\"><img loading=\"lazy\" decoding=\"async\" class=\"alignright wp-image-4158\" src=\"https:\/\/agora.xtec.cat\/insvilafranca\/wp-content\/uploads\/usu75\/2021\/02\/imatge-ci\u00e8ncies.jpg\" alt=\"\" width=\"361\" height=\"128\" srcset=\"https:\/\/agora.xtec.cat\/insvilafranca\/wp-content\/uploads\/usu75\/2021\/02\/imatge-ci\u00e8ncies.jpg 376w, https:\/\/agora.xtec.cat\/insvilafranca\/wp-content\/uploads\/usu75\/2021\/02\/imatge-ci\u00e8ncies-300x107.jpg 300w\" sizes=\"auto, (max-width: 361px) 100vw, 361px\" \/><\/a><\/td>\n<td style=\"width: 21.8964%; height: 197px;\"><a href=\"https:\/\/drive.google.com\/file\/d\/1-A_dj-Nr0oQEkGn91BXtzWwL_dP93Mhd\/view?usp=share_link\" target=\"_blank\" rel=\"noopener\"><img loading=\"lazy\" decoding=\"async\" class=\"aligncenter wp-image-5894\" src=\"https:\/\/agora.xtec.cat\/insvilafranca\/wp-content\/uploads\/usu75\/2023\/03\/Captura-1-300x120.jpg\" alt=\"\" width=\"220\" height=\"88\" srcset=\"https:\/\/agora.xtec.cat\/insvilafranca\/wp-content\/uploads\/usu75\/2023\/03\/Captura-1-300x120.jpg 300w, https:\/\/agora.xtec.cat\/insvilafranca\/wp-content\/uploads\/usu75\/2023\/03\/Captura-1-1024x409.jpg 1024w, https:\/\/agora.xtec.cat\/insvilafranca\/wp-content\/uploads\/usu75\/2023\/03\/Captura-1-768x307.jpg 768w, https:\/\/agora.xtec.cat\/insvilafranca\/wp-content\/uploads\/usu75\/2023\/03\/Captura-1-1536x613.jpg 1536w, https:\/\/agora.xtec.cat\/insvilafranca\/wp-content\/uploads\/usu75\/2023\/03\/Captura-1.jpg 1869w\" sizes=\"auto, (max-width: 220px) 100vw, 220px\" \/><\/a><\/td>\n<td style=\"width: 28.8368%; height: 197px;\"><a href=\"https:\/\/drive.google.com\/file\/d\/1RPb_1Hub-ogSXMIxxqXVCqMwCMbHrnBK\/view?usp=sharing\" target=\"_blank\" rel=\"noopener\"><img loading=\"lazy\" decoding=\"async\" class=\"aligncenter wp-image-4234 size-full\" style=\"font-size: 16px; background-color: #ffffff;\" src=\"https:\/\/agora.xtec.cat\/insvilafranca\/wp-content\/uploads\/usu75\/2021\/03\/Cultura.jpg\" alt=\"\" width=\"925\" height=\"614\" srcset=\"https:\/\/agora.xtec.cat\/insvilafranca\/wp-content\/uploads\/usu75\/2021\/03\/Cultura.jpg 925w, https:\/\/agora.xtec.cat\/insvilafranca\/wp-content\/uploads\/usu75\/2021\/03\/Cultura-300x199.jpg 300w, https:\/\/agora.xtec.cat\/insvilafranca\/wp-content\/uploads\/usu75\/2021\/03\/Cultura-768x510.jpg 768w\" sizes=\"auto, (max-width: 925px) 100vw, 925px\" \/><\/a><\/td>\n<td style=\"width: 27.566%; height: 197px;\"><a href=\"https:\/\/drive.google.com\/file\/d\/1FxFNrK2_YiTZx4fTZtbm8C2PB372HPAg\/view?usp=sharing\" target=\"_blank\" rel=\"noopener\"><img loading=\"lazy\" decoding=\"async\" class=\"wp-image-4134 aligncenter\" src=\"https:\/\/agora.xtec.cat\/insvilafranca\/wp-content\/uploads\/usu75\/2021\/02\/educacio-fisica.png\" alt=\"\" width=\"272\" height=\"133\" srcset=\"https:\/\/agora.xtec.cat\/insvilafranca\/wp-content\/uploads\/usu75\/2021\/02\/educacio-fisica.png 322w, https:\/\/agora.xtec.cat\/insvilafranca\/wp-content\/uploads\/usu75\/2021\/02\/educacio-fisica-300x146.png 300w\" sizes=\"auto, (max-width: 272px) 100vw, 272px\" \/><\/a><\/td>\n<\/tr>\n<tr style=\"height: 129px;\">\n<td style=\"width: 20.6256%; height: 129px;\"><a href=\"https:\/\/drive.google.com\/file\/d\/1GV1XsbZGCsdxpB0Oj6QpVsldNUkin6HY\/view?usp=sharing\"><img loading=\"lazy\" decoding=\"async\" class=\"wp-image-4228 aligncenter\" src=\"https:\/\/agora.xtec.cat\/insvilafranca\/wp-content\/uploads\/usu75\/2021\/02\/imatge-angl\u00e8s.jpg\" alt=\"\" width=\"486\" height=\"223\" srcset=\"https:\/\/agora.xtec.cat\/insvilafranca\/wp-content\/uploads\/usu75\/2021\/02\/imatge-angl\u00e8s.jpg 850w, https:\/\/agora.xtec.cat\/insvilafranca\/wp-content\/uploads\/usu75\/2021\/02\/imatge-angl\u00e8s-300x138.jpg 300w, https:\/\/agora.xtec.cat\/insvilafranca\/wp-content\/uploads\/usu75\/2021\/02\/imatge-angl\u00e8s-768x352.jpg 768w\" sizes=\"auto, (max-width: 486px) 100vw, 486px\" \/><\/a><\/td>\n<td style=\"width: 21.8964%; height: 129px;\"><a href=\"https:\/\/drive.google.com\/file\/d\/1OPXAgcdyHI6raiMUw9FmOKxmmcv3EZ7m\/view?usp=sharing\" target=\"_blank\" rel=\"noopener\"><img loading=\"lazy\" decoding=\"async\" class=\" wp-image-4147 aligncenter\" src=\"https:\/\/agora.xtec.cat\/insvilafranca\/wp-content\/uploads\/usu75\/2021\/02\/m\u00fasica.jpg\" alt=\"\" width=\"295\" height=\"124\" \/><\/a><\/td>\n<td style=\"width: 28.8368%; height: 129px;\"><a href=\"https:\/\/drive.google.com\/file\/d\/1lN8oia18CekLOtdO_0vcZaH2t5Q6hHZ5\/view?usp=share_link\" target=\"_blank\" rel=\"noopener\"><img loading=\"lazy\" decoding=\"async\" class=\"aligncenter wp-image-2702 \" src=\"https:\/\/agora.xtec.cat\/insvilafranca\/wp-content\/uploads\/usu75\/2019\/05\/siei.png\" alt=\"\" width=\"255\" height=\"178\" \/><\/a><\/td>\n<td style=\"width: 27.566%; height: 129px;\"><a href=\"https:\/\/drive.google.com\/file\/d\/1BsD9pdX6OzP7X7cgkVDoCvQAfrpeZSU-\/view?usp=share_link\" target=\"_blank\" rel=\"noopener\"><img loading=\"lazy\" decoding=\"async\" class=\"wp-image-4135 aligncenter\" src=\"https:\/\/agora.xtec.cat\/insvilafranca\/wp-content\/uploads\/usu75\/2021\/02\/xines-1.png\" alt=\"\" width=\"196\" height=\"196\" srcset=\"https:\/\/agora.xtec.cat\/insvilafranca\/wp-content\/uploads\/usu75\/2021\/02\/xines-1.png 474w, https:\/\/agora.xtec.cat\/insvilafranca\/wp-content\/uploads\/usu75\/2021\/02\/xines-1-150x150.png 150w, https:\/\/agora.xtec.cat\/insvilafranca\/wp-content\/uploads\/usu75\/2021\/02\/xines-1-300x300.png 300w\" sizes=\"auto, (max-width: 196px) 100vw, 196px\" \/><\/a><\/td>\n<\/tr>\n<tr style=\"height: 124px;\">\n<td style=\"width: 20.6256%; height: 124px;\"><a href=\"https:\/\/docs.google.com\/presentation\/d\/e\/2PACX-1vQHZmR53Wi4Z5aV1zow1Kbr1DNFOZNPC9TMarFdokEjxJtox1-Oh1vPuzGzYxViuB_Ng48Ex8QJLc9j\/pub?start=true&amp;loop=true&amp;delayms=3000\" target=\"_blank\" rel=\"noopener\"><img loading=\"lazy\" decoding=\"async\" class=\"aligncenter wp-image-4136\" src=\"https:\/\/agora.xtec.cat\/insvilafranca\/wp-content\/uploads\/usu75\/2021\/02\/Portada-castellano-e1613746437300.jpg\" alt=\"\" width=\"206\" height=\"98\" srcset=\"https:\/\/agora.xtec.cat\/insvilafranca\/wp-content\/uploads\/usu75\/2021\/02\/Portada-castellano-e1613746437300.jpg 1022w, https:\/\/agora.xtec.cat\/insvilafranca\/wp-content\/uploads\/usu75\/2021\/02\/Portada-castellano-e1613746437300-300x143.jpg 300w, https:\/\/agora.xtec.cat\/insvilafranca\/wp-content\/uploads\/usu75\/2021\/02\/Portada-castellano-e1613746437300-768x366.jpg 768w\" sizes=\"auto, (max-width: 206px) 100vw, 206px\" \/><\/a><\/td>\n<td style=\"width: 21.8964%; height: 124px;\"><a href=\"https:\/\/drive.google.com\/file\/d\/1un_o9AAZe3NAGdjWHrurVpxgiWHXgIVV\/view?usp=sharing\" target=\"_blank\" rel=\"noopener\"><img loading=\"lazy\" decoding=\"async\" class=\"alignright wp-image-4232\" src=\"https:\/\/agora.xtec.cat\/insvilafranca\/wp-content\/uploads\/usu75\/2021\/02\/Captura-1.jpg\" alt=\"\" width=\"299\" height=\"186\" srcset=\"https:\/\/agora.xtec.cat\/insvilafranca\/wp-content\/uploads\/usu75\/2021\/02\/Captura-1.jpg 851w, https:\/\/agora.xtec.cat\/insvilafranca\/wp-content\/uploads\/usu75\/2021\/02\/Captura-1-300x187.jpg 300w, https:\/\/agora.xtec.cat\/insvilafranca\/wp-content\/uploads\/usu75\/2021\/02\/Captura-1-768x479.jpg 768w\" sizes=\"auto, (max-width: 299px) 100vw, 299px\" \/><\/a><\/td>\n<td style=\"width: 28.8368%; height: 124px; text-align: center;\">\n<h3><a href=\"https:\/\/agora.xtec.cat\/insvilafranca\/categoria\/publicacions\/radio_classica_nou\/\" target=\"_blank\" rel=\"noopener\"><img loading=\"lazy\" decoding=\"async\" class=\"aligncenter wp-image-8176\" src=\"https:\/\/agora.xtec.cat\/insvilafranca\/wp-content\/uploads\/usu75\/2025\/02\/6a680f8baaef27adeaae84f2189956a4_MD.jpg\" alt=\"\" width=\"159\" height=\"159\" \/><\/a><\/h3>\n<h3><a href=\"https:\/\/agora.xtec.cat\/insvilafranca\/categoria\/publicacions\/radio_classica_nou\/\" target=\"_blank\" rel=\"noopener\">Cultura Cl\u00e0ssica<\/a><\/h3>\n<\/td>\n<td style=\"width: 27.566%; height: 124px;\"><a href=\"https:\/\/drive.google.com\/file\/d\/1uaI3PwNDBaTvbVG4sPJcA0rI0wjIqLNw\/view?usp=sharing\" target=\"_blank\" rel=\"noopener\"><img loading=\"lazy\" decoding=\"async\" class=\"aligncenter wp-image-4200 size-full\" src=\"https:\/\/agora.xtec.cat\/insvilafranca\/wp-content\/uploads\/usu75\/2021\/02\/TECNO.png\" alt=\"\" width=\"761\" height=\"472\" srcset=\"https:\/\/agora.xtec.cat\/insvilafranca\/wp-content\/uploads\/usu75\/2021\/02\/TECNO.png 761w, https:\/\/agora.xtec.cat\/insvilafranca\/wp-content\/uploads\/usu75\/2021\/02\/TECNO-300x186.png 300w\" sizes=\"auto, (max-width: 761px) 100vw, 761px\" \/><\/a><\/td>\n<\/tr>\n<tr>\n<td style=\"width: 20.6256%;\"><\/td>\n<td style=\"width: 50.7331%;\" colspan=\"2\"><a href=\"https:\/\/drive.google.com\/file\/d\/1GP3PQK2wu7QUKk50Q86HPrVOiUcbBo_x\/view?usp=sharing\" target=\"_blank\" rel=\"noopener\"><img loading=\"lazy\" decoding=\"async\" class=\"aligncenter size-full wp-image-5904\" src=\"https:\/\/agora.xtec.cat\/insvilafranca\/wp-content\/uploads\/usu75\/2023\/03\/Captura-5.jpg\" alt=\"\" width=\"1562\" height=\"879\" srcset=\"https:\/\/agora.xtec.cat\/insvilafranca\/wp-content\/uploads\/usu75\/2023\/03\/Captura-5.jpg 1562w, https:\/\/agora.xtec.cat\/insvilafranca\/wp-content\/uploads\/usu75\/2023\/03\/Captura-5-300x169.jpg 300w, https:\/\/agora.xtec.cat\/insvilafranca\/wp-content\/uploads\/usu75\/2023\/03\/Captura-5-1024x576.jpg 1024w, https:\/\/agora.xtec.cat\/insvilafranca\/wp-content\/uploads\/usu75\/2023\/03\/Captura-5-768x432.jpg 768w, https:\/\/agora.xtec.cat\/insvilafranca\/wp-content\/uploads\/usu75\/2023\/03\/Captura-5-1536x864.jpg 1536w\" sizes=\"auto, (max-width: 1562px) 100vw, 1562px\" \/><\/a><\/td>\n<td style=\"width: 27.566%;\"><\/td>\n<\/tr>\n<\/tbody>\n<\/table>\n<p>&nbsp;<\/p>\n<h2 style=\"text-align: center;\"><span style=\"color: #800000;\"><strong>L&#8217;Institut durant la pand\u00e8mia\u00a0<\/strong><\/span><\/h2>\n<p><a href=\"https:\/\/drive.google.com\/file\/d\/1bnoAtuDEKMA98bYVUsaX1Kyi-Wfp-KTg\/view?usp=sharing\"><img loading=\"lazy\" decoding=\"async\" class=\"aligncenter size-full wp-image-9567\" src=\"https:\/\/agora.xtec.cat\/insvilafranca\/wp-content\/uploads\/usu75\/2026\/02\/LOGO-3.jpg\" alt=\"\" width=\"642\" height=\"221\" srcset=\"https:\/\/agora.xtec.cat\/insvilafranca\/wp-content\/uploads\/usu75\/2026\/02\/LOGO-3.jpg 642w, https:\/\/agora.xtec.cat\/insvilafranca\/wp-content\/uploads\/usu75\/2026\/02\/LOGO-3-300x103.jpg 300w\" sizes=\"auto, (max-width: 642px) 100vw, 642px\" \/><\/a><\/p>\n<p>&nbsp;<\/p>\n","protected":false},"excerpt":{"rendered":"<p>US DONEM LA BENVINGUDA AL NOSTRE INSTITUT Accediu al pl\u00e0nol interactiu i navegueu pels diferents espais per con\u00e8ixer el centre i les diferents activitats PRESENTACI\u00d3 INFORMATIVA 1r ESO Podeu consultar-la en aquest enlla\u00e7. Tr\u00edptic informatiu ESO Presentaci\u00f3 juliol &#8217;25 PRESENTACI\u00d3 INFORMATIVA BATXILLERAT Podeu consultar-la en aquest enlla\u00e7 Tr\u00edptic informatiu BAT &nbsp; Els espais de l&#8217;Institut [&hellip;]<\/p>\n","protected":false},"author":1,"featured_media":0,"parent":0,"menu_order":0,"comment_status":"closed","ping_status":"closed","template":"","meta":{"_bbp_topic_count":0,"_bbp_reply_count":0,"_bbp_total_topic_count":0,"_bbp_total_reply_count":0,"_bbp_voice_count":0,"_bbp_anonymous_reply_count":0,"_bbp_topic_count_hidden":0,"_bbp_reply_count_hidden":0,"_bbp_forum_subforum_count":0,"site-sidebar-layout":"default","site-content-layout":"","ast-site-content-layout":"default","site-content-style":"default","site-sidebar-style":"default","ast-global-header-display":"","ast-banner-title-visibility":"","ast-main-header-display":"","ast-hfb-above-header-display":"","ast-hfb-below-header-display":"","ast-hfb-mobile-header-display":"","site-post-title":"","ast-breadcrumbs-content":"","ast-featured-img":"","footer-sml-layout":"","theme-transparent-header-meta":"default","adv-header-id-meta":"","stick-header-meta":"","header-above-stick-meta":"","header-main-stick-meta":"","header-below-stick-meta":"","astra-migrate-meta-layouts":"set","ast-page-background-enabled":"default","ast-page-background-meta":{"desktop":{"background-color":"var(--ast-global-color-4)","background-image":"","background-repeat":"repeat","background-position":"center center","background-size":"auto","background-attachment":"scroll","background-type":"","background-media":"","overlay-type":"","overlay-color":"","overlay-opacity":"","overlay-gradient":""},"tablet":{"background-color":"","background-image":"","background-repeat":"repeat","background-position":"center center","background-size":"auto","background-attachment":"scroll","background-type":"","background-media":"","overlay-type":"","overlay-color":"","overlay-opacity":"","overlay-gradient":""},"mobile":{"background-color":"","background-image":"","background-repeat":"repeat","background-position":"center center","background-size":"auto","background-attachment":"scroll","background-type":"","background-media":"","overlay-type":"","overlay-color":"","overlay-opacity":"","overlay-gradient":""}},"ast-content-background-meta":{"desktop":{"background-color":"var(--ast-global-color-5)","background-image":"","background-repeat":"repeat","background-position":"center center","background-size":"auto","background-attachment":"scroll","background-type":"","background-media":"","overlay-type":"","overlay-color":"","overlay-opacity":"","overlay-gradient":""},"tablet":{"background-color":"var(--ast-global-color-5)","background-image":"","background-repeat":"repeat","background-position":"center center","background-size":"auto","background-attachment":"scroll","background-type":"","background-media":"","overlay-type":"","overlay-color":"","overlay-opacity":"","overlay-gradient":""},"mobile":{"background-color":"var(--ast-global-color-5)","background-image":"","background-repeat":"repeat","background-position":"center center","background-size":"auto","background-attachment":"scroll","background-type":"","background-media":"","overlay-type":"","overlay-color":"","overlay-opacity":"","overlay-gradient":""}},"footnotes":""},"class_list":["post-8164","page","type-page","status-publish","hentry"],"post_mailing_queue_ids":[],"_links":{"self":[{"href":"https:\/\/agora.xtec.cat\/insvilafranca\/wp-json\/wp\/v2\/pages\/8164","targetHints":{"allow":["GET"]}}],"collection":[{"href":"https:\/\/agora.xtec.cat\/insvilafranca\/wp-json\/wp\/v2\/pages"}],"about":[{"href":"https:\/\/agora.xtec.cat\/insvilafranca\/wp-json\/wp\/v2\/types\/page"}],"author":[{"embeddable":true,"href":"https:\/\/agora.xtec.cat\/insvilafranca\/wp-json\/wp\/v2\/users\/1"}],"replies":[{"embeddable":true,"href":"https:\/\/agora.xtec.cat\/insvilafranca\/wp-json\/wp\/v2\/comments?post=8164"}],"version-history":[{"count":7,"href":"https:\/\/agora.xtec.cat\/insvilafranca\/wp-json\/wp\/v2\/pages\/8164\/revisions"}],"predecessor-version":[{"id":9661,"href":"https:\/\/agora.xtec.cat\/insvilafranca\/wp-json\/wp\/v2\/pages\/8164\/revisions\/9661"}],"wp:attachment":[{"href":"https:\/\/agora.xtec.cat\/insvilafranca\/wp-json\/wp\/v2\/media?parent=8164"}],"curies":[{"name":"wp","href":"https:\/\/api.w.org\/{rel}","templated":true}]}}