{"id":778,"date":"2016-07-01T12:18:55","date_gmt":"2016-07-01T11:18:55","guid":{"rendered":"http:\/\/agora.xtec.cat\/insvilafranca\/?page_id=778"},"modified":"2019-04-03T14:46:12","modified_gmt":"2019-04-03T12:46:12","slug":"optatives-3r-deso","status":"publish","type":"page","link":"https:\/\/agora.xtec.cat\/insvilafranca\/estudis\/optatives-3r-deso\/","title":{"rendered":"Optatives 3r d&#8217;ESO"},"content":{"rendered":"<p><strong>Optatives per 3r ESO Curs 2018-19<\/strong><\/p>\n<ul>\n<li>Hi ha una franja d\u2019optatives. S\u00f3n quadrimestrals.<\/li>\n<\/ul>\n<p>&nbsp;<\/p>\n<table>\n<tbody>\n<tr>\n<td><b>EDUCACI\u00d3 F\u00cdSICA<\/b><\/td>\n<td><b>Fonaments dels esports d\u2019equip<\/b><\/p>\n<p><span style=\"font-weight: 400;\">Si vols aprendre el reglament, la t\u00e8cnica i la t\u00e0ctica d\u2019uns esports d\u2019equip: el b\u00e0squet, voleibol, hoquei\u2026 i con\u00e8ixer quins factors s\u00f3n similars i fonamentals per jugar correctament a aquests esports d\u2019equip (visi\u00f3 de l\u2019espai i jugadors\/res, posicionament, presa de decisions, moviments dels jugadors\/res i la pilota), aquesta \u00e9s la teva optativa.<\/span><\/td>\n<\/tr>\n<tr>\n<td><b>VISUAL I PL\u00c2STICA<\/b><\/td>\n<td><b>EL C\u00d2MIC: Fonaments de la imatge seq\u00fcenciada<\/b><\/p>\n<p><span style=\"font-weight: 400;\">Optativa dirigida als alumnes que desitgin aprofundir en el coneixement i la pr\u00e0ctica de la imatge seq\u00fcenciada.<\/span><\/p>\n<p><span style=\"font-weight: 400;\">El desenvolupament de l\u2019optativa implica l\u2019elaboraci\u00f3 de vinyetes i la seva composici\u00f3 comunicativa dins la p\u00e0gina, la caracteritzaci\u00f3 i la representaci\u00f3 de personatges, objectes i espais adients a un text, aix\u00ed \u00a0com l\u2019experimentaci\u00f3 i l\u2019aplicaci\u00f3 pr\u00e0ctica de t\u00e8cniques de dibuix i pintura.<\/span><\/td>\n<\/tr>\n<tr>\n<td><b>CULTURA CL\u00c0SSICA<\/b><\/p>\n<p><b>(1r i 2 quadr. \/ LLATI)<\/b><\/td>\n<td><b>Cultura cl\u00e0ssica<\/b><\/p>\n<p><span style=\"font-weight: 400;\">Creus que ho saps tot sobre l\u2019antiga Gr\u00e8cia i l\u2019antiga Roma? Vols investigar alguna cosa m\u00e9s sobre els teus avantpassats? Tens curiositat per saber quelcom m\u00e9s sobre la mitologia d\u2019aquestes grans civilitzacions i veure com la seva cultura i organitzaci\u00f3 social i pol\u00edtica afecta directament la teva vida en l\u2019actualitat? Vine a fer cultura cl\u00e0ssica i far\u00e0s descobertes sobre el teu entorn que et deixaran ben sorpr\u00e8s.<\/span><\/td>\n<\/tr>\n<tr>\n<td><b>EMPRENEDORIA<\/b><\/p>\n<p><b>s\u2019oferta nom\u00e9s al 2n quad.\u00a0<\/b><\/td>\n<td><b>Emprenedoria<\/b><\/p>\n<p><span style=\"font-weight: 400;\">Vols potenciar les teves capacitats i fer realitat les teves idees i els teus projectes personals? Has pensat algun cop que ets un bon inventor\/ora, i que podries guanyar-te la vida amb les teves invencions? Vine a fer emprenedoria.<\/span><\/td>\n<\/tr>\n<tr>\n<td><b>ARQUEOLOGIA<\/b><\/p>\n<p><b>s\u2019oferta nom\u00e9s al \u00a01r quadr. <\/b><\/td>\n<td><span style=\"font-weight: 400;\">Saps qui \u00e9s Indiana Jones? T\u2019agrada? O \u00e9s m\u00e9s de Tadeo Jones? Tens curiositat per saber com investiguem les restes del passat? Has pensat mai com s\u2019ho fan els arque\u00f2legs per estudiar els jaciments o les pir\u00e0mides? Creus que l\u2019arqueologia serveix \u00fanicament per estudiar restes de fa de milers d\u2019anys? <\/span><span style=\"font-weight: 400;\"><br \/>\n<\/span><span style=\"font-weight: 400;\">Si et decideixes per introduir-te a l\u2019apassionant m\u00f3n de l\u2019arqueologia, aprendr\u00e0s els fonaments b\u00e0sics de la disciplina, com treballen els arque\u00f2legs, la seva utilitat i quines s\u00f3n les principals actuacions de l\u2019arqueologia avui en dia a Catalunya i a Espanya. <\/span><span style=\"font-weight: 400;\">Est\u00e0s preparat? <\/span><\/td>\n<\/tr>\n<tr>\n<td><b>XIN\u00c8S III<\/b><\/p>\n<p>&nbsp;<\/td>\n<td><b>Llengua i cultura xineses 3. \u00a0\u00a0<\/b><span style=\"font-weight: 400;\">\u5b66\u4e60\u6c49\u8bed\u5f88\u6709\u610f\u601d\uff01<\/span><\/p>\n<p><span style=\"font-weight: 400;\">Rep\u00e0s dels continguts apresos a xin\u00e8s 2.<\/span><\/p>\n<p><span style=\"font-weight: 400;\">Adquirir m\u00e9s recursos per a l\u2019expressi\u00f3 oral i escrita.<\/span><\/p>\n<p><span style=\"font-weight: 400;\">Ampliar el nombre de situacions de la vida quotidiana en les quals hom pot comunicar-se en xin\u00e8s.<\/span><\/p>\n<p><span style=\"font-weight: 400;\">Ampliar l\u2019estudi dels car\u00e0cters xinesos.<\/span><\/p>\n<p><span style=\"font-weight: 400;\">Possibilitat d\u2019examinar-se del nivell YCT 3 (A 2) (Young Chinese Test) <\/span><\/p>\n<p><span style=\"font-weight: 400;\">Cal haver cursat la mat\u00e8ria a 1r i 2n d\u2019ESO.<\/span><\/td>\n<\/tr>\n<\/tbody>\n<\/table>\n<p>&nbsp;<\/p>\n","protected":false},"excerpt":{"rendered":"<p>Optatives per 3r ESO Curs 2018-19 Hi ha una franja d\u2019optatives. S\u00f3n quadrimestrals. &nbsp; EDUCACI\u00d3 F\u00cdSICA Fonaments dels esports d\u2019equip Si vols aprendre el reglament, la t\u00e8cnica i la t\u00e0ctica d\u2019uns esports d\u2019equip: el b\u00e0squet, voleibol, hoquei\u2026 i con\u00e8ixer quins factors s\u00f3n similars i fonamentals per jugar correctament a aquests esports d\u2019equip (visi\u00f3 de l\u2019espai [&hellip;]<\/p>\n","protected":false},"author":1,"featured_media":0,"parent":195,"menu_order":0,"comment_status":"closed","ping_status":"closed","template":"","meta":{"_bbp_topic_count":0,"_bbp_reply_count":0,"_bbp_total_topic_count":0,"_bbp_total_reply_count":0,"_bbp_voice_count":0,"_bbp_anonymous_reply_count":0,"_bbp_topic_count_hidden":0,"_bbp_reply_count_hidden":0,"_bbp_forum_subforum_count":0,"site-sidebar-layout":"default","site-content-layout":"","ast-site-content-layout":"","site-content-style":"default","site-sidebar-style":"default","ast-global-header-display":"","ast-banner-title-visibility":"","ast-main-header-display":"","ast-hfb-above-header-display":"","ast-hfb-below-header-display":"","ast-hfb-mobile-header-display":"","site-post-title":"","ast-breadcrumbs-content":"","ast-featured-img":"","footer-sml-layout":"","theme-transparent-header-meta":"","adv-header-id-meta":"","stick-header-meta":"","header-above-stick-meta":"","header-main-stick-meta":"","header-below-stick-meta":"","astra-migrate-meta-layouts":"default","ast-page-background-enabled":"default","ast-page-background-meta":{"desktop":{"background-color":"var(--ast-global-color-4)","background-image":"","background-repeat":"repeat","background-position":"center center","background-size":"auto","background-attachment":"scroll","background-type":"","background-media":"","overlay-type":"","overlay-color":"","overlay-opacity":"","overlay-gradient":""},"tablet":{"background-color":"","background-image":"","background-repeat":"repeat","background-position":"center center","background-size":"auto","background-attachment":"scroll","background-type":"","background-media":"","overlay-type":"","overlay-color":"","overlay-opacity":"","overlay-gradient":""},"mobile":{"background-color":"","background-image":"","background-repeat":"repeat","background-position":"center center","background-size":"auto","background-attachment":"scroll","background-type":"","background-media":"","overlay-type":"","overlay-color":"","overlay-opacity":"","overlay-gradient":""}},"ast-content-background-meta":{"desktop":{"background-color":"var(--ast-global-color-5)","background-image":"","background-repeat":"repeat","background-position":"center center","background-size":"auto","background-attachment":"scroll","background-type":"","background-media":"","overlay-type":"","overlay-color":"","overlay-opacity":"","overlay-gradient":""},"tablet":{"background-color":"var(--ast-global-color-5)","background-image":"","background-repeat":"repeat","background-position":"center center","background-size":"auto","background-attachment":"scroll","background-type":"","background-media":"","overlay-type":"","overlay-color":"","overlay-opacity":"","overlay-gradient":""},"mobile":{"background-color":"var(--ast-global-color-5)","background-image":"","background-repeat":"repeat","background-position":"center center","background-size":"auto","background-attachment":"scroll","background-type":"","background-media":"","overlay-type":"","overlay-color":"","overlay-opacity":"","overlay-gradient":""}},"footnotes":""},"class_list":["post-778","page","type-page","status-publish","hentry"],"post_mailing_queue_ids":[],"_links":{"self":[{"href":"https:\/\/agora.xtec.cat\/insvilafranca\/wp-json\/wp\/v2\/pages\/778","targetHints":{"allow":["GET"]}}],"collection":[{"href":"https:\/\/agora.xtec.cat\/insvilafranca\/wp-json\/wp\/v2\/pages"}],"about":[{"href":"https:\/\/agora.xtec.cat\/insvilafranca\/wp-json\/wp\/v2\/types\/page"}],"author":[{"embeddable":true,"href":"https:\/\/agora.xtec.cat\/insvilafranca\/wp-json\/wp\/v2\/users\/1"}],"replies":[{"embeddable":true,"href":"https:\/\/agora.xtec.cat\/insvilafranca\/wp-json\/wp\/v2\/comments?post=778"}],"version-history":[{"count":3,"href":"https:\/\/agora.xtec.cat\/insvilafranca\/wp-json\/wp\/v2\/pages\/778\/revisions"}],"predecessor-version":[{"id":2662,"href":"https:\/\/agora.xtec.cat\/insvilafranca\/wp-json\/wp\/v2\/pages\/778\/revisions\/2662"}],"up":[{"embeddable":true,"href":"https:\/\/agora.xtec.cat\/insvilafranca\/wp-json\/wp\/v2\/pages\/195"}],"wp:attachment":[{"href":"https:\/\/agora.xtec.cat\/insvilafranca\/wp-json\/wp\/v2\/media?parent=778"}],"curies":[{"name":"wp","href":"https:\/\/api.w.org\/{rel}","templated":true}]}}