{"id":77,"date":"2014-09-18T10:29:25","date_gmt":"2014-09-18T09:29:25","guid":{"rendered":"http:\/\/agora.xtec.cat\/insvilafranca\/?page_id=77"},"modified":"2025-06-05T14:00:39","modified_gmt":"2025-06-05T12:00:39","slug":"transport-escolar","status":"publish","type":"page","link":"https:\/\/agora.xtec.cat\/insvilafranca\/secretaria\/transport-escolar\/","title":{"rendered":"Transport escolar, curs 2025-2026"},"content":{"rendered":"<h3><span style=\"color: #800000;\">\ud83d\udce2\u00a0<\/span><span style=\"color: #800000;\"> INFORMACI\u00d3 SOBRE EL TR\u00c0MIT I LA SOL\u00b7LICITUD<\/span><\/h3>\n<div class=\"adn ads\" data-message-id=\"#msg-f:1832631531974444228\" data-legacy-message-id=\"196ed0ab2b8444c4\">\n<div class=\"gs\">\n<div class=\"\">\n<div id=\":nk\" class=\"ii gt\">\n<div id=\":nj\" class=\"a3s aiL \">\n<div dir=\"ltr\">\n<div class=\"gmail_default\">\n<div><\/div>\n<div>\n<h3><strong>Llistat d&#8217;alumnes que utilitzen el transport escolar: <\/strong><a href=\"https:\/\/drive.google.com\/file\/d\/1Vy4ZSY7CCvTqtsC_py8GU26ixLaDNsuS\/view?usp=sharing\" target=\"_blank\" rel=\"noopener\">consulta el\u00a0PDF<\/a><\/h3>\n<p><b>L&#8217;alumnat que apareix en aquest llistat\u00a0<u>NO HA DE FER LA SOL\u00b7LICITUD DE TRANSPORT ESCOLAR PEL CURS 25\/26.<\/u><\/b><\/p>\n<p>A finals del mes d&#8217;agost, un cop gestionades les noves sol\u00b7licituds de transport escolar, es publicar\u00e0 a la web del Consell Comarcal un llistat amb tot l&#8217;alumnat d&#8217;educaci\u00f3 infantil, prim\u00e0ria i secund\u00e0ria (TEC i TENO) autoritzat a poder fer \u00fas del transport escolar a partir del 8 de setembre de 2025.<\/p>\n<p>L&#8217;alumnat que faci la sol\u00b7licitud fora de termini, no podr\u00e0 comen\u00e7ar a fer \u00fas del servei fins a rebre un SMS indicant la ruta assignada i a partir de quin dia podr\u00e0 comen\u00e7ar a fer \u00fas del transport.<\/p>\n<p>L&#8217;alumnat d&#8217;estudis\u00a0<b>POSTOBLIGATORIS<\/b>, rebran SMS del 15 al 19 de setembre de 2025 en qu\u00e8 es comunicar\u00e0 si s&#8217;ha concedit una pla\u00e7a i la ruta assignada. AQUEST ALUMNAT PODR\u00c0 COMEN\u00c7AR A FER \u00daS DEL TRANSPORT<b><u>\u00a0A PARTIR DEL 22 DE SETEMBRE DE 2025<\/u><\/b>. En el\u00a0 cas de no disposar d&#8217;una pla\u00e7a vacant, les persones afectades rebran un SMS indicant que estan\u00a0<b>EN LLISTA D&#8217;ESPERA<\/b>.<\/p>\n<table style=\"border-collapse: collapse; width: 100%;\">\n<tbody>\n<tr>\n<td style=\"width: 100%; background-color: #decaca;\"><b>IMPORTANT INFORMACIONS \u00daS I NORMATIVA DEL TRANSPORT ESCOLAR (CONSELL COMARCAL)<\/b><\/td>\n<\/tr>\n<tr>\n<td style=\"width: 100%;\">El consell comarcal informa el centre educatiu i fam\u00edlies que no es poden pujar les motxilles grans de col\u00f2nies, maletes ni objectes voluminosos. Nom\u00e9s es pot garantir el servei a l&#8217;alumnat amb motxilles escolars.<br \/>\nLa normativa d&#8217;\u00fas del transport la podeu consultar a la seva\u00a0<a href=\"https:\/\/tramits.ccapenedes.cat\/Ciutadania\/DetallTramit.aspx?IdTema=59&amp;IdTramit=523\" target=\"_blank\" rel=\"noopener\" data-saferedirecturl=\"https:\/\/www.google.com\/url?q=https:\/\/tramits.ccapenedes.cat\/Ciutadania\/DetallTramit.aspx?IdTema%3D59%26IdTramit%3D523&amp;source=gmail&amp;ust=1749209492552000&amp;usg=AOvVaw0-p2DKlQymMR9iqgBg6Cvx\">web<\/a>. L&#8217;alumne\/a que incompleixi la normativa pot ser sancionat.<\/td>\n<\/tr>\n<\/tbody>\n<\/table>\n<p>Qualsevol dubte cal dirigir-se al Servei d&#8217;Ensenyament-Transport Escolar del Consell Comarcal de l&#8217;Alt Pened\u00e8s.<\/p>\n<hr \/>\n<div class=\"ajx\">\n<p><span style=\"font-family: inherit; font-size: 1em;\">\u00danicament han de fer la sol\u00b7licitud les seg\u00fcents persones interessades en la utilitzaci\u00f3 de places de transport escolar:<\/span><\/p>\n<\/div>\n<\/div>\n<ul>\n<li><b>Alumnat d\u2019ESO amb transport escolar no obligatori (TENO)<\/b><\/li>\n<li><b>Alumnat d\u2019ESO de nova incorporaci\u00f3 i matr\u00edcula al centre escolar (TEC iTENO)<\/b><\/li>\n<li><b>Alumnat que repeteix 4rt d\u2019ESO<\/b><\/li>\n<li><b>Alumnat d\u2019ESO amb transport escolar obligatori (TEC) i amb continu\u00eftat al centre el curs 2025\/2026 que NO consta al llistat del centre de programa de gesti\u00f3 PIGAIM<\/b><\/li>\n<li><b>Alumnat d\u2019estudis postobligatoris (Batxillerat)<\/b><\/li>\n<\/ul>\n<p>La sol\u00b7licitud de transport escolar ser\u00e0 \u00fanica per a cada alumne\/a i caldr\u00e0 presentar-la telem\u00e0ticament mitjan\u00e7ant la p\u00e0gina web del Consell Comarcal Alt Pened\u00e8s (a partir de l&#8217;1 de maig):<\/p>\n<p><a href=\"https:\/\/tramits.ccapenedes.cat\/Ciutadania\/DetallTramit.aspx?IdTema=59&amp;IdTramit=523\" target=\"_blank\" rel=\"noopener\"><em><span style=\"color: #800000;\"><span style=\"font-family: arial, sans-serif;\">FEU CLIC AQU\u00cd PER ACCEDIR A TOTA LA INFORMACI\u00d3 DEL TR\u00c0MIT I LA SOL\u00b7LICITUD, CURS 2025-26<\/span><\/span><\/em><\/a>.<\/p>\n<\/div>\n<\/div>\n<\/div>\n<\/div>\n<\/div>\n<\/div>\n<\/div>\n","protected":false},"excerpt":{"rendered":"<p>\ud83d\udce2\u00a0 INFORMACI\u00d3 SOBRE EL TR\u00c0MIT I LA SOL\u00b7LICITUD Llistat d&#8217;alumnes que utilitzen el transport escolar: consulta el\u00a0PDF L&#8217;alumnat que apareix en aquest llistat\u00a0NO HA DE FER LA SOL\u00b7LICITUD DE TRANSPORT ESCOLAR PEL CURS 25\/26. A finals del mes d&#8217;agost, un cop gestionades les noves sol\u00b7licituds de transport escolar, es publicar\u00e0 a la web del Consell [&hellip;]<\/p>\n","protected":false},"author":1,"featured_media":0,"parent":81,"menu_order":1,"comment_status":"closed","ping_status":"closed","template":"","meta":{"_bbp_topic_count":0,"_bbp_reply_count":0,"_bbp_total_topic_count":0,"_bbp_total_reply_count":0,"_bbp_voice_count":0,"_bbp_anonymous_reply_count":0,"_bbp_topic_count_hidden":0,"_bbp_reply_count_hidden":0,"_bbp_forum_subforum_count":0,"site-sidebar-layout":"default","site-content-layout":"","ast-site-content-layout":"","site-content-style":"default","site-sidebar-style":"default","ast-global-header-display":"","ast-banner-title-visibility":"","ast-main-header-display":"","ast-hfb-above-header-display":"","ast-hfb-below-header-display":"","ast-hfb-mobile-header-display":"","site-post-title":"","ast-breadcrumbs-content":"","ast-featured-img":"","footer-sml-layout":"","theme-transparent-header-meta":"","adv-header-id-meta":"","stick-header-meta":"","header-above-stick-meta":"","header-main-stick-meta":"","header-below-stick-meta":"","astra-migrate-meta-layouts":"default","ast-page-background-enabled":"default","ast-page-background-meta":{"desktop":{"background-color":"var(--ast-global-color-4)","background-image":"","background-repeat":"repeat","background-position":"center center","background-size":"auto","background-attachment":"scroll","background-type":"","background-media":"","overlay-type":"","overlay-color":"","overlay-opacity":"","overlay-gradient":""},"tablet":{"background-color":"","background-image":"","background-repeat":"repeat","background-position":"center center","background-size":"auto","background-attachment":"scroll","background-type":"","background-media":"","overlay-type":"","overlay-color":"","overlay-opacity":"","overlay-gradient":""},"mobile":{"background-color":"","background-image":"","background-repeat":"repeat","background-position":"center center","background-size":"auto","background-attachment":"scroll","background-type":"","background-media":"","overlay-type":"","overlay-color":"","overlay-opacity":"","overlay-gradient":""}},"ast-content-background-meta":{"desktop":{"background-color":"var(--ast-global-color-5)","background-image":"","background-repeat":"repeat","background-position":"center center","background-size":"auto","background-attachment":"scroll","background-type":"","background-media":"","overlay-type":"","overlay-color":"","overlay-opacity":"","overlay-gradient":""},"tablet":{"background-color":"var(--ast-global-color-5)","background-image":"","background-repeat":"repeat","background-position":"center center","background-size":"auto","background-attachment":"scroll","background-type":"","background-media":"","overlay-type":"","overlay-color":"","overlay-opacity":"","overlay-gradient":""},"mobile":{"background-color":"var(--ast-global-color-5)","background-image":"","background-repeat":"repeat","background-position":"center center","background-size":"auto","background-attachment":"scroll","background-type":"","background-media":"","overlay-type":"","overlay-color":"","overlay-opacity":"","overlay-gradient":""}},"footnotes":""},"class_list":["post-77","page","type-page","status-publish","hentry"],"post_mailing_queue_ids":[],"_links":{"self":[{"href":"https:\/\/agora.xtec.cat\/insvilafranca\/wp-json\/wp\/v2\/pages\/77","targetHints":{"allow":["GET"]}}],"collection":[{"href":"https:\/\/agora.xtec.cat\/insvilafranca\/wp-json\/wp\/v2\/pages"}],"about":[{"href":"https:\/\/agora.xtec.cat\/insvilafranca\/wp-json\/wp\/v2\/types\/page"}],"author":[{"embeddable":true,"href":"https:\/\/agora.xtec.cat\/insvilafranca\/wp-json\/wp\/v2\/users\/1"}],"replies":[{"embeddable":true,"href":"https:\/\/agora.xtec.cat\/insvilafranca\/wp-json\/wp\/v2\/comments?post=77"}],"version-history":[{"count":6,"href":"https:\/\/agora.xtec.cat\/insvilafranca\/wp-json\/wp\/v2\/pages\/77\/revisions"}],"predecessor-version":[{"id":8917,"href":"https:\/\/agora.xtec.cat\/insvilafranca\/wp-json\/wp\/v2\/pages\/77\/revisions\/8917"}],"up":[{"embeddable":true,"href":"https:\/\/agora.xtec.cat\/insvilafranca\/wp-json\/wp\/v2\/pages\/81"}],"wp:attachment":[{"href":"https:\/\/agora.xtec.cat\/insvilafranca\/wp-json\/wp\/v2\/media?parent=77"}],"curies":[{"name":"wp","href":"https:\/\/api.w.org\/{rel}","templated":true}]}}