{"id":768,"date":"2016-07-01T12:06:19","date_gmt":"2016-07-01T11:06:19","guid":{"rendered":"http:\/\/agora.xtec.cat\/insvilafranca\/?page_id=768"},"modified":"2019-04-03T14:38:34","modified_gmt":"2019-04-03T12:38:34","slug":"optatives","status":"publish","type":"page","link":"https:\/\/agora.xtec.cat\/insvilafranca\/optatives\/","title":{"rendered":"Optatives 1r ESO"},"content":{"rendered":"<p><strong>Optatives per 1r ESO Curs 2018-19<\/strong><\/p>\n<ul>\n<li>Hi ha una franja d\u2019optatives. S\u00f3n quadrimestrals.<\/li>\n<\/ul>\n<table>\n<tbody>\n<tr>\n<td width=\"130\"><strong>MATEM\u00c0TIQUES<br \/>\n<\/strong><\/td>\n<td width=\"451\">\n<div>REFOR\u00c7 DE MATEM\u00c0TIQUES<\/div>\n<div><\/div>\n<div>En aquesta\u00a0<span class=\"il\">optativa<\/span>\u00a0treballarem les compet\u00e8ncies matem\u00e0tiques necess\u00e0ries per a poder adquirir els nous conceptes de 1r d\u2019ESO, i poder afrontar el curs amb m\u00e9s garanties.<\/div>\n<div><\/div>\n<div>Repassarem conceptes que s\u2019haurien d\u2019haver adquirit a prim\u00e0ria i refor\u00e7arem els que s\u2019estiguin treballant a la classe.<\/div>\n<div><\/div>\n<div>Si tens dificultats amb les mates, aquesta \u00e9s la teva\u00a0<span class=\"il\">optativa<\/span>.<\/div>\n<div><\/div>\n<\/td>\n<\/tr>\n<tr>\n<td><b>VISUAL I PL\u00c0STICA<\/b><\/td>\n<td>\n<div>\n<div>EL C\u00d2MIC:<\/div>\n<div>Fonaments de la imatge seq\u00fcenciada<\/div>\n<div><span class=\"il\">Optativa<\/span>\u00a0dirigida als alumnes que desitgin aprofundir en el coneixement i la pr\u00e0ctica de la imatge seq\u00fcenciada.<\/div>\n<div>El desenvolupament de l\u2019<span class=\"il\">optativa<\/span>\u00a0implica l\u2019elaboraci\u00f3 de vinyetes i la seva composici\u00f3 comunicativa dins la p\u00e0gina, la caracteritzaci\u00f3 i la representaci\u00f3 de personatges, objectes i espais adients a un text, aix\u00ed\u00a0 com l\u2019experimentaci\u00f3 i l\u2019aplicaci\u00f3 pr\u00e0ctica de t\u00e8cniques de dibuix i pintura.<\/div>\n<\/div>\n<\/td>\n<\/tr>\n<tr>\n<td><b>SOCIALS<\/b><\/td>\n<td>\n<div>ARQUITECTURA HIST\u00d2RICA (Socials)<\/div>\n<div><\/div>\n<div>Sempre t\u2019han agradat les peces de construcci\u00f3 i t\u2019has plantejat preguntes com, qui va fer les pir\u00e0mides i com? Aquesta \u00e9s la teva\u00a0<span class=\"il\">optativa<\/span>. Aprendr\u00e0s hist\u00f2ria, descobrir\u00e0s les claus de l\u2019 arquitectura de les grans construccions de la humanitat i podr\u00e0s construir tu mateix algunes de les obres m\u00e9s conegudes.<\/div>\n<\/td>\n<\/tr>\n<tr>\n<td width=\"130\"><strong>CASTELLA <\/strong><\/p>\n<p>&nbsp;<\/td>\n<td width=\"451\">REFUERZO DE LENGUA CASTELLANA<\/p>\n<p>Con esta\u00a0<span class=\"il\">optativa<\/span>\u00a0podr\u00e1s reforzar las competencias b\u00e1sicas de la materia, a trav\u00e9s de exposiciones orales, juegos, expresiones escritas, actividades de ortograf\u00eda y ampliaci\u00f3n del vocabulario, lecturas, etc.<\/td>\n<\/tr>\n<tr>\n<td width=\"130\"><strong>ESPORTS\u00a0<\/strong><\/td>\n<td width=\"451\">FONAMENTS DELS ESPORTS D&#8217;EQUIPS<\/p>\n<p>Si vols aprendre el reglament, la t\u00e8cnica i la t\u00e0ctica d\u2019uns esports d\u2019equip: el b\u00e0squet, voleibol, hoquei\u2026 i con\u00e8ixer quins factors s\u00f3n similars i fonamentals per jugar correctament a aquests esports d\u2019equip (visi\u00f3 de l\u2019espai i jugadors\/res, posicionament, presa de decisions, moviments dels jugadors\/res i la pilota), aquesta \u00e9s la teva\u00a0<span class=\"il\">optativa<\/span>.<\/p>\n<p>&nbsp;<\/td>\n<\/tr>\n<tr>\n<td width=\"130\"><strong>ANGL\u00c8S\u00a0<\/strong><\/td>\n<td width=\"451\">SPEAK UP\u00a0 (refor\u00e7 d\u2019angl\u00e8s)<\/p>\n<p>L\u2019objectiu d\u2019aquest cr\u00e8dit \u00e9s consolidar i ampliar els coneixements d\u2019angl\u00e8s de l\u2019alumnat. Aix\u00f2 ho farem tot jugant, fent petits projectes, escoltant can\u00e7ons, jugant, imaginant situacions en les quals hem de buscar solucions, etc., on hauran d\u2019escriure, parlar, escoltar i llegir en angl\u00e8s.<\/td>\n<\/tr>\n<tr>\n<td width=\"130\"><strong>XIN\u00c8S\u00a0<\/strong><\/td>\n<td width=\"451\"><strong>Iniciaci\u00f3 a la llengua i cultura xineses 1. \u00a0\u00a0<\/strong>\u5b66\u4e60\u6c49\u8bed\u5f88\u6709\u610f\u601d\uff01<\/p>\n<p>En aquesta optativa aprendrem el sistema de pronunciaci\u00f3 <em>pinyin<\/em> (sistema de transcripci\u00f3 fon\u00e8tica); l&#8217;estructura de car\u00e0cters b\u00e0sics simplificats (radicals i components); l&#8217;escriptura i el reconeixement de car\u00e0cters b\u00e0sics simplificats; la comunicaci\u00f3 oral en situacions quotidianes i senzilles.<\/p>\n<p>Possibilitat d&#8217;examinar-se del nivell YCT 1 (Youth Chinese Test).<\/td>\n<\/tr>\n<\/tbody>\n<\/table>\n","protected":false},"excerpt":{"rendered":"<p>Optatives per 1r ESO Curs 2018-19 Hi ha una franja d\u2019optatives. S\u00f3n quadrimestrals. MATEM\u00c0TIQUES REFOR\u00c7 DE MATEM\u00c0TIQUES En aquesta\u00a0optativa\u00a0treballarem les compet\u00e8ncies matem\u00e0tiques necess\u00e0ries per a poder adquirir els nous conceptes de 1r d\u2019ESO, i poder afrontar el curs amb m\u00e9s garanties. Repassarem conceptes que s\u2019haurien d\u2019haver adquirit a prim\u00e0ria i refor\u00e7arem els que s\u2019estiguin treballant [&hellip;]<\/p>\n","protected":false},"author":1,"featured_media":0,"parent":0,"menu_order":0,"comment_status":"closed","ping_status":"closed","template":"","meta":{"_bbp_topic_count":0,"_bbp_reply_count":0,"_bbp_total_topic_count":0,"_bbp_total_reply_count":0,"_bbp_voice_count":0,"_bbp_anonymous_reply_count":0,"_bbp_topic_count_hidden":0,"_bbp_reply_count_hidden":0,"_bbp_forum_subforum_count":0,"site-sidebar-layout":"default","site-content-layout":"","ast-site-content-layout":"","site-content-style":"default","site-sidebar-style":"default","ast-global-header-display":"","ast-banner-title-visibility":"","ast-main-header-display":"","ast-hfb-above-header-display":"","ast-hfb-below-header-display":"","ast-hfb-mobile-header-display":"","site-post-title":"","ast-breadcrumbs-content":"","ast-featured-img":"","footer-sml-layout":"","theme-transparent-header-meta":"","adv-header-id-meta":"","stick-header-meta":"","header-above-stick-meta":"","header-main-stick-meta":"","header-below-stick-meta":"","astra-migrate-meta-layouts":"default","ast-page-background-enabled":"default","ast-page-background-meta":{"desktop":{"background-color":"var(--ast-global-color-4)","background-image":"","background-repeat":"repeat","background-position":"center center","background-size":"auto","background-attachment":"scroll","background-type":"","background-media":"","overlay-type":"","overlay-color":"","overlay-opacity":"","overlay-gradient":""},"tablet":{"background-color":"","background-image":"","background-repeat":"repeat","background-position":"center center","background-size":"auto","background-attachment":"scroll","background-type":"","background-media":"","overlay-type":"","overlay-color":"","overlay-opacity":"","overlay-gradient":""},"mobile":{"background-color":"","background-image":"","background-repeat":"repeat","background-position":"center center","background-size":"auto","background-attachment":"scroll","background-type":"","background-media":"","overlay-type":"","overlay-color":"","overlay-opacity":"","overlay-gradient":""}},"ast-content-background-meta":{"desktop":{"background-color":"var(--ast-global-color-5)","background-image":"","background-repeat":"repeat","background-position":"center center","background-size":"auto","background-attachment":"scroll","background-type":"","background-media":"","overlay-type":"","overlay-color":"","overlay-opacity":"","overlay-gradient":""},"tablet":{"background-color":"var(--ast-global-color-5)","background-image":"","background-repeat":"repeat","background-position":"center center","background-size":"auto","background-attachment":"scroll","background-type":"","background-media":"","overlay-type":"","overlay-color":"","overlay-opacity":"","overlay-gradient":""},"mobile":{"background-color":"var(--ast-global-color-5)","background-image":"","background-repeat":"repeat","background-position":"center center","background-size":"auto","background-attachment":"scroll","background-type":"","background-media":"","overlay-type":"","overlay-color":"","overlay-opacity":"","overlay-gradient":""}},"footnotes":""},"class_list":["post-768","page","type-page","status-publish","hentry"],"post_mailing_queue_ids":[],"_links":{"self":[{"href":"https:\/\/agora.xtec.cat\/insvilafranca\/wp-json\/wp\/v2\/pages\/768","targetHints":{"allow":["GET"]}}],"collection":[{"href":"https:\/\/agora.xtec.cat\/insvilafranca\/wp-json\/wp\/v2\/pages"}],"about":[{"href":"https:\/\/agora.xtec.cat\/insvilafranca\/wp-json\/wp\/v2\/types\/page"}],"author":[{"embeddable":true,"href":"https:\/\/agora.xtec.cat\/insvilafranca\/wp-json\/wp\/v2\/users\/1"}],"replies":[{"embeddable":true,"href":"https:\/\/agora.xtec.cat\/insvilafranca\/wp-json\/wp\/v2\/comments?post=768"}],"version-history":[{"count":3,"href":"https:\/\/agora.xtec.cat\/insvilafranca\/wp-json\/wp\/v2\/pages\/768\/revisions"}],"predecessor-version":[{"id":2658,"href":"https:\/\/agora.xtec.cat\/insvilafranca\/wp-json\/wp\/v2\/pages\/768\/revisions\/2658"}],"wp:attachment":[{"href":"https:\/\/agora.xtec.cat\/insvilafranca\/wp-json\/wp\/v2\/media?parent=768"}],"curies":[{"name":"wp","href":"https:\/\/api.w.org\/{rel}","templated":true}]}}