{"id":745,"date":"2016-06-30T14:37:26","date_gmt":"2016-06-30T13:37:26","guid":{"rendered":"http:\/\/agora.xtec.cat\/insvilafranca\/?page_id=745"},"modified":"2023-05-10T06:57:58","modified_gmt":"2023-05-10T04:57:58","slug":"ajuts-i-beques","status":"publish","type":"page","link":"https:\/\/agora.xtec.cat\/insvilafranca\/secretaria\/ajuts-i-beques\/","title":{"rendered":"Beques i ajuts"},"content":{"rendered":"<div>\n<div style=\"text-align: left;\">\n<h2><em><b>OBERT EL PER\u00cdODE\u00a0DE SOL\u00b7LICITUD DELS AJUTS PER ALUMNES AMB NECESSITAT DE SUPORT EDUCATIU<\/b><\/em><\/h2>\n<p style=\"text-align: justify;\">Ja s&#8217;ha obert el termini per sol\u00b7licitar els ajuts per alumnat amb amb necessitat espec\u00edfica de suport educatiu. El termini \u00e9s del\u00a0<b>\u00a08 de maig al 20 de setembre.<\/b>\u00a0Us recomanem que no ho deixeu pel darrer moment i, si necessiteu orientaci\u00f3, contacteu amb les psicopedagogues del centre (1r i 2n ESO: Adela; 3r i 4t ESO: Ingrid).<\/p>\n<p style=\"text-align: justify;\">Per m\u00e9s informaci\u00f3 i per realitzar el tr\u00e0mit per internet, consulteu el seg\u00fcent <a href=\"https:\/\/educacio.gencat.cat\/ca\/tramits\/tramits-temes\/ajuts-nee\" target=\"_blank\" rel=\"noopener\">enlla\u00e7.<\/a><\/p>\n<\/div>\n<\/div>\n<div>\n<p style=\"text-align: justify;\">\n<h2><em><strong>BEQUES ENSENYAMENTS POST-OBLIGATORIS<\/strong><\/em><\/h2>\n<h5><strong>Podeu accedir a l\u2019enlla\u00e7 de la sol\u00b7licitud clicant\u00a0<a href=\"https:\/\/educacio.gencat.cat\/ca\/tramits\/tramits-temes\/247-beques-ministerio-postobligatoris?moda=1\" target=\"_blank\" rel=\"noopener\">aqu\u00ed<\/a>\u00a0del 27\/03\/2023 al 17\/05\/2023<\/strong><\/h5>\n<h3><\/h3>\n<p>&nbsp;<\/p>\n<h3><strong>Beques NEE\u00a0<\/strong><\/h3>\n<\/div>\n<div>\n<div>\n<h5 style=\"text-align: left;\"><span style=\"color: #000000;\"><strong>\ud83d\udce2NOU!! Podeu consultar la Resoluci\u00f3 de les Beques NEE per al curs 2022-2023 al taulell d&#8217;anuncis del vest\u00edbul de l&#8217;Institut<\/strong><strong><em style=\"font-size: 16px; font-weight: normal;\">.<\/em><\/strong><\/span><\/h5>\n<p style=\"text-align: left;\"><em>Contra aquesta proposta de concessi\u00f3\/denegaci\u00f3, les persones interessades podran formular al\u00b7legacions fins el dia <u><b>16 de novembre de 2022<\/b><strong>,<\/strong><\/u>\u00a0davant els Serveis Territorials a Barcelona Comarques mitjan\u00e7ant aquesta\u00a0<a href=\"https:\/\/web.gencat.cat\/ca\/tramits\/tramits-temes\/Peticio-generica\" target=\"_blank\" rel=\"noopener\" data-saferedirecturl=\"https:\/\/www.google.com\/url?q=https:\/\/web.gencat.cat\/ca\/tramits\/tramits-temes\/Peticio-generica&amp;source=gmail&amp;ust=1668083225636000&amp;usg=AOvVaw3hgpsA07KSkRijWEKGvbcS\">adre\u00e7a<\/a>\u00a0electr\u00f2nica.<\/em><\/p>\n<\/div>\n<\/div>\n<h5><\/h5>\n<p>&nbsp;<\/p>\n<p>&nbsp;<\/p>\n<div>\n<div>\n<h5>Ajuts per a alumnes amb necessitat espec\u00edfica de suport educatiu: per realitzar el tr\u00e0mit telem\u00e0ticament cliqueu\u00a0<em><strong><a href=\"http:\/\/educacio.gencat.cat\/ca\/tramits\/tramits-temes\/358-ajuts-ministerio-NEE?category=7449fd1c-a82c-11e3-a972-000c29052e2c\" target=\"_blank\" rel=\"noopener\" data-saferedirecturl=\"https:\/\/www.google.com\/url?q=http:\/\/educacio.gencat.cat\/ca\/tramits\/tramits-temes\/358-ajuts-ministerio-NEE?category%3D7449fd1c-a82c-11e3-a972-000c29052e2c&amp;source=gmail&amp;ust=1632551689989000&amp;usg=AFQjCNFKGCA5z2PaqIT9igdRHdpdX-Ioyw\">aquest enlla\u00e7<\/a><a href=\"http:\/\/educacio.gencat.cat\/ca\/tramits\/tramits-temes\/358-ajuts-ministerio-NEE?category=7449fd1c-a82c-11e3-a972-000c29052e2c\" target=\"_blank\" rel=\"noopener\" data-saferedirecturl=\"https:\/\/www.google.com\/url?q=http:\/\/educacio.gencat.cat\/ca\/tramits\/tramits-temes\/358-ajuts-ministerio-NEE?category%3D7449fd1c-a82c-11e3-a972-000c29052e2c&amp;source=gmail&amp;ust=1632551689989000&amp;usg=AFQjCNFKGCA5z2PaqIT9igdRHdpdX-Ioyw\">.<\/a><\/strong><\/em><\/h5>\n<p>&nbsp;<\/p>\n<p><span style=\"font-family: inherit; font-size: 1em;\">En tots dos casos, recordeu que el termini per presentar en el centre la sol\u00b7licitud i la documentaci\u00f3 finalitza el\u00a0<\/span><b style=\"font-family: inherit; font-size: 1em;\">30 de setembre de 2021.<\/b><\/p>\n<\/div>\n<p class=\"adL\"><em>Podeu consultar la Resoluci\u00f3 de les Beques NEE per al curs 2021-2022 al taulell d\u2019anuncis del vest\u00edbul de l\u2019Institut.<\/em><\/p>\n<p><em>Contra aquesta proposta de concessi\u00f3\/denegaci\u00f3, les persones interessades podran formular al\u00b7legacions fins el dia <strong>3 de gener de 2022,<\/strong> davant els Serveis Territorials a Barcelona Comarques mitjan\u00e7ant aquesta <a href=\"https:\/\/web.gencat.cat\/ca\/tramits\/tramits-temes\/Peticio-generica\">adre\u00e7a<\/a> electr\u00f2nica.<\/em><\/p>\n<p><em>Si el tr\u00e0mit es vol fer presencialment, caldr\u00e0 aportar l&#8217;escrit i la documentaci\u00f3, i demanar cita pr\u00e8via al registre d\u2019aquests Serveis Territorials al seg\u00fcent <a href=\"https:\/\/ovt.gencat.cat\/gsitfc\/AppJava\/citpre\/citpre.do?reqCode=simpleSearch\">enlla\u00e7 <\/a>(cal seleccionar el tema &#8220;Registre administratiu&#8221;).<\/em><\/p>\n<\/div>\n<p>&nbsp;<\/p>\n<h3><strong>Beques Batxillerat<\/strong><\/h3>\n<div><\/div>\n<div>\n<h5 style=\"text-align: left;\"><span style=\"color: #000000;\"><strong>\ud83d\udce2NOU!! <\/strong><\/span><em style=\"font-size: 16px; font-weight: normal;\">Podeu consultar la Resoluci\u00f3 de les Beques Batxillerat per al\u00a0<u><b>curs 2022-2023\u00a0<\/b><\/u>al taulell d\u2019 anuncis del vest\u00edbul de l\u2019Institut.<\/em><\/h5>\n<\/div>\n<div><span style=\"color: #444444; font-family: Open Sans, Arial, Helvetica, sans-serif;\"><i>\u00a0<\/i><\/span><\/div>\n<div><\/div>\n<div><em>Contra aquesta proposta de concessi\u00f3\/denegaci\u00f3, les persones interessades podran formular al\u00b7legacions fins el dia\u00a0<\/em><i><b><u>13 de desembre <\/u><\/b><\/i><u><b><i>2022<\/i><\/b><strong>,<\/strong><\/u><i>\u00a0davant els Serveis Territorials a Barcelona Comarques mitjan\u00e7ant aquesta\u00a0<\/i><a href=\"https:\/\/web.gencat.cat\/ca\/tramits\/tramits-temes\/Peticio-generica\" target=\"_blank\" rel=\"noopener\" data-saferedirecturl=\"https:\/\/www.google.com\/url?q=https:\/\/web.gencat.cat\/ca\/tramits\/tramits-temes\/Peticio-generica&amp;source=gmail&amp;ust=1670345877575000&amp;usg=AOvVaw2YKThA70vXR5EQa3NgUiC6\">adre\u00e7a<\/a><i>\u00a0electr\u00f2nica.<\/i><span style=\"color: #444444; font-family: Open Sans, Arial, Helvetica, sans-serif;\"><i><b><br \/>\n<\/b><\/i><\/span><\/div>\n<p>&nbsp;<\/p>\n<h3><\/h3>\n<h5>Beques per a ensenyaments postobligatoris no universitaris cliqueu <strong><em><a href=\"http:\/\/educacio.gencat.cat\/ca\/tramits\/tramits-temes\/247-beques-ministerio-postobligatoris?category=7449fd1c-a82c-11e3-a972-000c29052e2c\">aquest enlla\u00e7.<\/a><\/em><\/strong><\/h5>\n<p>&nbsp;<\/p>\n<h3><strong>Beques ESO\u00a0<\/strong><\/h3>\n<ul>\n<li><u>Informaci\u00f3 sobre el nou Programa d&#8217;Ajuts a l&#8217;Escolaritzaci\u00f3 de l&#8217;Ajuntament de Vilafranca<\/u>. Podeu consultar la informaci\u00f3 clicant <a href=\"https:\/\/drive.google.com\/file\/d\/1RC_4JqkeQEtbz1H_AiRw_YDOiSAmtwiy\/view?usp=sharing\">aqu\u00ed<\/a>.<\/li>\n<li><u>Bases del Programa d&#8217;ajuts a l&#8217;Escolaritzaci\u00f3 de l&#8217;Ajuntament de Vilafranca. Curs 2019\/20:<\/u> En<a href=\"https:\/\/ensenyament.vilafranca.cat\/sites\/default\/files\/bases_ajuts_escolaritzacio_curs_2019-2020.pdf\"> aquest enlla\u00e7<\/a> les trobareu.<\/li>\n<\/ul>\n<p>&nbsp;<\/p>\n<p>&nbsp;<\/p>\n<h3 style=\"text-align: left;\"><strong>IMPORTANT:\u00a0 Novetats en el termini per demanar Beques per Ensenyaments Postobligatoris no universitaris<\/strong><\/h3>\n<div style=\"text-align: left;\">Presentaci\u00f3 de la sol\u00b7licitud: del 30 de mar\u00e7 al 12 de maig de 2022, enlla\u00e7 per fer la sol\u00b7licitud <a href=\"https:\/\/educacio.gencat.cat\/ca\/tramits\/tramits-temes\/247-beques-ministerio-postobligatoris?category=7449fd1c-a82c-11e3-a972-000c29052e2c\">aqu\u00ed<\/a>.<\/div>\n","protected":false},"excerpt":{"rendered":"<p>OBERT EL PER\u00cdODE\u00a0DE SOL\u00b7LICITUD DELS AJUTS PER ALUMNES AMB NECESSITAT DE SUPORT EDUCATIU Ja s&#8217;ha obert el termini per sol\u00b7licitar els ajuts per alumnat amb amb necessitat espec\u00edfica de suport educatiu. El termini \u00e9s del\u00a0\u00a08 de maig al 20 de setembre.\u00a0Us recomanem que no ho deixeu pel darrer moment i, si necessiteu orientaci\u00f3, contacteu amb [&hellip;]<\/p>\n","protected":false},"author":1,"featured_media":0,"parent":81,"menu_order":0,"comment_status":"closed","ping_status":"closed","template":"","meta":{"_bbp_topic_count":0,"_bbp_reply_count":0,"_bbp_total_topic_count":0,"_bbp_total_reply_count":0,"_bbp_voice_count":0,"_bbp_anonymous_reply_count":0,"_bbp_topic_count_hidden":0,"_bbp_reply_count_hidden":0,"_bbp_forum_subforum_count":0,"site-sidebar-layout":"default","site-content-layout":"","ast-site-content-layout":"","site-content-style":"default","site-sidebar-style":"default","ast-global-header-display":"","ast-banner-title-visibility":"","ast-main-header-display":"","ast-hfb-above-header-display":"","ast-hfb-below-header-display":"","ast-hfb-mobile-header-display":"","site-post-title":"","ast-breadcrumbs-content":"","ast-featured-img":"","footer-sml-layout":"","theme-transparent-header-meta":"","adv-header-id-meta":"","stick-header-meta":"","header-above-stick-meta":"","header-main-stick-meta":"","header-below-stick-meta":"","astra-migrate-meta-layouts":"default","ast-page-background-enabled":"default","ast-page-background-meta":{"desktop":{"background-color":"var(--ast-global-color-4)","background-image":"","background-repeat":"repeat","background-position":"center center","background-size":"auto","background-attachment":"scroll","background-type":"","background-media":"","overlay-type":"","overlay-color":"","overlay-opacity":"","overlay-gradient":""},"tablet":{"background-color":"","background-image":"","background-repeat":"repeat","background-position":"center center","background-size":"auto","background-attachment":"scroll","background-type":"","background-media":"","overlay-type":"","overlay-color":"","overlay-opacity":"","overlay-gradient":""},"mobile":{"background-color":"","background-image":"","background-repeat":"repeat","background-position":"center center","background-size":"auto","background-attachment":"scroll","background-type":"","background-media":"","overlay-type":"","overlay-color":"","overlay-opacity":"","overlay-gradient":""}},"ast-content-background-meta":{"desktop":{"background-color":"var(--ast-global-color-5)","background-image":"","background-repeat":"repeat","background-position":"center center","background-size":"auto","background-attachment":"scroll","background-type":"","background-media":"","overlay-type":"","overlay-color":"","overlay-opacity":"","overlay-gradient":""},"tablet":{"background-color":"var(--ast-global-color-5)","background-image":"","background-repeat":"repeat","background-position":"center center","background-size":"auto","background-attachment":"scroll","background-type":"","background-media":"","overlay-type":"","overlay-color":"","overlay-opacity":"","overlay-gradient":""},"mobile":{"background-color":"var(--ast-global-color-5)","background-image":"","background-repeat":"repeat","background-position":"center center","background-size":"auto","background-attachment":"scroll","background-type":"","background-media":"","overlay-type":"","overlay-color":"","overlay-opacity":"","overlay-gradient":""}},"footnotes":""},"class_list":["post-745","page","type-page","status-publish","hentry"],"post_mailing_queue_ids":[],"_links":{"self":[{"href":"https:\/\/agora.xtec.cat\/insvilafranca\/wp-json\/wp\/v2\/pages\/745","targetHints":{"allow":["GET"]}}],"collection":[{"href":"https:\/\/agora.xtec.cat\/insvilafranca\/wp-json\/wp\/v2\/pages"}],"about":[{"href":"https:\/\/agora.xtec.cat\/insvilafranca\/wp-json\/wp\/v2\/types\/page"}],"author":[{"embeddable":true,"href":"https:\/\/agora.xtec.cat\/insvilafranca\/wp-json\/wp\/v2\/users\/1"}],"replies":[{"embeddable":true,"href":"https:\/\/agora.xtec.cat\/insvilafranca\/wp-json\/wp\/v2\/comments?post=745"}],"version-history":[{"count":4,"href":"https:\/\/agora.xtec.cat\/insvilafranca\/wp-json\/wp\/v2\/pages\/745\/revisions"}],"predecessor-version":[{"id":6114,"href":"https:\/\/agora.xtec.cat\/insvilafranca\/wp-json\/wp\/v2\/pages\/745\/revisions\/6114"}],"up":[{"embeddable":true,"href":"https:\/\/agora.xtec.cat\/insvilafranca\/wp-json\/wp\/v2\/pages\/81"}],"wp:attachment":[{"href":"https:\/\/agora.xtec.cat\/insvilafranca\/wp-json\/wp\/v2\/media?parent=745"}],"curies":[{"name":"wp","href":"https:\/\/api.w.org\/{rel}","templated":true}]}}