{"id":5636,"date":"2023-01-09T15:24:22","date_gmt":"2023-01-09T14:24:22","guid":{"rendered":"https:\/\/agora.xtec.cat\/insvilafranca\/?page_id=5636"},"modified":"2023-01-09T15:24:22","modified_gmt":"2023-01-09T14:24:22","slug":"avaluacio","status":"publish","type":"page","link":"https:\/\/agora.xtec.cat\/insvilafranca\/avaluacio\/","title":{"rendered":"AVALUACI\u00d3"},"content":{"rendered":"<p dir=\"ltr\" style=\"text-align: justify;\">L\u2019avaluaci\u00f3 entesa com un proc\u00e9s de millora continua, porta impl\u00edcit ser un projecte viu que es va modificant en funci\u00f3 de la realitat i els resultats que vagin esdevenint. No obstant, trobem tres moments diferenciats:<\/p>\n<ul>\n<li dir=\"ltr\" style=\"text-align: justify;\">\n<p dir=\"ltr\" role=\"presentation\">Avaluaci\u00f3 continuada: es realitza mitjan\u00e7ant el seguiment i revisi\u00f3 de les diferents activitats planificades per determinar el seu grau d\u2019acompliment a partir dels seus corresponents criteris. Aquesta la realitza la persona responsable, que s\u2019indica en cada fitxa de les activitats, en el moment de la finalitzaci\u00f3 de l\u2019activitat.<\/p>\n<\/li>\n<li dir=\"ltr\" style=\"text-align: justify;\">\n<p dir=\"ltr\" role=\"presentation\">Avaluaci\u00f3 anual: a l\u2019inici de curs els objectius temporitzats per aquell per\u00edode s\u2019incorporaran la Programaci\u00f3 General Anual de Centre (PGAC). En finalitzar el per\u00edode escolar, l\u2019equip directiu, mitjan\u00e7ant la Mem\u00f2ria Anual, far\u00e0 el seguiment i recull de les evid\u00e8ncies de l\u2019assoliment dels objectius. Aquesta tasca es troba liderada per la comissi\u00f3 digital, que aprofitar\u00e0 per revisar els objectius establerts per al present i vinent curs, tot determinant la modificaci\u00f3, si fos necessari.<\/p>\n<\/li>\n<li dir=\"ltr\">\n<p dir=\"ltr\" style=\"text-align: justify;\" role=\"presentation\">Avaluaci\u00f3 final: quan l\u2019EDC est\u00e0 arribant al final de la seva planificaci\u00f3, que s\u2019ha temportizat a un termini de diversos cursos, es recullen totes les avaluacions anuals per tal de prendre una decisi\u00f3 en el s\u00ed de l\u2019equip directiu. Actualitzar-la, per tant, plantejar-se una nova diagnosi i iniciar un nou pla o modificar l\u2019existent amb les dades que es disposen.<\/p>\n<\/li>\n<\/ul>\n","protected":false},"excerpt":{"rendered":"<p>L\u2019avaluaci\u00f3 entesa com un proc\u00e9s de millora continua, porta impl\u00edcit ser un projecte viu que es va modificant en funci\u00f3 de la realitat i els resultats que vagin esdevenint. No obstant, trobem tres moments diferenciats: Avaluaci\u00f3 continuada: es realitza mitjan\u00e7ant el seguiment i revisi\u00f3 de les diferents activitats planificades per determinar el seu grau d\u2019acompliment [&hellip;]<\/p>\n","protected":false},"author":1,"featured_media":0,"parent":0,"menu_order":0,"comment_status":"closed","ping_status":"closed","template":"","meta":{"_bbp_topic_count":0,"_bbp_reply_count":0,"_bbp_total_topic_count":0,"_bbp_total_reply_count":0,"_bbp_voice_count":0,"_bbp_anonymous_reply_count":0,"_bbp_topic_count_hidden":0,"_bbp_reply_count_hidden":0,"_bbp_forum_subforum_count":0,"site-sidebar-layout":"default","site-content-layout":"","ast-site-content-layout":"","site-content-style":"default","site-sidebar-style":"default","ast-global-header-display":"","ast-banner-title-visibility":"","ast-main-header-display":"","ast-hfb-above-header-display":"","ast-hfb-below-header-display":"","ast-hfb-mobile-header-display":"","site-post-title":"","ast-breadcrumbs-content":"","ast-featured-img":"","footer-sml-layout":"","theme-transparent-header-meta":"","adv-header-id-meta":"","stick-header-meta":"","header-above-stick-meta":"","header-main-stick-meta":"","header-below-stick-meta":"","astra-migrate-meta-layouts":"default","ast-page-background-enabled":"default","ast-page-background-meta":{"desktop":{"background-color":"var(--ast-global-color-4)","background-image":"","background-repeat":"repeat","background-position":"center center","background-size":"auto","background-attachment":"scroll","background-type":"","background-media":"","overlay-type":"","overlay-color":"","overlay-opacity":"","overlay-gradient":""},"tablet":{"background-color":"","background-image":"","background-repeat":"repeat","background-position":"center center","background-size":"auto","background-attachment":"scroll","background-type":"","background-media":"","overlay-type":"","overlay-color":"","overlay-opacity":"","overlay-gradient":""},"mobile":{"background-color":"","background-image":"","background-repeat":"repeat","background-position":"center center","background-size":"auto","background-attachment":"scroll","background-type":"","background-media":"","overlay-type":"","overlay-color":"","overlay-opacity":"","overlay-gradient":""}},"ast-content-background-meta":{"desktop":{"background-color":"var(--ast-global-color-5)","background-image":"","background-repeat":"repeat","background-position":"center center","background-size":"auto","background-attachment":"scroll","background-type":"","background-media":"","overlay-type":"","overlay-color":"","overlay-opacity":"","overlay-gradient":""},"tablet":{"background-color":"var(--ast-global-color-5)","background-image":"","background-repeat":"repeat","background-position":"center center","background-size":"auto","background-attachment":"scroll","background-type":"","background-media":"","overlay-type":"","overlay-color":"","overlay-opacity":"","overlay-gradient":""},"mobile":{"background-color":"var(--ast-global-color-5)","background-image":"","background-repeat":"repeat","background-position":"center center","background-size":"auto","background-attachment":"scroll","background-type":"","background-media":"","overlay-type":"","overlay-color":"","overlay-opacity":"","overlay-gradient":""}},"footnotes":""},"class_list":["post-5636","page","type-page","status-publish","hentry"],"post_mailing_queue_ids":[],"_links":{"self":[{"href":"https:\/\/agora.xtec.cat\/insvilafranca\/wp-json\/wp\/v2\/pages\/5636","targetHints":{"allow":["GET"]}}],"collection":[{"href":"https:\/\/agora.xtec.cat\/insvilafranca\/wp-json\/wp\/v2\/pages"}],"about":[{"href":"https:\/\/agora.xtec.cat\/insvilafranca\/wp-json\/wp\/v2\/types\/page"}],"author":[{"embeddable":true,"href":"https:\/\/agora.xtec.cat\/insvilafranca\/wp-json\/wp\/v2\/users\/1"}],"replies":[{"embeddable":true,"href":"https:\/\/agora.xtec.cat\/insvilafranca\/wp-json\/wp\/v2\/comments?post=5636"}],"version-history":[{"count":1,"href":"https:\/\/agora.xtec.cat\/insvilafranca\/wp-json\/wp\/v2\/pages\/5636\/revisions"}],"predecessor-version":[{"id":5637,"href":"https:\/\/agora.xtec.cat\/insvilafranca\/wp-json\/wp\/v2\/pages\/5636\/revisions\/5637"}],"wp:attachment":[{"href":"https:\/\/agora.xtec.cat\/insvilafranca\/wp-json\/wp\/v2\/media?parent=5636"}],"curies":[{"name":"wp","href":"https:\/\/api.w.org\/{rel}","templated":true}]}}