{"id":5619,"date":"2023-01-08T11:23:56","date_gmt":"2023-01-08T10:23:56","guid":{"rendered":"https:\/\/agora.xtec.cat\/insvilafranca\/?page_id=5619"},"modified":"2024-06-27T17:22:29","modified_gmt":"2024-06-27T15:22:29","slug":"eines-informatiques-dus-habitual-al-centre","status":"publish","type":"page","link":"https:\/\/agora.xtec.cat\/insvilafranca\/eines-informatiques-dus-habitual-al-centre\/","title":{"rendered":"EINES INFORM\u00c0TIQUES D&#8217;\u00daS HABITUAL AL CENTRE"},"content":{"rendered":"<p style=\"text-align: justify;\"><span style=\"font-weight: 400;\"><a href=\"https:\/\/drive.google.com\/file\/d\/1zTtwI20GKlJC5NMKmvjP8V9M7735bRV3\/view?usp=sharing\" target=\"_blank\" rel=\"noopener\"><img loading=\"lazy\" decoding=\"async\" class=\"alignleft wp-image-5620\" src=\"https:\/\/agora.xtec.cat\/insvilafranca\/wp-content\/uploads\/usu75\/2023\/01\/Captura-2.jpg\" alt=\"\" width=\"131\" height=\"119\" srcset=\"https:\/\/agora.xtec.cat\/insvilafranca\/wp-content\/uploads\/usu75\/2023\/01\/Captura-2.jpg 397w, https:\/\/agora.xtec.cat\/insvilafranca\/wp-content\/uploads\/usu75\/2023\/01\/Captura-2-300x274.jpg 300w\" sizes=\"auto, (max-width: 131px) 100vw, 131px\" \/><\/a>&#8211;<\/span> <strong>Programa iE<\/strong><span style=\"font-weight: 400;\"><strong>duca.<\/strong> Programa que permet la comunicaci\u00f3 di\u00e0ria amb les fam\u00edlies i la comunitat educativa. Les faltes d&#8217;assist\u00e8ncia di\u00e0ries, retards i qulsevol informaci\u00f3 relacionada amb l&#8217;alumnat es gestiona directament en aquesta plataforma. Tamb\u00e9 es poden gestionar les sortides i els pagaments.\u00a0<\/span><\/p>\n<p>&nbsp;<\/p>\n<p style=\"font-family: 'Helvetica Neue', Helvetica, Helvetica, Arial, sans-serif; font-size: 16px;\"><img loading=\"lazy\" decoding=\"async\" class=\"wp-image-5621 alignright\" style=\"text-align: justify;\" src=\"https:\/\/agora.xtec.cat\/insvilafranca\/wp-content\/uploads\/usu75\/2023\/01\/Captura-3.jpg\" alt=\"\" width=\"236\" height=\"200\" srcset=\"https:\/\/agora.xtec.cat\/insvilafranca\/wp-content\/uploads\/usu75\/2023\/01\/Captura-3.jpg 626w, https:\/\/agora.xtec.cat\/insvilafranca\/wp-content\/uploads\/usu75\/2023\/01\/Captura-3-300x254.jpg 300w\" sizes=\"auto, (max-width: 236px) 100vw, 236px\" \/><\/p>\n<p>&nbsp;<\/p>\n<p style=\"text-align: justify;\"><span style=\"font-weight: 400;\">&#8211;<\/span> <strong>G<\/strong><span style=\"font-weight: 400;\"><strong>oogle Workspace<\/strong> (antic Google Apps for Education): que permet assignar un email a cada alumne i per a cada professor.\u00a0<\/span><span style=\"font-weight: 400;\">Cada com<\/span><span style=\"font-weight: 400;\">pte tindr\u00e0 acc\u00e9s a les eines google (Drive, Classroom, Meet&#8230;.) i permetr\u00e0 un treball adequat tant si es treballa pre<\/span><span style=\"font-weight: 400;\">sencialment com si es treballa a dist\u00e0ncia. <\/span><span style=\"font-weight: 400;\">Aquesta eina permet el treball cooperatiu a <\/span><span style=\"font-family: inherit; font-size: 1em; text-align: justify;\">l&#8217;hora que, com que hi ha un control dels comptes des de l&#8217;administrador, elimina la problem\u00e0tica de l&#8217;assignaci\u00f3 de correus per a menors. D\u2019altra banda les fam\u00edlies signen la seva conformitat per a que els alumnes puguin disposar d\u2019aquesta adre\u00e7a electr\u00f2nica.\u00a0<\/span><\/p>\n<p>&nbsp;<\/p>\n<p style=\"text-align: justify;\"><span style=\"font-weight: 400;\"><img loading=\"lazy\" decoding=\"async\" class=\"wp-image-5623 alignleft\" src=\"https:\/\/agora.xtec.cat\/insvilafranca\/wp-content\/uploads\/usu75\/2023\/01\/Captura-4.jpg\" alt=\"\" width=\"178\" height=\"138\" srcset=\"https:\/\/agora.xtec.cat\/insvilafranca\/wp-content\/uploads\/usu75\/2023\/01\/Captura-4.jpg 429w, https:\/\/agora.xtec.cat\/insvilafranca\/wp-content\/uploads\/usu75\/2023\/01\/Captura-4-300x233.jpg 300w\" sizes=\"auto, (max-width: 178px) 100vw, 178px\" \/><\/span><\/p>\n<p>&nbsp;<\/p>\n<p style=\"text-align: justify;\"><span style=\"font-weight: 400;\">&#8211;<\/span> <span style=\"font-weight: 400;\"><strong>Moodle<\/strong>. Plataforma on tot el professorat i alumnat disposa d\u2019un compte. En aquesta plataforma hi ha un curs virtual per a cada mat\u00e8ria que s&#8217;imparteix i l&#8217;alumnat t\u00e9 acc\u00e9s als cursos del seu nivell.\u00a0<\/span><\/p>\n<p>&nbsp;<\/p>\n<p>&nbsp;<\/p>\n<p><img loading=\"lazy\" decoding=\"async\" class=\"wp-image-5624 alignright\" style=\"text-align: justify;\" src=\"https:\/\/agora.xtec.cat\/insvilafranca\/wp-content\/uploads\/usu75\/2023\/01\/Captura-5.jpg\" alt=\"\" width=\"176\" height=\"119\" srcset=\"https:\/\/agora.xtec.cat\/insvilafranca\/wp-content\/uploads\/usu75\/2023\/01\/Captura-5.jpg 588w, https:\/\/agora.xtec.cat\/insvilafranca\/wp-content\/uploads\/usu75\/2023\/01\/Captura-5-300x203.jpg 300w\" sizes=\"auto, (max-width: 176px) 100vw, 176px\" \/><\/p>\n<p style=\"text-align: justify;\"><span style=\"font-weight: 400;\">&#8211;<\/span> <strong>P\u00e0gina web<\/strong> amb sistema de NODES. <span style=\"font-weight: 400;\">La p\u00e0gina web est\u00e0 totalment activa i funcional. En la p\u00e0gina es pengen inform<\/span><span style=\"font-family: inherit; font-size: 1em; text-align: justify;\">acions oficials de l\u2019institut, activitats rellevants,&#8230; i es consolida el nou procediment per a les publicacions que s\u00f3n pr\u00f2pies de cada professor i que es<\/span><span style=\"font-family: inherit; font-size: 1em; text-align: justify;\">\u00a0consideren \u201cActivitats d\u2019aula\u201d. S\u2019ha incl\u00f2s el link a la p\u00e0gina web a la revista digital del centre.<\/span><\/p>\n<p style=\"text-align: justify;\"><span style=\"font-weight: 400;\"><img loading=\"lazy\" decoding=\"async\" class=\" wp-image-5626 alignleft\" src=\"https:\/\/agora.xtec.cat\/insvilafranca\/wp-content\/uploads\/usu75\/2023\/01\/Captura-6.jpg\" alt=\"\" width=\"139\" height=\"134\" srcset=\"https:\/\/agora.xtec.cat\/insvilafranca\/wp-content\/uploads\/usu75\/2023\/01\/Captura-6.jpg 564w, https:\/\/agora.xtec.cat\/insvilafranca\/wp-content\/uploads\/usu75\/2023\/01\/Captura-6-300x289.jpg 300w\" sizes=\"auto, (max-width: 139px) 100vw, 139px\" \/><\/span><\/p>\n<p>&nbsp;<\/p>\n<p style=\"text-align: justify;\"><span style=\"font-weight: 400;\">&#8211;<\/span> <strong>Instagram<\/strong>: <span style=\"font-weight: 400;\">Est\u00e0 en marxa per a fer difusi\u00f3 dels articles i not\u00edcies m\u00e9s destacades que apareixen a la web. La idea \u00e9s crear un canal unidireccional que no permeti respostes ni comentaris i que serveixi de difusi\u00f3 de les activitats del centre a la web amb les noves tecnologies d&#8217;\u00fas m\u00e9s habitual entre les fam\u00edlies.\u00a0<\/span><\/p>\n<p>&nbsp;<\/p>\n<p><img loading=\"lazy\" decoding=\"async\" class=\"alignright wp-image-5628\" src=\"https:\/\/agora.xtec.cat\/insvilafranca\/wp-content\/uploads\/usu75\/2023\/01\/Captura-7.jpg\" alt=\"\" width=\"303\" height=\"121\" srcset=\"https:\/\/agora.xtec.cat\/insvilafranca\/wp-content\/uploads\/usu75\/2023\/01\/Captura-7.jpg 471w, https:\/\/agora.xtec.cat\/insvilafranca\/wp-content\/uploads\/usu75\/2023\/01\/Captura-7-300x120.jpg 300w\" sizes=\"auto, (max-width: 303px) 100vw, 303px\" \/><\/p>\n<p>&nbsp;<\/p>\n<p><strong>&#8211; eP\u00e8rgam<\/strong>: Tant el professorat com l&#8217;alumnat de l&#8217;escola pot consultar el cat\u00e0leg de llibres i materials\u00a0<span style=\"font-family: inherit; font-size: 1em;\">audiovisuals de la biblioteca accedint a Ep\u00e8rgam.<\/span><\/p>\n","protected":false},"excerpt":{"rendered":"<p>&#8211; Programa iEduca. Programa que permet la comunicaci\u00f3 di\u00e0ria amb les fam\u00edlies i la comunitat educativa. Les faltes d&#8217;assist\u00e8ncia di\u00e0ries, retards i qulsevol informaci\u00f3 relacionada amb l&#8217;alumnat es gestiona directament en aquesta plataforma. Tamb\u00e9 es poden gestionar les sortides i els pagaments.\u00a0 &nbsp; &nbsp; &#8211; Google Workspace (antic Google Apps for Education): que permet assignar [&hellip;]<\/p>\n","protected":false},"author":1,"featured_media":0,"parent":0,"menu_order":0,"comment_status":"closed","ping_status":"closed","template":"","meta":{"_bbp_topic_count":0,"_bbp_reply_count":0,"_bbp_total_topic_count":0,"_bbp_total_reply_count":0,"_bbp_voice_count":0,"_bbp_anonymous_reply_count":0,"_bbp_topic_count_hidden":0,"_bbp_reply_count_hidden":0,"_bbp_forum_subforum_count":0,"site-sidebar-layout":"default","site-content-layout":"","ast-site-content-layout":"","site-content-style":"default","site-sidebar-style":"default","ast-global-header-display":"","ast-banner-title-visibility":"","ast-main-header-display":"","ast-hfb-above-header-display":"","ast-hfb-below-header-display":"","ast-hfb-mobile-header-display":"","site-post-title":"","ast-breadcrumbs-content":"","ast-featured-img":"","footer-sml-layout":"","theme-transparent-header-meta":"","adv-header-id-meta":"","stick-header-meta":"","header-above-stick-meta":"","header-main-stick-meta":"","header-below-stick-meta":"","astra-migrate-meta-layouts":"default","ast-page-background-enabled":"default","ast-page-background-meta":{"desktop":{"background-color":"var(--ast-global-color-4)","background-image":"","background-repeat":"repeat","background-position":"center center","background-size":"auto","background-attachment":"scroll","background-type":"","background-media":"","overlay-type":"","overlay-color":"","overlay-opacity":"","overlay-gradient":""},"tablet":{"background-color":"","background-image":"","background-repeat":"repeat","background-position":"center center","background-size":"auto","background-attachment":"scroll","background-type":"","background-media":"","overlay-type":"","overlay-color":"","overlay-opacity":"","overlay-gradient":""},"mobile":{"background-color":"","background-image":"","background-repeat":"repeat","background-position":"center center","background-size":"auto","background-attachment":"scroll","background-type":"","background-media":"","overlay-type":"","overlay-color":"","overlay-opacity":"","overlay-gradient":""}},"ast-content-background-meta":{"desktop":{"background-color":"var(--ast-global-color-5)","background-image":"","background-repeat":"repeat","background-position":"center center","background-size":"auto","background-attachment":"scroll","background-type":"","background-media":"","overlay-type":"","overlay-color":"","overlay-opacity":"","overlay-gradient":""},"tablet":{"background-color":"var(--ast-global-color-5)","background-image":"","background-repeat":"repeat","background-position":"center center","background-size":"auto","background-attachment":"scroll","background-type":"","background-media":"","overlay-type":"","overlay-color":"","overlay-opacity":"","overlay-gradient":""},"mobile":{"background-color":"var(--ast-global-color-5)","background-image":"","background-repeat":"repeat","background-position":"center center","background-size":"auto","background-attachment":"scroll","background-type":"","background-media":"","overlay-type":"","overlay-color":"","overlay-opacity":"","overlay-gradient":""}},"footnotes":""},"class_list":["post-5619","page","type-page","status-publish","hentry"],"post_mailing_queue_ids":[],"_links":{"self":[{"href":"https:\/\/agora.xtec.cat\/insvilafranca\/wp-json\/wp\/v2\/pages\/5619","targetHints":{"allow":["GET"]}}],"collection":[{"href":"https:\/\/agora.xtec.cat\/insvilafranca\/wp-json\/wp\/v2\/pages"}],"about":[{"href":"https:\/\/agora.xtec.cat\/insvilafranca\/wp-json\/wp\/v2\/types\/page"}],"author":[{"embeddable":true,"href":"https:\/\/agora.xtec.cat\/insvilafranca\/wp-json\/wp\/v2\/users\/1"}],"replies":[{"embeddable":true,"href":"https:\/\/agora.xtec.cat\/insvilafranca\/wp-json\/wp\/v2\/comments?post=5619"}],"version-history":[{"count":6,"href":"https:\/\/agora.xtec.cat\/insvilafranca\/wp-json\/wp\/v2\/pages\/5619\/revisions"}],"predecessor-version":[{"id":7369,"href":"https:\/\/agora.xtec.cat\/insvilafranca\/wp-json\/wp\/v2\/pages\/5619\/revisions\/7369"}],"wp:attachment":[{"href":"https:\/\/agora.xtec.cat\/insvilafranca\/wp-json\/wp\/v2\/media?parent=5619"}],"curies":[{"name":"wp","href":"https:\/\/api.w.org\/{rel}","templated":true}]}}