{"id":5613,"date":"2023-01-08T11:06:42","date_gmt":"2023-01-08T10:06:42","guid":{"rendered":"https:\/\/agora.xtec.cat\/insvilafranca\/?page_id=5613"},"modified":"2023-01-09T15:25:40","modified_gmt":"2023-01-09T14:25:40","slug":"equipament-informatic","status":"publish","type":"page","link":"https:\/\/agora.xtec.cat\/insvilafranca\/equipament-informatic\/","title":{"rendered":"EQUIPAMENT INFORM\u00c0TIC"},"content":{"rendered":"<ul>\n<li style=\"text-align: justify;\"><span style=\"font-weight: 400;\">Totes les aules i espais espec\u00edfics del centre disposen d\u2019ordinador connectat a la xarxa i pantalla digital o can\u00f3 per projectar.<\/span><\/li>\n<li style=\"text-align: justify;\"><span style=\"font-weight: 400;\">El centre disposa d\u2019una xarxa wifi que arriba a tots els espais del centre.<\/span><\/li>\n<li style=\"text-align: justify;\"><span style=\"font-weight: 400;\">Hi ha dues aules d&#8217;inform\u00e0tica ubicades a la planta baixa i equipades amb 12 ordinadors de sobretaula cadascuna, amb espai suficient per al treball en parelles. i per desenvolupar pr\u00e0ctiques de rob\u00f2tica.<\/span><\/li>\n<li><span style=\"font-weight: 400;\"><img loading=\"lazy\" decoding=\"async\" class=\"wp-image-5614 alignright\" src=\"https:\/\/agora.xtec.cat\/insvilafranca\/wp-content\/uploads\/usu75\/2023\/01\/Captura-1.jpg\" alt=\"\" width=\"387\" height=\"338\" srcset=\"https:\/\/agora.xtec.cat\/insvilafranca\/wp-content\/uploads\/usu75\/2023\/01\/Captura-1.jpg 565w, https:\/\/agora.xtec.cat\/insvilafranca\/wp-content\/uploads\/usu75\/2023\/01\/Captura-1-300x262.jpg 300w\" sizes=\"auto, (max-width: 387px) 100vw, 387px\" \/>\u00a0Ambdues aules tamb\u00e9 disposen de <\/span>PDAs, dotaci\u00f3 del departament d\u2019Educaci\u00f3.<\/li>\n<li>Tamb\u00e9 hi ha dos carros de port\u00e0tils ubicats en la primera i segona planta del centre, de forma que en cada planta es disposa de PCs per a l\u2019\u00fas de l\u2019alumnat i del professorat que els reservi via iEduca. Existeix a disposici\u00f3 del professorat un &#8220;<strong>P<\/strong><b>rotocol d\u2019us dels ordinadors dels carros i aules d\u2019inform\u00e0tica&#8221;<\/b><\/li>\n<li>A la sala de professors hi ha un total de 3 ordinadors fixes amb connexi\u00f3 a internet a disposici\u00f3 del professorat, m\u00e9s un quart ordinador que serveix per \u201cfitxar\u201d el moment de l\u2019arribada al centre, tot compart<br \/>\nint la informaci\u00f3 amb l\u2019Ieduca.<\/li>\n<li>A cada departament did\u00e0ctic hi ha un ordinador fixe a disposici\u00f3 del professorat que pertany al departament.<\/li>\n<li>Pel que fa a l\u2019alumnat, tot l\u2019alumnat de 3r, 4t d\u2019ESO i 1r i 2n de Batxillerat que va demanar un ordinador, disposa d\u2019un ordinador personal, propietat del centre i cedit pel Departament d\u2019Educaci\u00f3 a trav\u00e9s del Pla d\u2019Acceleraci\u00f3 Digital. Durant el curs 22-23 el Departament d\u2019Educaci\u00f3 t\u00e9 previst cedir els ordinadors que falten als alumnes de 1r i 2n d\u2019ESO, per\u00f2 sense concretar cap data.<\/li>\n<li>Pel que fa a l&#8217;alumnat de 4t d&#8217;ESO, que disposen d&#8217;ordinador personal i que tenen autoritzaci\u00f3 per portar-lo al centre, tamb\u00e9 hi ha detallat un &#8220;<b>Protocol d\u2019\u00fas dels ordinadors de dotaci\u00f3 del Departament per l\u2019alumnat de 4t d\u2019ESO al<\/b> centre&#8221;<\/li>\n<li>Durant el m\u00e9s de novembre ens ha arribat una dotaci\u00f3 des del Departament d\u2019Educaci\u00f3 de 5 carros d\u2019emmagatzematge de port\u00e0tils de l\u2019alumnat.<\/li>\n<\/ul>\n","protected":false},"excerpt":{"rendered":"<p>Totes les aules i espais espec\u00edfics del centre disposen d\u2019ordinador connectat a la xarxa i pantalla digital o can\u00f3 per projectar. El centre disposa d\u2019una xarxa wifi que arriba a tots els espais del centre. Hi ha dues aules d&#8217;inform\u00e0tica ubicades a la planta baixa i equipades amb 12 ordinadors de sobretaula cadascuna, amb espai [&hellip;]<\/p>\n","protected":false},"author":1,"featured_media":0,"parent":0,"menu_order":0,"comment_status":"closed","ping_status":"closed","template":"","meta":{"_bbp_topic_count":0,"_bbp_reply_count":0,"_bbp_total_topic_count":0,"_bbp_total_reply_count":0,"_bbp_voice_count":0,"_bbp_anonymous_reply_count":0,"_bbp_topic_count_hidden":0,"_bbp_reply_count_hidden":0,"_bbp_forum_subforum_count":0,"site-sidebar-layout":"default","site-content-layout":"","ast-site-content-layout":"","site-content-style":"default","site-sidebar-style":"default","ast-global-header-display":"","ast-banner-title-visibility":"","ast-main-header-display":"","ast-hfb-above-header-display":"","ast-hfb-below-header-display":"","ast-hfb-mobile-header-display":"","site-post-title":"","ast-breadcrumbs-content":"","ast-featured-img":"","footer-sml-layout":"","theme-transparent-header-meta":"","adv-header-id-meta":"","stick-header-meta":"","header-above-stick-meta":"","header-main-stick-meta":"","header-below-stick-meta":"","astra-migrate-meta-layouts":"default","ast-page-background-enabled":"default","ast-page-background-meta":{"desktop":{"background-color":"var(--ast-global-color-4)","background-image":"","background-repeat":"repeat","background-position":"center center","background-size":"auto","background-attachment":"scroll","background-type":"","background-media":"","overlay-type":"","overlay-color":"","overlay-opacity":"","overlay-gradient":""},"tablet":{"background-color":"","background-image":"","background-repeat":"repeat","background-position":"center center","background-size":"auto","background-attachment":"scroll","background-type":"","background-media":"","overlay-type":"","overlay-color":"","overlay-opacity":"","overlay-gradient":""},"mobile":{"background-color":"","background-image":"","background-repeat":"repeat","background-position":"center center","background-size":"auto","background-attachment":"scroll","background-type":"","background-media":"","overlay-type":"","overlay-color":"","overlay-opacity":"","overlay-gradient":""}},"ast-content-background-meta":{"desktop":{"background-color":"var(--ast-global-color-5)","background-image":"","background-repeat":"repeat","background-position":"center center","background-size":"auto","background-attachment":"scroll","background-type":"","background-media":"","overlay-type":"","overlay-color":"","overlay-opacity":"","overlay-gradient":""},"tablet":{"background-color":"var(--ast-global-color-5)","background-image":"","background-repeat":"repeat","background-position":"center center","background-size":"auto","background-attachment":"scroll","background-type":"","background-media":"","overlay-type":"","overlay-color":"","overlay-opacity":"","overlay-gradient":""},"mobile":{"background-color":"var(--ast-global-color-5)","background-image":"","background-repeat":"repeat","background-position":"center center","background-size":"auto","background-attachment":"scroll","background-type":"","background-media":"","overlay-type":"","overlay-color":"","overlay-opacity":"","overlay-gradient":""}},"footnotes":""},"class_list":["post-5613","page","type-page","status-publish","hentry"],"post_mailing_queue_ids":[],"_links":{"self":[{"href":"https:\/\/agora.xtec.cat\/insvilafranca\/wp-json\/wp\/v2\/pages\/5613","targetHints":{"allow":["GET"]}}],"collection":[{"href":"https:\/\/agora.xtec.cat\/insvilafranca\/wp-json\/wp\/v2\/pages"}],"about":[{"href":"https:\/\/agora.xtec.cat\/insvilafranca\/wp-json\/wp\/v2\/types\/page"}],"author":[{"embeddable":true,"href":"https:\/\/agora.xtec.cat\/insvilafranca\/wp-json\/wp\/v2\/users\/1"}],"replies":[{"embeddable":true,"href":"https:\/\/agora.xtec.cat\/insvilafranca\/wp-json\/wp\/v2\/comments?post=5613"}],"version-history":[{"count":2,"href":"https:\/\/agora.xtec.cat\/insvilafranca\/wp-json\/wp\/v2\/pages\/5613\/revisions"}],"predecessor-version":[{"id":5639,"href":"https:\/\/agora.xtec.cat\/insvilafranca\/wp-json\/wp\/v2\/pages\/5613\/revisions\/5639"}],"wp:attachment":[{"href":"https:\/\/agora.xtec.cat\/insvilafranca\/wp-json\/wp\/v2\/media?parent=5613"}],"curies":[{"name":"wp","href":"https:\/\/api.w.org\/{rel}","templated":true}]}}