{"id":5608,"date":"2023-01-08T10:47:41","date_gmt":"2023-01-08T09:47:41","guid":{"rendered":"https:\/\/agora.xtec.cat\/insvilafranca\/?page_id=5608"},"modified":"2023-01-08T11:15:23","modified_gmt":"2023-01-08T10:15:23","slug":"comissio-digital","status":"publish","type":"page","link":"https:\/\/agora.xtec.cat\/insvilafranca\/comissio-digital\/","title":{"rendered":"COMISSI\u00d3 DIGITAL"},"content":{"rendered":"<p style=\"text-align: justify;\">\u00c9s l\u2019equip encarregat de definir i implementar l\u2019estrat\u00e8gia que vol seguir un centre en relaci\u00f3 amb les tecnologies digitals, amb l\u2019objectiu que l\u2019alumnat, els docents i el centre assoleixin el nivell m\u00e9s alt possible de maduresa i compet\u00e8ncia digital des d\u2019una perspectiva d\u2019innovaci\u00f3 i de millora cont\u00ednua. Per tant, ha de ser l\u2019equip impulsor de l\u2019Estrat\u00e8gia Digital de Centre.<br \/>\nPer portar a terme aquesta funci\u00f3, compr\u00e8n tots els \u00e0mbits del centre: organitzatius, metodol\u00f2gics, curriculars i comunicatius.<br \/>\nLa Comissi\u00f3 pret\u00e9n ser un equip dinamitzador que faci arribar l\u2019estrat\u00e8gia digital a tota la comunitat educativa.<\/p>\n<p style=\"text-align: justify;\">A l&#8217;Institut Nou de Vilafranca, la comissi\u00f3 digital est\u00e0 constitu\u00efda pel director, la cap d&#8217;estudis, la coordinadora pedag\u00f2gica, el coordinador digital i dos membre m\u00e9s del claustre.<\/p>\n<p style=\"text-align: justify;\">Membres:<\/p>\n<h1 style=\"text-align: justify;\"><img loading=\"lazy\" decoding=\"async\" class=\"wp-image-5609 alignright\" src=\"https:\/\/agora.xtec.cat\/insvilafranca\/wp-content\/uploads\/usu75\/2023\/01\/Captura.jpg\" alt=\"\" width=\"335\" height=\"317\" srcset=\"https:\/\/agora.xtec.cat\/insvilafranca\/wp-content\/uploads\/usu75\/2023\/01\/Captura.jpg 662w, https:\/\/agora.xtec.cat\/insvilafranca\/wp-content\/uploads\/usu75\/2023\/01\/Captura-300x284.jpg 300w\" sizes=\"auto, (max-width: 335px) 100vw, 335px\" \/><\/h1>\n<ul>\n<li>Pere Serveto (Director)<\/li>\n<li>Mariona Marcos (Cap d&#8217;Estudis)<\/li>\n<li>Rebeca Corbal\u00e1n (Coordinadora pedag\u00f2gica)<\/li>\n<li>Antonio Romero (Coordinador digital)<\/li>\n<li>Vicent Giron\u00e8s (membre del claustre)<\/li>\n<li>Zaida Mu\u00f1oz (membre del claustre)<\/li>\n<\/ul>\n<p>&nbsp;<\/p>\n<p>La comissi\u00f3 es reuneix els dimarts de 10:20 a 11:20.<\/p>\n","protected":false},"excerpt":{"rendered":"<p>\u00c9s l\u2019equip encarregat de definir i implementar l\u2019estrat\u00e8gia que vol seguir un centre en relaci\u00f3 amb les tecnologies digitals, amb l\u2019objectiu que l\u2019alumnat, els docents i el centre assoleixin el nivell m\u00e9s alt possible de maduresa i compet\u00e8ncia digital des d\u2019una perspectiva d\u2019innovaci\u00f3 i de millora cont\u00ednua. Per tant, ha de ser l\u2019equip impulsor de [&hellip;]<\/p>\n","protected":false},"author":1,"featured_media":0,"parent":0,"menu_order":0,"comment_status":"closed","ping_status":"closed","template":"","meta":{"_bbp_topic_count":0,"_bbp_reply_count":0,"_bbp_total_topic_count":0,"_bbp_total_reply_count":0,"_bbp_voice_count":0,"_bbp_anonymous_reply_count":0,"_bbp_topic_count_hidden":0,"_bbp_reply_count_hidden":0,"_bbp_forum_subforum_count":0,"site-sidebar-layout":"default","site-content-layout":"","ast-site-content-layout":"","site-content-style":"default","site-sidebar-style":"default","ast-global-header-display":"","ast-banner-title-visibility":"","ast-main-header-display":"","ast-hfb-above-header-display":"","ast-hfb-below-header-display":"","ast-hfb-mobile-header-display":"","site-post-title":"","ast-breadcrumbs-content":"","ast-featured-img":"","footer-sml-layout":"","theme-transparent-header-meta":"","adv-header-id-meta":"","stick-header-meta":"","header-above-stick-meta":"","header-main-stick-meta":"","header-below-stick-meta":"","astra-migrate-meta-layouts":"default","ast-page-background-enabled":"default","ast-page-background-meta":{"desktop":{"background-color":"var(--ast-global-color-4)","background-image":"","background-repeat":"repeat","background-position":"center center","background-size":"auto","background-attachment":"scroll","background-type":"","background-media":"","overlay-type":"","overlay-color":"","overlay-opacity":"","overlay-gradient":""},"tablet":{"background-color":"","background-image":"","background-repeat":"repeat","background-position":"center center","background-size":"auto","background-attachment":"scroll","background-type":"","background-media":"","overlay-type":"","overlay-color":"","overlay-opacity":"","overlay-gradient":""},"mobile":{"background-color":"","background-image":"","background-repeat":"repeat","background-position":"center center","background-size":"auto","background-attachment":"scroll","background-type":"","background-media":"","overlay-type":"","overlay-color":"","overlay-opacity":"","overlay-gradient":""}},"ast-content-background-meta":{"desktop":{"background-color":"var(--ast-global-color-5)","background-image":"","background-repeat":"repeat","background-position":"center center","background-size":"auto","background-attachment":"scroll","background-type":"","background-media":"","overlay-type":"","overlay-color":"","overlay-opacity":"","overlay-gradient":""},"tablet":{"background-color":"var(--ast-global-color-5)","background-image":"","background-repeat":"repeat","background-position":"center center","background-size":"auto","background-attachment":"scroll","background-type":"","background-media":"","overlay-type":"","overlay-color":"","overlay-opacity":"","overlay-gradient":""},"mobile":{"background-color":"var(--ast-global-color-5)","background-image":"","background-repeat":"repeat","background-position":"center center","background-size":"auto","background-attachment":"scroll","background-type":"","background-media":"","overlay-type":"","overlay-color":"","overlay-opacity":"","overlay-gradient":""}},"footnotes":""},"class_list":["post-5608","page","type-page","status-publish","hentry"],"post_mailing_queue_ids":[],"_links":{"self":[{"href":"https:\/\/agora.xtec.cat\/insvilafranca\/wp-json\/wp\/v2\/pages\/5608","targetHints":{"allow":["GET"]}}],"collection":[{"href":"https:\/\/agora.xtec.cat\/insvilafranca\/wp-json\/wp\/v2\/pages"}],"about":[{"href":"https:\/\/agora.xtec.cat\/insvilafranca\/wp-json\/wp\/v2\/types\/page"}],"author":[{"embeddable":true,"href":"https:\/\/agora.xtec.cat\/insvilafranca\/wp-json\/wp\/v2\/users\/1"}],"replies":[{"embeddable":true,"href":"https:\/\/agora.xtec.cat\/insvilafranca\/wp-json\/wp\/v2\/comments?post=5608"}],"version-history":[{"count":3,"href":"https:\/\/agora.xtec.cat\/insvilafranca\/wp-json\/wp\/v2\/pages\/5608\/revisions"}],"predecessor-version":[{"id":5618,"href":"https:\/\/agora.xtec.cat\/insvilafranca\/wp-json\/wp\/v2\/pages\/5608\/revisions\/5618"}],"wp:attachment":[{"href":"https:\/\/agora.xtec.cat\/insvilafranca\/wp-json\/wp\/v2\/media?parent=5608"}],"curies":[{"name":"wp","href":"https:\/\/api.w.org\/{rel}","templated":true}]}}