{"id":5604,"date":"2023-01-08T10:32:44","date_gmt":"2023-01-08T09:32:44","guid":{"rendered":"https:\/\/agora.xtec.cat\/insvilafranca\/?page_id=5604"},"modified":"2023-05-16T11:55:45","modified_gmt":"2023-05-16T09:55:45","slug":"cultura-digital","status":"publish","type":"page","link":"https:\/\/agora.xtec.cat\/insvilafranca\/cultura-digital\/","title":{"rendered":"CULTURA DIGITAL"},"content":{"rendered":"<p>La cultura digital del centre fa refer\u00e8ncia al coneixement global del centre en l\u2019\u00e0mbit digital.<span style=\"font-family: inherit; font-size: 1em;\">Inclou procediments, acords i accions que el centre ja est\u00e0 realitzant i que permeten tenir una visi\u00f3 completa de la cultura digital que el centre ja ha assolit.<\/span><\/p>\n<p>&nbsp;<\/p>\n<ul class=\"VcS63b\">\n<li data-nav-level=\"3\">\n<h3><strong>Documentaci\u00f3 b\u00e0sica<\/strong><\/h3>\n<\/li>\n<li data-nav-level=\"3\">\n<h3><strong><a href=\"https:\/\/agora.xtec.cat\/insvilafranca\/comissio-digital\/\">La comissi\u00f3 estrat\u00e8gica digital<\/a><\/strong><\/h3>\n<\/li>\n<li data-nav-level=\"3\">\n<h3><strong><a href=\"https:\/\/agora.xtec.cat\/insvilafranca\/equipament-informatic\/\">Equipament inform\u00e0tic<\/a><\/strong><\/h3>\n<\/li>\n<li data-nav-level=\"3\">\n<h3><strong><a href=\"https:\/\/agora.xtec.cat\/insvilafranca\/eines-informatiques-dus-habitual-al-centre\/\">Eines inform\u00e0tiques d&#8217;\u00fas habitual al centre<\/a><\/strong><\/h3>\n<\/li>\n<li data-nav-level=\"3\">\n<h3 class=\"I35ICb\"><strong>Protecci\u00f3 de dades, \u00fas d&#8217;imatges i propietat intel\u00b7lectual<\/strong><\/h3>\n<\/li>\n<li data-nav-level=\"3\">\n<h3 class=\"I35ICb\"><strong>Acolliment digital professorat, alumnat i PAS<\/strong><\/h3>\n<\/li>\n<li data-nav-level=\"3\">\n<h3 class=\"I35ICb\"><strong>Seguiment i avaluaci\u00f3 compet\u00e8ncia digital alumnat<\/strong><\/h3>\n<\/li>\n<li data-nav-level=\"3\">\n<h3 class=\"PsKE7e r8s4j-c5RTEf IKA38e baH5ib oNsfjf\"><strong>Desconnexi\u00f3 digital<\/strong><\/h3>\n<\/li>\n<li data-nav-level=\"3\">\n<h3>Acords de claustre i Consell Escolar<\/h3>\n<\/li>\n<\/ul>\n","protected":false},"excerpt":{"rendered":"<p>La cultura digital del centre fa refer\u00e8ncia al coneixement global del centre en l\u2019\u00e0mbit digital.Inclou procediments, acords i accions que el centre ja est\u00e0 realitzant i que permeten tenir una visi\u00f3 completa de la cultura digital que el centre ja ha assolit. &nbsp; Documentaci\u00f3 b\u00e0sica La comissi\u00f3 estrat\u00e8gica digital Equipament inform\u00e0tic Eines inform\u00e0tiques d&#8217;\u00fas habitual [&hellip;]<\/p>\n","protected":false},"author":1,"featured_media":0,"parent":0,"menu_order":0,"comment_status":"closed","ping_status":"closed","template":"","meta":{"_bbp_topic_count":0,"_bbp_reply_count":0,"_bbp_total_topic_count":0,"_bbp_total_reply_count":0,"_bbp_voice_count":0,"_bbp_anonymous_reply_count":0,"_bbp_topic_count_hidden":0,"_bbp_reply_count_hidden":0,"_bbp_forum_subforum_count":0,"site-sidebar-layout":"default","site-content-layout":"","ast-site-content-layout":"","site-content-style":"default","site-sidebar-style":"default","ast-global-header-display":"","ast-banner-title-visibility":"","ast-main-header-display":"","ast-hfb-above-header-display":"","ast-hfb-below-header-display":"","ast-hfb-mobile-header-display":"","site-post-title":"","ast-breadcrumbs-content":"","ast-featured-img":"","footer-sml-layout":"","theme-transparent-header-meta":"","adv-header-id-meta":"","stick-header-meta":"","header-above-stick-meta":"","header-main-stick-meta":"","header-below-stick-meta":"","astra-migrate-meta-layouts":"default","ast-page-background-enabled":"default","ast-page-background-meta":{"desktop":{"background-color":"var(--ast-global-color-4)","background-image":"","background-repeat":"repeat","background-position":"center center","background-size":"auto","background-attachment":"scroll","background-type":"","background-media":"","overlay-type":"","overlay-color":"","overlay-opacity":"","overlay-gradient":""},"tablet":{"background-color":"","background-image":"","background-repeat":"repeat","background-position":"center center","background-size":"auto","background-attachment":"scroll","background-type":"","background-media":"","overlay-type":"","overlay-color":"","overlay-opacity":"","overlay-gradient":""},"mobile":{"background-color":"","background-image":"","background-repeat":"repeat","background-position":"center center","background-size":"auto","background-attachment":"scroll","background-type":"","background-media":"","overlay-type":"","overlay-color":"","overlay-opacity":"","overlay-gradient":""}},"ast-content-background-meta":{"desktop":{"background-color":"var(--ast-global-color-5)","background-image":"","background-repeat":"repeat","background-position":"center center","background-size":"auto","background-attachment":"scroll","background-type":"","background-media":"","overlay-type":"","overlay-color":"","overlay-opacity":"","overlay-gradient":""},"tablet":{"background-color":"var(--ast-global-color-5)","background-image":"","background-repeat":"repeat","background-position":"center center","background-size":"auto","background-attachment":"scroll","background-type":"","background-media":"","overlay-type":"","overlay-color":"","overlay-opacity":"","overlay-gradient":""},"mobile":{"background-color":"var(--ast-global-color-5)","background-image":"","background-repeat":"repeat","background-position":"center center","background-size":"auto","background-attachment":"scroll","background-type":"","background-media":"","overlay-type":"","overlay-color":"","overlay-opacity":"","overlay-gradient":""}},"footnotes":""},"class_list":["post-5604","page","type-page","status-publish","hentry"],"post_mailing_queue_ids":[],"_links":{"self":[{"href":"https:\/\/agora.xtec.cat\/insvilafranca\/wp-json\/wp\/v2\/pages\/5604","targetHints":{"allow":["GET"]}}],"collection":[{"href":"https:\/\/agora.xtec.cat\/insvilafranca\/wp-json\/wp\/v2\/pages"}],"about":[{"href":"https:\/\/agora.xtec.cat\/insvilafranca\/wp-json\/wp\/v2\/types\/page"}],"author":[{"embeddable":true,"href":"https:\/\/agora.xtec.cat\/insvilafranca\/wp-json\/wp\/v2\/users\/1"}],"replies":[{"embeddable":true,"href":"https:\/\/agora.xtec.cat\/insvilafranca\/wp-json\/wp\/v2\/comments?post=5604"}],"version-history":[{"count":4,"href":"https:\/\/agora.xtec.cat\/insvilafranca\/wp-json\/wp\/v2\/pages\/5604\/revisions"}],"predecessor-version":[{"id":6135,"href":"https:\/\/agora.xtec.cat\/insvilafranca\/wp-json\/wp\/v2\/pages\/5604\/revisions\/6135"}],"wp:attachment":[{"href":"https:\/\/agora.xtec.cat\/insvilafranca\/wp-json\/wp\/v2\/media?parent=5604"}],"curies":[{"name":"wp","href":"https:\/\/api.w.org\/{rel}","templated":true}]}}