{"id":5523,"date":"2022-12-11T18:57:52","date_gmt":"2022-12-11T17:57:52","guid":{"rendered":"https:\/\/agora.xtec.cat\/insvilafranca\/?page_id=5523"},"modified":"2023-07-01T09:22:30","modified_gmt":"2023-07-01T07:22:30","slug":"estrategia-digital","status":"publish","type":"page","link":"https:\/\/agora.xtec.cat\/insvilafranca\/estrategia-digital\/","title":{"rendered":"Estrat\u00e8gia Digital"},"content":{"rendered":"<p style=\"text-align: justify;\">El Pla d&#8217;educaci\u00f3 digital de Catalunya 2020-2023, presentat pel Departament d&#8217;Educaci\u00f3, t\u00e9 com a objectiu contribuir al desenvolupament de les compet\u00e8ncies digitals que els ciutadans i les ciutadanes necessiten per viure i treballar en una societat caracteritzada per les transformacions i pels canvis accelerats derivats de les mateixes tecnologies.<\/p>\n<p style=\"text-align: justify;\">L\u2019Estrat\u00e8gia Digital de Centre (EDC) s&#8217;emmarca en el Pla d&#8217;educaci\u00f3 digital de Catalunya (PEDC).<\/p>\n<p style=\"text-align: justify;\">Els objectius principals s\u00f3n:<br \/>\n\u2022 Assegurar que els alumnes de Catalunya siguin digitalment competents en acabar l&#8217;ensenyament obligatori.<br \/>\n\u2022 Augmentar el nombre de professorat que tingui la compet\u00e8ncia digital docent entesa com una compet\u00e8ncia clau del segle XXI.<br \/>\n\u2022 Teixir una xarxa de pa\u00eds amb centres digitalment transformats que facilitin l&#8217;aprenentatge en el marc de la transformaci\u00f3 educativa.<\/p>\n<p style=\"text-align: justify;\">Podeu anar consultant les accions que deriven d&#8217;aquest pla en els seg\u00fcents enlla\u00e7os:<\/p>\n<h3><a href=\"https:\/\/agora.xtec.cat\/insvilafranca\/diagnosi\/\"><strong>Diagnosi<\/strong><\/a><\/h3>\n<h3><a href=\"https:\/\/agora.xtec.cat\/insvilafranca\/objectius\/\"><strong>Objectius<\/strong><\/a><\/h3>\n<h3><a href=\"https:\/\/agora.xtec.cat\/insvilafranca\/planificacio\/\"><strong>Planificaci\u00f3<\/strong><\/a><\/h3>\n<h3><a href=\"https:\/\/agora.xtec.cat\/insvilafranca\/avaluacio\/\"><strong>Avaluaci\u00f3<\/strong><\/a><\/h3>\n<h3 style=\"text-align: center;\"><a href=\"https:\/\/drive.google.com\/file\/d\/1GWBxXEeHndElQJWHHKKGm9DKeyId8-8l\/view?usp=sharing\" target=\"_blank\" rel=\"noopener\">El resum de l&#8217;estrat\u00e8gia Digital de centre el podeu consultar aqu\u00ed.<\/a><\/h3>\n","protected":false},"excerpt":{"rendered":"<p>El Pla d&#8217;educaci\u00f3 digital de Catalunya 2020-2023, presentat pel Departament d&#8217;Educaci\u00f3, t\u00e9 com a objectiu contribuir al desenvolupament de les compet\u00e8ncies digitals que els ciutadans i les ciutadanes necessiten per viure i treballar en una societat caracteritzada per les transformacions i pels canvis accelerats derivats de les mateixes tecnologies. L\u2019Estrat\u00e8gia Digital de Centre (EDC) s&#8217;emmarca [&hellip;]<\/p>\n","protected":false},"author":1,"featured_media":0,"parent":0,"menu_order":0,"comment_status":"closed","ping_status":"closed","template":"","meta":{"_bbp_topic_count":0,"_bbp_reply_count":0,"_bbp_total_topic_count":0,"_bbp_total_reply_count":0,"_bbp_voice_count":0,"_bbp_anonymous_reply_count":0,"_bbp_topic_count_hidden":0,"_bbp_reply_count_hidden":0,"_bbp_forum_subforum_count":0,"site-sidebar-layout":"default","site-content-layout":"","ast-site-content-layout":"","site-content-style":"default","site-sidebar-style":"default","ast-global-header-display":"","ast-banner-title-visibility":"","ast-main-header-display":"","ast-hfb-above-header-display":"","ast-hfb-below-header-display":"","ast-hfb-mobile-header-display":"","site-post-title":"","ast-breadcrumbs-content":"","ast-featured-img":"","footer-sml-layout":"","theme-transparent-header-meta":"","adv-header-id-meta":"","stick-header-meta":"","header-above-stick-meta":"","header-main-stick-meta":"","header-below-stick-meta":"","astra-migrate-meta-layouts":"default","ast-page-background-enabled":"default","ast-page-background-meta":{"desktop":{"background-color":"var(--ast-global-color-4)","background-image":"","background-repeat":"repeat","background-position":"center center","background-size":"auto","background-attachment":"scroll","background-type":"","background-media":"","overlay-type":"","overlay-color":"","overlay-opacity":"","overlay-gradient":""},"tablet":{"background-color":"","background-image":"","background-repeat":"repeat","background-position":"center center","background-size":"auto","background-attachment":"scroll","background-type":"","background-media":"","overlay-type":"","overlay-color":"","overlay-opacity":"","overlay-gradient":""},"mobile":{"background-color":"","background-image":"","background-repeat":"repeat","background-position":"center center","background-size":"auto","background-attachment":"scroll","background-type":"","background-media":"","overlay-type":"","overlay-color":"","overlay-opacity":"","overlay-gradient":""}},"ast-content-background-meta":{"desktop":{"background-color":"var(--ast-global-color-5)","background-image":"","background-repeat":"repeat","background-position":"center center","background-size":"auto","background-attachment":"scroll","background-type":"","background-media":"","overlay-type":"","overlay-color":"","overlay-opacity":"","overlay-gradient":""},"tablet":{"background-color":"var(--ast-global-color-5)","background-image":"","background-repeat":"repeat","background-position":"center center","background-size":"auto","background-attachment":"scroll","background-type":"","background-media":"","overlay-type":"","overlay-color":"","overlay-opacity":"","overlay-gradient":""},"mobile":{"background-color":"var(--ast-global-color-5)","background-image":"","background-repeat":"repeat","background-position":"center center","background-size":"auto","background-attachment":"scroll","background-type":"","background-media":"","overlay-type":"","overlay-color":"","overlay-opacity":"","overlay-gradient":""}},"footnotes":""},"class_list":["post-5523","page","type-page","status-publish","hentry"],"post_mailing_queue_ids":[],"_links":{"self":[{"href":"https:\/\/agora.xtec.cat\/insvilafranca\/wp-json\/wp\/v2\/pages\/5523","targetHints":{"allow":["GET"]}}],"collection":[{"href":"https:\/\/agora.xtec.cat\/insvilafranca\/wp-json\/wp\/v2\/pages"}],"about":[{"href":"https:\/\/agora.xtec.cat\/insvilafranca\/wp-json\/wp\/v2\/types\/page"}],"author":[{"embeddable":true,"href":"https:\/\/agora.xtec.cat\/insvilafranca\/wp-json\/wp\/v2\/users\/1"}],"replies":[{"embeddable":true,"href":"https:\/\/agora.xtec.cat\/insvilafranca\/wp-json\/wp\/v2\/comments?post=5523"}],"version-history":[{"count":3,"href":"https:\/\/agora.xtec.cat\/insvilafranca\/wp-json\/wp\/v2\/pages\/5523\/revisions"}],"predecessor-version":[{"id":6338,"href":"https:\/\/agora.xtec.cat\/insvilafranca\/wp-json\/wp\/v2\/pages\/5523\/revisions\/6338"}],"wp:attachment":[{"href":"https:\/\/agora.xtec.cat\/insvilafranca\/wp-json\/wp\/v2\/media?parent=5523"}],"curies":[{"name":"wp","href":"https:\/\/api.w.org\/{rel}","templated":true}]}}