{"id":5390,"date":"2022-10-19T09:45:51","date_gmt":"2022-10-19T07:45:51","guid":{"rendered":"https:\/\/agora.xtec.cat\/insvilafranca\/?page_id=5390"},"modified":"2023-01-08T10:33:36","modified_gmt":"2023-01-08T09:33:36","slug":"estrategia-digital-de-centre","status":"publish","type":"page","link":"https:\/\/agora.xtec.cat\/insvilafranca\/estrategia-digital-de-centre\/","title":{"rendered":"ESTRAT\u00c8GIA DIGITAL DE CENTRE"},"content":{"rendered":"<p style=\"text-align: justify;\">L\u2019Estrat\u00e8gia Digital de Centre (EDC) \u00e9s un document que recull totes les accions que es realitzen en un centre, i les que es realitzaran a mitj\u00e0 termini, per aconseguir la m\u00e0xima compet\u00e8ncia digital de l\u2019alumnat, del professorat i del centre educatiu. Ha de tenir com a referent el Pla d\u2019Educaci\u00f3 Digital de Catalunya (PEDC), on s\u2019indica la necessitat d\u2019assolir la fita d\u2019una societat digitalment competent, fent \u00e8mfasi en l\u2019equitat i tenint en compte l\u2019evoluci\u00f3 del context social i tecnol\u00f2gic.<\/p>\n<p><a href=\"https:\/\/educacio.gencat.cat\/ca\/departament\/linies-estrategiques\/pla-educacio-digital\/\"><img loading=\"lazy\" decoding=\"async\" class=\"wp-image-5528 aligncenter\" src=\"https:\/\/agora.xtec.cat\/insvilafranca\/wp-content\/uploads\/usu75\/2022\/12\/Captura-2.jpg\" alt=\"\" width=\"433\" height=\"226\" srcset=\"https:\/\/agora.xtec.cat\/insvilafranca\/wp-content\/uploads\/usu75\/2022\/12\/Captura-2.jpg 694w, https:\/\/agora.xtec.cat\/insvilafranca\/wp-content\/uploads\/usu75\/2022\/12\/Captura-2-300x157.jpg 300w\" sizes=\"auto, (max-width: 433px) 100vw, 433px\" \/><\/a><\/p>\n<p style=\"text-align: center;\"><a href=\"https:\/\/www.youtube.com\/watch?v=uS5UUZIYLPQ\"><br \/>\n<iframe loading=\"lazy\" title=\"YouTube video player\" src=\"\/\/www.youtube.com\/embed\/uS5UUZIYLPQ\" width=\"560\" height=\"315\" frameborder=\"0\" allowfullscreen=\"allowfullscreen\"><\/iframe><\/a><\/p>\n<hr \/>\n<p><a href=\"https:\/\/agora.xtec.cat\/insvilafranca\/estrategia-digital\/\" target=\"_blank\" rel=\"noopener\"><img loading=\"lazy\" decoding=\"async\" class=\"wp-image-5392 alignleft\" src=\"https:\/\/agora.xtec.cat\/insvilafranca\/wp-content\/uploads\/usu75\/2022\/10\/Captura-2-1024x784.jpg\" alt=\"\" width=\"437\" height=\"335\" srcset=\"https:\/\/agora.xtec.cat\/insvilafranca\/wp-content\/uploads\/usu75\/2022\/10\/Captura-2-1024x784.jpg 1024w, https:\/\/agora.xtec.cat\/insvilafranca\/wp-content\/uploads\/usu75\/2022\/10\/Captura-2-300x230.jpg 300w, https:\/\/agora.xtec.cat\/insvilafranca\/wp-content\/uploads\/usu75\/2022\/10\/Captura-2-768x588.jpg 768w, https:\/\/agora.xtec.cat\/insvilafranca\/wp-content\/uploads\/usu75\/2022\/10\/Captura-2.jpg 1133w\" sizes=\"auto, (max-width: 437px) 100vw, 437px\" \/><\/a><a href=\"https:\/\/agora.xtec.cat\/insvilafranca\/cultura-digital\/\"><img loading=\"lazy\" decoding=\"async\" class=\"alignright wp-image-5393\" src=\"https:\/\/agora.xtec.cat\/insvilafranca\/wp-content\/uploads\/usu75\/2022\/10\/Captura-3.jpg\" alt=\"\" width=\"448\" height=\"332\" srcset=\"https:\/\/agora.xtec.cat\/insvilafranca\/wp-content\/uploads\/usu75\/2022\/10\/Captura-3.jpg 989w, https:\/\/agora.xtec.cat\/insvilafranca\/wp-content\/uploads\/usu75\/2022\/10\/Captura-3-300x223.jpg 300w, https:\/\/agora.xtec.cat\/insvilafranca\/wp-content\/uploads\/usu75\/2022\/10\/Captura-3-768x570.jpg 768w\" sizes=\"auto, (max-width: 448px) 100vw, 448px\" \/><\/a><\/p>\n<p>&nbsp;<\/p>\n<p>&nbsp;<\/p>\n<p>&nbsp;<\/p>\n<p>&nbsp;<\/p>\n<p>&nbsp;<\/p>\n<p>&nbsp;<\/p>\n<p>&nbsp;<\/p>\n<p>&nbsp;<\/p>\n","protected":false},"excerpt":{"rendered":"<p>L\u2019Estrat\u00e8gia Digital de Centre (EDC) \u00e9s un document que recull totes les accions que es realitzen en un centre, i les que es realitzaran a mitj\u00e0 termini, per aconseguir la m\u00e0xima compet\u00e8ncia digital de l\u2019alumnat, del professorat i del centre educatiu. Ha de tenir com a referent el Pla d\u2019Educaci\u00f3 Digital de Catalunya (PEDC), on [&hellip;]<\/p>\n","protected":false},"author":1,"featured_media":0,"parent":0,"menu_order":0,"comment_status":"closed","ping_status":"closed","template":"","meta":{"_bbp_topic_count":0,"_bbp_reply_count":0,"_bbp_total_topic_count":0,"_bbp_total_reply_count":0,"_bbp_voice_count":0,"_bbp_anonymous_reply_count":0,"_bbp_topic_count_hidden":0,"_bbp_reply_count_hidden":0,"_bbp_forum_subforum_count":0,"site-sidebar-layout":"default","site-content-layout":"","ast-site-content-layout":"","site-content-style":"default","site-sidebar-style":"default","ast-global-header-display":"","ast-banner-title-visibility":"","ast-main-header-display":"","ast-hfb-above-header-display":"","ast-hfb-below-header-display":"","ast-hfb-mobile-header-display":"","site-post-title":"","ast-breadcrumbs-content":"","ast-featured-img":"","footer-sml-layout":"","theme-transparent-header-meta":"","adv-header-id-meta":"","stick-header-meta":"","header-above-stick-meta":"","header-main-stick-meta":"","header-below-stick-meta":"","astra-migrate-meta-layouts":"default","ast-page-background-enabled":"default","ast-page-background-meta":{"desktop":{"background-color":"var(--ast-global-color-4)","background-image":"","background-repeat":"repeat","background-position":"center center","background-size":"auto","background-attachment":"scroll","background-type":"","background-media":"","overlay-type":"","overlay-color":"","overlay-opacity":"","overlay-gradient":""},"tablet":{"background-color":"","background-image":"","background-repeat":"repeat","background-position":"center center","background-size":"auto","background-attachment":"scroll","background-type":"","background-media":"","overlay-type":"","overlay-color":"","overlay-opacity":"","overlay-gradient":""},"mobile":{"background-color":"","background-image":"","background-repeat":"repeat","background-position":"center center","background-size":"auto","background-attachment":"scroll","background-type":"","background-media":"","overlay-type":"","overlay-color":"","overlay-opacity":"","overlay-gradient":""}},"ast-content-background-meta":{"desktop":{"background-color":"var(--ast-global-color-5)","background-image":"","background-repeat":"repeat","background-position":"center center","background-size":"auto","background-attachment":"scroll","background-type":"","background-media":"","overlay-type":"","overlay-color":"","overlay-opacity":"","overlay-gradient":""},"tablet":{"background-color":"var(--ast-global-color-5)","background-image":"","background-repeat":"repeat","background-position":"center center","background-size":"auto","background-attachment":"scroll","background-type":"","background-media":"","overlay-type":"","overlay-color":"","overlay-opacity":"","overlay-gradient":""},"mobile":{"background-color":"var(--ast-global-color-5)","background-image":"","background-repeat":"repeat","background-position":"center center","background-size":"auto","background-attachment":"scroll","background-type":"","background-media":"","overlay-type":"","overlay-color":"","overlay-opacity":"","overlay-gradient":""}},"footnotes":""},"class_list":["post-5390","page","type-page","status-publish","hentry"],"post_mailing_queue_ids":[],"_links":{"self":[{"href":"https:\/\/agora.xtec.cat\/insvilafranca\/wp-json\/wp\/v2\/pages\/5390","targetHints":{"allow":["GET"]}}],"collection":[{"href":"https:\/\/agora.xtec.cat\/insvilafranca\/wp-json\/wp\/v2\/pages"}],"about":[{"href":"https:\/\/agora.xtec.cat\/insvilafranca\/wp-json\/wp\/v2\/types\/page"}],"author":[{"embeddable":true,"href":"https:\/\/agora.xtec.cat\/insvilafranca\/wp-json\/wp\/v2\/users\/1"}],"replies":[{"embeddable":true,"href":"https:\/\/agora.xtec.cat\/insvilafranca\/wp-json\/wp\/v2\/comments?post=5390"}],"version-history":[{"count":3,"href":"https:\/\/agora.xtec.cat\/insvilafranca\/wp-json\/wp\/v2\/pages\/5390\/revisions"}],"predecessor-version":[{"id":5607,"href":"https:\/\/agora.xtec.cat\/insvilafranca\/wp-json\/wp\/v2\/pages\/5390\/revisions\/5607"}],"wp:attachment":[{"href":"https:\/\/agora.xtec.cat\/insvilafranca\/wp-json\/wp\/v2\/media?parent=5390"}],"curies":[{"name":"wp","href":"https:\/\/api.w.org\/{rel}","templated":true}]}}