{"id":522,"date":"2016-05-20T13:07:55","date_gmt":"2016-05-20T12:07:55","guid":{"rendered":"http:\/\/agora.xtec.cat\/insvilafranca\/?page_id=522"},"modified":"2016-05-20T13:09:14","modified_gmt":"2016-05-20T12:09:14","slug":"llibres-i-material","status":"publish","type":"page","link":"https:\/\/agora.xtec.cat\/insvilafranca\/estudis\/llibres-i-material\/","title":{"rendered":"Llibres i Material"},"content":{"rendered":"<h3><strong>Material<\/strong><\/h3>\n<p>El llistat de material per aquest curs el podeu visualitzar <a href=\"https:\/\/drive.google.com\/file\/d\/0B-0JLSXsj7cDc3FtbnExOVVEZ2s\/view\" target=\"_blank\">Aqu\u00ed<\/a><\/p>\n<h3>LLibres de text<\/h3>\n<p>Si voleu imprimir el llistat de llibres <a href=\"https:\/\/drive.google.com\/file\/d\/0B-0JLSXsj7cDOFpvNG1Mc3dMRms\/view\" target=\"_blank\">aqu\u00ed.<\/a><\/p>\n<h5><span style=\"color: #800000;\">NOTA IMPORTANT<\/span><\/h5>\n<p>PER AQUELLES FAM\u00cdLIES QUE DECIDEIXIN ADQUIRIR ELS LLIBRES PEL SEU COMPTE:<\/p>\n<p>Els llibres no han d\u2019estar folrats ni amb el nom posat el primer dia de classe; cal que el professorat comprovi que s\u00f3n correctes.<\/p>\n<p>Cal comprovar l\u2019ISBN dels llibres per tal de garantir que es tracta de l\u2019edici\u00f3 escollida pel professorat (especialment en el cas de conviv\u00e8ncia entre noves i antigues edicions).<\/p>\n<p>Els llibres que porten CD han de tenir-lo. Si no es compleixen aquestes condicions el professor pot refusar l\u2019\u00fas d\u2019aquest material.<\/p>\n","protected":false},"excerpt":{"rendered":"<p>Material El llistat de material per aquest curs el podeu visualitzar Aqu\u00ed LLibres de text Si voleu imprimir el llistat de llibres aqu\u00ed. NOTA IMPORTANT PER AQUELLES FAM\u00cdLIES QUE DECIDEIXIN ADQUIRIR ELS LLIBRES PEL SEU COMPTE: Els llibres no han d\u2019estar folrats ni amb el nom posat el primer dia de classe; cal que el [&hellip;]<\/p>\n","protected":false},"author":1,"featured_media":0,"parent":195,"menu_order":0,"comment_status":"closed","ping_status":"closed","template":"","meta":{"_bbp_topic_count":0,"_bbp_reply_count":0,"_bbp_total_topic_count":0,"_bbp_total_reply_count":0,"_bbp_voice_count":0,"_bbp_anonymous_reply_count":0,"_bbp_topic_count_hidden":0,"_bbp_reply_count_hidden":0,"_bbp_forum_subforum_count":0,"site-sidebar-layout":"default","site-content-layout":"","ast-site-content-layout":"","site-content-style":"default","site-sidebar-style":"default","ast-global-header-display":"","ast-banner-title-visibility":"","ast-main-header-display":"","ast-hfb-above-header-display":"","ast-hfb-below-header-display":"","ast-hfb-mobile-header-display":"","site-post-title":"","ast-breadcrumbs-content":"","ast-featured-img":"","footer-sml-layout":"","theme-transparent-header-meta":"","adv-header-id-meta":"","stick-header-meta":"","header-above-stick-meta":"","header-main-stick-meta":"","header-below-stick-meta":"","astra-migrate-meta-layouts":"default","ast-page-background-enabled":"default","ast-page-background-meta":{"desktop":{"background-color":"var(--ast-global-color-4)","background-image":"","background-repeat":"repeat","background-position":"center center","background-size":"auto","background-attachment":"scroll","background-type":"","background-media":"","overlay-type":"","overlay-color":"","overlay-opacity":"","overlay-gradient":""},"tablet":{"background-color":"","background-image":"","background-repeat":"repeat","background-position":"center center","background-size":"auto","background-attachment":"scroll","background-type":"","background-media":"","overlay-type":"","overlay-color":"","overlay-opacity":"","overlay-gradient":""},"mobile":{"background-color":"","background-image":"","background-repeat":"repeat","background-position":"center center","background-size":"auto","background-attachment":"scroll","background-type":"","background-media":"","overlay-type":"","overlay-color":"","overlay-opacity":"","overlay-gradient":""}},"ast-content-background-meta":{"desktop":{"background-color":"var(--ast-global-color-5)","background-image":"","background-repeat":"repeat","background-position":"center center","background-size":"auto","background-attachment":"scroll","background-type":"","background-media":"","overlay-type":"","overlay-color":"","overlay-opacity":"","overlay-gradient":""},"tablet":{"background-color":"var(--ast-global-color-5)","background-image":"","background-repeat":"repeat","background-position":"center center","background-size":"auto","background-attachment":"scroll","background-type":"","background-media":"","overlay-type":"","overlay-color":"","overlay-opacity":"","overlay-gradient":""},"mobile":{"background-color":"var(--ast-global-color-5)","background-image":"","background-repeat":"repeat","background-position":"center center","background-size":"auto","background-attachment":"scroll","background-type":"","background-media":"","overlay-type":"","overlay-color":"","overlay-opacity":"","overlay-gradient":""}},"footnotes":""},"class_list":["post-522","page","type-page","status-publish","hentry"],"post_mailing_queue_ids":[],"_links":{"self":[{"href":"https:\/\/agora.xtec.cat\/insvilafranca\/wp-json\/wp\/v2\/pages\/522","targetHints":{"allow":["GET"]}}],"collection":[{"href":"https:\/\/agora.xtec.cat\/insvilafranca\/wp-json\/wp\/v2\/pages"}],"about":[{"href":"https:\/\/agora.xtec.cat\/insvilafranca\/wp-json\/wp\/v2\/types\/page"}],"author":[{"embeddable":true,"href":"https:\/\/agora.xtec.cat\/insvilafranca\/wp-json\/wp\/v2\/users\/1"}],"replies":[{"embeddable":true,"href":"https:\/\/agora.xtec.cat\/insvilafranca\/wp-json\/wp\/v2\/comments?post=522"}],"version-history":[{"count":2,"href":"https:\/\/agora.xtec.cat\/insvilafranca\/wp-json\/wp\/v2\/pages\/522\/revisions"}],"predecessor-version":[{"id":524,"href":"https:\/\/agora.xtec.cat\/insvilafranca\/wp-json\/wp\/v2\/pages\/522\/revisions\/524"}],"up":[{"embeddable":true,"href":"https:\/\/agora.xtec.cat\/insvilafranca\/wp-json\/wp\/v2\/pages\/195"}],"wp:attachment":[{"href":"https:\/\/agora.xtec.cat\/insvilafranca\/wp-json\/wp\/v2\/media?parent=522"}],"curies":[{"name":"wp","href":"https:\/\/api.w.org\/{rel}","templated":true}]}}