{"id":4916,"date":"2022-02-07T12:02:49","date_gmt":"2022-02-07T11:02:49","guid":{"rendered":"https:\/\/agora.xtec.cat\/insvilafranca\/?page_id=4916"},"modified":"2026-02-19T20:03:46","modified_gmt":"2026-02-19T19:03:46","slug":"informacio-pau-pap","status":"publish","type":"page","link":"https:\/\/agora.xtec.cat\/insvilafranca\/informacio-pau-pap\/","title":{"rendered":"INFORMACI\u00d3 PAU-PAP"},"content":{"rendered":"<div class=\"col-xs-12 columna_esquerra\">\n<div class=\"cos_bloc basic_text_peq pd-15 link-dotted\">\n<ul>\n<li>\n<div class=\"Y3BBE\" data-sfc-cp=\"\" data-hveid=\"CAEIAhAA\" data-complete=\"true\" data-processed=\"true\">Les dates oficials de les\u00a0<strong class=\"Yjhzub\" data-complete=\"true\">Proves d&#8217;Acc\u00e9s a la Universitat (PAU) 2026<\/strong>\u00a0a Catalunya, segons el calendari publicat pel\u00a0<span data-sfc-cp=\"\" data-complete=\"true\"><a class=\"H23r4e\" href=\"https:\/\/universitats.gencat.cat\/ca\/pau\/dia-prova\/\" target=\"_blank\" rel=\"noopener\" data-hveid=\"CAEIAhAB\">Canal Universitats de la Generalitat<\/a><\/span>, s\u00f3n les seg\u00fcents:<\/div>\n<div class=\"Fsg96\" data-sfc-cp=\"\" data-complete=\"true\" data-processed=\"true\"><\/div>\n<div class=\"otQkpb\" role=\"heading\" aria-level=\"3\" data-animation-nesting=\"\" data-sfc-cp=\"\" data-complete=\"true\" data-processed=\"true\" data-sae=\"\"><strong class=\"Yjhzub\" data-complete=\"true\">Convocat\u00f2ria Ordin\u00e0ria (Juny)<\/strong><\/div>\n<div class=\"Y3BBE\" data-sfc-cp=\"\" data-hveid=\"CAEIBBAA\" data-complete=\"true\" data-processed=\"true\">Els ex\u00e0mens es realitzaran els dies:<\/div>\n<ul class=\"KsbFXc U6u95\" data-complete=\"true\" data-processed=\"true\">\n<li data-hveid=\"CAEIBRAA\" data-complete=\"true\" data-sae=\"\"><span class=\"T286Pc\" data-sfc-cp=\"\" data-complete=\"true\"><strong class=\"Yjhzub\" data-complete=\"true\">Dimarts 9 de juny<\/strong>\u00a0de 2026.<\/span><\/li>\n<li data-hveid=\"CAEIBRAB\" data-complete=\"true\" data-sae=\"\"><span class=\"T286Pc\" data-sfc-cp=\"\" data-complete=\"true\"><strong class=\"Yjhzub\" data-complete=\"true\">Dimecres 10 de juny<\/strong>\u00a0de 2026.<\/span><\/li>\n<li data-hveid=\"CAEIBRAB\" data-complete=\"true\" data-sae=\"\"><span class=\"T286Pc\" data-sfc-cp=\"\" data-complete=\"true\"><strong class=\"Yjhzub\" data-complete=\"true\">Dijous 11 de juny<\/strong>\u00a0de 2026.<\/span><span class=\"uJ19be notranslate\" data-wiz-uids=\"vK31de_12,vK31de_13\" data-complete=\"true\"><span class=\"vKEkVd\" data-animation-atomic=\"\" data-wiz-attrbind=\"class=vK31de_11\/TKHnVd\" data-sae=\"\"><span aria-hidden=\"true\">\u00a0<\/span><\/span><\/span><\/li>\n<\/ul>\n<div class=\"Fsg96\" data-sfc-cp=\"\" data-complete=\"true\" data-processed=\"true\"><\/div>\n<div class=\"otQkpb\" role=\"heading\" aria-level=\"3\" data-animation-nesting=\"\" data-sfc-cp=\"\" data-complete=\"true\" data-processed=\"true\" data-sae=\"\"><strong class=\"Yjhzub\" data-complete=\"true\">Convocat\u00f2ria Extraordin\u00e0ria (Setembre)<\/strong><span class=\"uJ19be notranslate\" data-wiz-uids=\"vK31de_1b,vK31de_1c\" data-complete=\"true\"><span class=\"vKEkVd\" data-animation-atomic=\"\" data-wiz-attrbind=\"class=vK31de_1a\/TKHnVd\" data-sae=\"\"><span aria-hidden=\"true\">\u00a0<\/span><\/span><\/span><\/div>\n<ul class=\"KsbFXc U6u95\" data-complete=\"true\" data-processed=\"true\">\n<li data-hveid=\"CAEIBxAA\" data-complete=\"true\" data-sae=\"\"><span class=\"T286Pc\" data-sfc-cp=\"\" data-complete=\"true\"><strong class=\"Yjhzub\" data-complete=\"true\">Dimecres 2, dijous 3 i divendres 4 de setembre<\/strong>\u00a0de 2026.<\/span><\/li>\n<li data-hveid=\"CAEIBxAB\" data-complete=\"true\" data-sae=\"\"><span class=\"T286Pc\" data-sfc-cp=\"\" data-complete=\"true\">Aquesta ser\u00e0 l&#8217;\u00faltima vegada que la convocat\u00f2ria extraordin\u00e0ria es faci al setembre, ja que a partir del 2027 s&#8217;avan\u00e7ar\u00e0 al juliol.<\/span><\/li>\n<\/ul>\n<div class=\"Fsg96\" data-sfc-cp=\"\" data-complete=\"true\" data-processed=\"true\"><\/div>\n<div class=\"otQkpb\" role=\"heading\" aria-level=\"3\" data-animation-nesting=\"\" data-sfc-cp=\"\" data-processed=\"true\" data-sae=\"\" data-complete=\"true\"><strong class=\"Yjhzub\" data-complete=\"true\">Dates clau de matr\u00edcula i resultats<\/strong><span class=\"uJ19be notranslate\" data-wiz-uids=\"vK31de_1t,vK31de_1u\" data-complete=\"true\"><span class=\"vKEkVd\" data-animation-atomic=\"\" data-wiz-attrbind=\"class=vK31de_1s\/TKHnVd\" data-sae=\"\"><span aria-hidden=\"true\">\u00a0<\/span><\/span><\/span><\/div>\n<ul class=\"KsbFXc U6u95\" data-complete=\"true\" data-processed=\"true\">\n<li data-hveid=\"CAEICRAA\" data-complete=\"true\" data-sae=\"\"><span class=\"T286Pc\" data-sfc-cp=\"\" data-complete=\"true\"><strong class=\"Yjhzub\" data-complete=\"true\">Prematr\u00edcula (2n de Batxillerat):<\/strong>\u00a0S&#8217;ha realitzat durant el febrer de 2026 (termini ampliat fins al\u00a0<strong class=\"Yjhzub\" data-complete=\"true\">19 de febrer<\/strong>).<\/span><\/li>\n<li data-hveid=\"CAEICRAB\" data-complete=\"true\" data-sae=\"\"><span class=\"T286Pc\" data-sfc-cp=\"\" data-complete=\"true\"><strong class=\"Yjhzub\" data-complete=\"true\">Matr\u00edcula ordin\u00e0ria:<\/strong>\u00a0Del\u00a0<strong class=\"Yjhzub\" data-complete=\"true\">19 al 27 de maig<\/strong>\u00a0de 2026.<\/span><\/li>\n<li data-hveid=\"CAEICRAC\" data-complete=\"true\" data-sae=\"\"><span class=\"T286Pc\" data-sfc-cp=\"\" data-complete=\"true\"><strong class=\"Yjhzub\" data-complete=\"true\">Matr\u00edcula extraordin\u00e0ria (lliures):<\/strong>\u00a0Del\u00a0<strong class=\"Yjhzub\" data-complete=\"true\">21 al 23 de juliol<\/strong>\u00a0de 2026.<\/span><\/li>\n<li data-hveid=\"CAEICRAD\" data-complete=\"true\" data-sae=\"\"><span class=\"T286Pc\" data-sfc-cp=\"\" data-complete=\"true\"><strong class=\"Yjhzub\" data-complete=\"true\">Resultats de la convocat\u00f2ria ordin\u00e0ria:<\/strong>\u00a0Es publicaran el\u00a0<strong class=\"Yjhzub\" data-complete=\"true\">22 de juny<\/strong>\u00a0de 2026.<\/span><span class=\"uJ19be notranslate\" data-wiz-uids=\"vK31de_2d,vK31de_2e\" data-complete=\"true\"><span class=\"vKEkVd\" data-animation-atomic=\"\" data-wiz-attrbind=\"class=vK31de_2c\/TKHnVd\" data-sae=\"\"><span aria-hidden=\"true\">\u00a0<\/span><\/span><\/span><\/li>\n<\/ul>\n<div class=\"Y3BBE\" data-sfc-cp=\"\" data-hveid=\"CAEIChAA\" data-complete=\"true\" data-processed=\"true\"><\/div>\n<\/li>\n<li>\n<div class=\"Y3BBE\" data-sfc-cp=\"\" data-hveid=\"CAEIChAA\" data-complete=\"true\" data-processed=\"true\">Pots consultar l&#8217;<strong class=\"Yjhzub\" data-complete=\"true\">horari detallat<\/strong>\u00a0de cada examen al document oficial de la\u00a0<span data-sfc-cp=\"\" data-complete=\"true\"><a class=\"H23r4e\" href=\"https:\/\/www.gencat.cat\/recercaiuniversitats\/accesuniversitat\/centres\/PAU_2026_horari.pdf\" target=\"_blank\" rel=\"noopener\" data-hveid=\"CAEIChAB\">Generalitat de Catalunya<\/a><\/span>.<span class=\"uJ19be notranslate\" data-wiz-uids=\"vK31de_2o,vK31de_2p\" data-complete=\"true\"><span class=\"vKEkVd\" data-animation-atomic=\"\" data-wiz-attrbind=\"class=vK31de_2n\/TKHnVd\" data-sae=\"\"><span aria-hidden=\"true\">\u00a0<\/span><\/span><\/span><\/div>\n<\/li>\n<\/ul>\n<\/div>\n<\/div>\n<p>Trobareu tota la informaci\u00f3 en <a href=\"https:\/\/universitats.gencat.cat\/ca\/pau\/\">aquest enlla\u00e7<\/a>.<\/p>\n<p>&nbsp;<\/p>\n<hr \/>\n<p><span style=\"font-size: 16px;\">Les <\/span><strong class=\"Yjhzub\" style=\"font-size: 16px;\" data-complete=\"true\">Proves d\u2019Aptitud Personal (PAP) 2026<\/strong><span style=\"font-size: 16px;\"> a Catalunya ja tenen el full de ruta marcat per a tots aquells aspirants que somien amb ser mestres. Aquestes proves, requisit indispensable per accedir als graus d&#8217;Educaci\u00f3 Infantil i Prim\u00e0ria, avaluen si l&#8217;estudiant t\u00e9 les bases acad\u00e8miques necess\u00e0ries per assumir la responsabilitat d&#8217;educar.<\/span><\/p>\n<p>A les universitats p\u00fabliques (UB, UAB, UdL, URV i UdG) i a la UOC \u00e9s un requisit haver-les superat pr\u00e8viament a l\u2019admissi\u00f3 a aquests estudis.<\/p>\n<p>En el cas de les universitats privades (UVic-UCC, URL, UIC, UAO) tamb\u00e9 es poden superar durant el primer curs dels graus.<\/p>\n<div class=\"pWvJNd\" data-complete=\"true\">\n<div class=\"mZJni Dn7Fzd\" dir=\"ltr\" data-container-id=\"main-col\" data-xid=\"VpUvz\" data-ved=\"2ahUKEwjYl_3VnuaSAxXGQ6QEHXZiPMMQ3KYQegYIAQgAEAE\" data-processed=\"true\">\n<div class=\"Fsg96\" data-sfc-cp=\"\" data-complete=\"true\" data-processed=\"true\"><\/div>\n<div class=\"otQkpb\" role=\"heading\" aria-level=\"3\" data-animation-nesting=\"\" data-sfc-cp=\"\" data-complete=\"true\" data-processed=\"true\" data-sae=\"\"><strong>El calendari clau<\/strong><\/div>\n<div class=\"Y3BBE\" data-sfc-cp=\"\" data-hveid=\"CAEIAhAA\" data-complete=\"true\" data-processed=\"true\">La cita principal tindr\u00e0 lloc el dissabte\u00a0<strong class=\"Yjhzub\" data-complete=\"true\">11 d\u2019abril de 2026<\/strong>. Tot i que l&#8217;examen \u00e9s a la primavera, el proc\u00e9s comen\u00e7a molt abans:<\/div>\n<ul class=\"KsbFXc U6u95\" data-complete=\"true\" data-processed=\"true\">\n<li data-hveid=\"CAEIAxAA\" data-complete=\"true\" data-sae=\"\"><span class=\"T286Pc\" data-sfc-cp=\"\" data-complete=\"true\"><strong class=\"Yjhzub\" data-complete=\"true\">Inscripci\u00f3:<\/strong>\u00a0El termini oficial per apuntar-se a la convocat\u00f2ria ordin\u00e0ria finalitza el\u00a0<strong class=\"Yjhzub\" data-complete=\"true\">19 de febrer de 2026<\/strong>\u00a0segons el\u00a0<span data-sfc-cp=\"\" data-complete=\"true\"><a class=\"H23r4e\" href=\"https:\/\/universitats.gencat.cat\/ca\/proves-aptitud-personal\/educacio\/\" target=\"_blank\" rel=\"noopener\" data-hveid=\"CAEIAxAB\">Canal Universitats<\/a><\/span>.<\/span><\/li>\n<li data-hveid=\"CAEIAxAC\" data-complete=\"true\" data-sae=\"\"><span class=\"T286Pc\" data-sfc-cp=\"\" data-complete=\"true\"><strong class=\"Yjhzub\" data-complete=\"true\">Consulta de lloc d&#8217;examen:<\/strong>\u00a0Es podr\u00e0 consultar el centre assignat a partir del\u00a0<strong class=\"Yjhzub\" data-complete=\"true\">8 d&#8217;abril<\/strong>.<\/span><\/li>\n<li data-hveid=\"CAEIAxAD\" data-complete=\"true\" data-sae=\"\"><span class=\"T286Pc\" data-sfc-cp=\"\" data-complete=\"true\"><strong class=\"Yjhzub\" data-complete=\"true\">Resultats:<\/strong>\u00a0La publicaci\u00f3 de les notes sol fer-se unes setmanes despr\u00e9s, permetent als aptes continuar amb la preinscripci\u00f3 universit\u00e0ria amb total tranquil\u00b7litat.<\/span><\/li>\n<\/ul>\n<div class=\"Fsg96\" data-sfc-cp=\"\" data-complete=\"true\" data-processed=\"true\"><\/div>\n<div class=\"otQkpb\" role=\"heading\" aria-level=\"3\" data-animation-nesting=\"\" data-sfc-cp=\"\" data-complete=\"true\" data-processed=\"true\" data-sae=\"\"><strong>Estructura i superaci\u00f3<\/strong><\/div>\n<div class=\"Y3BBE\" data-sfc-cp=\"\" data-hveid=\"CAEIBBAA\" data-complete=\"true\" data-processed=\"true\">L\u2019examen es divideix en dues grans \u00e0rees que cal dominar:<\/div>\n<ol class=\"IaGLZe VimKh\" data-complete=\"true\" data-processed=\"true\">\n<li data-hveid=\"CAEIBRAA\" data-complete=\"true\" data-sae=\"\"><span class=\"T286Pc\" data-sfc-cp=\"\" data-complete=\"true\"><strong class=\"Yjhzub\" data-complete=\"true\">Compet\u00e8ncia comunicativa i raonament cr\u00edtic:<\/strong>\u00a0No nom\u00e9s es tracta de no fer faltes, sin\u00f3 de demostrar capacitat de s\u00edntesi, comprensi\u00f3 de textos complexos i coher\u00e8ncia argumentativa.<\/span><\/li>\n<li data-hveid=\"CAEIBRAB\" data-complete=\"true\" data-sae=\"\"><span class=\"T286Pc\" data-sfc-cp=\"\" data-complete=\"true\"><strong class=\"Yjhzub\" data-complete=\"true\">Compet\u00e8ncia logicomatem\u00e0tica:<\/strong>\u00a0Enfocada a la resoluci\u00f3 de problemes quotidians, el raonament num\u00e8ric i la interpretaci\u00f3 estad\u00edstica.<\/span><\/li>\n<\/ol>\n<div class=\"Y3BBE\" data-sfc-cp=\"\" data-hveid=\"CAEIBhAA\" data-complete=\"true\" data-processed=\"true\">Per obtenir el certificat d&#8217;<strong class=\"Yjhzub\" data-complete=\"true\">&#8220;Aptitud&#8221;<\/strong>, la mitjana de les dues proves ha de ser igual o superior a\u00a0<strong class=\"Yjhzub\" data-complete=\"true\">5<\/strong>, amb un m\u00ednim de\u00a0<strong class=\"Yjhzub\" data-complete=\"true\">4<\/strong>\u00a0en cadascuna d&#8217;elles. Un dels grans avantatges de la normativa actual \u00e9s que, un cop aprovades, les PAP tenen\u00a0<strong class=\"Yjhzub\" data-complete=\"true\">validesa indefinida<\/strong>.<\/div>\n<div data-sfc-cp=\"\" data-hveid=\"CAEIBhAA\" data-complete=\"true\" data-processed=\"true\"><\/div>\n<\/div>\n<\/div>\n","protected":false},"excerpt":{"rendered":"<p>Les dates oficials de les\u00a0Proves d&#8217;Acc\u00e9s a la Universitat (PAU) 2026\u00a0a Catalunya, segons el calendari publicat pel\u00a0Canal Universitats de la Generalitat, s\u00f3n les seg\u00fcents: Convocat\u00f2ria Ordin\u00e0ria (Juny) Els ex\u00e0mens es realitzaran els dies: Dimarts 9 de juny\u00a0de 2026. Dimecres 10 de juny\u00a0de 2026. Dijous 11 de juny\u00a0de 2026.\u00a0 Convocat\u00f2ria Extraordin\u00e0ria (Setembre)\u00a0 Dimecres 2, dijous 3 [&hellip;]<\/p>\n","protected":false},"author":1,"featured_media":0,"parent":0,"menu_order":0,"comment_status":"closed","ping_status":"closed","template":"","meta":{"_bbp_topic_count":0,"_bbp_reply_count":0,"_bbp_total_topic_count":0,"_bbp_total_reply_count":0,"_bbp_voice_count":0,"_bbp_anonymous_reply_count":0,"_bbp_topic_count_hidden":0,"_bbp_reply_count_hidden":0,"_bbp_forum_subforum_count":0,"site-sidebar-layout":"default","site-content-layout":"","ast-site-content-layout":"default","site-content-style":"default","site-sidebar-style":"default","ast-global-header-display":"","ast-banner-title-visibility":"","ast-main-header-display":"","ast-hfb-above-header-display":"","ast-hfb-below-header-display":"","ast-hfb-mobile-header-display":"","site-post-title":"","ast-breadcrumbs-content":"","ast-featured-img":"","footer-sml-layout":"","theme-transparent-header-meta":"default","adv-header-id-meta":"","stick-header-meta":"","header-above-stick-meta":"","header-main-stick-meta":"","header-below-stick-meta":"","astra-migrate-meta-layouts":"set","ast-page-background-enabled":"default","ast-page-background-meta":{"desktop":{"background-color":"var(--ast-global-color-4)","background-image":"","background-repeat":"repeat","background-position":"center center","background-size":"auto","background-attachment":"scroll","background-type":"","background-media":"","overlay-type":"","overlay-color":"","overlay-opacity":"","overlay-gradient":""},"tablet":{"background-color":"","background-image":"","background-repeat":"repeat","background-position":"center center","background-size":"auto","background-attachment":"scroll","background-type":"","background-media":"","overlay-type":"","overlay-color":"","overlay-opacity":"","overlay-gradient":""},"mobile":{"background-color":"","background-image":"","background-repeat":"repeat","background-position":"center center","background-size":"auto","background-attachment":"scroll","background-type":"","background-media":"","overlay-type":"","overlay-color":"","overlay-opacity":"","overlay-gradient":""}},"ast-content-background-meta":{"desktop":{"background-color":"var(--ast-global-color-5)","background-image":"","background-repeat":"repeat","background-position":"center center","background-size":"auto","background-attachment":"scroll","background-type":"","background-media":"","overlay-type":"","overlay-color":"","overlay-opacity":"","overlay-gradient":""},"tablet":{"background-color":"var(--ast-global-color-5)","background-image":"","background-repeat":"repeat","background-position":"center center","background-size":"auto","background-attachment":"scroll","background-type":"","background-media":"","overlay-type":"","overlay-color":"","overlay-opacity":"","overlay-gradient":""},"mobile":{"background-color":"var(--ast-global-color-5)","background-image":"","background-repeat":"repeat","background-position":"center center","background-size":"auto","background-attachment":"scroll","background-type":"","background-media":"","overlay-type":"","overlay-color":"","overlay-opacity":"","overlay-gradient":""}},"footnotes":""},"class_list":["post-4916","page","type-page","status-publish","hentry"],"post_mailing_queue_ids":[],"_links":{"self":[{"href":"https:\/\/agora.xtec.cat\/insvilafranca\/wp-json\/wp\/v2\/pages\/4916","targetHints":{"allow":["GET"]}}],"collection":[{"href":"https:\/\/agora.xtec.cat\/insvilafranca\/wp-json\/wp\/v2\/pages"}],"about":[{"href":"https:\/\/agora.xtec.cat\/insvilafranca\/wp-json\/wp\/v2\/types\/page"}],"author":[{"embeddable":true,"href":"https:\/\/agora.xtec.cat\/insvilafranca\/wp-json\/wp\/v2\/users\/1"}],"replies":[{"embeddable":true,"href":"https:\/\/agora.xtec.cat\/insvilafranca\/wp-json\/wp\/v2\/comments?post=4916"}],"version-history":[{"count":6,"href":"https:\/\/agora.xtec.cat\/insvilafranca\/wp-json\/wp\/v2\/pages\/4916\/revisions"}],"predecessor-version":[{"id":9576,"href":"https:\/\/agora.xtec.cat\/insvilafranca\/wp-json\/wp\/v2\/pages\/4916\/revisions\/9576"}],"wp:attachment":[{"href":"https:\/\/agora.xtec.cat\/insvilafranca\/wp-json\/wp\/v2\/media?parent=4916"}],"curies":[{"name":"wp","href":"https:\/\/api.w.org\/{rel}","templated":true}]}}