{"id":4016,"date":"2020-11-04T14:37:36","date_gmt":"2020-11-04T13:37:36","guid":{"rendered":"https:\/\/agora.xtec.cat\/insvilafranca\/?page_id=4016"},"modified":"2025-08-05T08:42:46","modified_gmt":"2025-08-05T06:42:46","slug":"tramits","status":"publish","type":"page","link":"https:\/\/agora.xtec.cat\/insvilafranca\/tramits\/","title":{"rendered":"Tr\u00e0mits"},"content":{"rendered":"<p>Accedeix en l\u00ednia als tr\u00e0mits que pots realitzar des de la secretaria de l&#8217;institut:<\/p>\n<table style=\"border-collapse: collapse; width: 100%;\">\n<tbody>\n<tr>\n<td style=\"width: 50%;\"><a href=\"https:\/\/agora.xtec.cat\/insvilafranca\/sollicituds-titols-eso-i-batxillerat\/\">Tramitaci\u00f3 dels t\u00edtols de Graduat de l&#8217;ESO i de Batxillerat<\/a><\/td>\n<td style=\"width: 50%;\"><\/td>\n<\/tr>\n<\/tbody>\n<\/table>\n<p><strong>CONVALIDACIONS A L&#8217;ESO<\/strong><\/p>\n<table style=\"border-collapse: collapse; width: 100%;\">\n<tbody>\n<tr>\n<td style=\"width: 33.3333%;\">MAT\u00c8RIA<\/td>\n<td style=\"width: 33.3333%;\">SOL\u00b7LICITUD<\/td>\n<td style=\"width: 33.3333%;\">DOCUMENTACI\u00d3 A APORTAR<\/td>\n<\/tr>\n<tr>\n<td style=\"width: 33.3333%;\">m\u00fasica<\/td>\n<td style=\"width: 33.3333%;\"><a href=\"https:\/\/drive.google.com\/file\/d\/1PQFQlZh3BlLU0SeyxKJBDk6TB56otTAg\/view?usp=sharing\" target=\"_blank\" rel=\"noopener\">Sol\u00b7licitud de reducci\u00f3 de mat\u00e8ries de l\u2019educaci\u00f3 secund\u00e0ria obligat\u00f2ria (ESO) per als alumnes que cursen estudis de m\u00fasica en un conservatori o en un centre professional o en una escola de m\u00fasica autoritzada. (model EMU1)<\/a><\/td>\n<td style=\"width: 33.3333%;\">\n<ul>\n<li><a href=\"https:\/\/drive.google.com\/file\/d\/154zhgSeXsCvYtZ_DnBlG_VZq_V_QeKgx\/view?usp=sharing\" target=\"_blank\" rel=\"noopener\">Certificat expedit pel conservatori o pel centre professional de m\u00fasica en qu\u00e8 s\u2019acredita el curs que fa l\u2019alumne\/a (model CMU1)<\/a>.<\/li>\n<li><a href=\"https:\/\/drive.google.com\/file\/d\/17PpQUIoZf-dQKxI0vKIwZhY-ORy9uSjp\/view?usp=sharing\" target=\"_blank\" rel=\"noopener\">Certificat expedit per l\u2019escola de m\u00fasica en qu\u00e8 s\u2019acredita el que fa l&#8217;alumne\/a per al reconeixement dels estudis de m\u00fasica en l&#8217;ESO. (model CMU2)<\/a><\/li>\n<\/ul>\n<\/td>\n<\/tr>\n<tr>\n<td style=\"width: 33.3333%;\">dansa<\/td>\n<td style=\"width: 33.3333%;\"><a href=\"https:\/\/drive.google.com\/file\/d\/1v_H7oRsOt-cvvRbpJ00C93joms6H4hJs\/view?usp=sharing\" target=\"_blank\" rel=\"noopener\">Sol\u00b7licitud de reducci\u00f3 de mat\u00e8ries de l\u2019educaci\u00f3 secund\u00e0ria obligat\u00f2ria (ESO) per als alumnes que cursen estudis de dansa en un conservatori o en un centre professional o en una escola de dansa autoritzada. (model EDA1)<\/a><\/td>\n<td style=\"width: 33.3333%;\">\n<ul>\n<li><a href=\"https:\/\/drive.google.com\/file\/d\/1ie8hVea2ZUDPRtS9Tkfy1gBRbVSGoiye\/view?usp=sharing\" target=\"_blank\" rel=\"noopener\">Certificat expedit pel conservatori o pel centre professional de dansa en qu\u00e8 s\u2019acredita el curs que fa l\u2019alumne\/a (model CDA1)<\/a><\/li>\n<li><a href=\"https:\/\/drive.google.com\/file\/d\/11Vabfy7CwUDDIk3lKQjKXUbvFHiFJjOj\/view?usp=sharing\" target=\"_blank\" rel=\"noopener\">Certificat expedit per l\u2019escola de dansa autoritzada en qu\u00e8 s\u2019acredita el curs i el nombre d\u2019hores de dedicaci\u00f3 setmanal que fa l\u2019alumne\/a per al reconeixement<br \/>\nde la mat\u00e8ria d\u2019educaci\u00f3 f\u00edsica de l\u2019ESO i el batxillerat, i\/o les optatives de l\u2019ESO. (model CDA2)<br \/>\n<\/a><\/li>\n<\/ul>\n<\/td>\n<\/tr>\n<tr>\n<td style=\"width: 33.3333%;\">esport<\/td>\n<td style=\"width: 33.3333%;\"><a href=\"https:\/\/drive.google.com\/file\/d\/1VKapv8BgNZX1PXD-6L0Zi9bvX-6rZHRR\/view?usp=sharing\" target=\"_blank\" rel=\"noopener\">Sol\u00b7licitud de reconeixement de la mat\u00e8ria d\u2019Educaci\u00f3 F\u00edsica de l\u2019educaci\u00f3 secund\u00e0ria obligat\u00f2ria (ESO) als alumnes amb dedicaci\u00f3 significativa a l\u2019esport.<\/a><\/td>\n<\/tr>\n<\/tbody>\n<\/table>\n<p><strong>CONVALIDACIONS AL BATXILLERAT<\/strong><\/p>\n<table style=\"border-collapse: collapse; width: 100%;\">\n<tbody>\n<tr>\n<td style=\"width: 33.3333%;\">m\u00fasica<\/td>\n<td style=\"width: 33.3333%;\">\n<ul>\n<li><a href=\"https:\/\/drive.google.com\/file\/d\/1GkcwhcJHYYMSHZ4r_Hghypv3k2pc1ugI\/view?usp=sharing\" target=\"_blank\" rel=\"noopener\">Sol\u00b7licitud de reducci\u00f3 de mat\u00e8ries de la franja d\u2019optatives de batxillerat basant-se en estudis de m\u00fasica en un conservatori o en un centre professional. (model BMU1)<\/a><\/li>\n<li><a href=\"https:\/\/drive.google.com\/file\/d\/1it5YSMWnsOF75usvALt6XJxX_8imm3ZJ\/view?usp=sharing\" target=\"_blank\" rel=\"noopener\">Sol\u00b7licitud de reducci\u00f3 de mat\u00e8ries de batxillerat basant-se en estudis de m\u00fasica en una escola de m\u00fasica autoritzada. (BMU3)<\/a><\/li>\n<\/ul>\n<\/td>\n<td style=\"width: 33.3333%;\">\n<ul>\n<li><a href=\"https:\/\/drive.google.com\/file\/d\/1sX3Lk_1qZddQrx2bls9oU2zx6_RszP9r\/view?usp=sharing\" target=\"_blank\" rel=\"noopener\">Certificat expedit per l\u2019escola de m\u00fasica autoritzada per tal que l\u2019alumne\/a pugui acollir-se al reconeixement amb reducci\u00f3 de mat\u00e8ries de batxillerat de la franja d\u2019espec\u00edfiques. (CMU 3)<\/a><\/li>\n<li><a href=\"https:\/\/drive.google.com\/file\/d\/172vok31sLTDMYyCdH_1tXtG3TKJGskII\/view?usp=sharing\" target=\"_blank\" rel=\"noopener\">Certificat expedit pel conservatori o pel centre professional de m\u00fasica que acredita el curs que fa l&#8217;alumne\/a. (CMU 1)<\/a><\/li>\n<\/ul>\n<\/td>\n<\/tr>\n<tr>\n<td style=\"width: 33.3333%;\">dansa<\/td>\n<td style=\"width: 33.3333%;\"><a href=\"https:\/\/drive.google.com\/file\/d\/1owLxFGe-B8GCUi11wrSGr0QisuAt8GJe\/view?usp=sharing\" target=\"_blank\" rel=\"noopener\">Sol\u00b7licitud de reducci\u00f3 de mat\u00e8ries de la franja d\u2019optatives i\/o de l\u2019educaci\u00f3 f\u00edsica de batxillerat basant-se en estudis de dansa en un conservatori o en un centre professional. (model BDA1)<\/a><\/p>\n<p>&nbsp;<\/td>\n<td style=\"width: 33.3333%;\">\n<ul>\n<li><a href=\"https:\/\/drive.google.com\/file\/d\/1nJlOEeOwC_dEi23JToLyEeBfivpngV4D\/view?usp=sharing\" target=\"_blank\" rel=\"noopener\">Certificat expedit pel conservatori o pel centre professional de dansa en qu\u00e8 s\u2019acredita el curs que fa l\u2019alumne\/a. (model CDA1)<\/a><\/li>\n<li><a href=\"https:\/\/drive.google.com\/file\/d\/1MupfBfg2uFChF7zs5ZZ6bf9gE8KqkLng\/view?usp=sharing\" target=\"_blank\" rel=\"noopener\">Certificat expedit per l\u2019escola de dansa autoritzada en qu\u00e8 s\u2019acredita el curs i el nombre d\u2019hores de dedicaci\u00f3 setmanal que fa l\u2019alumne\/a per al reconeixement de la mat\u00e8ria d\u2019educaci\u00f3 f\u00edsica de l\u2019ESO i el batxillerat, i\/o les optatives de l\u2019ESO. (model CDA2)<\/a><\/li>\n<li><a href=\"https:\/\/drive.google.com\/file\/d\/1kJkD494nO8kQ9SVoe1DvlylSS9YgEwOg\/view?usp=sharing\" target=\"_blank\" rel=\"noopener\">Certificat expedit per l\u2019escola de dansa autoritzada per tal que l\u2019alumne\/a pugui acollir-se al reconeixement amb reducci\u00f3 de mat\u00e8ries de batxillerat de la franja d\u2019espec\u00edfiques i\/o de l\u2019educaci\u00f3 f\u00edsica. (model CDA3)<\/a><\/li>\n<\/ul>\n<\/td>\n<\/tr>\n<tr>\n<td style=\"width: 33.3333%;\">esport<\/td>\n<td style=\"width: 33.3333%;\">\n<ul>\n<li><a href=\"https:\/\/drive.google.com\/file\/d\/1QKPh5nQf6pbKrMkkElNJYJDdXlt8mNCD\/view?usp=sharing\" target=\"_blank\" rel=\"noopener\">Sol\u00b7licitud de reconeixement de la mat\u00e8ria d\u2019Educaci\u00f3 F\u00edsica del Batxillerat (BATX) als alumnes amb dedicaci\u00f3 significativa a l\u2019esport.<\/a>(\u00e9s necessari aportar el Certificat del <a href=\"http:\/\/sac.gencat.cat\/sacgencat\/AppJava\/organisme_fitxa.jsp?codi=2570\" target=\"_blank\" rel=\"noopener noreferrer noreferrer\" data-saferedirecturl=\"https:\/\/www.google.com\/url?q=http:\/\/sac.gencat.cat\/sacgencat\/AppJava\/organisme_fitxa.jsp?codi%3D2570&amp;source=gmail&amp;ust=1754460055413000&amp;usg=AOvVaw2XYlAHNrM782HOogimsyBl\">Consell Catal\u00e0 de l&#8217;Esport<\/a>. Els alumnes han d&#8217;obtenir aquest certificat quan figurin en el programa de tecnificaci\u00f3 (ARC) de la federaci\u00f3 catalana corresponent.<\/li>\n<li><a href=\"https:\/\/drive.google.com\/file\/d\/1gC286XukpVbj30IOdY5pUBOdvksY7dU1\/view?usp=sharing\" target=\"_blank\" rel=\"noopener\">Sol\u00b7licitud de reducci\u00f3 de mat\u00e8ries de la franja d\u2019espec\u00edfiques i\/o de l\u2019educaci\u00f3 f\u00edsica de batxillerat basant-se en estudis de dansa en una escola de dansa autoritzada. (Model BDA3)<\/a><\/li>\n<\/ul>\n<\/td>\n<\/tr>\n<\/tbody>\n<\/table>\n<p><strong>EXEMPCIONS<\/strong><\/p>\n<table style=\"border-collapse: collapse; width: 100%;\">\n<tbody>\n<tr>\n<td style=\"width: 33.3333%;\"><a href=\"https:\/\/docs.google.com\/document\/d\/1QQjAnbiMtyhQXL1H3zWf3M5DR_aj4S4b\/edit?usp=sharing&amp;ouid=116080910778478137090&amp;rtpof=true&amp;sd=true\" target=\"_blank\" rel=\"noopener\">Normativa exempci\u00f3 de la mat\u00e8ria de Llengua Catalana i Literatura de batxillerat<\/a><\/p>\n<p><a href=\"https:\/\/drive.google.com\/file\/d\/1Bc0jXsjHbO6J_hx2uPlrmlG8LOnkwIXh\/view?usp=sharing\" target=\"_blank\" rel=\"noopener\">Sol\u00b7licitud de l\u2019alumne\/a d\u2019exempci\u00f3 de la qualificaci\u00f3 final de la mat\u00e8ria de Llengua Catalana i Literatura de batxillerat<\/a><\/td>\n<td style=\"width: 33.3333%;\"><a href=\"https:\/\/docs.google.com\/document\/d\/10yFvaRRgJeF462hrJr6S7HMDqoUxHVDC\/edit?usp=sharing&amp;ouid=116080910778478137090&amp;rtpof=true&amp;sd=true\" target=\"_blank\" rel=\"noopener\">Normativa exempci\u00f3 del Treball de Recerca<\/a><\/td>\n<td style=\"width: 33.3333%;\"><a href=\"https:\/\/docs.google.com\/document\/d\/1P_ohcxnYx4u0iaYo_0sJ-XGYZ1mf89n1\/edit?usp=sharing&amp;ouid=116080910778478137090&amp;rtpof=true&amp;sd=true\" target=\"_blank\" rel=\"noopener\">Normativa exempci\u00f3 de mat\u00e8ries per Pla Individualitzat<\/a><\/td>\n<\/tr>\n<\/tbody>\n<\/table>\n<p><strong>CERTIFICACI\u00d3 D&#8217;EQUIVAL\u00c8NCIA DEL NIVELL C DE CATAL\u00c0<\/strong><\/p>\n<table style=\"border-collapse: collapse; width: 100%;\">\n<tbody>\n<tr>\n<td style=\"width: 50%;\"><a href=\"https:\/\/llengua.gencat.cat\/ca\/serveis\/acreditacio_coneixements\/certificats_de_catala\/equivalencies-acreditacions\/\" target=\"_blank\" rel=\"noopener\">Normativa aplicable<\/a><\/td>\n<td style=\"width: 50%;\"><a href=\"https:\/\/documents.espai.educacio.gencat.cat\/FormularisModels\/CentresGestioAdministrativa\/A816.pdf\">Formulari de sol\u00b7licitud de reconeixement de l&#8217;equival\u00e8ncia B2\/C1 de catal\u00e0<\/a><\/td>\n<\/tr>\n<\/tbody>\n<\/table>\n<div><\/div>\n<div><\/div>\n","protected":false},"excerpt":{"rendered":"<p>Accedeix en l\u00ednia als tr\u00e0mits que pots realitzar des de la secretaria de l&#8217;institut: Tramitaci\u00f3 dels t\u00edtols de Graduat de l&#8217;ESO i de Batxillerat CONVALIDACIONS A L&#8217;ESO MAT\u00c8RIA SOL\u00b7LICITUD DOCUMENTACI\u00d3 A APORTAR m\u00fasica Sol\u00b7licitud de reducci\u00f3 de mat\u00e8ries de l\u2019educaci\u00f3 secund\u00e0ria obligat\u00f2ria (ESO) per als alumnes que cursen estudis de m\u00fasica en un conservatori o [&hellip;]<\/p>\n","protected":false},"author":1,"featured_media":0,"parent":0,"menu_order":0,"comment_status":"closed","ping_status":"closed","template":"","meta":{"_bbp_topic_count":0,"_bbp_reply_count":0,"_bbp_total_topic_count":0,"_bbp_total_reply_count":0,"_bbp_voice_count":0,"_bbp_anonymous_reply_count":0,"_bbp_topic_count_hidden":0,"_bbp_reply_count_hidden":0,"_bbp_forum_subforum_count":0,"site-sidebar-layout":"default","site-content-layout":"","ast-site-content-layout":"","site-content-style":"default","site-sidebar-style":"default","ast-global-header-display":"","ast-banner-title-visibility":"","ast-main-header-display":"","ast-hfb-above-header-display":"","ast-hfb-below-header-display":"","ast-hfb-mobile-header-display":"","site-post-title":"","ast-breadcrumbs-content":"","ast-featured-img":"","footer-sml-layout":"","theme-transparent-header-meta":"","adv-header-id-meta":"","stick-header-meta":"","header-above-stick-meta":"","header-main-stick-meta":"","header-below-stick-meta":"","astra-migrate-meta-layouts":"default","ast-page-background-enabled":"default","ast-page-background-meta":{"desktop":{"background-color":"var(--ast-global-color-4)","background-image":"","background-repeat":"repeat","background-position":"center center","background-size":"auto","background-attachment":"scroll","background-type":"","background-media":"","overlay-type":"","overlay-color":"","overlay-opacity":"","overlay-gradient":""},"tablet":{"background-color":"","background-image":"","background-repeat":"repeat","background-position":"center center","background-size":"auto","background-attachment":"scroll","background-type":"","background-media":"","overlay-type":"","overlay-color":"","overlay-opacity":"","overlay-gradient":""},"mobile":{"background-color":"","background-image":"","background-repeat":"repeat","background-position":"center center","background-size":"auto","background-attachment":"scroll","background-type":"","background-media":"","overlay-type":"","overlay-color":"","overlay-opacity":"","overlay-gradient":""}},"ast-content-background-meta":{"desktop":{"background-color":"var(--ast-global-color-5)","background-image":"","background-repeat":"repeat","background-position":"center center","background-size":"auto","background-attachment":"scroll","background-type":"","background-media":"","overlay-type":"","overlay-color":"","overlay-opacity":"","overlay-gradient":""},"tablet":{"background-color":"var(--ast-global-color-5)","background-image":"","background-repeat":"repeat","background-position":"center center","background-size":"auto","background-attachment":"scroll","background-type":"","background-media":"","overlay-type":"","overlay-color":"","overlay-opacity":"","overlay-gradient":""},"mobile":{"background-color":"var(--ast-global-color-5)","background-image":"","background-repeat":"repeat","background-position":"center center","background-size":"auto","background-attachment":"scroll","background-type":"","background-media":"","overlay-type":"","overlay-color":"","overlay-opacity":"","overlay-gradient":""}},"footnotes":""},"class_list":["post-4016","page","type-page","status-publish","hentry"],"post_mailing_queue_ids":[],"_links":{"self":[{"href":"https:\/\/agora.xtec.cat\/insvilafranca\/wp-json\/wp\/v2\/pages\/4016","targetHints":{"allow":["GET"]}}],"collection":[{"href":"https:\/\/agora.xtec.cat\/insvilafranca\/wp-json\/wp\/v2\/pages"}],"about":[{"href":"https:\/\/agora.xtec.cat\/insvilafranca\/wp-json\/wp\/v2\/types\/page"}],"author":[{"embeddable":true,"href":"https:\/\/agora.xtec.cat\/insvilafranca\/wp-json\/wp\/v2\/users\/1"}],"replies":[{"embeddable":true,"href":"https:\/\/agora.xtec.cat\/insvilafranca\/wp-json\/wp\/v2\/comments?post=4016"}],"version-history":[{"count":6,"href":"https:\/\/agora.xtec.cat\/insvilafranca\/wp-json\/wp\/v2\/pages\/4016\/revisions"}],"predecessor-version":[{"id":9177,"href":"https:\/\/agora.xtec.cat\/insvilafranca\/wp-json\/wp\/v2\/pages\/4016\/revisions\/9177"}],"wp:attachment":[{"href":"https:\/\/agora.xtec.cat\/insvilafranca\/wp-json\/wp\/v2\/media?parent=4016"}],"curies":[{"name":"wp","href":"https:\/\/api.w.org\/{rel}","templated":true}]}}