{"id":9737,"date":"2024-04-18T11:29:45","date_gmt":"2024-04-18T09:29:45","guid":{"rendered":"https:\/\/agora.xtec.cat\/insvilafant\/?page_id=9737"},"modified":"2024-07-21T08:18:21","modified_gmt":"2024-07-21T06:18:21","slug":"dies-internacionals","status":"publish","type":"page","link":"https:\/\/agora.xtec.cat\/insvilafant\/dies-internacionals\/","title":{"rendered":"Treballem  els Dies internacionals"},"content":{"rendered":"<p><img loading=\"lazy\" decoding=\"async\" class=\"wp-image-9813 alignleft\" src=\"https:\/\/agora.xtec.cat\/insvilafant\/wp-content\/uploads\/usu195\/2024\/04\/calendari-mundial-e1714026790100.jpg\" alt=\"\" width=\"390\" height=\"356\" srcset=\"https:\/\/agora.xtec.cat\/insvilafant\/wp-content\/uploads\/usu195\/2024\/04\/calendari-mundial-e1714026790100.jpg 800w, https:\/\/agora.xtec.cat\/insvilafant\/wp-content\/uploads\/usu195\/2024\/04\/calendari-mundial-e1714026790100-300x274.jpg 300w, https:\/\/agora.xtec.cat\/insvilafant\/wp-content\/uploads\/usu195\/2024\/04\/calendari-mundial-e1714026790100-768x701.jpg 768w\" sizes=\"auto, (max-width: 390px) 100vw, 390px\" \/>Treballar els<strong> dies internacionals<\/strong> \u00e9s una manera de desenvolupar i avaluar la compet\u00e8ncia ciutadana, una de les compet\u00e8ncies transversals que apareixen al curr\u00edculum de l&#8217;<a href=\"https:\/\/xtec.gencat.cat\/web\/.content\/curriculum\/Competencies_CC.pdf\">Educaci\u00f3 b\u00e0sica<\/a>.<\/p>\n<p>D&#8217;aquesta manera podem relacionar els fets hist\u00f2rics i el present, con\u00e8ixer i superar els estereotips, identificar les limitacions que impedeixen el desenvolupament de la identitat i, sobretot, despertar l&#8217;esperit cr\u00edtic a partir del coneixement de projectes d&#8217;\u00e0mbit social i c\u00edvic.<\/p>\n<p>Els materials que presentem s\u00f3n el producte d&#8217;un treball dut a terme en cursos anteriors reelaborats, amplificats i actualitzats per la professora Anna Tu\u00f1\u00f3n.<\/p>\n<p>Els trobareu a l&#8217;enlla\u00e7 seg\u00fcent <a href=\"https:\/\/sites.google.com\/insvilafant.cat\/dies-internacionals\/p%C3%A0gina-dinici?authuser=0&amp;pli=1\">DIES INTERNACIONALS.<\/a><\/p>\n","protected":false},"excerpt":{"rendered":"<p>Treballar els dies internacionals \u00e9s una manera de desenvolupar i avaluar la compet\u00e8ncia ciutadana, una de les compet\u00e8ncies transversals que apareixen al curr\u00edculum de l&#8217;<a href=\"https:\/\/xtec.gencat.cat\/web\/.content\/curriculum\/Competencies_CC.pdf\">Educaci\u00f3 b\u00e0sica<\/a>.<br \/>\nD&#8217;aquesta manera podem relacionar els fets hist\u00f2rics i el present, con\u00e8ixer i superar els estereotips, identificar les limitacions que&hellip;  <a href=\"https:\/\/agora.xtec.cat\/insvilafant\/dies-internacionals\/\" title=\"Read Treballem  els Dies internacionals\">Llegeix m\u00e9s\u00bb<\/a><\/p>\n","protected":false},"author":1,"featured_media":0,"parent":0,"menu_order":0,"comment_status":"closed","ping_status":"closed","template":"","meta":{"_bbp_topic_count":0,"_bbp_reply_count":0,"_bbp_total_topic_count":0,"_bbp_total_reply_count":0,"_bbp_voice_count":0,"_bbp_anonymous_reply_count":0,"_bbp_topic_count_hidden":0,"_bbp_reply_count_hidden":0,"_bbp_forum_subforum_count":0,"footnotes":""},"class_list":["post-9737","page","type-page","status-publish","hentry"],"post_mailing_queue_ids":[],"_links":{"self":[{"href":"https:\/\/agora.xtec.cat\/insvilafant\/wp-json\/wp\/v2\/pages\/9737","targetHints":{"allow":["GET"]}}],"collection":[{"href":"https:\/\/agora.xtec.cat\/insvilafant\/wp-json\/wp\/v2\/pages"}],"about":[{"href":"https:\/\/agora.xtec.cat\/insvilafant\/wp-json\/wp\/v2\/types\/page"}],"author":[{"embeddable":true,"href":"https:\/\/agora.xtec.cat\/insvilafant\/wp-json\/wp\/v2\/users\/1"}],"replies":[{"embeddable":true,"href":"https:\/\/agora.xtec.cat\/insvilafant\/wp-json\/wp\/v2\/comments?post=9737"}],"version-history":[{"count":6,"href":"https:\/\/agora.xtec.cat\/insvilafant\/wp-json\/wp\/v2\/pages\/9737\/revisions"}],"predecessor-version":[{"id":10110,"href":"https:\/\/agora.xtec.cat\/insvilafant\/wp-json\/wp\/v2\/pages\/9737\/revisions\/10110"}],"wp:attachment":[{"href":"https:\/\/agora.xtec.cat\/insvilafant\/wp-json\/wp\/v2\/media?parent=9737"}],"curies":[{"name":"wp","href":"https:\/\/api.w.org\/{rel}","templated":true}]}}