{"id":8129,"date":"2023-02-09T11:19:31","date_gmt":"2023-02-09T10:19:31","guid":{"rendered":"https:\/\/agora.xtec.cat\/insvilafant\/?page_id=8129"},"modified":"2025-03-17T12:15:48","modified_gmt":"2025-03-17T11:15:48","slug":"3333-2","status":"publish","type":"page","link":"https:\/\/agora.xtec.cat\/insvilafant\/linstitut\/3333-2\/","title":{"rendered":"Carret fotogr\u00e0fic"},"content":{"rendered":"\n<div class=\"wp-block-getwid-images-slider has-arrows-inside has-dots-inside is-carousel has-slides-gap-none has-images-center has-fitted-images has-fixed-height\"><div class=\"wp-block-getwid-images-slider__wrapper\" data-effect=\"slide\" data-slides-show=\"3\" data-slides-show-laptop=\"3\" data-slides-show-tablet=\"3\" data-slides-show-mobile=\"1\" data-slides-scroll=\"1\" data-autoplay=\"false\" data-pause-hover=\"false\" data-autoplay-speed=\"6000\" data-infinite=\"true\" data-animation-speed=\"800\" data-center-mode=\"false\" data-variable-width=\"true\" data-arrows=\"inside\" data-dots=\"inside\" data-spacing=\"none\"><div class=\"wp-block-getwid-images-slider__item\" style=\"height:200px\"><figure><img loading=\"lazy\" decoding=\"async\" width=\"150\" height=\"150\" src=\"https:\/\/agora.xtec.cat\/insvilafant\/wp-content\/uploads\/usu195\/2025\/02\/20250221_123746-1-150x150.jpg\" alt=\"\" data-id=\"10691\" data-link=\"https:\/\/agora.xtec.cat\/insvilafant\/general\/aula-de-tecnologia-al-cicle-formatiu\/attachment\/20250221_123746-1\/\" data-original-link=\"https:\/\/agora.xtec.cat\/insvilafant\/wp-content\/uploads\/usu195\/2025\/02\/20250221_123746-1.jpg\" class=\"wp-block-getwid-images-slider__image wp-image-10691\"\/><\/figure><\/div><div class=\"wp-block-getwid-images-slider__item\" style=\"height:200px\"><figure><img loading=\"lazy\" decoding=\"async\" width=\"150\" height=\"150\" src=\"https:\/\/agora.xtec.cat\/insvilafant\/wp-content\/uploads\/usu195\/2025\/02\/PHOTO-2025-02-12-09-04-19-150x150.jpg\" alt=\"\" data-id=\"10629\" data-link=\"https:\/\/agora.xtec.cat\/insvilafant\/general\/visitem-hb-aesthetics\/attachment\/photo-2025-02-12-09-04-19\/\" data-original-link=\"https:\/\/agora.xtec.cat\/insvilafant\/wp-content\/uploads\/usu195\/2025\/02\/PHOTO-2025-02-12-09-04-19.jpg\" class=\"wp-block-getwid-images-slider__image wp-image-10629\"\/><\/figure><\/div><div class=\"wp-block-getwid-images-slider__item\" style=\"height:200px\"><figure><img loading=\"lazy\" decoding=\"async\" width=\"150\" height=\"150\" src=\"https:\/\/agora.xtec.cat\/insvilafant\/wp-content\/uploads\/usu195\/2025\/02\/20250205_143317-150x150.jpg\" alt=\"\" data-id=\"10615\" data-link=\"https:\/\/agora.xtec.cat\/insvilafant\/general\/reading-club-saving-mythopia\/attachment\/20250205_143317\/\" data-original-link=\"https:\/\/agora.xtec.cat\/insvilafant\/wp-content\/uploads\/usu195\/2025\/02\/20250205_143317.jpg\" class=\"wp-block-getwid-images-slider__image wp-image-10615\"\/><\/figure><\/div><div class=\"wp-block-getwid-images-slider__item\" style=\"height:200px\"><figure><img loading=\"lazy\" decoding=\"async\" width=\"150\" height=\"150\" src=\"https:\/\/agora.xtec.cat\/insvilafant\/wp-content\/uploads\/usu195\/2025\/02\/20250205_141658-150x150.jpg\" alt=\"\" data-id=\"10611\" data-link=\"https:\/\/agora.xtec.cat\/insvilafant\/general\/reading-club-saving-mythopia\/attachment\/20250205_141658\/\" data-original-link=\"https:\/\/agora.xtec.cat\/insvilafant\/wp-content\/uploads\/usu195\/2025\/02\/20250205_141658.jpg\" class=\"wp-block-getwid-images-slider__image wp-image-10611\"\/><\/figure><\/div><div class=\"wp-block-getwid-images-slider__item\" style=\"height:200px\"><figure><img loading=\"lazy\" decoding=\"async\" width=\"150\" height=\"150\" src=\"https:\/\/agora.xtec.cat\/insvilafant\/wp-content\/uploads\/usu195\/2025\/02\/20250206_113925-150x150.jpg\" alt=\"\" data-id=\"10603\" data-link=\"https:\/\/agora.xtec.cat\/insvilafant\/general\/projectes-globalitzadors-a-4t-visitem-radio-vilafant\/attachment\/20250206_113925\/\" data-original-link=\"https:\/\/agora.xtec.cat\/insvilafant\/wp-content\/uploads\/usu195\/2025\/02\/20250206_113925.jpg\" class=\"wp-block-getwid-images-slider__image wp-image-10603\"\/><\/figure><\/div><div class=\"wp-block-getwid-images-slider__item\" style=\"height:200px\"><figure><img loading=\"lazy\" decoding=\"async\" width=\"150\" height=\"150\" src=\"https:\/\/agora.xtec.cat\/insvilafant\/wp-content\/uploads\/usu195\/2025\/02\/IMG_0697-1-150x150.jpg\" alt=\"\" data-id=\"10587\" data-link=\"https:\/\/agora.xtec.cat\/insvilafant\/general\/batxillerat-dual-america\/attachment\/img_0697-1\/\" data-original-link=\"https:\/\/agora.xtec.cat\/insvilafant\/wp-content\/uploads\/usu195\/2025\/02\/IMG_0697-1.jpg\" class=\"wp-block-getwid-images-slider__image wp-image-10587\"\/><\/figure><\/div><div class=\"wp-block-getwid-images-slider__item\" style=\"height:200px\"><figure><img loading=\"lazy\" decoding=\"async\" width=\"150\" height=\"150\" src=\"https:\/\/agora.xtec.cat\/insvilafant\/wp-content\/uploads\/usu195\/2025\/01\/20250127_134149-150x150.jpg\" alt=\"\" data-id=\"10566\" data-link=\"https:\/\/agora.xtec.cat\/insvilafant\/general\/1r-de-bat-homenatge-a-les-victimes-de-la-gc-a-figueres\/attachment\/20250127_134149\/\" data-original-link=\"https:\/\/agora.xtec.cat\/insvilafant\/wp-content\/uploads\/usu195\/2025\/01\/20250127_134149.jpg\" class=\"wp-block-getwid-images-slider__image wp-image-10566\"\/><\/figure><\/div><div class=\"wp-block-getwid-images-slider__item\" style=\"height:200px\"><figure><img loading=\"lazy\" decoding=\"async\" width=\"150\" height=\"150\" src=\"https:\/\/agora.xtec.cat\/insvilafant\/wp-content\/uploads\/usu195\/2025\/01\/DSC01572-150x150.jpg\" alt=\"\" data-id=\"10544\" data-link=\"https:\/\/agora.xtec.cat\/insvilafant\/general\/clam\/attachment\/dsc01572\/\" data-original-link=\"https:\/\/agora.xtec.cat\/insvilafant\/wp-content\/uploads\/usu195\/2025\/01\/DSC01572.jpg\" class=\"wp-block-getwid-images-slider__image wp-image-10544\"\/><\/figure><\/div><div class=\"wp-block-getwid-images-slider__item\" style=\"height:200px\"><figure><img loading=\"lazy\" decoding=\"async\" width=\"150\" height=\"150\" src=\"https:\/\/agora.xtec.cat\/insvilafant\/wp-content\/uploads\/usu195\/2024\/11\/IMG_3739-150x150.jpg\" alt=\"\" data-id=\"10368\" data-link=\"https:\/\/agora.xtec.cat\/insvilafant\/general\/2n-de-batxillerat-visita-la-udg\/attachment\/img_3739\/\" data-original-link=\"https:\/\/agora.xtec.cat\/insvilafant\/wp-content\/uploads\/usu195\/2024\/11\/IMG_3739-e1732434826143.jpg\" class=\"wp-block-getwid-images-slider__image wp-image-10368\"\/><\/figure><\/div><\/div><\/div>\n\n\n<h2><strong><span style=\"color: #ff9900;\">Curs 2024-25<\/span><\/strong><\/h2>\n<table style=\"border-collapse: collapse; width: 100%; height: 184px;\">\n<tbody>\n<tr style=\"height: 46px;\">\n<td style=\"width: 20%; height: 46px;\">\n<h4><a href=\"https:\/\/photos.google.com\/u\/1\/share\/AF1QipN0j_sTcv8XntXPLJBdjJ_vRN46GFUidkzoYXaFCbPFEESyhkieEdsL4XJpoq9AFQ?key=cVBBTjZjLVdHR2lXTl8xMFJfR1NLbnU4Z3NCcXNR\">Mar i Cel, Batxillerat i ESO<\/a><\/h4>\n<\/td>\n<td style=\"width: 20%; height: 46px;\">\n<h4><a href=\"https:\/\/photos.google.com\/u\/1\/share\/AF1QipNBgYMhc0TxlrD-KZSYZbi89ahSUg1SFFVfDl9cShQqyR7eV5ygmfYu4zGI6c9YHA?key=c0hvaUZoM21yVnRKTWd6N2kyZVFSck81TW9sQjRR\">Jornada de Portes obertes a l&#8217;ESO<\/a><\/h4>\n<\/td>\n<td style=\"width: 20%; height: 46px;\">\n<h4><a href=\"https:\/\/photos.google.com\/u\/1\/share\/AF1QipONWDuPJXqs5wFdwHR0OpzievCeQtSoKsGErHD8PcaFCxdVv249BU224WrY6zwx8w?key=ZTh3TkNPYVQyS1Nac3hqU2pNYm94eTUxM2hoTEhR\">1r BATX al CERN<\/a><\/h4>\n<\/td>\n<td style=\"width: 20%; height: 46px;\">\n<h4>\u00a0<a href=\"https:\/\/photos.google.com\/u\/1\/share\/AF1QipODUeG5rgswtD4lKBvtE_hsJl6RszsnZTlLZ4q6W7-nRC3V2-0VW2rSOoyulSwSDQ?key=SkVjMTFPa1hoS05GWndXb2RZVTI3bURGNHJtcDB3\">1r BATX a Alemanya<\/a><\/h4>\n<\/td>\n<td style=\"width: 20%; height: 46px;\">\n<h4>\u00a0<a href=\"https:\/\/photos.google.com\/u\/1\/share\/AF1QipPXULRK3QQ4JnfnGRCjntcy_Y8ne_UWlMUK9d1rgD9zLkdoJOW4qZebS1Q_ctE63A?key=Y0F0MDdvbnFXVmdmWFc4NTBVQ1hHQVZOM1FvczFR\">Esquiada a 2n ESO<\/a><\/h4>\n<\/td>\n<\/tr>\n<tr style=\"height: 46px;\">\n<td style=\"width: 20%; height: 46px;\">\n<h4><a href=\"https:\/\/photos.google.com\/u\/1\/share\/AF1QipMHqAMKiO2qVOGjbtfCv3uyry4DGMtrvlPFOfyDaIzTt1Ius0wma6GgAoxEzpx0qA?key=THVaQlplbVh3NWNzQkJEVVVjS09rUXR6Q1dVMWpB\">Festival de Nadal 2024\u00a0<\/a><\/h4>\n<\/td>\n<td style=\"width: 20%; height: 46px;\">\n<h4>Seguim&#8230;<\/h4>\n<\/td>\n<td style=\"width: 20%; height: 46px;\">\u00a0<\/td>\n<td style=\"width: 20%; height: 46px;\">\u00a0<\/td>\n<td style=\"width: 20%; height: 46px;\">\u00a0<\/td>\n<\/tr>\n<tr style=\"height: 23px;\">\n<td style=\"width: 20%; height: 23px;\">\u00a0<\/td>\n<td style=\"width: 20%; height: 23px;\">\u00a0<\/td>\n<td style=\"width: 20%; height: 23px;\">\u00a0<\/td>\n<td style=\"width: 20%; height: 23px;\">\u00a0<\/td>\n<td style=\"width: 20%; height: 23px;\">\u00a0<\/td>\n<\/tr>\n<tr style=\"height: 23px;\">\n<td style=\"width: 20%; height: 23px;\">\u00a0<\/td>\n<td style=\"width: 20%; height: 23px;\">\u00a0<\/td>\n<td style=\"width: 20%; height: 23px;\">\u00a0<\/td>\n<td style=\"width: 20%; height: 23px;\">\u00a0<\/td>\n<td style=\"width: 20%; height: 23px;\">\u00a0<\/td>\n<\/tr>\n<tr style=\"height: 23px;\">\n<td style=\"width: 20%; height: 23px;\">\u00a0<\/td>\n<td style=\"width: 20%; height: 23px;\">\u00a0<\/td>\n<td style=\"width: 20%; height: 23px;\">\u00a0<\/td>\n<td style=\"width: 20%; height: 23px;\">\u00a0<\/td>\n<td style=\"width: 20%; height: 23px;\">\u00a0<\/td>\n<\/tr>\n<tr style=\"height: 23px;\">\n<td style=\"width: 20%; height: 23px;\">\u00a0<\/td>\n<td style=\"width: 20%; height: 23px;\">\u00a0<\/td>\n<td style=\"width: 20%; height: 23px;\">\u00a0<\/td>\n<td style=\"width: 20%; height: 23px;\">\u00a0<\/td>\n<td style=\"width: 20%; height: 23px;\">\u00a0<\/td>\n<\/tr>\n<\/tbody>\n<\/table>\n<h2><strong><span style=\"color: #ff9900;\">Curs 2023-24<\/span><\/strong><\/h2>\n<table style=\"border-collapse: collapse; width: 100%;\">\n<tbody>\n<tr>\n<td style=\"width: 20%;\">\n<h4>Viatge a It\u00e0lia 4t ESO <a href=\"https:\/\/photos.app.goo.gl\/Dm7DYHkPjbbaguPn7\">dia 1<\/a>, <a href=\"https:\/\/photos.app.goo.gl\/1cAahkg9ff7RXcxG6\">dia 2<\/a>,<a href=\"https:\/\/photos.app.goo.gl\/ozHMYrV8B9QtqTHw7\"> dia 3<\/a>, <a href=\"https:\/\/photos.app.goo.gl\/zM1Ceqs6jEFK3ize9\">dia 4<\/a><\/h4>\n<\/td>\n<td style=\"width: 20%;\">\n<h4><a href=\"https:\/\/photos.app.goo.gl\/rK32FpSdKctFAET67\">Copa Cangur 2024<\/a><\/h4>\n<\/td>\n<td style=\"width: 20%;\">\n<h4><a href=\"https:\/\/photos.app.goo.gl\/JSTPJJZuKDuzAkAC9\">Fronteres al cor \u00b7 Projecte 4t ESO \u00b7 Socials<\/a><\/h4>\n<\/td>\n<td style=\"width: 20%;\">\n<h4><a href=\"https:\/\/photos.app.goo.gl\/DQfswrKhQyBSwfSDA\">CFGM Sal\u00f3 dels oficis<\/a><\/h4>\n<\/td>\n<td style=\"width: 20%;\">\n<h4><a href=\"https:\/\/photos.app.goo.gl\/xnuRKCPGpaV6qdaz5\">Projecte &#8220;Un mat\u00ed a la r\u00e0dio&#8221; 4tESO<\/a><\/h4>\n<\/td>\n<\/tr>\n<tr>\n<td style=\"width: 20%;\">\n<h4><a href=\"https:\/\/photos.app.goo.gl\/Ptm8FDCWYPikH7LQ6\">2 BATX a Praga<\/a><\/h4>\n<\/td>\n<td style=\"width: 20%;\">\n<h4><a href=\"https:\/\/photos.app.goo.gl\/trAThYG8LT2zwVRu7\">Servei comunitari 3rESO Donaci\u00f3 de sang<\/a><\/h4>\n<\/td>\n<td style=\"width: 20%;\">\n<h4><a href=\"https:\/\/photos.app.goo.gl\/NeNVoX5hfiFSUV3d7\">Servei comunitari 3r ESO Gran Recapte<\/a><\/h4>\n<\/td>\n<td style=\"width: 20%;\">\n<h4><a href=\"https:\/\/photos.app.goo.gl\/RnLA83C9F7icWXT66\">Projecte Servei catal\u00e0 de tr\u00e0nsit 4tESO<\/a><\/h4>\n<\/td>\n<td style=\"width: 20%;\">\n<h4><a href=\"https:\/\/photos.app.goo.gl\/zKA7mpM9qAG1uZCC9\">Representaci\u00f3 de l&#8217;ADN 4t ESO Optativa Biologia<\/a><\/h4>\n<\/td>\n<\/tr>\n<tr>\n<td style=\"width: 20%;\">\n<h4><a href=\"https:\/\/photos.app.goo.gl\/2HSHXwXnWx2fTxLR6\">1r BATX Alem\u00e0nia<\/a><\/h4>\n<\/td>\n<td style=\"width: 20%;\">\n<h4><a href=\"https:\/\/photos.app.goo.gl\/qYZ7RGF3n8spyGGCA\">1r BATX al CERN<\/a><\/h4>\n<\/td>\n<td style=\"width: 20%;\">\n<h4><a href=\"https:\/\/photos.app.goo.gl\/jPBAqt5Xyq4DywPU8\">Jornada de portes obertes ESO<\/a><\/h4>\n<\/td>\n<td style=\"width: 20%;\">\n<h4><a href=\"https:\/\/photos.app.goo.gl\/bar8HUEDesPLJ5ME9\">4t ESO Argelers-Elna<\/a><\/h4>\n<\/td>\n<td style=\"width: 20%;\">\n<h4><a href=\"https:\/\/photos.app.goo.gl\/CLWqJanpi1BgQAoa9\">Projecte 1r ESO Menja&#8217;t un Vilafant<\/a><\/h4>\n<\/td>\n<\/tr>\n<tr>\n<td style=\"width: 20%;\">\n<h4><a href=\"https:\/\/photos.app.goo.gl\/nwrg7x6KcTUxp2zdA\">Projecte 2n ESO Talents<\/a><\/h4>\n<\/td>\n<td style=\"width: 20%;\">\n<h4><a href=\"https:\/\/photos.app.goo.gl\/i9TMwzTUdTAduwCK9\">Projecte 3r ESO <em>Dali The Influencer<\/em><\/a><\/h4>\n<\/td>\n<td style=\"width: 20%;\">\n<h4><a href=\"https:\/\/photos.app.goo.gl\/QFSByfWk73i2cpH77\">Projecte 4t ESO NETFUN<\/a><\/h4>\n<\/td>\n<td style=\"width: 20%;\">\n<h4><a href=\"https:\/\/photos.app.goo.gl\/Yk8cQjDMaW2YBUNc9\">La Castanyada<\/a><\/h4>\n<\/td>\n<td style=\"width: 20%;\">\n<h4><a href=\"https:\/\/photos.app.goo.gl\/RPMGVHGwKcEMRDXS9\">Festival de Nadal<\/a><\/h4>\n<\/td>\n<\/tr>\n<tr>\n<td style=\"width: 20%;\">\n<h4><a href=\"https:\/\/photos.app.goo.gl\/cvw4BJXpBPWfXLJs5\">Padrins i fillols 1r i 2n d&#8217;ESO<\/a><\/h4>\n<\/td>\n<td style=\"width: 20%;\">\u00a0<\/td>\n<td style=\"width: 20%;\">\u00a0<\/td>\n<td style=\"width: 20%;\">\u00a0<\/td>\n<td style=\"width: 20%;\">\u00a0<\/td>\n<\/tr>\n<\/tbody>\n<\/table>\n<h2>\u00a0<\/h2>\n<h2><span style=\"color: #ff9900;\"><strong>Curs 2022-2023<\/strong><\/span><\/h2>\n<table style=\"border-collapse: collapse; width: 100%;\">\n<tbody>\n<tr>\n<td style=\"width: 20%;\">\n<ul>\n<li>\n<h3><a style=\"font-family: inherit; font-size: 1em;\" href=\"https:\/\/photos.app.goo.gl\/ordzjA6EKuzR81Kw7\">Esquiada \u00b7 2n ESO<\/a><\/h3>\n<\/li>\n<\/ul>\n<\/td>\n<td style=\"width: 20%;\">\n<ul>\n<li>\n<h3><a href=\"https:\/\/photos.app.goo.gl\/WEabKafqdiLVgPAf9\">Cant\u00e0bria 4t ESO\u00a0<\/a><\/h3>\n<\/li>\n<\/ul>\n<\/td>\n<td style=\"width: 20%;\">\n<ul>\n<li>\n<h3><a href=\"https:\/\/photos.app.goo.gl\/SeF4srSs6kYgDNLg9\">Graduaci\u00f3 4t ESO<\/a><\/h3>\n<\/li>\n<\/ul>\n<\/td>\n<td style=\"width: 20%;\">\n<ul>\n<li>\n<h3><a href=\"https:\/\/photos.app.goo.gl\/TYiXys1nRDnvvuBB6\">Projectes 3r trimestre 2023<\/a><\/h3>\n<\/li>\n<\/ul>\n<\/td>\n<td style=\"width: 20%;\">\n<ul>\n<li>\n<h3><a href=\"https:\/\/photos.app.goo.gl\/jvRGvRbRs1DZdVJD9\">Copa Cangur 2023<\/a><\/h3>\n<\/li>\n<\/ul>\n<\/td>\n<\/tr>\n<tr>\n<td style=\"width: 20%;\">\n<ul>\n<li>\n<h3><a href=\"https:\/\/photos.app.goo.gl\/s479yCdY3WmpxAe9A\">Olimp\u00edada de Geografia \u00b7 Batxillerat 2023<\/a><\/h3>\n<\/li>\n<\/ul>\n<\/td>\n<td style=\"width: 20%;\">\n<ul>\n<li>\n<h3><a href=\"https:\/\/photos.app.goo.gl\/3SLtrKkti5crd9gp6\">Carnestoltes 2023<\/a><\/h3>\n<\/li>\n<\/ul>\n<\/td>\n<td style=\"width: 20%;\">\n<ul>\n<li>\n<h3><a href=\"https:\/\/photos.app.goo.gl\/DvS3ssoC9jPWFYxz6\">Polit\u00e8nica \u00b7 Batxillerat C-T\u00a0<\/a><\/h3>\n<\/li>\n<\/ul>\n<\/td>\n<td style=\"width: 20%;\">\n<ul>\n<li>\n<h3><a href=\"https:\/\/photos.app.goo.gl\/8G7keYJwjWH7n5eZ8\">Intercanvi C\u00e9ret-Torroella-Vilafant \u00b7 CF<\/a><\/h3>\n<\/li>\n<\/ul>\n<\/td>\n<td style=\"width: 20%;\">\n<ul>\n<li>\n<h3><a href=\"https:\/\/photos.app.goo.gl\/zdTygqL5KiLUMFHr6\">Festival de Nadal 2022<\/a><\/h3>\n<\/li>\n<\/ul>\n<\/td>\n<\/tr>\n<tr>\n<td style=\"width: 20%;\">\n<ul>\n<li>\n<h3><a href=\"https:\/\/photos.app.goo.gl\/fbfz1xN22NiUTT197\">Montju\u00efc i Col\u00f2nia G\u00fcell \u00b7 3r ESO<\/a><\/h3>\n<\/li>\n<\/ul>\n<\/td>\n<td style=\"width: 20%;\">\n<ul>\n<li>\n<h3><a href=\"https:\/\/photos.app.goo.gl\/hHW8Tk3sncPKyit17\">Postals de Nadal 2022<\/a><\/h3>\n<\/li>\n<\/ul>\n<\/td>\n<td style=\"width: 20%;\">\n<ul>\n<li>\n<h3><a href=\"https:\/\/photos.app.goo.gl\/KxQz6ffTbTncVRKx6\">Parc de la Draga \u00b7 1r ESO<\/a><\/h3>\n<\/li>\n<\/ul>\n<\/td>\n<td style=\"width: 20%;\">\n<ul>\n<li>\n<h3><a href=\"https:\/\/photos.app.goo.gl\/CSuTXNg6v5X8E5wB6\">Premis Bonaplata 2022<\/a><\/h3>\n<\/li>\n<\/ul>\n<\/td>\n<td style=\"width: 20%;\">\n<ul>\n<li>\n<h3><a href=\"https:\/\/photos.app.goo.gl\/brGJAKBCfXZjDoEF8\">Exposici\u00f3 Dissidents 2022<\/a><\/h3>\n<\/li>\n<\/ul>\n<\/td>\n<\/tr>\n<tr>\n<td style=\"width: 20%;\">\n<ul>\n<li>\n<h3><a href=\"https:\/\/photos.app.goo.gl\/HrDTjJUwLB8wSyMY8\">Sortida de conviv\u00e8ncia \u00b7 1r ESO<\/a><\/h3>\n<\/li>\n<\/ul>\n<\/td>\n<td style=\"width: 20%;\">\n<ul>\n<li>\n<h3><a href=\"https:\/\/photos.app.goo.gl\/CPJ5o9FPcrrrZYPB7\">Padrins i fillols \u00b7 1r i 2n ESO<\/a><\/h3>\n<\/li>\n<\/ul>\n<\/td>\n<td style=\"width: 20%;\">\u00a0<\/td>\n<td style=\"width: 20%;\">\u00a0<\/td>\n<td style=\"width: 20%;\">\u00a0<\/td>\n<\/tr>\n<\/tbody>\n<\/table>","protected":false},"excerpt":{"rendered":"<p>Curs 2024-25<\/p>\n<p><a href=\"https:\/\/photos.google.com\/u\/1\/share\/AF1QipN0j_sTcv8XntXPLJBdjJ_vRN46GFUidkzoYXaFCbPFEESyhkieEdsL4XJpoq9AFQ?key=cVBBTjZjLVdHR2lXTl8xMFJfR1NLbnU4Z3NCcXNR\">Mar i Cel, Batxillerat i ESO<\/a><\/p>\n<p><a href=\"https:\/\/photos.google.com\/u\/1\/share\/AF1QipNBgYMhc0TxlrD-KZSYZbi89ahSUg1SFFVfDl9cShQqyR7eV5ygmfYu4zGI6c9YHA?key=c0hvaUZoM21yVnRKTWd6N2kyZVFSck81TW9sQjRR\">Jornada de Portes obertes a l&#8217;ESO<\/a><\/p>\n<p><a href=\"https:\/\/photos.google.com\/u\/1\/share\/AF1QipONWDuPJXqs5wFdwHR0OpzievCeQtSoKsGErHD8PcaFCxdVv249BU224WrY6zwx8w?key=ZTh3TkNPYVQyS1Nac3hqU2pNYm94eTUxM2hoTEhR\">1r BATX al CERN<\/a><\/p>\n<p>\u00a0<a href=\"https:\/\/photos.google.com\/u\/1\/share\/AF1QipODUeG5rgswtD4lKBvtE_hsJl6RszsnZTlLZ4q6W7-nRC3V2-0VW2rSOoyulSwSDQ?key=SkVjMTFPa1hoS05GWndXb2RZVTI3bURGNHJtcDB3\">1r BATX a Alemanya<\/a><\/p>\n<p>\u00a0<a href=\"https:\/\/photos.google.com\/u\/1\/share\/AF1QipPXULRK3QQ4JnfnGRCjntcy_Y8ne_UWlMUK9d1rgD9zLkdoJOW4qZebS1Q_ctE63A?key=Y0F0MDdvbnFXVmdmWFc4NTBVQ1hHQVZOM1FvczFR\">Esquiada a 2n ESO<\/a><\/p>\n<p><a href=\"https:\/\/photos.google.com\/u\/1\/share\/AF1QipMHqAMKiO2qVOGjbtfCv3uyry4DGMtrvlPFOfyDaIzTt1Ius0wma6GgAoxEzpx0qA?key=THVaQlplbVh3NWNzQkJEVVVjS09rUXR6Q1dVMWpB\">Festival de Nadal 2024\u00a0<\/a><\/p>\n<p>Seguim&#8230;<\/p>\n<p>\u00a0<br \/>\n\u00a0<br \/>\n\u00a0<\/p>\n<p>\u00a0<br \/>\n\u00a0<br \/>\n\u00a0<br \/>\n\u00a0<br \/>\n\u00a0<\/p>\n<p>\u00a0<br \/>\n\u00a0<br \/>\n\u00a0<br \/>\n\u00a0<br \/>\n\u00a0<\/p>\n<p>\u00a0<br \/>\n\u00a0<br \/>\n\u00a0<br \/>\n\u00a0<br \/>\n\u00a0<\/p>\n<p>\u00a0<br \/>\n\u00a0<br \/>\n\u00a0<br \/>\n\u00a0<br \/>\n\u00a0<\/p>\n<p>Curs 2023-24<\/p>\n<p>Viatge a It\u00e0lia 4t ESO <a href=\"https:\/\/photos.app.goo.gl\/Dm7DYHkPjbbaguPn7\">dia 1<\/a>, <a href=\"https:\/\/photos.app.goo.gl\/1cAahkg9ff7RXcxG6\">dia 2<\/a>,<a href=\"https:\/\/photos.app.goo.gl\/ozHMYrV8B9QtqTHw7\"> dia 3<\/a>, <a&hellip;  <a href=\"https:\/\/agora.xtec.cat\/insvilafant\/linstitut\/3333-2\/\" title=\"Read Carret fotogr\u00e0fic\">Llegeix m\u00e9s\u00bb<\/a><\/p>\n","protected":false},"author":1,"featured_media":0,"parent":19,"menu_order":100,"comment_status":"closed","ping_status":"closed","template":"page-templates\/side-menu.php","meta":{"_bbp_topic_count":0,"_bbp_reply_count":0,"_bbp_total_topic_count":0,"_bbp_total_reply_count":0,"_bbp_voice_count":0,"_bbp_anonymous_reply_count":0,"_bbp_topic_count_hidden":0,"_bbp_reply_count_hidden":0,"_bbp_forum_subforum_count":0,"footnotes":""},"class_list":["post-8129","page","type-page","status-publish","hentry"],"post_mailing_queue_ids":[],"_links":{"self":[{"href":"https:\/\/agora.xtec.cat\/insvilafant\/wp-json\/wp\/v2\/pages\/8129","targetHints":{"allow":["GET"]}}],"collection":[{"href":"https:\/\/agora.xtec.cat\/insvilafant\/wp-json\/wp\/v2\/pages"}],"about":[{"href":"https:\/\/agora.xtec.cat\/insvilafant\/wp-json\/wp\/v2\/types\/page"}],"author":[{"embeddable":true,"href":"https:\/\/agora.xtec.cat\/insvilafant\/wp-json\/wp\/v2\/users\/1"}],"replies":[{"embeddable":true,"href":"https:\/\/agora.xtec.cat\/insvilafant\/wp-json\/wp\/v2\/comments?post=8129"}],"version-history":[{"count":6,"href":"https:\/\/agora.xtec.cat\/insvilafant\/wp-json\/wp\/v2\/pages\/8129\/revisions"}],"predecessor-version":[{"id":10754,"href":"https:\/\/agora.xtec.cat\/insvilafant\/wp-json\/wp\/v2\/pages\/8129\/revisions\/10754"}],"up":[{"embeddable":true,"href":"https:\/\/agora.xtec.cat\/insvilafant\/wp-json\/wp\/v2\/pages\/19"}],"wp:attachment":[{"href":"https:\/\/agora.xtec.cat\/insvilafant\/wp-json\/wp\/v2\/media?parent=8129"}],"curies":[{"name":"wp","href":"https:\/\/api.w.org\/{rel}","templated":true}]}}