{"id":677,"date":"2016-06-02T16:12:56","date_gmt":"2016-06-02T15:12:56","guid":{"rendered":"http:\/\/agora.xtec.cat\/insvilafant\/?page_id=677"},"modified":"2025-06-30T11:01:44","modified_gmt":"2025-06-30T09:01:44","slug":"tasques-destiu","status":"publish","type":"page","link":"https:\/\/agora.xtec.cat\/insvilafant\/alumnes\/tasques-destiu\/","title":{"rendered":"Tasques d&#8217;estiu ESO i 1BAT 2025"},"content":{"rendered":"<ul>\n<li><a href=\"https:\/\/drive.google.com\/drive\/folders\/1dZ16RWQFd_GEKn9u493noeur8_FvJo_F?usp=sharing\"><span style=\"font-size: medium;\">Enlla\u00e7 a les tasques d&#8217;estiu<\/span><\/a><\/li>\n<li><span style=\"font-size: medium;\">Dirigit a l&#8217;alumnat que aquest any han cursat <strong>6\u00e8, 1r d&#8217;ESO, 2n d&#8217;ESO, 3r d&#8217;ESO, 4t d&#8217;ESO i 1r de Batxillerat.<\/strong><br \/>\n<\/span><\/li>\n<li><span style=\"font-size: medium;\">Les tasques corresponen b\u00e0sicament a les mat\u00e8ries: <strong>Catal\u00e0, Castell\u00e0, Angl\u00e8s, Matem\u00e0tiques, Socials i\/o Naturals.<\/strong><\/span><\/li>\n<li><span style=\"font-size: medium;\">La feina s&#8217;haur\u00e0 d&#8217;entregar el primer dia de curs al professorat de la mat\u00e8ria corresponent.<\/span><\/li>\n<li><span style=\"font-size: medium;\">L&#8217;avaluaci\u00f3 d&#8217;aquestes tasques es comptabilitzar\u00e0 dins el 1r trimestre.<\/span><\/li>\n<\/ul>\n<p><a href=\"https:\/\/agora.xtec.cat\/insvilafant\/wp-content\/uploads\/usu195\/2022\/06\/5d1e417c727c9.jpg\"><img loading=\"lazy\" decoding=\"async\" class=\"wp-image-7284 aligncenter\" src=\"https:\/\/agora.xtec.cat\/insvilafant\/wp-content\/uploads\/usu195\/2022\/06\/5d1e417c727c9.jpg\" alt=\"\" width=\"506\" height=\"341\" srcset=\"https:\/\/agora.xtec.cat\/insvilafant\/wp-content\/uploads\/usu195\/2022\/06\/5d1e417c727c9.jpg 751w, https:\/\/agora.xtec.cat\/insvilafant\/wp-content\/uploads\/usu195\/2022\/06\/5d1e417c727c9-300x202.jpg 300w\" sizes=\"auto, (max-width: 506px) 100vw, 506px\" \/>\u00a0<\/a><\/p>\n","protected":false},"excerpt":{"rendered":"<ul>\n<li><a href=\"https:\/\/drive.google.com\/drive\/folders\/1dZ16RWQFd_GEKn9u493noeur8_FvJo_F?usp=sharing\">Enlla\u00e7 a les tasques d&#8217;estiu<\/a><\/li>\n<li>Dirigit a l&#8217;alumnat que aquest any han cursat 6\u00e8, 1r d&#8217;ESO, 2n d&#8217;ESO, 3r d&#8217;ESO, 4t d&#8217;ESO i 1r de Batxillerat.\n<\/li>\n<li>Les tasques corresponen b\u00e0sicament a les mat\u00e8ries: Catal\u00e0, Castell\u00e0, Angl\u00e8s, Matem\u00e0tiques, Socials i\/o Naturals.<\/li>\n<li>La feina s&#8217;haur\u00e0 d&#8217;entregar el primer dia&hellip;  <a href=\"https:\/\/agora.xtec.cat\/insvilafant\/alumnes\/tasques-destiu\/\" title=\"Read Tasques d&#8217;estiu ESO i 1BAT 2025\">Llegeix m\u00e9s\u00bb<\/a><br \/>\n","protected":false},"author":1,"featured_media":0,"parent":5142,"menu_order":10,"comment_status":"closed","ping_status":"closed","template":"page-templates\/side-menu.php","meta":{"_bbp_topic_count":0,"_bbp_reply_count":0,"_bbp_total_topic_count":0,"_bbp_total_reply_count":0,"_bbp_voice_count":0,"_bbp_anonymous_reply_count":0,"_bbp_topic_count_hidden":0,"_bbp_reply_count_hidden":0,"_bbp_forum_subforum_count":0,"footnotes":""},"class_list":["post-677","page","type-page","status-publish","hentry"],"post_mailing_queue_ids":[],"_links":{"self":[{"href":"https:\/\/agora.xtec.cat\/insvilafant\/wp-json\/wp\/v2\/pages\/677","targetHints":{"allow":["GET"]}}],"collection":[{"href":"https:\/\/agora.xtec.cat\/insvilafant\/wp-json\/wp\/v2\/pages"}],"about":[{"href":"https:\/\/agora.xtec.cat\/insvilafant\/wp-json\/wp\/v2\/types\/page"}],"author":[{"embeddable":true,"href":"https:\/\/agora.xtec.cat\/insvilafant\/wp-json\/wp\/v2\/users\/1"}],"replies":[{"embeddable":true,"href":"https:\/\/agora.xtec.cat\/insvilafant\/wp-json\/wp\/v2\/comments?post=677"}],"version-history":[{"count":6,"href":"https:\/\/agora.xtec.cat\/insvilafant\/wp-json\/wp\/v2\/pages\/677\/revisions"}],"predecessor-version":[{"id":11125,"href":"https:\/\/agora.xtec.cat\/insvilafant\/wp-json\/wp\/v2\/pages\/677\/revisions\/11125"}],"up":[{"embeddable":true,"href":"https:\/\/agora.xtec.cat\/insvilafant\/wp-json\/wp\/v2\/pages\/5142"}],"wp:attachment":[{"href":"https:\/\/agora.xtec.cat\/insvilafant\/wp-json\/wp\/v2\/media?parent=677"}],"curies":[{"name":"wp","href":"https:\/\/api.w.org\/{rel}","templated":true}]}}