{"id":5208,"date":"2019-11-30T11:09:56","date_gmt":"2019-11-30T10:09:56","guid":{"rendered":"https:\/\/agora.xtec.cat\/insvilafant\/?page_id=5208"},"modified":"2023-07-06T19:15:21","modified_gmt":"2023-07-06T17:15:21","slug":"english-corner-vilafant","status":"publish","type":"page","link":"https:\/\/agora.xtec.cat\/insvilafant\/projecte-educatiu\/projectes\/english-corner-vilafant\/","title":{"rendered":"English Corner Vilafant"},"content":{"rendered":"<p dir=\"ltr\" style=\"text-align: justify;\"><strong>English Corner Institut<\/strong> \u00e9s un projecte col.laboratiu entre diferents administracions i els centres d&#8217;educaci\u00f3 secund\u00e0ria obligat\u00f2ria de la ciutat de <strong>Figueres i Vilafant<\/strong>.<\/p>\n<p dir=\"ltr\" style=\"text-align: justify;\">Aquest projecte intenta donar resposta, entre altres objectius, a l&#8217;eix 2 del Pla de Govern de la Generalitat de Catalunya 2013-2017, pel que fa al principi de FER DE CADA CENTRE UN CENTRE DE QUALITAT, prioritzant l&#8217;aprenentatge de les compet\u00e8ncies b\u00e0siques. Punt 3 <i>&#8220;Potenciar el domini de la llengua anglesa en tot el sistema educatiu, en especial en la compet\u00e8ncia oral&#8221;.\u00a0 <\/i><\/p>\n<p style=\"text-align: justify;\">Aquesta l\u00ednia de treball t\u00e9 la intenci\u00f3 de reduir les difer\u00e8ncies entre l&#8217;alumnat treballant per l&#8217;equitat i la igualtat d&#8217;oportunitats, en aquest cas amb l&#8217;impuls de les lleng\u00fces estrangeres.\u00a0<i><br \/>\n<\/i><\/p>\n<p style=\"text-align: justify;\">Amb aquest projecte s&#8217;incorpora la figura d&#8217;un\/a <strong>auxiliar de conversa<\/strong> a les aules dels diferents instituts de la comarca.<\/p>\n<p style=\"text-align: justify;\"><strong>Objectius:<\/strong><\/p>\n<p>1- Potenciar el domini de la llengua anglesa en tot el sistema educatiu, en especial en la compet\u00e8ncia oral<\/p>\n<p>2- Fomentar l&#8217;equitat, l&#8217;\u00e8xit educatiu i la igualtat d&#8217;oportunitats a partir de l&#8217;aprenentatge de les lleng\u00fces estangeres<\/p>\n<p>3- Ajudar a l&#8217;alumnat a assolir el nivel B2 d&#8217;angl\u00e8s en finalitzar l&#8217;etapa d&#8217;ESO, tal i com assenyala el <em>Common European Framework of Reference for Languages: Learning Teaching Assessment (CEFRL).<\/em><\/p>\n<p><strong>Centres participants:<\/strong><\/p>\n<ul>\n<li><b>INS de Vilafant, Escola Les M\u00e8lies i Escola Sol i Vent, de Vilafant <\/b>(des del<strong> curs 2018-19<\/strong>).<\/li>\n<li>INS Cendrassos, INS Olivar Gran, INS Alexandre Deulofeu, INS Narc\u00eds Monturiol i INS Ramon Muntaner, de Figueres.<\/li>\n<\/ul>\n","protected":false},"excerpt":{"rendered":"<p>English Corner Institut \u00e9s un projecte col.laboratiu entre diferents administracions i els centres d&#8217;educaci\u00f3 secund\u00e0ria obligat\u00f2ria de la ciutat de Figueres i Vilafant.<br \/>\nAquest projecte intenta donar resposta, entre altres objectius, a l&#8217;eix 2 del Pla de Govern de la Generalitat de Catalunya 2013-2017, pel que&hellip;  <a href=\"https:\/\/agora.xtec.cat\/insvilafant\/projecte-educatiu\/projectes\/english-corner-vilafant\/\" title=\"Read English Corner Vilafant\">Llegeix m\u00e9s\u00bb<\/a><\/p>\n","protected":false},"author":1,"featured_media":0,"parent":4963,"menu_order":55,"comment_status":"closed","ping_status":"closed","template":"page-templates\/side-menu.php","meta":{"_bbp_topic_count":0,"_bbp_reply_count":0,"_bbp_total_topic_count":0,"_bbp_total_reply_count":0,"_bbp_voice_count":0,"_bbp_anonymous_reply_count":0,"_bbp_topic_count_hidden":0,"_bbp_reply_count_hidden":0,"_bbp_forum_subforum_count":0,"footnotes":""},"class_list":["post-5208","page","type-page","status-publish","hentry"],"post_mailing_queue_ids":[],"_links":{"self":[{"href":"https:\/\/agora.xtec.cat\/insvilafant\/wp-json\/wp\/v2\/pages\/5208","targetHints":{"allow":["GET"]}}],"collection":[{"href":"https:\/\/agora.xtec.cat\/insvilafant\/wp-json\/wp\/v2\/pages"}],"about":[{"href":"https:\/\/agora.xtec.cat\/insvilafant\/wp-json\/wp\/v2\/types\/page"}],"author":[{"embeddable":true,"href":"https:\/\/agora.xtec.cat\/insvilafant\/wp-json\/wp\/v2\/users\/1"}],"replies":[{"embeddable":true,"href":"https:\/\/agora.xtec.cat\/insvilafant\/wp-json\/wp\/v2\/comments?post=5208"}],"version-history":[{"count":4,"href":"https:\/\/agora.xtec.cat\/insvilafant\/wp-json\/wp\/v2\/pages\/5208\/revisions"}],"predecessor-version":[{"id":5746,"href":"https:\/\/agora.xtec.cat\/insvilafant\/wp-json\/wp\/v2\/pages\/5208\/revisions\/5746"}],"up":[{"embeddable":true,"href":"https:\/\/agora.xtec.cat\/insvilafant\/wp-json\/wp\/v2\/pages\/4963"}],"wp:attachment":[{"href":"https:\/\/agora.xtec.cat\/insvilafant\/wp-json\/wp\/v2\/media?parent=5208"}],"curies":[{"name":"wp","href":"https:\/\/api.w.org\/{rel}","templated":true}]}}