{"id":5059,"date":"2019-11-09T18:12:31","date_gmt":"2019-11-09T17:12:31","guid":{"rendered":"https:\/\/agora.xtec.cat\/insvilafant\/?page_id=5059"},"modified":"2025-09-22T08:40:56","modified_gmt":"2025-09-22T06:40:56","slug":"programa-salut-i-escola","status":"publish","type":"page","link":"https:\/\/agora.xtec.cat\/insvilafant\/serveis\/programa-salut-i-escola\/","title":{"rendered":"Programa Salut i Escola"},"content":{"rendered":"<p style=\"text-align: justify;\">El <a href=\"http:\/\/xtec.gencat.cat\/ca\/comunitat\/salutescola\/programasalutescola\">programa Salut i Escola<\/a> (PSiE) impulsat pel Departament d&#8217;Ensenyament i pel Departament de Salut, t\u00e9 la finalitat de millorar la salut dels adolescents mitjan\u00e7ant accions que promocionen <strong>h\u00e0bits saludables<\/strong>, prevenen situacions de risc, i ajuden a detectar preco\u00e7ment problemes relacionats amb la salut.<\/p>\n<p style=\"text-align: justify;\">El centre educatiu, com a espai natural per a l&#8217;aprenentatge, l&#8217;educaci\u00f3 i la formaci\u00f3 integral de la persona, \u00e9s tamb\u00e9 el lloc on es poden manifestar els signes d&#8217;alerta sobre problemes de salut, en els quals una <strong>detecci\u00f3 preco\u00e7<\/strong> pot ser la primera acci\u00f3 per iniciar un proc\u00e9s d&#8217;ajuda i intervenci\u00f3 adequada.<\/p>\n<p style=\"text-align: justify;\">Aquest programa t\u00e9 el prop\u00f2sit de potenciar la coordinaci\u00f3 dels centres docents, els serveis educatius i els serveis sanitaris en accions de promoci\u00f3 de la salut i d&#8217;atenci\u00f3 a l&#8217;alumnat. Busca, mitjan\u00e7ant la <strong>Consulta Oberta <\/strong>(professional d\u2019infermeria despla\u00e7at peri\u00f2dicament al centre docent), afavorir l\u2019accessibilitat de cara a la prevenci\u00f3 de situacions de risc i atenci\u00f3 preco\u00e7 als problemes de salut dels adolescents a l\u2019atenci\u00f3 sanit\u00e0ria amb garanties de <strong>privacitat, confidencialitat i proximitat<\/strong>.<\/p>\n","protected":false},"excerpt":{"rendered":"<p>El <a href=\"http:\/\/xtec.gencat.cat\/ca\/comunitat\/salutescola\/programasalutescola\">programa Salut i Escola<\/a> (PSiE) impulsat pel Departament d&#8217;Ensenyament i pel Departament de Salut, t\u00e9 la finalitat de millorar la salut dels adolescents mitjan\u00e7ant accions que promocionen h\u00e0bits saludables, prevenen situacions de risc, i ajuden a detectar preco\u00e7ment problemes relacionats amb la salut.<br \/>\nEl&hellip;  <a href=\"https:\/\/agora.xtec.cat\/insvilafant\/serveis\/programa-salut-i-escola\/\" title=\"Read Programa Salut i Escola\">Llegeix m\u00e9s\u00bb<\/a><\/p>\n","protected":false},"author":1,"featured_media":0,"parent":63,"menu_order":60,"comment_status":"closed","ping_status":"closed","template":"page-templates\/side-menu.php","meta":{"_bbp_topic_count":0,"_bbp_reply_count":0,"_bbp_total_topic_count":0,"_bbp_total_reply_count":0,"_bbp_voice_count":0,"_bbp_anonymous_reply_count":0,"_bbp_topic_count_hidden":0,"_bbp_reply_count_hidden":0,"_bbp_forum_subforum_count":0,"footnotes":""},"class_list":["post-5059","page","type-page","status-publish","hentry"],"post_mailing_queue_ids":[],"_links":{"self":[{"href":"https:\/\/agora.xtec.cat\/insvilafant\/wp-json\/wp\/v2\/pages\/5059","targetHints":{"allow":["GET"]}}],"collection":[{"href":"https:\/\/agora.xtec.cat\/insvilafant\/wp-json\/wp\/v2\/pages"}],"about":[{"href":"https:\/\/agora.xtec.cat\/insvilafant\/wp-json\/wp\/v2\/types\/page"}],"author":[{"embeddable":true,"href":"https:\/\/agora.xtec.cat\/insvilafant\/wp-json\/wp\/v2\/users\/1"}],"replies":[{"embeddable":true,"href":"https:\/\/agora.xtec.cat\/insvilafant\/wp-json\/wp\/v2\/comments?post=5059"}],"version-history":[{"count":4,"href":"https:\/\/agora.xtec.cat\/insvilafant\/wp-json\/wp\/v2\/pages\/5059\/revisions"}],"predecessor-version":[{"id":11278,"href":"https:\/\/agora.xtec.cat\/insvilafant\/wp-json\/wp\/v2\/pages\/5059\/revisions\/11278"}],"up":[{"embeddable":true,"href":"https:\/\/agora.xtec.cat\/insvilafant\/wp-json\/wp\/v2\/pages\/63"}],"wp:attachment":[{"href":"https:\/\/agora.xtec.cat\/insvilafant\/wp-json\/wp\/v2\/media?parent=5059"}],"curies":[{"name":"wp","href":"https:\/\/api.w.org\/{rel}","templated":true}]}}