{"id":4990,"date":"2019-11-08T07:32:54","date_gmt":"2019-11-08T06:32:54","guid":{"rendered":"https:\/\/agora.xtec.cat\/insvilafant\/?page_id=4990"},"modified":"2023-07-06T19:14:50","modified_gmt":"2023-07-06T17:14:50","slug":"intercanvi-3r-eso","status":"publish","type":"page","link":"https:\/\/agora.xtec.cat\/insvilafant\/projecte-educatiu\/projectes\/intercanvi-3r-eso\/","title":{"rendered":"Intercanvi 3r ESO"},"content":{"rendered":"<p style=\"text-align: justify;\">Des del <strong>curs 2014-15<\/strong>, estem fent <strong>intercanvis ling\u00fc\u00edstico-culturals<\/strong> amb altres Instituts de diferents pa\u00efsos europeus, amb els alumnes de 3r ESO del centre.<\/p>\n<p style=\"text-align: justify;\">Un intercanvi d&#8217;aquesta tipologia, \u00e9s una oportunitat \u00fanica pels nostres estudiants, perqu\u00e8 aprenen a <strong>conviure i acceptar una<\/strong> <strong>cultura diferent<\/strong>, alhora que s\u00f3n ambaixadors de la pr\u00f2pia. Aquest tipus de viatge els posa en situaci\u00f3 de practicar la llengua anglesa que els alumnes han apr\u00e8s en l&#8217;\u00e0mbit formal a l&#8217;aula, i que a hores d&#8217;ara ja estan en coneixement de les compet\u00e8ncies comunicatives i ling\u00fc\u00edstiques adients per a posar-la en un context de pr\u00e0ctica real.<\/p>\n<p style=\"text-align: justify;\">Qu\u00e8 suposa l\u2019intercanvi? Suposa <strong>viatjar al pa\u00eds escollit<\/strong> i estar amb la fam\u00edlia d\u2019acollida, amb un\/a estudiant de la mateixa edat que els nostres alumnes, durant una setmana. Tamb\u00e9 implica <strong>acollir a casa<\/strong> un\/a estudiant durant una setmana i facilitar-li tots els \u00e0pats. Cal tenir en compte que les fam\u00edlies poden ser de molt diversa tipologia i aix\u00f2 implica estar disposat a acceptar qualsevol difer\u00e8ncia religiosa, cultural, etc.<\/p>\n<p style=\"text-align: justify;\">Normalment l\u2019intercanvi es pot oferir a uns <strong>2<\/strong><b>5 alumnes<\/b>, apr\u00f2ximadament, depenent de la quantitat d\u2019estudiants que l\u2019altra escola-institut t\u00e9 per a realitzar l\u2019activitat.<\/p>\n<p><span style=\"display: inline !important; float: none; background-color: #ffffff; color: #222222; cursor: text; direction: ltr; font-family: 'Helvetica Neue','Helvetica',Helvetica,Arial,sans-serif; font-size: 16px; font-style: normal; font-variant: normal; font-weight: 400; letter-spacing: normal; orphans: 2; text-align: left; text-decoration: none; text-indent: 0px; text-transform: none; -webkit-text-stroke-width: 0px; white-space: normal; word-spacing: 0px;\">Curs 2014-15: intercanvi amb <strong>Holanda.<\/strong><\/span><\/p>\n<p><span style=\"display: inline !important; float: none; background-color: #ffffff; color: #222222; cursor: text; direction: ltr; font-family: 'Helvetica Neue','Helvetica',Helvetica,Arial,sans-serif; font-size: 16px; font-style: normal; font-variant: normal; font-weight: 400; letter-spacing: normal; orphans: 2; text-align: left; text-decoration: none; text-indent: 0px; text-transform: none; -webkit-text-stroke-width: 0px; white-space: normal; word-spacing: 0px;\">Curs 2015-16: intercanvi amb<strong> Dinamarca.<\/strong><\/span><\/p>\n<p><span style=\"display: inline !important; float: none; background-color: #ffffff; color: #222222; cursor: text; direction: ltr; font-family: 'Helvetica Neue','Helvetica',Helvetica,Arial,sans-serif; font-size: 16px; font-style: normal; font-variant: normal; font-weight: 400; letter-spacing: normal; orphans: 2; text-align: left; text-decoration: none; text-indent: 0px; text-transform: none; -webkit-text-stroke-width: 0px; white-space: normal; word-spacing: 0px;\">Curs 2016-17: intercanvi amb <strong>Dinamarca.<\/strong><\/span><\/p>\n<p><span style=\"display: inline !important; float: none; background-color: #ffffff; color: #222222; cursor: text; direction: ltr; font-family: 'Helvetica Neue','Helvetica',Helvetica,Arial,sans-serif; font-size: 16px; font-style: normal; font-variant: normal; font-weight: 400; letter-spacing: normal; orphans: 2; text-align: left; text-decoration: none; text-indent: 0px; text-transform: none; -webkit-text-stroke-width: 0px; white-space: normal; word-spacing: 0px;\">Curs 2017-18: intercanvi amb<strong> Dinamarca.<\/strong><\/span><\/p>\n<p><span style=\"display: inline !important; float: none; background-color: #ffffff; color: #222222; cursor: text; direction: ltr; font-family: 'Helvetica Neue','Helvetica',Helvetica,Arial,sans-serif; font-size: 16px; font-style: normal; font-variant: normal; font-weight: 400; letter-spacing: normal; orphans: 2; text-align: left; text-decoration: none; text-indent: 0px; text-transform: none; -webkit-text-stroke-width: 0px; white-space: normal; word-spacing: 0px;\">Curs 2018-19: intercanvi amb <strong>Alemanya<\/strong> (escola <em>Heinitz School<\/em> de Ruedersdorf, un poble a 30 min de Berl\u00edn).<\/span><\/p>\n<p><span style=\"display: inline !important; float: none; background-color: #ffffff; color: #222222; cursor: text; direction: ltr; font-family: 'Helvetica Neue','Helvetica',Helvetica,Arial,sans-serif; font-size: 16px; font-style: normal; font-variant: normal; font-weight: 400; letter-spacing: normal; orphans: 2; text-align: left; text-decoration: none; text-indent: 0px; text-transform: none; -webkit-text-stroke-width: 0px; white-space: normal; word-spacing: 0px;\">Curs 2019-20: intercanvi amb <strong>Holanda<\/strong> (escola <\/span><i>Niftarlake College<\/i><span style=\"display: inline !important; float: none; background-color: #ffffff; color: #222222; cursor: text; direction: ltr; font-family: 'Helvetica Neue','Helvetica',Helvetica,Arial,sans-serif; font-size: 16px; font-style: normal; font-variant: normal; font-weight: 400; letter-spacing: normal; orphans: 2; text-align: left; text-decoration: none; text-indent: 0px; text-transform: none; -webkit-text-stroke-width: 0px; white-space: normal; word-spacing: 0px;\"> de Marsen, Utrecht, un poble a 40 min d\u2019Amsterdam).<\/span><\/p>\n","protected":false},"excerpt":{"rendered":"<p>Des del curs 2014-15, estem fent intercanvis ling\u00fc\u00edstico-culturals amb altres Instituts de diferents pa\u00efsos europeus, amb els alumnes de 3r ESO del centre.<br \/>\nUn intercanvi d&#8217;aquesta tipologia, \u00e9s una oportunitat \u00fanica pels nostres estudiants, perqu\u00e8 aprenen a conviure i acceptar una cultura diferent, alhora que s\u00f3n&hellip;  <a href=\"https:\/\/agora.xtec.cat\/insvilafant\/projecte-educatiu\/projectes\/intercanvi-3r-eso\/\" title=\"Read Intercanvi 3r ESO\">Llegeix m\u00e9s\u00bb<\/a><\/p>\n","protected":false},"author":1,"featured_media":0,"parent":4963,"menu_order":53,"comment_status":"closed","ping_status":"closed","template":"page-templates\/side-menu.php","meta":{"_bbp_topic_count":0,"_bbp_reply_count":0,"_bbp_total_topic_count":0,"_bbp_total_reply_count":0,"_bbp_voice_count":0,"_bbp_anonymous_reply_count":0,"_bbp_topic_count_hidden":0,"_bbp_reply_count_hidden":0,"_bbp_forum_subforum_count":0,"footnotes":""},"class_list":["post-4990","page","type-page","status-publish","hentry"],"post_mailing_queue_ids":[],"_links":{"self":[{"href":"https:\/\/agora.xtec.cat\/insvilafant\/wp-json\/wp\/v2\/pages\/4990","targetHints":{"allow":["GET"]}}],"collection":[{"href":"https:\/\/agora.xtec.cat\/insvilafant\/wp-json\/wp\/v2\/pages"}],"about":[{"href":"https:\/\/agora.xtec.cat\/insvilafant\/wp-json\/wp\/v2\/types\/page"}],"author":[{"embeddable":true,"href":"https:\/\/agora.xtec.cat\/insvilafant\/wp-json\/wp\/v2\/users\/1"}],"replies":[{"embeddable":true,"href":"https:\/\/agora.xtec.cat\/insvilafant\/wp-json\/wp\/v2\/comments?post=4990"}],"version-history":[{"count":4,"href":"https:\/\/agora.xtec.cat\/insvilafant\/wp-json\/wp\/v2\/pages\/4990\/revisions"}],"predecessor-version":[{"id":6227,"href":"https:\/\/agora.xtec.cat\/insvilafant\/wp-json\/wp\/v2\/pages\/4990\/revisions\/6227"}],"up":[{"embeddable":true,"href":"https:\/\/agora.xtec.cat\/insvilafant\/wp-json\/wp\/v2\/pages\/4963"}],"wp:attachment":[{"href":"https:\/\/agora.xtec.cat\/insvilafant\/wp-json\/wp\/v2\/media?parent=4990"}],"curies":[{"name":"wp","href":"https:\/\/api.w.org\/{rel}","templated":true}]}}