{"id":4982,"date":"2019-11-08T07:10:54","date_gmt":"2019-11-08T06:10:54","guid":{"rendered":"https:\/\/agora.xtec.cat\/insvilafant\/?page_id=4982"},"modified":"2019-12-01T17:05:44","modified_gmt":"2019-12-01T16:05:44","slug":"pla-lector","status":"publish","type":"page","link":"https:\/\/agora.xtec.cat\/insvilafant\/serveis\/biblioteca\/pla-lector\/","title":{"rendered":"Pla lector"},"content":{"rendered":"<p style=\"text-align: justify;\">El Departament d&#8217;Educaci\u00f3 t\u00e9 com a objectiu estrat\u00e8gic la millora de l&#8217;\u00e8xit escolar de tot l&#8217;alumnat i ho fa potenciant la<strong> lectura sistem\u00e0tica<\/strong> en totes les \u00e0rees i mat\u00e8ries del curr\u00edculum al llarg de tota l&#8217;escolaritat b\u00e0sica, per augmentar la compet\u00e8ncia comunicativa i ling\u00fc\u00edstica i el desenvolupament de l&#8217;h\u00e0bit lector dels joves. La compet\u00e8ncia lectora \u00e9s la base de molts aprenentatges i un requisit per participar amb \u00e8xit en bona part dels \u00e0mbits de la vida adulta.<\/p>\n<p style=\"text-align: justify;\">El <strong>Pla d&#8217;Impuls de la lectura<\/strong> \u00e9s un model d&#8217;intervenci\u00f3 did\u00e0ctica que situa a l&#8217;alumne\/a com a protagonista del seu propi aprenentatge, a trav\u00e9s de la planificaci\u00f3 d&#8217;activitats de lectura, per fomentar el gust per la lectura i l&#8217;h\u00e0bit lector de l&#8217;alumnat. Tamb\u00e9 per aprofundir en la millora de la flu\u00efdesa lectora de l\u2019alumnat i les estrat\u00e8gies de comprensi\u00f3. I a m\u00e9s, per incorporar l\u2019ensenyament de les estrat\u00e8gies de comprensi\u00f3 en les activitats de lectura a les diferents \u00e0rees.<\/p>\n<p style=\"text-align: justify;\">La lectura, com a a base d&#8217;altres aprenentatges, esdev\u00e9 un factor fonamental per a l&#8217;adquisici\u00f3 i desenvolupament de les <strong>compet\u00e8ncies b\u00e0siques.\u00a0<\/strong><\/p>\n<p>Els tres eixos de la comprensi\u00f3 lectora s\u00f3n:<\/p>\n<p><strong>1- Saber llegir<\/strong><\/p>\n<p><strong>2- Llegir per aprendre<\/strong><\/p>\n<p><strong>3- Gust per llegir.<\/strong><\/p>\n<p>A l&#8217;Institut de Vilafant els alumnes de 1r i 2n ESO llegeixen 30 min dos dies a la setmana, fan lectura silenciosa, els alumnes trien el llibre que volen llegir de la bilbioteca d&#8217;aula que tenen cada grup a la seva classe.<\/p>\n","protected":false},"excerpt":{"rendered":"<p>El Departament d&#8217;Educaci\u00f3 t\u00e9 com a objectiu estrat\u00e8gic la millora de l&#8217;\u00e8xit escolar de tot l&#8217;alumnat i ho fa potenciant la lectura sistem\u00e0tica en totes les \u00e0rees i mat\u00e8ries del curr\u00edculum al llarg de tota l&#8217;escolaritat b\u00e0sica, per augmentar la compet\u00e8ncia comunicativa i ling\u00fc\u00edstica i&hellip;  <a href=\"https:\/\/agora.xtec.cat\/insvilafant\/serveis\/biblioteca\/pla-lector\/\" title=\"Read Pla lector\">Llegeix m\u00e9s\u00bb<\/a><\/p>\n","protected":false},"author":1,"featured_media":0,"parent":373,"menu_order":20,"comment_status":"closed","ping_status":"closed","template":"page-templates\/side-menu.php","meta":{"_bbp_topic_count":0,"_bbp_reply_count":0,"_bbp_total_topic_count":0,"_bbp_total_reply_count":0,"_bbp_voice_count":0,"_bbp_anonymous_reply_count":0,"_bbp_topic_count_hidden":0,"_bbp_reply_count_hidden":0,"_bbp_forum_subforum_count":0,"footnotes":""},"class_list":["post-4982","page","type-page","status-publish","hentry"],"post_mailing_queue_ids":[],"_links":{"self":[{"href":"https:\/\/agora.xtec.cat\/insvilafant\/wp-json\/wp\/v2\/pages\/4982","targetHints":{"allow":["GET"]}}],"collection":[{"href":"https:\/\/agora.xtec.cat\/insvilafant\/wp-json\/wp\/v2\/pages"}],"about":[{"href":"https:\/\/agora.xtec.cat\/insvilafant\/wp-json\/wp\/v2\/types\/page"}],"author":[{"embeddable":true,"href":"https:\/\/agora.xtec.cat\/insvilafant\/wp-json\/wp\/v2\/users\/1"}],"replies":[{"embeddable":true,"href":"https:\/\/agora.xtec.cat\/insvilafant\/wp-json\/wp\/v2\/comments?post=4982"}],"version-history":[{"count":4,"href":"https:\/\/agora.xtec.cat\/insvilafant\/wp-json\/wp\/v2\/pages\/4982\/revisions"}],"predecessor-version":[{"id":5233,"href":"https:\/\/agora.xtec.cat\/insvilafant\/wp-json\/wp\/v2\/pages\/4982\/revisions\/5233"}],"up":[{"embeddable":true,"href":"https:\/\/agora.xtec.cat\/insvilafant\/wp-json\/wp\/v2\/pages\/373"}],"wp:attachment":[{"href":"https:\/\/agora.xtec.cat\/insvilafant\/wp-json\/wp\/v2\/media?parent=4982"}],"curies":[{"name":"wp","href":"https:\/\/api.w.org\/{rel}","templated":true}]}}