{"id":4963,"date":"2019-11-08T06:06:31","date_gmt":"2019-11-08T05:06:31","guid":{"rendered":"https:\/\/agora.xtec.cat\/insvilafant\/?page_id=4963"},"modified":"2023-07-06T19:13:56","modified_gmt":"2023-07-06T17:13:56","slug":"projectes","status":"publish","type":"page","link":"https:\/\/agora.xtec.cat\/insvilafant\/projecte-educatiu\/projectes\/","title":{"rendered":"Projectes"},"content":{"rendered":"<p style=\"text-align: justify;\">Des de l\u2019Institut de Vilafant participem en molts tipus de projectes, a tots els cursos de l\u2019ESO, per\u00f2 sobretot a 2n i 3r ESO amb l&#8217;English Time, l&#8217;ERASMUS+ i l&#8217;Intercanvi.<\/p>\n<p style=\"text-align: justify;\">Treballar per projectes implica treballar d\u2019una manera diferent a les aules.\u00a0Volem que els alumnes treballin <strong>aut\u00f2nomament, assumint responsabilitats del propi aprenentatge<\/strong>. A trav\u00e9s del<strong> treball en equip<\/strong>, pretenem tamb\u00e9 treballar la presa de decisions, l&#8217;esperit cr\u00edtic i el comprom\u00eds per tirar endavant un objectiu com\u00fa.<\/p>\n<p style=\"text-align: justify;\">La major part del treball es fa en el centre en horari lectiu, per\u00f2 de vegades implica tenir disponibilitat per trobar-se amb el grup i poder acabar alguna de les activitats o fer algun tipus de sortida o viatge.<\/p>\n<p style=\"text-align: justify;\">Us animem a que faciliteu que els vostres fills\/es comparteixen amb vosaltres el seus projectes!!<\/p>\n<p><em><b>\u201cSempre que ensenyem quelcom a un nen, li estem impedint que ho descobreixi per ell mateix.\u201d<\/b><b>\u00a0<\/b><\/em><b>Jean Piaget (Su\u00efssa, 1896-1980)<\/b><\/p>\n<p>&nbsp;<\/p>\n","protected":false},"excerpt":{"rendered":"<p>Des de l\u2019Institut de Vilafant participem en molts tipus de projectes, a tots els cursos de l\u2019ESO, per\u00f2 sobretot a 2n i 3r ESO amb l&#8217;English Time, l&#8217;ERASMUS+ i l&#8217;Intercanvi.<br \/>\nTreballar per projectes implica treballar d\u2019una manera diferent a les aules.\u00a0Volem que els alumnes treballin aut\u00f2nomament,&hellip;  <a href=\"https:\/\/agora.xtec.cat\/insvilafant\/projecte-educatiu\/projectes\/\" title=\"Read Projectes\">Llegeix m\u00e9s\u00bb<\/a><\/p>\n","protected":false},"author":1,"featured_media":0,"parent":57,"menu_order":50,"comment_status":"closed","ping_status":"closed","template":"page-templates\/side-menu.php","meta":{"_bbp_topic_count":0,"_bbp_reply_count":0,"_bbp_total_topic_count":0,"_bbp_total_reply_count":0,"_bbp_voice_count":0,"_bbp_anonymous_reply_count":0,"_bbp_topic_count_hidden":0,"_bbp_reply_count_hidden":0,"_bbp_forum_subforum_count":0,"footnotes":""},"class_list":["post-4963","page","type-page","status-publish","hentry"],"post_mailing_queue_ids":[],"_links":{"self":[{"href":"https:\/\/agora.xtec.cat\/insvilafant\/wp-json\/wp\/v2\/pages\/4963","targetHints":{"allow":["GET"]}}],"collection":[{"href":"https:\/\/agora.xtec.cat\/insvilafant\/wp-json\/wp\/v2\/pages"}],"about":[{"href":"https:\/\/agora.xtec.cat\/insvilafant\/wp-json\/wp\/v2\/types\/page"}],"author":[{"embeddable":true,"href":"https:\/\/agora.xtec.cat\/insvilafant\/wp-json\/wp\/v2\/users\/1"}],"replies":[{"embeddable":true,"href":"https:\/\/agora.xtec.cat\/insvilafant\/wp-json\/wp\/v2\/comments?post=4963"}],"version-history":[{"count":3,"href":"https:\/\/agora.xtec.cat\/insvilafant\/wp-json\/wp\/v2\/pages\/4963\/revisions"}],"predecessor-version":[{"id":5887,"href":"https:\/\/agora.xtec.cat\/insvilafant\/wp-json\/wp\/v2\/pages\/4963\/revisions\/5887"}],"up":[{"embeddable":true,"href":"https:\/\/agora.xtec.cat\/insvilafant\/wp-json\/wp\/v2\/pages\/57"}],"wp:attachment":[{"href":"https:\/\/agora.xtec.cat\/insvilafant\/wp-json\/wp\/v2\/media?parent=4963"}],"curies":[{"name":"wp","href":"https:\/\/api.w.org\/{rel}","templated":true}]}}