{"id":4955,"date":"2019-11-08T05:57:53","date_gmt":"2019-11-08T04:57:53","guid":{"rendered":"https:\/\/agora.xtec.cat\/insvilafant\/?page_id=4955"},"modified":"2026-03-19T18:09:42","modified_gmt":"2026-03-19T17:09:42","slug":"preinscripcio-i-matricula","status":"publish","type":"page","link":"https:\/\/agora.xtec.cat\/insvilafant\/secretaria\/preinscripcio-i-matricula\/","title":{"rendered":"Preinscripci\u00f3 i matr\u00edcula"},"content":{"rendered":"<h6><a href=\"https:\/\/preinscripcio.gencat.cat\/ca\/inici\/\"><strong style=\"font-family: inherit; font-size: 2.3125em;\">Preinscripci\u00f3 2026-27<\/strong><\/a><\/h6>\n<h6><a href=\"https:\/\/preinscripcio.gencat.cat\/ca\/estudis\/eso\/inici\/\"><strong style=\"font-family: inherit; font-size: 2.3125em;\">Educaci\u00f3 Secund\u00e0ria Obligat\u00f2ria (ESO)<\/strong><\/a><\/h6>\n<ul>\n<li style=\"list-style-type: none;\">\n<ul>\n<li><span style=\"font-family: inherit; font-size: 1em;\">PREINSCRIPCI\u00d3: <\/span><strong style=\"font-family: inherit; font-size: 1em;\">del 6 al 18 de mar\u00e7 de 2026<\/strong><\/li>\n<li>MATR\u00cdCULA: <strong style=\"font-family: inherit; font-size: 1em;\">del 22 al 30 de juny de 2026<\/strong><\/li>\n<\/ul>\n<\/li>\n<\/ul>\n<h6><a href=\"https:\/\/preinscripcio.gencat.cat\/ca\/estudis\/batxillerat\/inici\/\"><strong style=\"font-size: 2.3125em;\">Batxillerat<\/strong><\/a><\/h6>\n<ul>\n<li style=\"list-style-type: none;\">\n<ul>\n<li><span style=\"font-family: inherit; font-size: 1em;\">PREINSCRIPCI\u00d3: <\/span><strong style=\"font-family: inherit; font-size: 1em;\">del 9 al 16 d&#8217;abril de 2026<\/strong><\/li>\n<li>MATR\u00cdCULA: <strong style=\"font-family: inherit; font-size: 1em;\">del 18 al 30 de juny de 2026<\/strong><\/li>\n<\/ul>\n<\/li>\n<\/ul>\n<h6><a href=\"https:\/\/preinscripcio.gencat.cat\/ca\/estudis\/fp-grau-mitja\/inici\/\"><strong style=\"font-size: 2.3125em;\">Formaci\u00f3 Professional Grau Mitj\u00e0 (CFGM)<\/strong><\/a><\/h6>\n<ul>\n<li style=\"list-style-type: none;\">\n<ul style=\"list-style-type: circle;\">\n<li><span style=\"font-family: inherit; font-size: 1em;\">PREINSCRIPCI\u00d3: <strong>del 26 de<\/strong> <strong style=\"font-family: inherit; font-size: 1em;\">maig a l&#8217;1 de juny 2026<\/strong><\/span><\/li>\n<li>MATR\u00cdCULA: <strong style=\"font-family: inherit; font-size: 1em;\">juliol de 2026<\/strong><\/li>\n<\/ul>\n<\/li>\n<\/ul>\n<ul>\n<li style=\"list-style-type: none;\"><\/li>\n<\/ul>\n","protected":false},"excerpt":{"rendered":"<p><a href=\"https:\/\/preinscripcio.gencat.cat\/ca\/inici\/\">Preinscripci\u00f3 2026-27<\/a><br \/>\n<a href=\"https:\/\/preinscripcio.gencat.cat\/ca\/estudis\/eso\/inici\/\">Educaci\u00f3 Secund\u00e0ria Obligat\u00f2ria (ESO)<\/a><\/p>\n<ul>\n<li style=\"list-style-type: none;\">\n<ul>\n<li>PREINSCRIPCI\u00d3: del 6 al 18 de mar\u00e7 de 2026<\/li>\n<li>MATR\u00cdCULA: del 22 al 30 de juny de 2026<\/li>\n<\/ul>\n<\/li>\n<\/ul>\n<p><a href=\"https:\/\/preinscripcio.gencat.cat\/ca\/estudis\/batxillerat\/inici\/\">Batxillerat<\/a><\/p>\n<ul>\n<li style=\"list-style-type: none;\">\n<ul>\n<li>PREINSCRIPCI\u00d3: del 9 al 16 d&#8217;abril de 2026<\/li>\n<li>MATR\u00cdCULA: del 18 al 30 de juny de 2026<\/li>\n<\/ul>\n<\/li>\n<\/ul>\n<p><a href=\"https:\/\/preinscripcio.gencat.cat\/ca\/estudis\/fp-grau-mitja\/inici\/\">Formaci\u00f3 Professional&hellip;  <a href=\"https:\/\/agora.xtec.cat\/insvilafant\/secretaria\/preinscripcio-i-matricula\/\" title=\"Read Preinscripci\u00f3 i matr\u00edcula\">Llegeix m\u00e9s\u00bb<\/a><\/p>\n","protected":false},"author":1,"featured_media":0,"parent":81,"menu_order":30,"comment_status":"closed","ping_status":"closed","template":"page-templates\/side-menu.php","meta":{"_bbp_topic_count":0,"_bbp_reply_count":0,"_bbp_total_topic_count":0,"_bbp_total_reply_count":0,"_bbp_voice_count":0,"_bbp_anonymous_reply_count":0,"_bbp_topic_count_hidden":0,"_bbp_reply_count_hidden":0,"_bbp_forum_subforum_count":0,"footnotes":""},"class_list":["post-4955","page","type-page","status-publish","hentry"],"post_mailing_queue_ids":[],"_links":{"self":[{"href":"https:\/\/agora.xtec.cat\/insvilafant\/wp-json\/wp\/v2\/pages\/4955","targetHints":{"allow":["GET"]}}],"collection":[{"href":"https:\/\/agora.xtec.cat\/insvilafant\/wp-json\/wp\/v2\/pages"}],"about":[{"href":"https:\/\/agora.xtec.cat\/insvilafant\/wp-json\/wp\/v2\/types\/page"}],"author":[{"embeddable":true,"href":"https:\/\/agora.xtec.cat\/insvilafant\/wp-json\/wp\/v2\/users\/1"}],"replies":[{"embeddable":true,"href":"https:\/\/agora.xtec.cat\/insvilafant\/wp-json\/wp\/v2\/comments?post=4955"}],"version-history":[{"count":6,"href":"https:\/\/agora.xtec.cat\/insvilafant\/wp-json\/wp\/v2\/pages\/4955\/revisions"}],"predecessor-version":[{"id":11993,"href":"https:\/\/agora.xtec.cat\/insvilafant\/wp-json\/wp\/v2\/pages\/4955\/revisions\/11993"}],"up":[{"embeddable":true,"href":"https:\/\/agora.xtec.cat\/insvilafant\/wp-json\/wp\/v2\/pages\/81"}],"wp:attachment":[{"href":"https:\/\/agora.xtec.cat\/insvilafant\/wp-json\/wp\/v2\/media?parent=4955"}],"curies":[{"name":"wp","href":"https:\/\/api.w.org\/{rel}","templated":true}]}}