{"id":4943,"date":"2019-11-07T18:40:29","date_gmt":"2019-11-07T17:40:29","guid":{"rendered":"https:\/\/agora.xtec.cat\/insvilafant\/?page_id=4943"},"modified":"2026-03-08T19:21:00","modified_gmt":"2026-03-08T18:21:00","slug":"justificants","status":"publish","type":"page","link":"https:\/\/agora.xtec.cat\/insvilafant\/secretaria\/justificants\/","title":{"rendered":"Tr\u00e0mits"},"content":{"rendered":"<p><strong>SOL.LICITUD I LLIURAMENT T\u00cdTOLS ESO:<\/strong><\/p>\n<ul>\n<li>El t\u00edtol d\u2019ESO es tramita d\u2019ofici i no cal fer cap tr\u00e0mit. En acabar l\u2019etapa es facilitar\u00e0 el <strong>resguard del t\u00edtol<\/strong> a l\u2019alumnat (cal portar el DNI per recollir-lo i haver pagat les taxes).<\/li>\n<li>Quan arribi el <strong>t\u00edtol oficial<\/strong> ja es podr\u00e0 venir a recollir (cal portar el DNI). Sol tardar uns 2 anys.<\/li>\n<\/ul>\n\n\n<p><strong>RECONEIXEMENT NIVELLS B2 i C1 de CATAL\u00c0:<\/strong><\/p>\n\n\n\n<ul class=\"wp-block-list\">\n<li><a href=\"https:\/\/documents.espai.educacio.gencat.cat\/FormularisModels\/CentresGestioAdministrativa\/A816.pdf\">Model Sol.licitud<\/a><\/li>\n<\/ul>\n\n\n\n<ul class=\"wp-block-list\">\n<li>Documentaci\u00f3: DNI, Certificat d&#8217;estudis de prim\u00e0ria i de secund\u00e0ria<\/li>\n<\/ul>\n\n\n\n<ul class=\"wp-block-list\">\n<li>T\u00edtol d&#8217;ESO<\/li>\n<\/ul>\n\n\n\n<p><strong>TRAMITACI\u00d3 T\u00cdTOLS ACAD\u00c8MICS ESTUDIS POSTOBLIGATORIS:<\/strong><\/p>\n\n\n\n<ul class=\"wp-block-list\">\n<li><a href=\"https:\/\/tramits.gencat.cat\/ca\/tramits\/tramits-temes\/titols-academics-no-universitaris?category=742b7874-a82c-11e3-a972-000c29052e2c\">Enlla\u00e7 informaci\u00f3 Gencat<\/a><\/li>\n<\/ul>\n\n\n\n<p><strong>PERM\u00cdS VIATJAR ESTRANGER PER A MENORS:<\/strong><\/p>\n\n\n\n<ul class=\"wp-block-list\">\n<li><a href=\"https:\/\/tramits.gencat.cat\/ca\/tramits\/tramits-temes\/Declaracio-de-permis-de-viatge-a-lestranger-per-a-menors\" data-type=\"link\" data-id=\"https:\/\/tramits.gencat.cat\/ca\/tramits\/tramits-temes\/Declaracio-de-permis-de-viatge-a-lestranger-per-a-menors\">Enlla\u00e7 informaci\u00f3 Gencat<\/a><\/li>\n<\/ul>\n\n\n\n<p><\/p>\n","protected":false},"excerpt":{"rendered":"<p>SOL.LICITUD I LLIURAMENT T\u00cdTOLS ESO:<\/p>\n<ul>\n<li>El t\u00edtol d\u2019ESO es tramita d\u2019ofici i no cal fer cap tr\u00e0mit. En acabar l\u2019etapa es facilitar\u00e0 el resguard del t\u00edtol a l\u2019alumnat (cal portar el DNI per recollir-lo i haver pagat les taxes).<\/li>\n<li>Quan arribi el t\u00edtol oficial ja es podr\u00e0&hellip;  <a href=\"https:\/\/agora.xtec.cat\/insvilafant\/secretaria\/justificants\/\" title=\"Read Tr\u00e0mits\">Llegeix m\u00e9s\u00bb<\/a><br \/>\n","protected":false},"author":1,"featured_media":0,"parent":81,"menu_order":20,"comment_status":"closed","ping_status":"closed","template":"page-templates\/side-menu.php","meta":{"_bbp_topic_count":0,"_bbp_reply_count":0,"_bbp_total_topic_count":0,"_bbp_total_reply_count":0,"_bbp_voice_count":0,"_bbp_anonymous_reply_count":0,"_bbp_topic_count_hidden":0,"_bbp_reply_count_hidden":0,"_bbp_forum_subforum_count":0,"footnotes":""},"class_list":["post-4943","page","type-page","status-publish","hentry"],"post_mailing_queue_ids":[],"_links":{"self":[{"href":"https:\/\/agora.xtec.cat\/insvilafant\/wp-json\/wp\/v2\/pages\/4943","targetHints":{"allow":["GET"]}}],"collection":[{"href":"https:\/\/agora.xtec.cat\/insvilafant\/wp-json\/wp\/v2\/pages"}],"about":[{"href":"https:\/\/agora.xtec.cat\/insvilafant\/wp-json\/wp\/v2\/types\/page"}],"author":[{"embeddable":true,"href":"https:\/\/agora.xtec.cat\/insvilafant\/wp-json\/wp\/v2\/users\/1"}],"replies":[{"embeddable":true,"href":"https:\/\/agora.xtec.cat\/insvilafant\/wp-json\/wp\/v2\/comments?post=4943"}],"version-history":[{"count":6,"href":"https:\/\/agora.xtec.cat\/insvilafant\/wp-json\/wp\/v2\/pages\/4943\/revisions"}],"predecessor-version":[{"id":11920,"href":"https:\/\/agora.xtec.cat\/insvilafant\/wp-json\/wp\/v2\/pages\/4943\/revisions\/11920"}],"up":[{"embeddable":true,"href":"https:\/\/agora.xtec.cat\/insvilafant\/wp-json\/wp\/v2\/pages\/81"}],"wp:attachment":[{"href":"https:\/\/agora.xtec.cat\/insvilafant\/wp-json\/wp\/v2\/media?parent=4943"}],"curies":[{"name":"wp","href":"https:\/\/api.w.org\/{rel}","templated":true}]}}