{"id":394,"date":"2016-02-13T19:54:05","date_gmt":"2016-02-13T18:54:05","guid":{"rendered":"http:\/\/agora.xtec.cat\/insvilafant\/?page_id=394"},"modified":"2023-07-06T19:12:59","modified_gmt":"2023-07-06T17:12:59","slug":"com-treballem","status":"publish","type":"page","link":"https:\/\/agora.xtec.cat\/insvilafant\/projecte-educatiu\/com-treballem\/","title":{"rendered":"Com treballem?"},"content":{"rendered":"<p>Els objectius educatius s\u00f3n els del Sistema d\u2019Educaci\u00f3 P\u00fablic de Catalunya, aconseguir l\u2019<strong>\u00e8xit escolar i excel\u00b7l\u00e8ncia educativa<\/strong>, mitjan\u00e7ant el desenvolupament del m\u00e0xim de les capacitats de tots i cadascun dels alumnes com a principi fonamentador de l\u2019<strong>equitat<\/strong> i garantia, alhora, de la <strong>cohesi\u00f3 social<\/strong>.<\/p>\n<p>Per tal d\u2019aconseguir-ho, prioritzarem els aspectes seg\u00fcents:<br \/>\n&#8211; Catal\u00e0, llengua vehicular. Ple domini (comprensi\u00f3 i expressi\u00f3 oral i escrit) del Catal\u00e0 i el Castell\u00e0.<br \/>\n&#8211; Inclusi\u00f3 educativa.<br \/>\n&#8211; <strong>Innovaci\u00f3 metodol\u00f2gica i did\u00e0ctica<\/strong> per adquirir les Compet\u00e8ncies B\u00e0siques.<br \/>\n&#8211; <strong>Lectura<\/strong>, eix dels aprenentatges, consolidaci\u00f3 d\u2019un temps de lectura independent, di\u00e0ria i reflexiva.<br \/>\n&#8211; Foment de les <strong>TIC<\/strong>.<br \/>\n&#8211; Afavorir el <strong>pluriling\u00fcisme<\/strong> efectiu entre l\u2019alumnat.<br \/>\n&#8211; <strong>Atenci\u00f3 individualitzada<\/strong> adequada a les necessitats de tots els alumnes.<br \/>\n&#8211; Emprenedoria per afavorir la <strong>creativitat <\/strong>i la innovaci\u00f3.<br \/>\n&#8211; Cultura avaluativa, retiment de comptes, sistema d\u2019indicadors, autoavaluaci\u00f3.<br \/>\n&#8211; Formaci\u00f3 cont\u00ednua afavorint-ne l\u2019autoformaci\u00f3 en el centre.<br \/>\n&#8211; Implicaci\u00f3 i comprom\u00eds de la <strong>fam\u00ed<\/strong><strong>lia<\/strong>.<br \/>\n&#8211; Relaci\u00f3 centre i <strong>entorn<\/strong>.<br \/>\n&#8211; Prevenci\u00f3 i reducci\u00f3 de l\u2019absentisme i l\u2019abandonament prematur.<br \/>\n&#8211; Assegurar una bona <strong>conviv\u00e8ncia<\/strong> dins i fora de l\u2019aula com a condici\u00f3 necess\u00e0ria per garantir el benestar emocional de tothom i els resultats educatius.<\/p>\n","protected":false},"excerpt":{"rendered":"<p>Els objectius educatius s\u00f3n els del Sistema d\u2019Educaci\u00f3 P\u00fablic de Catalunya, aconseguir l\u2019\u00e8xit escolar i excel\u00b7l\u00e8ncia educativa, mitjan\u00e7ant el desenvolupament del m\u00e0xim de les capacitats de tots i cadascun dels alumnes com a principi fonamentador de l\u2019equitat i garantia, alhora, de la cohesi\u00f3 social.<br \/>\nPer tal&hellip;  <a href=\"https:\/\/agora.xtec.cat\/insvilafant\/projecte-educatiu\/com-treballem\/\" title=\"Read Com treballem?\">Llegeix m\u00e9s\u00bb<\/a><\/p>\n","protected":false},"author":1,"featured_media":0,"parent":57,"menu_order":20,"comment_status":"closed","ping_status":"closed","template":"page-templates\/side-menu.php","meta":{"_bbp_topic_count":0,"_bbp_reply_count":0,"_bbp_total_topic_count":0,"_bbp_total_reply_count":0,"_bbp_voice_count":0,"_bbp_anonymous_reply_count":0,"_bbp_topic_count_hidden":0,"_bbp_reply_count_hidden":0,"_bbp_forum_subforum_count":0,"footnotes":""},"class_list":["post-394","page","type-page","status-publish","hentry"],"post_mailing_queue_ids":[],"_links":{"self":[{"href":"https:\/\/agora.xtec.cat\/insvilafant\/wp-json\/wp\/v2\/pages\/394","targetHints":{"allow":["GET"]}}],"collection":[{"href":"https:\/\/agora.xtec.cat\/insvilafant\/wp-json\/wp\/v2\/pages"}],"about":[{"href":"https:\/\/agora.xtec.cat\/insvilafant\/wp-json\/wp\/v2\/types\/page"}],"author":[{"embeddable":true,"href":"https:\/\/agora.xtec.cat\/insvilafant\/wp-json\/wp\/v2\/users\/1"}],"replies":[{"embeddable":true,"href":"https:\/\/agora.xtec.cat\/insvilafant\/wp-json\/wp\/v2\/comments?post=394"}],"version-history":[{"count":4,"href":"https:\/\/agora.xtec.cat\/insvilafant\/wp-json\/wp\/v2\/pages\/394\/revisions"}],"predecessor-version":[{"id":5823,"href":"https:\/\/agora.xtec.cat\/insvilafant\/wp-json\/wp\/v2\/pages\/394\/revisions\/5823"}],"up":[{"embeddable":true,"href":"https:\/\/agora.xtec.cat\/insvilafant\/wp-json\/wp\/v2\/pages\/57"}],"wp:attachment":[{"href":"https:\/\/agora.xtec.cat\/insvilafant\/wp-json\/wp\/v2\/media?parent=394"}],"curies":[{"name":"wp","href":"https:\/\/api.w.org\/{rel}","templated":true}]}}