{"id":1105,"date":"2016-10-06T18:10:03","date_gmt":"2016-10-06T17:10:03","guid":{"rendered":"http:\/\/agora.xtec.cat\/insvilafant\/?page_id=1105"},"modified":"2025-09-22T14:30:51","modified_gmt":"2025-09-22T12:30:51","slug":"criteris-davaluacio","status":"publish","type":"page","link":"https:\/\/agora.xtec.cat\/insvilafant\/projecte-educatiu\/criteris-davaluacio\/","title":{"rendered":"Criteris d&#8217;Avaluaci\u00f3"},"content":{"rendered":"<h5>Aqu\u00ed trobareu els criteris d&#8217;avaluaci\u00f3\u00a0per cursos i mat\u00e8ries:<\/h5>\n<h5>&#8211;\u00a0<span style=\"text-decoration: underline;\"><span style=\"color: #0000ff;\"><a style=\"color: #0000ff; text-decoration: underline;\" href=\"https:\/\/drive.google.com\/drive\/u\/1\/folders\/1M1uVzUVPdqv9wd96iW6-smJJGgRq05sv\" target=\"_blank\" rel=\"noopener noreferrer\">CRITERIS AVALUACI\u00d3<\/a><\/span><\/span><\/h5>\n<div class=\"doc-content\">\n<ul>\n<li style=\"list-style-type: none;\">\n<ul style=\"list-style-type: circle;\">\n<li>Es faran un m\u00ednim de 2 activitats avaluables per trimestre de cada mat\u00e8ria.<\/li>\n<li>Quan es fixin les dates de les activitats avaluables el professorat les anotar\u00e0 al calendari Google de cada grup classe.<\/li>\n<li>Com a m\u00e0xim es faran 2 activitats avaluables al dia i 5 activitats avaluables a la setmana (excepte trimestrals BAT). Cap professor\/a pot posar una tercera activitat avaluable si ja en tenen dues.<\/li>\n<li>Cal informar als alumnes sobre els criteris d\u2019avaluaci\u00f3 i recuperaci\u00f3 de cada mat\u00e8ria (% activitats avaluables, % del treball a classe i a casa, \u2026).<\/li>\n<li>Termini m\u00e0xim recomanable per tornar les correccions: 1 setmana.<\/li>\n<\/ul>\n<\/li>\n<\/ul>\n<h5>NORMATIVA:<\/h5>\n<\/div>\n<ul>\n<li style=\"list-style-type: none;\">\n<ul>\n<li><strong><a href=\"https:\/\/xtec.gencat.cat\/ca\/curriculum\/eso\/\">Curr\u00edculum ESO<\/a><\/strong><\/li>\n<li style=\"text-align: justify;\"><strong><a href=\"https:\/\/xtec.gencat.cat\/ca\/curriculum\/batxillerat\/\">Curr\u00edculum BAT<\/a><\/strong><\/li>\n<li><strong><a href=\"https:\/\/xtec.gencat.cat\/ca\/curriculum\/professionals\/\">Curr\u00edculum CF<\/a><\/strong><\/li>\n<\/ul>\n<\/li>\n<\/ul>\n\n\n<p><\/p>\n","protected":false},"excerpt":{"rendered":"<p>Aqu\u00ed trobareu els criteris d&#8217;avaluaci\u00f3\u00a0per cursos i mat\u00e8ries:<br \/>\n&#8211;\u00a0<a style=\"color: #0000ff; text-decoration: underline;\" href=\"https:\/\/drive.google.com\/drive\/u\/1\/folders\/1M1uVzUVPdqv9wd96iW6-smJJGgRq05sv\" target=\"_blank\" rel=\"noopener noreferrer\">CRITERIS AVALUACI\u00d3<\/a><\/p>\n<ul>\n<li style=\"list-style-type: none;\">\n<ul style=\"list-style-type: circle;\">\n<li>Es faran un m\u00ednim de 2 activitats avaluables per trimestre de cada mat\u00e8ria.<\/li>\n<li>Quan es fixin les dates de les activitats avaluables el professorat les anotar\u00e0&hellip;  <a href=\"https:\/\/agora.xtec.cat\/insvilafant\/projecte-educatiu\/criteris-davaluacio\/\" title=\"Read Criteris d&#8217;Avaluaci\u00f3\">Llegeix m\u00e9s\u00bb<\/a><br \/>\n","protected":false},"author":1,"featured_media":0,"parent":57,"menu_order":40,"comment_status":"closed","ping_status":"closed","template":"page-templates\/side-menu.php","meta":{"_bbp_topic_count":0,"_bbp_reply_count":0,"_bbp_total_topic_count":0,"_bbp_total_reply_count":0,"_bbp_voice_count":0,"_bbp_anonymous_reply_count":0,"_bbp_topic_count_hidden":0,"_bbp_reply_count_hidden":0,"_bbp_forum_subforum_count":0,"footnotes":""},"class_list":["post-1105","page","type-page","status-publish","hentry"],"post_mailing_queue_ids":[],"_links":{"self":[{"href":"https:\/\/agora.xtec.cat\/insvilafant\/wp-json\/wp\/v2\/pages\/1105","targetHints":{"allow":["GET"]}}],"collection":[{"href":"https:\/\/agora.xtec.cat\/insvilafant\/wp-json\/wp\/v2\/pages"}],"about":[{"href":"https:\/\/agora.xtec.cat\/insvilafant\/wp-json\/wp\/v2\/types\/page"}],"author":[{"embeddable":true,"href":"https:\/\/agora.xtec.cat\/insvilafant\/wp-json\/wp\/v2\/users\/1"}],"replies":[{"embeddable":true,"href":"https:\/\/agora.xtec.cat\/insvilafant\/wp-json\/wp\/v2\/comments?post=1105"}],"version-history":[{"count":6,"href":"https:\/\/agora.xtec.cat\/insvilafant\/wp-json\/wp\/v2\/pages\/1105\/revisions"}],"predecessor-version":[{"id":11280,"href":"https:\/\/agora.xtec.cat\/insvilafant\/wp-json\/wp\/v2\/pages\/1105\/revisions\/11280"}],"up":[{"embeddable":true,"href":"https:\/\/agora.xtec.cat\/insvilafant\/wp-json\/wp\/v2\/pages\/57"}],"wp:attachment":[{"href":"https:\/\/agora.xtec.cat\/insvilafant\/wp-json\/wp\/v2\/media?parent=1105"}],"curies":[{"name":"wp","href":"https:\/\/api.w.org\/{rel}","templated":true}]}}