{"id":983,"date":"2016-06-17T19:21:17","date_gmt":"2016-06-17T17:21:17","guid":{"rendered":"http:\/\/agora.xtec.cat\/insviladomat\/?page_id=983"},"modified":"2025-07-08T19:07:13","modified_gmt":"2025-07-08T17:07:13","slug":"associat-a-lafa","status":"publish","type":"page","link":"https:\/\/agora.xtec.cat\/insviladomat\/afa\/associat-a-lafa\/","title":{"rendered":"AFA Qu\u00e9 fem? Associa&#8217;t!"},"content":{"rendered":"<h3><span style=\"font-family: Times New Roman,serif;\"><span style=\"font-size: medium;\"><span style=\"color: #333333;\"><span style=\"font-family: Arial,serif;\"><span lang=\"ca-ES\"><a href=\"mailto:afa@institutviladomat.cat\">afa@institutviladomat.cat<\/a><\/span><\/span><\/span><\/span><\/span><\/h3>\n<h3 style=\"text-align: left;\"><span style=\"color: #800080;\">Qu\u00e8 fem?<\/span><\/h3>\n<p align=\"justify\"><span style=\"font-family: Times New Roman,serif;\"><span style=\"font-size: medium;\"><span style=\"color: #333333;\"><span style=\"font-family: Arial,serif;\"><span lang=\"ca-ES\">L\u2019AFA <\/span><\/span><\/span><span style=\"color: #333333;\"><span style=\"font-family: Arial,serif;\"><span lang=\"ca-ES\">de Institut Viladomat \u00e9s l\u2019associaci\u00f3 de familiars de tots els alumnes del nostre centre. L\u2019AFA <\/span><\/span><\/span><span style=\"color: #333333;\"><span style=\"font-family: Arial,serif;\"><span lang=\"ca-ES\">organitza i s\u00b4encarrega de les activitats que es fan fora de l\u2019horari lectiu. D\u00f3na suport a l\u00b4equip directiu de l\u2019institut i vetlla per tot el proc\u00e9s educatiu dels nostres alumnes. Tamb\u00e9 <\/span><\/span><\/span><span style=\"color: #333333;\"><span style=\"font-family: Arial,serif;\"><span lang=\"ca-ES\">aporta els<\/span><\/span><\/span><b><span style=\"color: #333333;\"><span style=\"font-family: Arial,serif;\"><span lang=\"ca-ES\"> recursos b\u00e0sics<\/span><\/span><\/span><\/b><span style=\"color: #333333;\"><span style=\"font-family: Arial,serif;\"><span lang=\"ca-ES\"> per al funcionament del centre all\u00e0 on l\u2019administraci\u00f3 no pot arribar.<\/span><\/span><\/span><\/span><\/span><\/p>\n<p align=\"justify\"><a href=\"https:\/\/agora.xtec.cat\/insviladomat\/wp-content\/uploads\/usu299\/2025\/07\/AFA-Viladomat-2.pdf\"><img loading=\"lazy\" decoding=\"async\" class=\"alignnone wp-image-8591 size-large\" src=\"https:\/\/agora.xtec.cat\/insviladomat\/wp-content\/uploads\/usu299\/2025\/07\/AFA-Viladomat-2-pdf-1024x576.jpg\" alt=\"\" width=\"1024\" height=\"576\" \/><\/a><\/p>\n<p class=\"p1\">Ens organitzem amb una junta,\u00a0 treballem per comissions i tamb\u00e9 duent a terme activitats puntuals. Participa! depenent de la teva disponibilitat pots comprometre\u2019t de la manera que decideixis.<\/p>\n<p class=\"p2\">La <strong>Junta Directiva<\/strong> \u00e9s l\u2019\u00f2rgan gestor de l\u2019associaci\u00f3 i est\u00e0 formada per pares i mares voluntaris designats a l\u2019assemblea general, que es comprometen a desenvolupar els objectius de l\u2019associaci\u00f3 i a vetllar perqu\u00e8 es compleixin. La composici\u00f3 de la Junta actual \u00e9s la seg\u00fcent:<\/p>\n<ul>\n<li style=\"list-style-type: none;\">\n<ul class=\"ul1\">\n<li class=\"li4\"><span class=\"s1\">Presid\u00e8ncia: Gemma Solanich Alcalde<\/span><\/li>\n<li class=\"li4\"><span class=\"s1\">Tresoreria: Betlem Garc\u00eda Sangr\u00e0\u00a0<\/span><\/li>\n<li class=\"li4\"><span class=\"s1\">Secretaria: Mar\u00eda Dolores Rodr\u00edguez Carballas<\/span><\/li>\n<\/ul>\n<\/li>\n<\/ul>\n<p><strong>Comissi\u00f3 extraescolars<\/strong> Seguiment de les activitats i casals.\u00a0Coordinaci\u00f3 amb l\u2019Associaci\u00f3 l\u00fadica-cultural-esportiva <a href=\"https:\/\/team-org.com\/\" target=\"_blank\" rel=\"noopener\">TEAM<\/a> <a href=\"mailto:extraescolars-afa@institutviladomat.cat\">extraescolars-afa@institutviladomat.cat<\/a><\/p>\n<p><strong>Projecte Re-llegint\u00a0 <\/strong>Reutilitzaci\u00f3 dels llibres de lectura per a potenciar els valors del consum racional i sostenible. <a href=\"mailto:rellegint-afa@institutviladomat.cat\">rellegint-afa@institutviladomat.cat<\/a><\/p>\n<p><strong>Comissi\u00f3 Consci\u00e8ncia Social i Participaci\u00f3<\/strong>\u00a0Organitxem xerrades per les fam\u00edlies i participem de les activitats del barri. <a href=\"mailto:ccs-afa@institutviladomat.cat\">ccs-afa@institutviladomat.cat<\/a><\/p>\n<p><strong>Comissi\u00f3 Econ\u00f2mica<\/strong> Control dels pagaments i quotes. Pressupostos de l\u2019AFA. Subvencions.<\/p>\n<h3 style=\"text-align: left;\"><span style=\"color: #800080;\">Associa&#8217;t a l&#8217;AFA<\/span><\/h3>\n<p align=\"justify\">Poden ser socis de l\u2019associaci\u00f3 totes les fam\u00edlies o representants legals dels alumnes matriculats al centre que manifestin la seva voluntat de pert\u00e0nyer a l\u2019entitat. Et pots inscriure en el moment de matriculaci\u00f3, a la secretaria del centre o contactant amb nosaltres via mail.<\/p>\n<p>Per fer-vos socis, heu d\u2019omplir el\u00a0<strong><a href=\"https:\/\/forms.gle\/KwRcYMuvhmg3dQhW6\" target=\"_blank\" rel=\"noopener noreferrer\">formulari d\u2019alta &gt;&gt;\u00a0<\/a>amb les vostres dades.<\/strong><\/p>\n<p>Per modificar les dades actuals, heu d\u2019enviar un email a l&#8217;AFA.<\/p>\n<p>Per ser soci i gaudir de les activitats i serveis es paga una <strong>quota de 40\u20ac per curs i fam\u00edlia<\/strong> que es cobrar\u00e0 en un rebut \u00fanic al gener\/febrer.<\/p>\n<p>Participa en les reunions mensuals, que s\u00f3n obertes a tothom que hi vulgui assistir. Ens trobem\u00a0<strong>el primer dimecres de cada mes a les 19.30 h<\/strong> a l\u2019Institut pr\u00e8via convocatoria. Pots comprometre\u2019t en un c\u00e0rrec o de manera puntual en una activitat concreta.<\/p>\n<p>L\u2019Educaci\u00f3 Secund\u00e0ria \u00e9s una etapa molt important en el desenvolupament dels nostres fills. \u00c9s necessari que les fam\u00edlies ens impliquem per tal de millorar aquest proc\u00e9s maduratiu.<\/p>\n<hr size=\"4\" \/>\n<p>&nbsp;<\/p>\n<table>\n<tbody>\n<tr>\n<td><a title=\"Facebook-AFA\" href=\"https:\/\/www.facebook.com\/AFA-Institut-Viladomat-243895562682510\/\" target=\"_blank\" rel=\"noopener noreferrer\"><img decoding=\"async\" src=\"http:\/\/agora.xtec.cat\/insviladomat\/wp-content\/uploads\/usu299\/2017\/02\/Facebook.png\" \/><\/a><\/td>\n<td><a href=\"https:\/\/twitter.com\/AfaViladomat\" target=\"_blank\" rel=\"noopener noreferrer\"><img loading=\"lazy\" decoding=\"async\" class=\"center\" src=\"http:\/\/agora.xtec.cat\/insviladomat\/wp-content\/uploads\/usu299\/2017\/02\/Twitter.png\" width=\"48\" height=\"48\" \/><\/a><\/td>\n<\/tr>\n<\/tbody>\n<\/table>\n","protected":false},"excerpt":{"rendered":"<p><a href=\"mailto:afa@institutviladomat.cat\">afa@institutviladomat.cat<\/a><br \/>\nQu\u00e8 fem?<br \/>\nL\u2019AFA de Institut Viladomat \u00e9s l\u2019associaci\u00f3 de familiars de tots els alumnes del nostre centre. L\u2019AFA organitza i s\u00b4encarrega de les activitats que es fan fora de l\u2019horari lectiu. D\u00f3na suport a l\u00b4equip directiu de l\u2019institut i vetlla per tot el proc\u00e9s educatiu&hellip;  <a href=\"https:\/\/agora.xtec.cat\/insviladomat\/afa\/associat-a-lafa\/\" title=\"Read AFA Qu\u00e9 fem? Associa&#8217;t!\">Llegeix m\u00e9s\u00bb<\/a><\/p>\n","protected":false},"author":1,"featured_media":0,"parent":969,"menu_order":6,"comment_status":"closed","ping_status":"closed","template":"page-templates\/side-menu.php","meta":{"_bbp_topic_count":0,"_bbp_reply_count":0,"_bbp_total_topic_count":0,"_bbp_total_reply_count":0,"_bbp_voice_count":0,"_bbp_anonymous_reply_count":0,"_bbp_topic_count_hidden":0,"_bbp_reply_count_hidden":0,"_bbp_forum_subforum_count":0,"footnotes":""},"class_list":["post-983","page","type-page","status-publish","hentry"],"post_mailing_queue_ids":[],"_links":{"self":[{"href":"https:\/\/agora.xtec.cat\/insviladomat\/wp-json\/wp\/v2\/pages\/983","targetHints":{"allow":["GET"]}}],"collection":[{"href":"https:\/\/agora.xtec.cat\/insviladomat\/wp-json\/wp\/v2\/pages"}],"about":[{"href":"https:\/\/agora.xtec.cat\/insviladomat\/wp-json\/wp\/v2\/types\/page"}],"author":[{"embeddable":true,"href":"https:\/\/agora.xtec.cat\/insviladomat\/wp-json\/wp\/v2\/users\/1"}],"replies":[{"embeddable":true,"href":"https:\/\/agora.xtec.cat\/insviladomat\/wp-json\/wp\/v2\/comments?post=983"}],"version-history":[{"count":9,"href":"https:\/\/agora.xtec.cat\/insviladomat\/wp-json\/wp\/v2\/pages\/983\/revisions"}],"predecessor-version":[{"id":8592,"href":"https:\/\/agora.xtec.cat\/insviladomat\/wp-json\/wp\/v2\/pages\/983\/revisions\/8592"}],"up":[{"embeddable":true,"href":"https:\/\/agora.xtec.cat\/insviladomat\/wp-json\/wp\/v2\/pages\/969"}],"wp:attachment":[{"href":"https:\/\/agora.xtec.cat\/insviladomat\/wp-json\/wp\/v2\/media?parent=983"}],"curies":[{"name":"wp","href":"https:\/\/api.w.org\/{rel}","templated":true}]}}