{"id":975,"date":"2022-02-10T10:10:22","date_gmt":"2022-02-10T09:10:22","guid":{"rendered":"http:\/\/agora.xtec.cat\/insviladomat\/?page_id=975"},"modified":"2025-09-08T18:04:12","modified_gmt":"2025-09-08T16:04:12","slug":"menjador-escolar","status":"publish","type":"page","link":"https:\/\/agora.xtec.cat\/insviladomat\/menjador-escolar\/","title":{"rendered":"Menjador"},"content":{"rendered":"<ul>\n<li><strong>Servei diari de menjador.\u00a0 <span style=\"font-weight: 400;\">Podeu consultar el <\/span><a href=\"https:\/\/drive.google.com\/file\/d\/19sgeIvOcCu0uappNn0yJLROqC7LHjdt4\/view?usp=sharing\" target=\"_blank\" rel=\"noopener noreferrer\"><span style=\"font-weight: 400;\">Projecte de cuina ecol\u00f2gica<\/span><\/a>\u00a0<span style=\"font-weight: 400;\">\r\n\t<div class=\"slideshow_container slideshow_container_style-light\" style=\"height: 300px; \" data-slideshow-id=\"3509\" data-style-name=\"style-light\" data-style-version=\"2.3.1\" >\r\n\r\n\t\t\t\t\t<div class=\"slideshow_loading_icon\"><\/div>\r\n\t\t\r\n\t\t<div class=\"slideshow_content\" style=\"display: none;\">\r\n\r\n\t\t\t<div class=\"slideshow_view\">\r\n\t\t\t\t<div class=\"slideshow_slide slideshow_slide_image\">\r\n\t\t\t\t\t\t\t\t\t\t\t<img src=\"https:\/\/agora.xtec.cat\/insviladomat\/wp-content\/uploads\/usu299\/2019\/01\/rsz_fam2.jpg\" alt=\"Divendres amb fam\u00edlia\" width=\"1984\" height=\"1488\" \/>\r\n\t\t\t\t\t\t\t\t\t\t<div class=\"slideshow_description_box slideshow_transparent\">\r\n\t\t\t\t\t\t<div class=\"slideshow_title\">Divendres amb fam\u00edlia<\/div>\t\t\t\t\t\t\t\t\t\t\t<\/div>\r\n\t\t\t\t<\/div>\r\n\r\n\t\t\t\t\t\t<div style=\"clear: both;\"><\/div><\/div><div class=\"slideshow_view\">\r\n\t\t\t\t<div class=\"slideshow_slide slideshow_slide_image\">\r\n\t\t\t\t\t\t\t\t\t\t\t<img src=\"https:\/\/agora.xtec.cat\/insviladomat\/wp-content\/uploads\/usu299\/2019\/01\/rsz_2fam3.jpg\" alt=\"Divendres amb fam\u00edlia\" width=\"1984\" height=\"1488\" \/>\r\n\t\t\t\t\t\t\t\t\t\t<div class=\"slideshow_description_box slideshow_transparent\">\r\n\t\t\t\t\t\t<div class=\"slideshow_title\">Divendres amb fam\u00edlia<\/div>\t\t\t\t\t\t\t\t\t\t\t<\/div>\r\n\t\t\t\t<\/div>\r\n\r\n\t\t\t\t\t\t<div style=\"clear: both;\"><\/div><\/div><div class=\"slideshow_view\">\r\n\t\t\t\t<div class=\"slideshow_slide slideshow_slide_image\">\r\n\t\t\t\t\t\t\t\t\t\t\t<img src=\"https:\/\/agora.xtec.cat\/insviladomat\/wp-content\/uploads\/usu299\/2019\/01\/rsz_1cuina.jpg\" alt=\"la cuina\" width=\"1984\" height=\"1488\" \/>\r\n\t\t\t\t\t\t\t\t\t\t<div class=\"slideshow_description_box slideshow_transparent\">\r\n\t\t\t\t\t\t<div class=\"slideshow_title\">la cuina<\/div>\t\t\t\t\t\t\t\t\t\t\t<\/div>\r\n\t\t\t\t<\/div>\r\n\r\n\t\t\t\t\t\t<div style=\"clear: both;\"><\/div><\/div><div class=\"slideshow_view\">\r\n\t\t\t\t<div class=\"slideshow_slide slideshow_slide_image\">\r\n\t\t\t\t\t\t\t\t\t\t\t<img src=\"https:\/\/agora.xtec.cat\/insviladomat\/wp-content\/uploads\/usu299\/2019\/01\/rsz_nn.jpg\" alt=\"El dinar\" width=\"1984\" height=\"1488\" \/>\r\n\t\t\t\t\t\t\t\t\t\t<div class=\"slideshow_description_box slideshow_transparent\">\r\n\t\t\t\t\t\t<div class=\"slideshow_title\">El dinar<\/div>\t\t\t\t\t\t\t\t\t\t\t<\/div>\r\n\t\t\t\t<\/div>\r\n\r\n\t\t\t\t\t\t<div style=\"clear: both;\"><\/div><\/div><div class=\"slideshow_view\">\r\n\t\t\t\t<div class=\"slideshow_slide slideshow_slide_image\">\r\n\t\t\t\t\t\t\t\t\t\t\t<img src=\"https:\/\/agora.xtec.cat\/insviladomat\/wp-content\/uploads\/usu299\/2019\/01\/IMG-20190110-WA0037.jpg\" alt=\"Taller per a joves\" width=\"1024\" height=\"768\" \/>\r\n\t\t\t\t\t\t\t\t\t\t<div class=\"slideshow_description_box slideshow_transparent\">\r\n\t\t\t\t\t\t<div class=\"slideshow_title\">Taller per a joves<\/div>\t\t\t\t\t\t\t\t\t\t\t<\/div>\r\n\t\t\t\t<\/div>\r\n\r\n\t\t\t\t\t\t<div style=\"clear: both;\"><\/div><\/div>\r\n\t\t<\/div>\r\n\r\n\t\t<div class=\"slideshow_controlPanel slideshow_transparent\" style=\"display: none;\"><ul><li class=\"slideshow_togglePlay\" data-play-text=\"Visualitza\" data-pause-text=\"Pausa\"><\/li><\/ul><\/div>\r\n\r\n\t\t<div class=\"slideshow_button slideshow_previous slideshow_transparent\" role=\"button\" data-previous-text=\"Anterior\" style=\"display: none;\"><\/div>\r\n\t\t<div class=\"slideshow_button slideshow_next slideshow_transparent\" role=\"button\" data-next-text=\"Seg\u00fcent\" style=\"display: none;\"><\/div>\r\n\r\n\t\t<div class=\"slideshow_pagination\" style=\"display: none;\" data-go-to-text=\"V\u00e9s a la diapositiva\"><div class=\"slideshow_pagination_center\"><\/div><\/div>\r\n\r\n\t\t<!-- WordPress Slideshow Version 2.3.1 -->\r\n\r\n\t\t\t<\/div>\r\n\r\n<\/span><\/strong><\/li>\n<\/ul>\n<p><span style=\"font-weight: 400;\">Els preus s\u00f3n els seg\u00fcents:<\/span><\/p>\n<ul>\n<li style=\"list-style-type: none;\">\n<ul>\n<li style=\"list-style-type: none;\">\n<ul style=\"list-style-type: circle;\">\n<li><strong>Fixes: 7,13 euros\/alumne\/dia<\/strong><\/li>\n<li><strong>Espor\u00e0dics: 7,85 euros\/alumne\/dia<\/strong><\/li>\n<\/ul>\n<\/li>\n<\/ul>\n<\/li>\n<\/ul>\n<p>L\u2019horari \u00e9s de <strong>14:40h<\/strong> a <strong>16:00h.<\/strong><\/p>\n<p><span style=\"font-weight: 400;\">Podeu consultar el men\u00fa mensual a la web de l\u2019institut.<\/span><\/p>\n<p><span style=\"font-weight: 400;\">Caldr\u00e0 que cada infant porti el seu tovall\u00f3 de roba, amb l&#8217;objectiu d&#8217;evitar els residus dels tovallons d&#8217;un sol \u00fas.\u00a0<\/span><\/p>\n<p><span style=\"font-weight: 400;\">Trobareu tota la informaci\u00f3 dels <strong>ajuts de <\/strong><\/span><span style=\"font-weight: 400;\"><strong>menjador<\/strong> <\/span><span style=\"font-weight: 400;\">al Consorci, en aquest l&#8217;enlla\u00e7: <\/span><a href=\"https:\/\/www.edubcn.cat\/ca\/alumnat_i_familia\/ajuts_beques_i_subvencions\/ajuts_de_menjador_escolar\" target=\"_blank\" rel=\"noopener noreferrer\"><span style=\"font-weight: 400;\">https:\/\/www.edubcn.cat\/ca\/alumnat_i_familia\/ajuts_beques_i_subvencions\/convocatories_ceb\/ajuts_de_menjador<\/span><\/a><\/p>\n<div><\/div>\n<div><\/div>\n<h5><b>CORREUS DE CONTACTE<\/b><\/h5>\n<p><strong>menjador@institutviladomat.cat<\/strong><span style=\"font-weight: 400;\"> per a comunicaci\u00f3 de baixes\/altes, dies espor\u00e0dics, abs\u00e8ncies, administraci\u00f3 de medicaments, dietes i beques. <strong>Correu gestionat per la Cooperativa Panzanella (Neus, coordinadora)<\/strong>.<\/span><\/p>\n<p><span style=\"font-weight: 400;\">\u00a0<\/span><\/p>\n<h5><b>SERVEI DE CANTINA<\/b><\/h5>\n<p><span style=\"font-weight: 400;\">Oferim servei de cantina amb entrepans per al primer pati. El preu de l&#8217;entrep\u00e0 gran (1\/2 baguet) amb tom\u00e0quet i embotit o formatge \u00e9s de 2,30 \u20ac, l&#8217;entrep\u00e0 mitj\u00e0 \u00e9s d\u20191,80 \u20ac i el g<\/span>ot de llet amb Cola-cao: 1\u20ac.<\/p>\n<p><span style=\"font-weight: 400;\">Si alguna fam\u00edlia est\u00e0 interessada a tenir aquest servei fix, que ho comuniqui per correu electr\u00f2nic a <\/span><span style=\"font-weight: 400;\">menjador@institutviladomat.cat<\/span><\/p>\n<p><a href=\"https:\/\/agora.xtec.cat\/insviladomat\/wp-content\/uploads\/usu299\/2022\/02\/5c4eda46-a01f-4044-bb7e-ee76a0ba5aa4-copia-e1644683755338.jpg\"><img loading=\"lazy\" decoding=\"async\" class=\"alignnone size-large wp-image-6630\" src=\"https:\/\/agora.xtec.cat\/insviladomat\/wp-content\/uploads\/usu299\/2022\/02\/5c4eda46-a01f-4044-bb7e-ee76a0ba5aa4-copia-e1644683755338-1024x573.jpg\" alt=\"\" width=\"1024\" height=\"573\" srcset=\"https:\/\/agora.xtec.cat\/insviladomat\/wp-content\/uploads\/usu299\/2022\/02\/5c4eda46-a01f-4044-bb7e-ee76a0ba5aa4-copia-e1644683755338-1024x573.jpg 1024w, https:\/\/agora.xtec.cat\/insviladomat\/wp-content\/uploads\/usu299\/2022\/02\/5c4eda46-a01f-4044-bb7e-ee76a0ba5aa4-copia-e1644683755338-300x168.jpg 300w, https:\/\/agora.xtec.cat\/insviladomat\/wp-content\/uploads\/usu299\/2022\/02\/5c4eda46-a01f-4044-bb7e-ee76a0ba5aa4-copia-e1644683755338-768x430.jpg 768w, https:\/\/agora.xtec.cat\/insviladomat\/wp-content\/uploads\/usu299\/2022\/02\/5c4eda46-a01f-4044-bb7e-ee76a0ba5aa4-copia-e1644683755338-1536x859.jpg 1536w, https:\/\/agora.xtec.cat\/insviladomat\/wp-content\/uploads\/usu299\/2022\/02\/5c4eda46-a01f-4044-bb7e-ee76a0ba5aa4-copia-e1644683755338.jpg 1578w\" sizes=\"auto, (max-width: 1024px) 100vw, 1024px\" \/><\/a><\/p>\n<ul style=\"list-style-type: circle;\">\n<li style=\"list-style-type: none;\">\n<ul style=\"list-style-type: circle;\">\n<li><a href=\"https:\/\/agora.xtec.cat\/insviladomat\/wp-content\/uploads\/usu299\/2022\/02\/Normativa-menjador-Viladomat.pdf\" target=\"_blank\" rel=\"noopener noreferrer\">Normes de funcionament del Menjador<\/a><\/li>\n<li>Autoritzaci\u00f3 administraci\u00f3 de medicaments del menjador<\/li>\n<\/ul>\n<\/li>\n<\/ul>\n<p>&nbsp;<\/p>\n<p>&nbsp;<\/p>\n","protected":false},"excerpt":{"rendered":"<ul>\n<li>Servei diari de menjador.\u00a0 Podeu consultar el <a href=\"https:\/\/drive.google.com\/file\/d\/19sgeIvOcCu0uappNn0yJLROqC7LHjdt4\/view?usp=sharing\" target=\"_blank\" rel=\"noopener noreferrer\">Projecte de cuina ecol\u00f2gica<\/a>\u00a0\n<p>\t\t\t\t\t\tDivendres amb fam\u00edlia\t\t\t\t\t\t\t\t\t\t\t<\/p>\n<p>\t\t\t\t\t\tDivendres amb fam\u00edlia\t\t\t\t\t\t\t\t\t\t\t<\/p>\n<p>\t\t\t\t\t\tla cuina\t\t\t\t\t\t\t\t\t\t\t<\/p>\n<p>\t\t\t\t\t\tEl dinar\t\t\t\t\t\t\t\t\t\t\t<\/p>\n<p>\t\t\t\t\t\tTaller per a joves\t\t\t\t\t\t\t\t\t\t\t<\/p>\n<ul>\n<li class=\"slideshow_togglePlay\" data-play-text=\"Visualitza\" data-pause-text=\"Pausa\"><\/li>\n<\/ul>\n<\/li>\n<\/ul>\n<p>Els preus s\u00f3n els seg\u00fcents:<\/p>\n<ul>\n<li style=\"list-style-type: none;\">\n<ul>\n<li style=\"list-style-type: none;\">\n<ul style=\"list-style-type: circle;\">\n<li>Fixes: 7,13 euros\/alumne\/dia<\/li>\n<li>Espor\u00e0dics: 7,85 euros\/alumne\/dia<\/li>\n<\/ul>\n<\/li>\n<\/ul>\n<\/li>\n<\/ul>\n<p>L\u2019horari \u00e9s de 14:40h a&hellip;  <a href=\"https:\/\/agora.xtec.cat\/insviladomat\/menjador-escolar\/\" title=\"Read Menjador\">Llegeix m\u00e9s\u00bb<\/a><\/p>\n","protected":false},"author":1,"featured_media":0,"parent":0,"menu_order":1,"comment_status":"closed","ping_status":"closed","template":"page-templates\/side-menu.php","meta":{"_bbp_topic_count":0,"_bbp_reply_count":0,"_bbp_total_topic_count":0,"_bbp_total_reply_count":0,"_bbp_voice_count":0,"_bbp_anonymous_reply_count":0,"_bbp_topic_count_hidden":0,"_bbp_reply_count_hidden":0,"_bbp_forum_subforum_count":0,"footnotes":""},"class_list":["post-975","page","type-page","status-publish","hentry"],"post_mailing_queue_ids":[],"_links":{"self":[{"href":"https:\/\/agora.xtec.cat\/insviladomat\/wp-json\/wp\/v2\/pages\/975","targetHints":{"allow":["GET"]}}],"collection":[{"href":"https:\/\/agora.xtec.cat\/insviladomat\/wp-json\/wp\/v2\/pages"}],"about":[{"href":"https:\/\/agora.xtec.cat\/insviladomat\/wp-json\/wp\/v2\/types\/page"}],"author":[{"embeddable":true,"href":"https:\/\/agora.xtec.cat\/insviladomat\/wp-json\/wp\/v2\/users\/1"}],"replies":[{"embeddable":true,"href":"https:\/\/agora.xtec.cat\/insviladomat\/wp-json\/wp\/v2\/comments?post=975"}],"version-history":[{"count":7,"href":"https:\/\/agora.xtec.cat\/insviladomat\/wp-json\/wp\/v2\/pages\/975\/revisions"}],"predecessor-version":[{"id":8581,"href":"https:\/\/agora.xtec.cat\/insviladomat\/wp-json\/wp\/v2\/pages\/975\/revisions\/8581"}],"wp:attachment":[{"href":"https:\/\/agora.xtec.cat\/insviladomat\/wp-json\/wp\/v2\/media?parent=975"}],"curies":[{"name":"wp","href":"https:\/\/api.w.org\/{rel}","templated":true}]}}