{"id":973,"date":"2016-06-17T19:11:16","date_gmt":"2016-06-17T18:11:16","guid":{"rendered":"http:\/\/agora.xtec.cat\/insviladomat\/?page_id=973"},"modified":"2025-07-01T15:07:59","modified_gmt":"2025-07-01T13:07:59","slug":"extraescolars","status":"publish","type":"page","link":"https:\/\/agora.xtec.cat\/insviladomat\/afa\/extraescolars\/","title":{"rendered":"Extraescolars 2025\/2026"},"content":{"rendered":"<p style=\"text-align: center;\"><img loading=\"lazy\" decoding=\"async\" class=\"size-full wp-image-3818 aligncenter\" src=\"https:\/\/agora.xtec.cat\/insviladomat\/wp-content\/uploads\/usu299\/2019\/04\/EXTRAESCOLARS1.png\" alt=\"\" width=\"240\" height=\"89\" \/><\/p>\n<p style=\"text-align: center;\"><a href=\"mailto:extraescolars-afa@institutviladomat.cat\">extraescolars-afa@institutviladomat.cat<\/a><\/p>\n<p>Pel que fa les activitats extraescolars,\u00a0a l&#8217;<a href=\"https:\/\/agora.xtec.cat\/insviladomat\/wp-content\/uploads\/usu299\/2025\/07\/ACTIVITATS-EXTRAESCOLARS.-IES-Viladomat-2025-26-TEAM_c-1.pdf\" target=\"_blank\" rel=\"noopener\">arxiu<\/a> seg\u00fcent trobareu el programa d&#8217;activitats ofertes per l&#8217;empresa TEAM, la seva descripci\u00f3, horaris, preus i procediment d&#8217;inscripci\u00f3.<\/p>\n<p><strong>PROGRAMA DE EXTRAESCOLARS INS VILADOMAT 2025\/2026<\/strong><\/p>\n<p><a href=\"https:\/\/agora.xtec.cat\/insviladomat\/wp-content\/uploads\/usu299\/2025\/07\/Imagen-Extraescolares-IES-Viladomat.png\" rel=\"noopener\"><img loading=\"lazy\" decoding=\"async\" class=\"alignnone wp-image-8578 size-large\" src=\"https:\/\/agora.xtec.cat\/insviladomat\/wp-content\/uploads\/usu299\/2025\/07\/Imagen-Extraescolares-IES-Viladomat-1024x584.png\" alt=\"\" width=\"1024\" height=\"584\" srcset=\"https:\/\/agora.xtec.cat\/insviladomat\/wp-content\/uploads\/usu299\/2025\/07\/Imagen-Extraescolares-IES-Viladomat-1024x584.png 1024w, https:\/\/agora.xtec.cat\/insviladomat\/wp-content\/uploads\/usu299\/2025\/07\/Imagen-Extraescolares-IES-Viladomat-300x171.png 300w, https:\/\/agora.xtec.cat\/insviladomat\/wp-content\/uploads\/usu299\/2025\/07\/Imagen-Extraescolares-IES-Viladomat-768x438.png 768w, https:\/\/agora.xtec.cat\/insviladomat\/wp-content\/uploads\/usu299\/2025\/07\/Imagen-Extraescolares-IES-Viladomat.png 1438w\" sizes=\"auto, (max-width: 1024px) 100vw, 1024px\" \/><\/a><\/p>\n<p>Dates d&#8217;inscripci\u00f3:<\/p>\n<p>&#8211; <strong>Alumnes que ja feien alguna extraescolar<\/strong> aquest curs i que volen continuar fent la mateixa activitat:<\/p>\n<p>DEL 15 AL 20 DE JUNY 2025<\/p>\n<p>&nbsp;<\/p>\n<p>&#8211; <strong>Alumnes de l&#8217;Institut Viladomat<\/strong> que volen inscriure&#8217;s a <strong>una nova activitat<\/strong> (2n ESO fins a 2n Batxillerat):<\/p>\n<p>DEL 23 AL 27 DE JUNY 2025<\/p>\n<p>DEL 10\u00a0 AL 15 DE JULIOL 2025<\/p>\n<p>&nbsp;<\/p>\n<p>&#8211; <strong>Alumnes de 1r d\u2019ESO i alumnes nous de 1r i 2n Batxillerat 24\/25<\/strong><\/p>\n<p>DEL 9 AL 15 DE JULIOL 2025<\/p>\n<p>&nbsp;<\/p>\n<p>&#8211; <strong>Alumnes de fora del centre\u00a0<\/strong><\/p>\n<p>DEL 1 AL 9 DE SETEMBRE 2025<\/p>\n<p>&nbsp;<\/p>\n<p>&nbsp;<\/p>\n<p>&nbsp;<\/p>\n","protected":false},"excerpt":{"rendered":"<p><a href=\"mailto:extraescolars-afa@institutviladomat.cat\">extraescolars-afa@institutviladomat.cat<\/a><br \/>\nPel que fa les activitats extraescolars,\u00a0a l&#8217;<a href=\"https:\/\/agora.xtec.cat\/insviladomat\/wp-content\/uploads\/usu299\/2025\/07\/ACTIVITATS-EXTRAESCOLARS.-IES-Viladomat-2025-26-TEAM_c-1.pdf\" target=\"_blank\" rel=\"noopener\">arxiu<\/a> seg\u00fcent trobareu el programa d&#8217;activitats ofertes per l&#8217;empresa TEAM, la seva descripci\u00f3, horaris, preus i procediment d&#8217;inscripci\u00f3.<br \/>\nPROGRAMA DE EXTRAESCOLARS INS VILADOMAT 2025\/2026<br \/>\n<a href=\"https:\/\/agora.xtec.cat\/insviladomat\/wp-content\/uploads\/usu299\/2025\/07\/Imagen-Extraescolares-IES-Viladomat.png\" rel=\"noopener\"><\/a><br \/>\nDates d&#8217;inscripci\u00f3:<br \/>\n&#8211; Alumnes que ja feien alguna extraescolar aquest curs i&hellip;  <a href=\"https:\/\/agora.xtec.cat\/insviladomat\/afa\/extraescolars\/\" title=\"Read Extraescolars 2025\/2026\">Llegeix m\u00e9s\u00bb<\/a><\/p>\n","protected":false},"author":1,"featured_media":0,"parent":969,"menu_order":2,"comment_status":"closed","ping_status":"closed","template":"page-templates\/side-menu.php","meta":{"_bbp_topic_count":0,"_bbp_reply_count":0,"_bbp_total_topic_count":0,"_bbp_total_reply_count":0,"_bbp_voice_count":0,"_bbp_anonymous_reply_count":0,"_bbp_topic_count_hidden":0,"_bbp_reply_count_hidden":0,"_bbp_forum_subforum_count":0,"footnotes":""},"class_list":["post-973","page","type-page","status-publish","hentry"],"post_mailing_queue_ids":[],"_links":{"self":[{"href":"https:\/\/agora.xtec.cat\/insviladomat\/wp-json\/wp\/v2\/pages\/973","targetHints":{"allow":["GET"]}}],"collection":[{"href":"https:\/\/agora.xtec.cat\/insviladomat\/wp-json\/wp\/v2\/pages"}],"about":[{"href":"https:\/\/agora.xtec.cat\/insviladomat\/wp-json\/wp\/v2\/types\/page"}],"author":[{"embeddable":true,"href":"https:\/\/agora.xtec.cat\/insviladomat\/wp-json\/wp\/v2\/users\/1"}],"replies":[{"embeddable":true,"href":"https:\/\/agora.xtec.cat\/insviladomat\/wp-json\/wp\/v2\/comments?post=973"}],"version-history":[{"count":9,"href":"https:\/\/agora.xtec.cat\/insviladomat\/wp-json\/wp\/v2\/pages\/973\/revisions"}],"predecessor-version":[{"id":8580,"href":"https:\/\/agora.xtec.cat\/insviladomat\/wp-json\/wp\/v2\/pages\/973\/revisions\/8580"}],"up":[{"embeddable":true,"href":"https:\/\/agora.xtec.cat\/insviladomat\/wp-json\/wp\/v2\/pages\/969"}],"wp:attachment":[{"href":"https:\/\/agora.xtec.cat\/insviladomat\/wp-json\/wp\/v2\/media?parent=973"}],"curies":[{"name":"wp","href":"https:\/\/api.w.org\/{rel}","templated":true}]}}