{"id":7638,"date":"2023-04-21T12:36:08","date_gmt":"2023-04-21T10:36:08","guid":{"rendered":"https:\/\/agora.xtec.cat\/insviladomat\/?page_id=7638"},"modified":"2025-02-24T16:56:44","modified_gmt":"2025-02-24T15:56:44","slug":"import-daportacions-voluntaries","status":"publish","type":"page","link":"https:\/\/agora.xtec.cat\/insviladomat\/import-daportacions-voluntaries\/","title":{"rendered":"Aportacions volunt\u00e0ries i Pressupost anual"},"content":{"rendered":"<p>L&#8217;import d&#8217;aportacions volunt\u00e0ries \u00e9s de <strong>110<\/strong> euros<\/p>\n<p>&nbsp;<\/p>\n<p>Pressupost anual<\/p>\n","protected":false},"excerpt":{"rendered":"<p>L&#8217;import d&#8217;aportacions volunt\u00e0ries \u00e9s de 110 euros<br \/>\n&nbsp;<br \/>\nPressupost anual<\/p>\n","protected":false},"author":6,"featured_media":0,"parent":0,"menu_order":0,"comment_status":"closed","ping_status":"closed","template":"","meta":{"_bbp_topic_count":0,"_bbp_reply_count":0,"_bbp_total_topic_count":0,"_bbp_total_reply_count":0,"_bbp_voice_count":0,"_bbp_anonymous_reply_count":0,"_bbp_topic_count_hidden":0,"_bbp_reply_count_hidden":0,"_bbp_forum_subforum_count":0,"footnotes":""},"class_list":["post-7638","page","type-page","status-publish","hentry"],"post_mailing_queue_ids":[],"_links":{"self":[{"href":"https:\/\/agora.xtec.cat\/insviladomat\/wp-json\/wp\/v2\/pages\/7638","targetHints":{"allow":["GET"]}}],"collection":[{"href":"https:\/\/agora.xtec.cat\/insviladomat\/wp-json\/wp\/v2\/pages"}],"about":[{"href":"https:\/\/agora.xtec.cat\/insviladomat\/wp-json\/wp\/v2\/types\/page"}],"author":[{"embeddable":true,"href":"https:\/\/agora.xtec.cat\/insviladomat\/wp-json\/wp\/v2\/users\/6"}],"replies":[{"embeddable":true,"href":"https:\/\/agora.xtec.cat\/insviladomat\/wp-json\/wp\/v2\/comments?post=7638"}],"version-history":[{"count":6,"href":"https:\/\/agora.xtec.cat\/insviladomat\/wp-json\/wp\/v2\/pages\/7638\/revisions"}],"predecessor-version":[{"id":8415,"href":"https:\/\/agora.xtec.cat\/insviladomat\/wp-json\/wp\/v2\/pages\/7638\/revisions\/8415"}],"wp:attachment":[{"href":"https:\/\/agora.xtec.cat\/insviladomat\/wp-json\/wp\/v2\/media?parent=7638"}],"curies":[{"name":"wp","href":"https:\/\/api.w.org\/{rel}","templated":true}]}}