{"id":57,"date":"2014-09-17T17:01:07","date_gmt":"2014-09-17T17:01:07","guid":{"rendered":"http:\/\/agora.xtec.cat\/insviladomat\/\/?page_id=57"},"modified":"2022-06-13T09:01:19","modified_gmt":"2022-06-13T07:01:19","slug":"projecte-educatiu","status":"publish","type":"page","link":"https:\/\/agora.xtec.cat\/insviladomat\/projecte-educatiu\/","title":{"rendered":"PROJECTE EDUCATIU"},"content":{"rendered":"<h5><strong>APRENENTATGE COM A PROC\u00c9S<\/strong><\/h5>\n<p><a href=\"https:\/\/drive.google.com\/file\/d\/1eL8eakQH-DLZyGrnxmoSN9kT3ynhvSmz\/view?usp=sharing\">PEC_Viladomat<\/a><\/p>\n<p>El coneixement es crea posant en relaci\u00f3 tot all\u00f2 que la persona ja sap amb all\u00f2 que descobreix. L\u2019aprenentatge \u00e9s un intercanvi constant entre coneixements previs i nous, entre professorat i alumnat, entre l\u2019alumnat, en la relaci\u00f3 amb l\u2019entorn\u2026 Per aix\u00f2 cal centrar-se en projectes que exigeixen investigaci\u00f3, plantejament de problemes, gesti\u00f3 de recursos i immersi\u00f3 en situacions reals en contacte amb persones, docents i altres professionals, que acompanyin l\u2019alumnat en el seu proc\u00e9s d\u2019aprenentatge i que l\u2019ajudin a ser-ne conscient.<\/p>\n<p><a href=\"http:\/\/agora.xtec.cat\/insviladomat\/wp-content\/uploads\/usu299\/2015\/08\/features_sidebar.jpg\"><img loading=\"lazy\" decoding=\"async\" class=\" size-medium wp-image-284 alignleft\" src=\"http:\/\/agora.xtec.cat\/insviladomat\/wp-content\/uploads\/usu299\/2015\/08\/features_sidebar-300x200.jpg\" alt=\"features_sidebar\" width=\"300\" height=\"200\" srcset=\"https:\/\/agora.xtec.cat\/insviladomat\/wp-content\/uploads\/usu299\/2015\/08\/features_sidebar-300x200.jpg 300w, https:\/\/agora.xtec.cat\/insviladomat\/wp-content\/uploads\/usu299\/2015\/08\/features_sidebar.jpg 800w\" sizes=\"auto, (max-width: 300px) 100vw, 300px\" \/><\/a><\/p>\n<p>Treballar per compet\u00e8ncies, a m\u00e9s de crear situacions d&#8217;aprenentatge i avaluaci\u00f3, vol dir crear un context on es produeixin les relacions entre l&#8217;alumnat i entre l&#8217;alumnat i el professorat que permetin establir estrat\u00e8gies id\u00f2nies d&#8217;aprenentatge que estimulin les capacitats de l&#8217;alumnat per aprendre de manera aut\u00f2noma, responsable i creativa. D&#8217;acord amb aix\u00f2, cal situar la major part del curr\u00edculum en una perspectiva transdisciplinar.<\/p>\n<h6><span style=\"color: #993366;\">Situacions d&#8217;Aprenentatge.<\/span><\/h6>\n<p>Organitzarem el curs a partir de situacions d\u2019aprenentatge, eixos tem\u00e0tics motivadors que permetin abordar les compet\u00e8ncies b\u00e0siques des de diferents \u00e0rees de coneixement. L&#8217;objectiu \u00e9s aconseguir que el resultat final apropi l&#8217;alumnat a la consecuci\u00f3 d&#8217;uns objectius i l&#8217;assoliment d&#8217;unes compet\u00e8ncies a qu\u00e8 dif\u00edcilment pot aspirar cada mat\u00e8ria per separat.<br \/>\n<a href=\"http:\/\/agora.xtec.cat\/insviladomat\/wp-content\/uploads\/usu299\/2015\/08\/home_girl.jpg\"><img loading=\"lazy\" decoding=\"async\" class=\"alignright size-medium wp-image-288\" src=\"http:\/\/agora.xtec.cat\/insviladomat\/wp-content\/uploads\/usu299\/2015\/08\/home_girl-183x300.jpg\" alt=\"home_girl\" width=\"183\" height=\"300\" srcset=\"https:\/\/agora.xtec.cat\/insviladomat\/wp-content\/uploads\/usu299\/2015\/08\/home_girl-183x300.jpg 183w, https:\/\/agora.xtec.cat\/insviladomat\/wp-content\/uploads\/usu299\/2015\/08\/home_girl.jpg 280w\" sizes=\"auto, (max-width: 183px) 100vw, 183px\" \/><\/a>Es treballaran a trav\u00e9s de<span style=\"color: #000000;\"><strong> tres \u00e0mbits<\/strong><\/span> que s\u2019interrelacionen:<\/p>\n<ul style=\"list-style-type: square;\">\n<li><b>Stem<\/b> ( Experimentals, Tecnologia, F\u00edsica i Qu\u00edmica i Matem\u00e0tiques)<\/li>\n<li><b>Ling\u00fc\u00edstic<\/b>(Lleng\u00fces catalana, castellana, anglesa i alemanya)<\/li>\n<li><strong>Social, Art\u00edstic i d&#8217;Expressi\u00f3<\/strong> (Socials, Educaci\u00f3 F\u00edsica, M\u00fasica, Visual i Pl\u00e0stica)<\/li>\n<\/ul>\n<p><span style=\"color: #993366;\"><strong>Tutoria<\/strong><\/span><\/p>\n<ul style=\"list-style-type: circle;\">\n<li>Grupal (2 hores) setmanals (dilluns a les 8 del mat\u00ed i divendres a les 13,40). \u00c9s l&#8217;espai on es fan assemblees, es tracten els conflictes del gran grup, es debat sobre temes que preocupen i\/o interessen&#8230;<\/li>\n<li>Individual Cada professor\/a t\u00e9 deu, dotze nois o noies per als quals esdev\u00e9 referent<\/li>\n<\/ul>\n<h6><\/h6>\n","protected":false},"excerpt":{"rendered":"<p>APRENENTATGE COM A PROC\u00c9S<br \/>\n<a href=\"https:\/\/drive.google.com\/file\/d\/1eL8eakQH-DLZyGrnxmoSN9kT3ynhvSmz\/view?usp=sharing\">PEC_Viladomat<\/a><br \/>\nEl coneixement es crea posant en relaci\u00f3 tot all\u00f2 que la persona ja sap amb all\u00f2 que descobreix. L\u2019aprenentatge \u00e9s un intercanvi constant entre coneixements previs i nous, entre professorat i alumnat, entre l\u2019alumnat, en la relaci\u00f3 amb l\u2019entorn\u2026 Per aix\u00f2&hellip;  <a href=\"https:\/\/agora.xtec.cat\/insviladomat\/projecte-educatiu\/\" title=\"Read PROJECTE EDUCATIU\">Llegeix m\u00e9s\u00bb<\/a><\/p>\n","protected":false},"author":1,"featured_media":0,"parent":0,"menu_order":0,"comment_status":"closed","ping_status":"closed","template":"page-templates\/side-menu.php","meta":{"_bbp_topic_count":0,"_bbp_reply_count":0,"_bbp_total_topic_count":0,"_bbp_total_reply_count":0,"_bbp_voice_count":0,"_bbp_anonymous_reply_count":0,"_bbp_topic_count_hidden":0,"_bbp_reply_count_hidden":0,"_bbp_forum_subforum_count":0,"footnotes":""},"class_list":["post-57","page","type-page","status-publish","hentry"],"post_mailing_queue_ids":[],"_links":{"self":[{"href":"https:\/\/agora.xtec.cat\/insviladomat\/wp-json\/wp\/v2\/pages\/57","targetHints":{"allow":["GET"]}}],"collection":[{"href":"https:\/\/agora.xtec.cat\/insviladomat\/wp-json\/wp\/v2\/pages"}],"about":[{"href":"https:\/\/agora.xtec.cat\/insviladomat\/wp-json\/wp\/v2\/types\/page"}],"author":[{"embeddable":true,"href":"https:\/\/agora.xtec.cat\/insviladomat\/wp-json\/wp\/v2\/users\/1"}],"replies":[{"embeddable":true,"href":"https:\/\/agora.xtec.cat\/insviladomat\/wp-json\/wp\/v2\/comments?post=57"}],"version-history":[{"count":5,"href":"https:\/\/agora.xtec.cat\/insviladomat\/wp-json\/wp\/v2\/pages\/57\/revisions"}],"predecessor-version":[{"id":7165,"href":"https:\/\/agora.xtec.cat\/insviladomat\/wp-json\/wp\/v2\/pages\/57\/revisions\/7165"}],"wp:attachment":[{"href":"https:\/\/agora.xtec.cat\/insviladomat\/wp-json\/wp\/v2\/media?parent=57"}],"curies":[{"name":"wp","href":"https:\/\/api.w.org\/{rel}","templated":true}]}}