{"id":5682,"date":"2021-03-10T23:19:44","date_gmt":"2021-03-10T22:19:44","guid":{"rendered":"http:\/\/agora.xtec.cat\/insviladomat\/?page_id=5682"},"modified":"2022-02-13T12:24:48","modified_gmt":"2022-02-13T11:24:48","slug":"aula-dereforc","status":"publish","type":"page","link":"https:\/\/agora.xtec.cat\/insviladomat\/afa\/aula-dereforc\/","title":{"rendered":"Aula de refor\u00e7"},"content":{"rendered":"<p><a href=\"mailto:afa@institutviladomat.cat\"><span style=\"font-weight: 400;\">afa<span class=\"\">@institutviladomat.ca<\/span>t<\/span><\/a><\/p>\n<p><span style=\"font-weight: 400;\">L&#8217; Aula de Refor\u00e7 \u00e9s un servei gratu\u00eft que s&#8217;ofereix des de l&#8217;AFA, <\/span>adre\u00e7at a l\u2019alumnat de l&#8217;ESO que des de l\u2019equip docent de l\u2019institut, detecten que necessiten una ajuda extra per millorar el seu desenvolupament acad\u00e8mic.<\/p>\n<p><span style=\"font-weight: 400;\">L&#8217;aula de refor\u00e7 funcionar\u00e0 els dilluns i els dimecres de 16.00 a 18.00h.\u00a0<\/span><\/p>\n<p><a href=\"https:\/\/agora.xtec.cat\/insviladomat\/wp-content\/uploads\/usu299\/2022\/02\/reforc\u0327-scaled.jpg\"><img loading=\"lazy\" decoding=\"async\" class=\"alignnone size-large wp-image-6640\" src=\"https:\/\/agora.xtec.cat\/insviladomat\/wp-content\/uploads\/usu299\/2022\/02\/reforc\u0327-1024x537.jpg\" alt=\"\" width=\"1024\" height=\"537\" srcset=\"https:\/\/agora.xtec.cat\/insviladomat\/wp-content\/uploads\/usu299\/2022\/02\/reforc\u0327-1024x537.jpg 1024w, https:\/\/agora.xtec.cat\/insviladomat\/wp-content\/uploads\/usu299\/2022\/02\/reforc\u0327-300x157.jpg 300w, https:\/\/agora.xtec.cat\/insviladomat\/wp-content\/uploads\/usu299\/2022\/02\/reforc\u0327-768x403.jpg 768w, https:\/\/agora.xtec.cat\/insviladomat\/wp-content\/uploads\/usu299\/2022\/02\/reforc\u0327-1536x806.jpg 1536w, https:\/\/agora.xtec.cat\/insviladomat\/wp-content\/uploads\/usu299\/2022\/02\/reforc\u0327-2048x1074.jpg 2048w\" sizes=\"auto, (max-width: 1024px) 100vw, 1024px\" \/><\/a><\/p>\n","protected":false},"excerpt":{"rendered":"<p><a href=\"mailto:afa@institutviladomat.cat\">afa@institutviladomat.cat<\/a><br \/>\nL&#8217; Aula de Refor\u00e7 \u00e9s un servei gratu\u00eft que s&#8217;ofereix des de l&#8217;AFA, adre\u00e7at a l\u2019alumnat de l&#8217;ESO que des de l\u2019equip docent de l\u2019institut, detecten que necessiten una ajuda extra per millorar el seu desenvolupament acad\u00e8mic.<br \/>\nL&#8217;aula de refor\u00e7 funcionar\u00e0 els dilluns i els&hellip;  <a href=\"https:\/\/agora.xtec.cat\/insviladomat\/afa\/aula-dereforc\/\" title=\"Read Aula de refor\u00e7\">Llegeix m\u00e9s\u00bb<\/a><\/p>\n","protected":false},"author":1,"featured_media":0,"parent":969,"menu_order":4,"comment_status":"closed","ping_status":"closed","template":"page-templates\/side-menu.php","meta":{"_bbp_topic_count":0,"_bbp_reply_count":0,"_bbp_total_topic_count":0,"_bbp_total_reply_count":0,"_bbp_voice_count":0,"_bbp_anonymous_reply_count":0,"_bbp_topic_count_hidden":0,"_bbp_reply_count_hidden":0,"_bbp_forum_subforum_count":0,"footnotes":""},"class_list":["post-5682","page","type-page","status-publish","hentry"],"post_mailing_queue_ids":[],"_links":{"self":[{"href":"https:\/\/agora.xtec.cat\/insviladomat\/wp-json\/wp\/v2\/pages\/5682","targetHints":{"allow":["GET"]}}],"collection":[{"href":"https:\/\/agora.xtec.cat\/insviladomat\/wp-json\/wp\/v2\/pages"}],"about":[{"href":"https:\/\/agora.xtec.cat\/insviladomat\/wp-json\/wp\/v2\/types\/page"}],"author":[{"embeddable":true,"href":"https:\/\/agora.xtec.cat\/insviladomat\/wp-json\/wp\/v2\/users\/1"}],"replies":[{"embeddable":true,"href":"https:\/\/agora.xtec.cat\/insviladomat\/wp-json\/wp\/v2\/comments?post=5682"}],"version-history":[{"count":5,"href":"https:\/\/agora.xtec.cat\/insviladomat\/wp-json\/wp\/v2\/pages\/5682\/revisions"}],"predecessor-version":[{"id":6704,"href":"https:\/\/agora.xtec.cat\/insviladomat\/wp-json\/wp\/v2\/pages\/5682\/revisions\/6704"}],"up":[{"embeddable":true,"href":"https:\/\/agora.xtec.cat\/insviladomat\/wp-json\/wp\/v2\/pages\/969"}],"wp:attachment":[{"href":"https:\/\/agora.xtec.cat\/insviladomat\/wp-json\/wp\/v2\/media?parent=5682"}],"curies":[{"name":"wp","href":"https:\/\/api.w.org\/{rel}","templated":true}]}}