{"id":43,"date":"2014-09-17T16:45:07","date_gmt":"2014-09-17T16:45:07","guid":{"rendered":"http:\/\/agora.xtec.cat\/insviladomat\/\/?page_id=43"},"modified":"2025-12-03T09:39:17","modified_gmt":"2025-12-03T08:39:17","slug":"consell-escolar","status":"publish","type":"page","link":"https:\/\/agora.xtec.cat\/insviladomat\/linstitut\/consell-escolar\/","title":{"rendered":"Consell escolar"},"content":{"rendered":"<p>Formen part del Consell Escolar:<\/p>\n<p><b>Directora<\/b><span style=\"font-weight: 400;\">: Carme Moreso Mateos<\/span><\/p>\n<p><b>Cap d\u2019estudis<\/b><span style=\"font-weight: 400;\">: Cayetana Gomis Fletcher<\/span><\/p>\n<p><b>Secret\u00e0ria<\/b><span style=\"font-weight: 400;\">: Eva Tarrag\u00f3 Delcl\u00f2s<\/span><\/p>\n<p>&nbsp;<\/p>\n<p><b>Representant del professorat<\/b><span style=\"font-weight: 400;\">: Laura Calosci<\/span><\/p>\n<p><b>Representant del professorat<\/b><span style=\"font-weight: 400;\">: Antoni Cantillo\u00a0<\/span><\/p>\n<p><b>Representant del professorat<\/b><span style=\"font-weight: 400;\">: Lia Grau Osset<\/span><\/p>\n<p><b>Representant del professorat<\/b><span style=\"font-weight: 400;\">: Miquel Palau<\/span><\/p>\n<p><b>Representant del professorat<\/b><span style=\"font-weight: 400;\">: Xavier Roca\u00a0<\/span><\/p>\n<p>&nbsp;<\/p>\n<p><b>Representant de l\u2019AFA<\/b><span style=\"font-weight: 400;\">: Ana Alucha Badell<\/span><\/p>\n<p>&nbsp;<\/p>\n<p><b>Representant de pares i mares<\/b><span style=\"font-weight: 400;\">: Nat\u00e0lia Estruch<\/span><\/p>\n<p><b>Representant de pares i mares<\/b><span style=\"font-weight: 400;\">: Julie Penven<\/span><\/p>\n<p>&nbsp;<\/p>\n<p><b>Representant del PAS<\/b><span style=\"font-weight: 400;\">: N\u00faria Gil C\u00edscar\u00a0<\/span><\/p>\n<p>&nbsp;<\/p>\n<p><b>Representant de l\u2019alumnat<\/b><span style=\"font-weight: 400;\">: Aina Garc\u00eda Cunill\u00e9 (reserva 2023)<\/span><\/p>\n<p><b>Representant de l\u2019alumnat<\/b><span style=\"font-weight: 400;\">: Joel Serena Caria<\/span><\/p>\n<p><b>Representant de l\u2019Ajuntament: <\/b><span style=\"font-weight: 400;\">Imma Aguilar<\/span><\/p>\n<p>&nbsp;<\/p>\n<p>Informaci\u00f3 sobre la regulaci\u00f3 dels Consells Escolars\u00a0al seg\u00fcent <a title=\"Definici\u00f3 de consell escolar (gencat)\" href=\"http:\/\/familiaiescola.gencat.cat\/ca\/escolaritat\/participacio-compromis\/participacio-coresponsabilitzacio\/participacio-funcionament-centre\/consell-escolar\/\" target=\"_blank\" rel=\"noopener noreferrer\">enlla\u00e7<\/a>.<\/p>\n","protected":false},"excerpt":{"rendered":"<p>Formen part del Consell Escolar:<br \/>\nDirectora: Carme Moreso Mateos<br \/>\nCap d\u2019estudis: Cayetana Gomis Fletcher<br \/>\nSecret\u00e0ria: Eva Tarrag\u00f3 Delcl\u00f2s<br \/>\n&nbsp;<br \/>\nRepresentant del professorat: Laura Calosci<br \/>\nRepresentant del professorat: Antoni Cantillo\u00a0<br \/>\nRepresentant del professorat: Lia Grau Osset<br \/>\nRepresentant del professorat: Miquel Palau<br \/>\nRepresentant del professorat: Xavier Roca\u00a0<br \/>\n&nbsp;<br \/>\nRepresentant de l\u2019AFA: Ana Alucha Badell<br \/>\n&nbsp;<br \/>\nRepresentant de pares i mares:&hellip;  <a href=\"https:\/\/agora.xtec.cat\/insviladomat\/linstitut\/consell-escolar\/\" title=\"Read Consell escolar\">Llegeix m\u00e9s\u00bb<\/a><\/p>\n","protected":false},"author":1,"featured_media":0,"parent":19,"menu_order":40,"comment_status":"closed","ping_status":"closed","template":"page-templates\/side-menu.php","meta":{"_bbp_topic_count":0,"_bbp_reply_count":0,"_bbp_total_topic_count":0,"_bbp_total_reply_count":0,"_bbp_voice_count":0,"_bbp_anonymous_reply_count":0,"_bbp_topic_count_hidden":0,"_bbp_reply_count_hidden":0,"_bbp_forum_subforum_count":0,"footnotes":""},"class_list":["post-43","page","type-page","status-publish","hentry"],"post_mailing_queue_ids":[],"_links":{"self":[{"href":"https:\/\/agora.xtec.cat\/insviladomat\/wp-json\/wp\/v2\/pages\/43","targetHints":{"allow":["GET"]}}],"collection":[{"href":"https:\/\/agora.xtec.cat\/insviladomat\/wp-json\/wp\/v2\/pages"}],"about":[{"href":"https:\/\/agora.xtec.cat\/insviladomat\/wp-json\/wp\/v2\/types\/page"}],"author":[{"embeddable":true,"href":"https:\/\/agora.xtec.cat\/insviladomat\/wp-json\/wp\/v2\/users\/1"}],"replies":[{"embeddable":true,"href":"https:\/\/agora.xtec.cat\/insviladomat\/wp-json\/wp\/v2\/comments?post=43"}],"version-history":[{"count":6,"href":"https:\/\/agora.xtec.cat\/insviladomat\/wp-json\/wp\/v2\/pages\/43\/revisions"}],"predecessor-version":[{"id":8749,"href":"https:\/\/agora.xtec.cat\/insviladomat\/wp-json\/wp\/v2\/pages\/43\/revisions\/8749"}],"up":[{"embeddable":true,"href":"https:\/\/agora.xtec.cat\/insviladomat\/wp-json\/wp\/v2\/pages\/19"}],"wp:attachment":[{"href":"https:\/\/agora.xtec.cat\/insviladomat\/wp-json\/wp\/v2\/media?parent=43"}],"curies":[{"name":"wp","href":"https:\/\/api.w.org\/{rel}","templated":true}]}}