{"id":4081,"date":"2019-07-08T12:58:31","date_gmt":"2019-07-08T10:58:31","guid":{"rendered":"http:\/\/agora.xtec.cat\/insviladomat\/?page_id=4081"},"modified":"2022-10-17T19:00:13","modified_gmt":"2022-10-17T17:00:13","slug":"criteris-davaluacio-i-recuperacio","status":"publish","type":"page","link":"https:\/\/agora.xtec.cat\/insviladomat\/criteris-davaluacio-i-recuperacio\/","title":{"rendered":"CRITERIS D&#8217;AVALUACI\u00d3 D&#8217;ESO i BATXILLERAT"},"content":{"rendered":"<p><a href=\"https:\/\/docs.google.com\/document\/d\/e\/2PACX-1vTrGFIRVDlgAk3Tm6nSUQNsHaBzBH_lBBOYd6tG6cEJscmRqS23jC6HJcAZPJ-8BMp71YovKv10g-55\/pub\">\u00c0mbit Ling\u00fc\u00edstic ESO<\/a><\/p>\n<p><a href=\"https:\/\/docs.google.com\/document\/d\/1YHCFO87ox20b4hSu2qC1VULbRvWJuRR7qTLbc1Z0n3A\/edit?usp=sharing\">\u00c0mbit Ling\u00fc\u00edstic Batxillerat<\/a><\/p>\n<p><a href=\"https:\/\/docs.google.com\/document\/d\/e\/2PACX-1vSxcKVWI1Zhz_Is07bfuFtr1-dy07u1KqYsp1peoPY3M7RNQ3lIZRoAZp8UwSZLCW51cKiz4CITKlVK\/pub\">\u00c0mbit Stem ESO<\/a><\/p>\n<p><a href=\"https:\/\/docs.google.com\/document\/d\/1ZTDivm8wP2JcRA6PYd5MIYYHzV34Ri0R6056aN8AT0s\/edit?usp=sharing\">\u00c0mbit Stem Batxillerat<\/a><\/p>\n<p><a href=\"https:\/\/docs.google.com\/document\/d\/e\/2PACX-1vQjYc-saO6Ogl50AYaKJhU1R9_X3oYw9XZ4K_JfCCV3ItR0GTCTXTU-WzH1KBCAV58MUh9llcg7KSq-\/pub\">\u00c0mbit Sae\u00a0 ESO<\/a><\/p>\n<p><a href=\"https:\/\/docs.google.com\/document\/d\/1w93cjVbk9ylIRwma4-E89p8pJ2cl1YotbHfpqfDb8zU\/edit?usp=sharing\">\u00c0mbit Sae Batxillerat<\/a><\/p>\n","protected":false},"excerpt":{"rendered":"<p><a href=\"https:\/\/docs.google.com\/document\/d\/e\/2PACX-1vTrGFIRVDlgAk3Tm6nSUQNsHaBzBH_lBBOYd6tG6cEJscmRqS23jC6HJcAZPJ-8BMp71YovKv10g-55\/pub\">\u00c0mbit Ling\u00fc\u00edstic ESO<\/a><br \/>\n<a href=\"https:\/\/docs.google.com\/document\/d\/1YHCFO87ox20b4hSu2qC1VULbRvWJuRR7qTLbc1Z0n3A\/edit?usp=sharing\">\u00c0mbit Ling\u00fc\u00edstic Batxillerat<\/a><br \/>\n<a href=\"https:\/\/docs.google.com\/document\/d\/e\/2PACX-1vSxcKVWI1Zhz_Is07bfuFtr1-dy07u1KqYsp1peoPY3M7RNQ3lIZRoAZp8UwSZLCW51cKiz4CITKlVK\/pub\">\u00c0mbit Stem ESO<\/a><br \/>\n<a href=\"https:\/\/docs.google.com\/document\/d\/1ZTDivm8wP2JcRA6PYd5MIYYHzV34Ri0R6056aN8AT0s\/edit?usp=sharing\">\u00c0mbit Stem Batxillerat<\/a><br \/>\n<a href=\"https:\/\/docs.google.com\/document\/d\/e\/2PACX-1vQjYc-saO6Ogl50AYaKJhU1R9_X3oYw9XZ4K_JfCCV3ItR0GTCTXTU-WzH1KBCAV58MUh9llcg7KSq-\/pub\">\u00c0mbit Sae\u00a0 ESO<\/a><br \/>\n<a href=\"https:\/\/docs.google.com\/document\/d\/1w93cjVbk9ylIRwma4-E89p8pJ2cl1YotbHfpqfDb8zU\/edit?usp=sharing\">\u00c0mbit Sae Batxillerat<\/a><\/p>\n","protected":false},"author":1,"featured_media":0,"parent":0,"menu_order":0,"comment_status":"closed","ping_status":"closed","template":"","meta":{"_bbp_topic_count":0,"_bbp_reply_count":0,"_bbp_total_topic_count":0,"_bbp_total_reply_count":0,"_bbp_voice_count":0,"_bbp_anonymous_reply_count":0,"_bbp_topic_count_hidden":0,"_bbp_reply_count_hidden":0,"_bbp_forum_subforum_count":0,"footnotes":""},"class_list":["post-4081","page","type-page","status-publish","hentry"],"post_mailing_queue_ids":[],"_links":{"self":[{"href":"https:\/\/agora.xtec.cat\/insviladomat\/wp-json\/wp\/v2\/pages\/4081","targetHints":{"allow":["GET"]}}],"collection":[{"href":"https:\/\/agora.xtec.cat\/insviladomat\/wp-json\/wp\/v2\/pages"}],"about":[{"href":"https:\/\/agora.xtec.cat\/insviladomat\/wp-json\/wp\/v2\/types\/page"}],"author":[{"embeddable":true,"href":"https:\/\/agora.xtec.cat\/insviladomat\/wp-json\/wp\/v2\/users\/1"}],"replies":[{"embeddable":true,"href":"https:\/\/agora.xtec.cat\/insviladomat\/wp-json\/wp\/v2\/comments?post=4081"}],"version-history":[{"count":3,"href":"https:\/\/agora.xtec.cat\/insviladomat\/wp-json\/wp\/v2\/pages\/4081\/revisions"}],"predecessor-version":[{"id":7463,"href":"https:\/\/agora.xtec.cat\/insviladomat\/wp-json\/wp\/v2\/pages\/4081\/revisions\/7463"}],"wp:attachment":[{"href":"https:\/\/agora.xtec.cat\/insviladomat\/wp-json\/wp\/v2\/media?parent=4081"}],"curies":[{"name":"wp","href":"https:\/\/api.w.org\/{rel}","templated":true}]}}