{"id":271,"date":"2015-08-06T15:23:40","date_gmt":"2015-08-06T14:23:40","guid":{"rendered":"http:\/\/agora.xtec.cat\/insviladomat\/?page_id=271"},"modified":"2015-08-06T16:34:06","modified_gmt":"2015-08-06T15:34:06","slug":"families","status":"publish","type":"page","link":"https:\/\/agora.xtec.cat\/insviladomat\/projecte-educatiu\/families\/","title":{"rendered":"FAM\u00cdLIES"},"content":{"rendered":"<p>L&#8217;educaci\u00f3 \u00e9s un proc\u00e9s en qu\u00e8 intervenen molts sectors i en qu\u00e8 la fam\u00edlia, cada cop m\u00e9s diversa i complexa, influeix de manera transcendental. Els canals de comunicaci\u00f3 i interacci\u00f3 efica\u00e7os amb les fam\u00edlies faciliten l\u2019\u00e8xit.<\/p>\n<p><a href=\"http:\/\/agora.xtec.cat\/insviladomat\/wp-content\/uploads\/usu299\/2015\/08\/home_fam.jpg\"><img loading=\"lazy\" decoding=\"async\" class=\"alignleft size-medium wp-image-291\" src=\"http:\/\/agora.xtec.cat\/insviladomat\/wp-content\/uploads\/usu299\/2015\/08\/home_fam-300x196.jpg\" alt=\"home_fam\" width=\"300\" height=\"196\" srcset=\"https:\/\/agora.xtec.cat\/insviladomat\/wp-content\/uploads\/usu299\/2015\/08\/home_fam-300x196.jpg 300w, https:\/\/agora.xtec.cat\/insviladomat\/wp-content\/uploads\/usu299\/2015\/08\/home_fam.jpg 705w\" sizes=\"auto, (max-width: 300px) 100vw, 300px\" \/><\/a>Es procurar\u00e0 que la comunicaci\u00f3 sobre el centre, en el doble vessant d&#8217;informaci\u00f3 i d&#8217;intercanvi, sigui sovintejada; que hi hagi comunicacions peri\u00f2diques amb el tutor o tutora individual i quan les fam\u00edlies i els tutors ho creguin convenient. A m\u00e9s, s&#8217;afavorir\u00e0 la intervenci\u00f3 i orientaci\u00f3 de les fam\u00edlies en la presa de decisions de l&#8217;alumnat. D&#8217;altra banda, es promour\u00e0 la participaci\u00f3 en la vida del centre, consell escolar i AFA i en les activitats extraescolars i extracurriculars.<\/p>\n","protected":false},"excerpt":{"rendered":"<p>L&#8217;educaci\u00f3 \u00e9s un proc\u00e9s en qu\u00e8 intervenen molts sectors i en qu\u00e8 la fam\u00edlia, cada cop m\u00e9s diversa i complexa, influeix de manera transcendental. Els canals de comunicaci\u00f3 i interacci\u00f3 efica\u00e7os amb les fam\u00edlies faciliten l\u2019\u00e8xit.<br \/>\n<a href=\"http:\/\/agora.xtec.cat\/insviladomat\/wp-content\/uploads\/usu299\/2015\/08\/home_fam.jpg\"><\/a>Es procurar\u00e0 que la comunicaci\u00f3 sobre el centre, en&hellip;  <a href=\"https:\/\/agora.xtec.cat\/insviladomat\/projecte-educatiu\/families\/\" title=\"Read FAM\u00cdLIES\">Llegeix m\u00e9s\u00bb<\/a><\/p>\n","protected":false},"author":1,"featured_media":0,"parent":57,"menu_order":0,"comment_status":"closed","ping_status":"closed","template":"page-templates\/side-menu.php","meta":{"_bbp_topic_count":0,"_bbp_reply_count":0,"_bbp_total_topic_count":0,"_bbp_total_reply_count":0,"_bbp_voice_count":0,"_bbp_anonymous_reply_count":0,"_bbp_topic_count_hidden":0,"_bbp_reply_count_hidden":0,"_bbp_forum_subforum_count":0,"footnotes":""},"class_list":["post-271","page","type-page","status-publish","hentry"],"post_mailing_queue_ids":[],"_links":{"self":[{"href":"https:\/\/agora.xtec.cat\/insviladomat\/wp-json\/wp\/v2\/pages\/271","targetHints":{"allow":["GET"]}}],"collection":[{"href":"https:\/\/agora.xtec.cat\/insviladomat\/wp-json\/wp\/v2\/pages"}],"about":[{"href":"https:\/\/agora.xtec.cat\/insviladomat\/wp-json\/wp\/v2\/types\/page"}],"author":[{"embeddable":true,"href":"https:\/\/agora.xtec.cat\/insviladomat\/wp-json\/wp\/v2\/users\/1"}],"replies":[{"embeddable":true,"href":"https:\/\/agora.xtec.cat\/insviladomat\/wp-json\/wp\/v2\/comments?post=271"}],"version-history":[{"count":2,"href":"https:\/\/agora.xtec.cat\/insviladomat\/wp-json\/wp\/v2\/pages\/271\/revisions"}],"predecessor-version":[{"id":301,"href":"https:\/\/agora.xtec.cat\/insviladomat\/wp-json\/wp\/v2\/pages\/271\/revisions\/301"}],"up":[{"embeddable":true,"href":"https:\/\/agora.xtec.cat\/insviladomat\/wp-json\/wp\/v2\/pages\/57"}],"wp:attachment":[{"href":"https:\/\/agora.xtec.cat\/insviladomat\/wp-json\/wp\/v2\/media?parent=271"}],"curies":[{"name":"wp","href":"https:\/\/api.w.org\/{rel}","templated":true}]}}