{"id":27,"date":"2014-09-17T16:24:03","date_gmt":"2014-09-17T16:24:03","guid":{"rendered":"http:\/\/agora.xtec.cat\/insviladomat\/\/?page_id=27"},"modified":"2015-08-06T16:27:47","modified_gmt":"2015-08-06T15:27:47","slug":"historia","status":"publish","type":"page","link":"https:\/\/agora.xtec.cat\/insviladomat\/linstitut\/historia\/","title":{"rendered":"Una mica d&#8217;hist\u00f2ria"},"content":{"rendered":"<p>Entre 1881 i 1884, les Germanetes dels Pobres, una congregaci\u00f3 religiosa femenina de car\u00e0cter assistencial dedicada a la gent gran, van construir un convent a l&#8217;Eixample, entre els carrers Consell de Cent, Viladomat, Diputaci\u00f3 i Comte Borrell.<\/p>\n<p><a href=\"http:\/\/agora.xtec.cat\/insviladomat\/wp-content\/uploads\/usu299\/2015\/08\/home_tools.jpg\"><img loading=\"lazy\" decoding=\"async\" class=\"aligncenter wp-image-278\" src=\"http:\/\/agora.xtec.cat\/insviladomat\/wp-content\/uploads\/usu299\/2015\/08\/home_tools-300x199.jpg\" alt=\"home_tools\" width=\"400\" height=\"266\" srcset=\"https:\/\/agora.xtec.cat\/insviladomat\/wp-content\/uploads\/usu299\/2015\/08\/home_tools-300x199.jpg 300w, https:\/\/agora.xtec.cat\/insviladomat\/wp-content\/uploads\/usu299\/2015\/08\/home_tools.jpg 858w\" sizes=\"auto, (max-width: 400px) 100vw, 400px\" \/><\/a><\/p>\n<p>L&#8217;any 1998 es va tancar el convent i els seus terrenys van passar a ser propietat de l\u2019Hospital Cl\u00ednic. El 2006, per mitj\u00e0 d&#8217;un conveni entre l\u2019Hospital Cl\u00ednic i l\u2019Ajuntament de Barcelona s&#8217;establia la permuta dels terrenys ocupats per la Caserna del SPEIS pels d\u2019aquesta illa.<\/p>\n<p>El 24 de gener de 2008 \u00e9s va signar el protocol entre la Generalitat i el Consorci on es va acordar, per al per\u00edode 2008-2011, la realitzaci\u00f3 de les obres previstes en el Pla d\u2019equipaments educatius p\u00fablics de Barcelona. L\u2019acord del 2006 es va formalitzar l\u20191 de juliol de 2009. El nou programa d\u2019equipaments contemplava la destinaci\u00f3 dels terrenys a equipaments: un institut, una escola bressol, habitatges per a gent gran i per a joves, i un casal d\u2019avis. L&#8217;Institut, finalment, s&#8217;inaugurar\u00e0 al setembre de 2015.<\/p>\n<p>En aquest llarg cam\u00ed, per\u00f2, les escoles, les AFA i les entitats del barri han tingut un paper molt important:<\/p>\n<p><a href=\"http:\/\/agora.xtec.cat\/insviladomat\/wp-content\/uploads\/usu299\/2015\/08\/xavierrius.jpg\"><img loading=\"lazy\" decoding=\"async\" class=\"alignleft size-medium wp-image-281\" src=\"http:\/\/agora.xtec.cat\/insviladomat\/wp-content\/uploads\/usu299\/2015\/08\/xavierrius-300x208.jpg\" alt=\"xavierrius\" width=\"300\" height=\"208\" srcset=\"https:\/\/agora.xtec.cat\/insviladomat\/wp-content\/uploads\/usu299\/2015\/08\/xavierrius-300x208.jpg 300w, https:\/\/agora.xtec.cat\/insviladomat\/wp-content\/uploads\/usu299\/2015\/08\/xavierrius.jpg 364w\" sizes=\"auto, (max-width: 300px) 100vw, 300px\" \/><\/a>L&#8217;any 2000, el projecte &#8220;Barcelona m\u00e9s verda. Com volem que sigui un jard\u00ed del nostre Districte?&#8221; impulsat per Parcs i Jardins i l\u2019Institut Municipal d&#8217;Educaci\u00f3, amb la participaci\u00f3 de l\u2019alumnat de l&#8217;Escola Shalom, el CEIP Joan Mir\u00f3, l&#8217;IES Parc de l&#8217;Escorxador i el CEIP Diputaci\u00f3 van dissenyar els Jardins d&#8217;Emma i en van exposar el resultat al Parc de la Ciutadella.<\/p>\n<p>L&#8217;any 2001, el Cam\u00ed Amic, amb la participaci\u00f3 de les escoles Aur\u00f3, Diputaci\u00f3, Els Llorers, Joan Mir\u00f3 i Ferran Sunyer, va realitzar activitats per a la pacificaci\u00f3 del tr\u00e0nsit i es va aconseguir l&#8217;ampliaci\u00f3 de les voreres del carrer Comte Borrell.<\/p>\n<p><a href=\"http:\/\/agora.xtec.cat\/insviladomat\/wp-content\/uploads\/usu299\/2015\/08\/mafalda.jpg\"><img loading=\"lazy\" decoding=\"async\" class=\"alignright size-medium wp-image-280\" src=\"http:\/\/agora.xtec.cat\/insviladomat\/wp-content\/uploads\/usu299\/2015\/08\/mafalda-300x166.jpg\" alt=\"mafalda\" width=\"300\" height=\"166\" \/><\/a><\/p>\n<p>Posteriorment, l&#8217;Assemblea de barri EE, la Plataforma per l\u2019institut a Germanetes (6 AMPA i 2 AAVV) i Recreant Cru\u00eflles han tingut un paper protagonista en la reivindicaci\u00f3 de l&#8217;institut amb l&#8217;organitzaci\u00f3 de jornades, tallers i recollida de firmes.<\/p>\n","protected":false},"excerpt":{"rendered":"<p>Entre 1881 i 1884, les Germanetes dels Pobres, una congregaci\u00f3 religiosa femenina de car\u00e0cter assistencial dedicada a la gent gran, van construir un convent a l&#8217;Eixample, entre els carrers Consell de Cent, Viladomat, Diputaci\u00f3 i Comte Borrell.<br \/>\n<a href=\"http:\/\/agora.xtec.cat\/insviladomat\/wp-content\/uploads\/usu299\/2015\/08\/home_tools.jpg\"><\/a><br \/>\nL&#8217;any 1998 es va tancar el convent i&hellip;  <a href=\"https:\/\/agora.xtec.cat\/insviladomat\/linstitut\/historia\/\" title=\"Read Una mica d&#8217;hist\u00f2ria\">Llegeix m\u00e9s\u00bb<\/a><\/p>\n","protected":false},"author":1,"featured_media":0,"parent":19,"menu_order":20,"comment_status":"closed","ping_status":"closed","template":"page-templates\/side-menu.php","meta":{"_bbp_topic_count":0,"_bbp_reply_count":0,"_bbp_total_topic_count":0,"_bbp_total_reply_count":0,"_bbp_voice_count":0,"_bbp_anonymous_reply_count":0,"_bbp_topic_count_hidden":0,"_bbp_reply_count_hidden":0,"_bbp_forum_subforum_count":0,"footnotes":""},"class_list":["post-27","page","type-page","status-publish","hentry"],"post_mailing_queue_ids":[],"_links":{"self":[{"href":"https:\/\/agora.xtec.cat\/insviladomat\/wp-json\/wp\/v2\/pages\/27","targetHints":{"allow":["GET"]}}],"collection":[{"href":"https:\/\/agora.xtec.cat\/insviladomat\/wp-json\/wp\/v2\/pages"}],"about":[{"href":"https:\/\/agora.xtec.cat\/insviladomat\/wp-json\/wp\/v2\/types\/page"}],"author":[{"embeddable":true,"href":"https:\/\/agora.xtec.cat\/insviladomat\/wp-json\/wp\/v2\/users\/1"}],"replies":[{"embeddable":true,"href":"https:\/\/agora.xtec.cat\/insviladomat\/wp-json\/wp\/v2\/comments?post=27"}],"version-history":[{"count":3,"href":"https:\/\/agora.xtec.cat\/insviladomat\/wp-json\/wp\/v2\/pages\/27\/revisions"}],"predecessor-version":[{"id":295,"href":"https:\/\/agora.xtec.cat\/insviladomat\/wp-json\/wp\/v2\/pages\/27\/revisions\/295"}],"up":[{"embeddable":true,"href":"https:\/\/agora.xtec.cat\/insviladomat\/wp-json\/wp\/v2\/pages\/19"}],"wp:attachment":[{"href":"https:\/\/agora.xtec.cat\/insviladomat\/wp-json\/wp\/v2\/media?parent=27"}],"curies":[{"name":"wp","href":"https:\/\/api.w.org\/{rel}","templated":true}]}}