{"id":811,"date":"2022-07-27T19:30:42","date_gmt":"2022-07-27T17:30:42","guid":{"rendered":"https:\/\/agora.xtec.cat\/insvilablareix\/?page_id=811"},"modified":"2023-03-15T16:24:52","modified_gmt":"2023-03-15T15:24:52","slug":"salut-i-escola","status":"publish","type":"page","link":"https:\/\/agora.xtec.cat\/insvilablareix\/serveis\/salut-i-escola\/","title":{"rendered":"Salut i Escola"},"content":{"rendered":"<header class=\"entry-header\">\n<h1 class=\"entry-title\"><\/h1>\n<\/header>\n<div class=\"entry-content\">\n<div class=\"entry-content\">\n<section id=\"h.3f7ec58bfea9694c_14\" class=\"yaqOZd LB7kq gk8rDe\">\n<div class=\"mYVXT\">\n<div class=\"LS81yb VICjCf j5pSsc db35Fc\" tabindex=\"-1\">\n<div class=\"hJDwNd-AhqUyc-EehZO Ft7HRd-AhqUyc-EehZO purZT-AhqUyc-II5mzb ZcASvf-AhqUyc-II5mzb pSzOP-AhqUyc-qWD73c Ktthjf-AhqUyc-qWD73c JNdkSc SQVYQc\">\n<div class=\"JNdkSc-SmKAyb LkDMRd\">\n<div class=\"\">\n<div class=\"oKdM2c ZZyype Kzv0Me\">\n<div id=\"h.3f7ec58bfea9694c_17\" class=\"hJDwNd-AhqUyc-EehZO Ft7HRd-AhqUyc-EehZO jXK9ad D2fZ2 zu5uec OjCsFc dmUFtb wHaque g5GTcb GNzUNc\">\n<div class=\"jXK9ad-SmKAyb\">\n<div class=\"tyJCtd mGzaTb Depvyb baZpAe lkHyyc\">\n<h2 id=\"h.2feg4h3t88mi\" class=\"CDt4Ke zfr3Q JYVBee\" dir=\"ltr\">Consulta oberta<\/h2>\n<\/div>\n<\/div>\n<\/div>\n<\/div>\n<\/div>\n<\/div>\n<\/div>\n<div class=\"hJDwNd-AhqUyc-R6PoUb Ft7HRd-AhqUyc-R6PoUb JNdkSc SQVYQc L6cTce-purZT L6cTce-pSzOP\">\n<div class=\"JNdkSc-SmKAyb LkDMRd\">\n<div class=\"\"><\/div>\n<\/div>\n<\/div>\n<\/div>\n<\/div>\n<\/section>\n<section id=\"h.13402dcbd95e20fe_12\" class=\"yaqOZd\">\n<div class=\"IFuOkc\"><\/div>\n<div class=\"mYVXT\">\n<div class=\"LS81yb VICjCf j5pSsc db35Fc\" tabindex=\"-1\">\n<div class=\"hJDwNd-AhqUyc-c5RTEf Ft7HRd-AhqUyc-c5RTEf purZT-AhqUyc-c5RTEf ZcASvf-AhqUyc-c5RTEf pSzOP-AhqUyc-c5RTEf Ktthjf-AhqUyc-c5RTEf JNdkSc SQVYQc\">\n<div class=\"JNdkSc-SmKAyb LkDMRd\">\n<div class=\"\">\n<div class=\"oKdM2c ZZyype Kzv0Me\">\n<div id=\"h.13402dcbd95e20fe_8\" class=\"hJDwNd-AhqUyc-c5RTEf Ft7HRd-AhqUyc-c5RTEf purZT-AhqUyc-c5RTEf ZcASvf-AhqUyc-c5RTEf pSzOP-AhqUyc-c5RTEf Ktthjf-AhqUyc-c5RTEf jXK9ad D2fZ2 zu5uec OjCsFc dmUFtb wHaque g5GTcb\">\n<div class=\"jXK9ad-SmKAyb\">\n<div class=\"tyJCtd baZpAe\">\n<div class=\"t3iYD\"><img loading=\"lazy\" decoding=\"async\" class=\"CENy8b alignleft\" role=\"img\" src=\"https:\/\/lh4.googleusercontent.com\/GkwDqpKOtR5mJTAIEcoAU-ZriTbJU8U44IKuRUANwacajVag4qr1BPoGJS8I-S4JxrkpQP1VPNVthSfZ9OAiIMxcHWca0bVQlIJlzK4MRhXRn6S7htaBztzZGHthc152TA=w1280\" width=\"145\" height=\"133\" \/><\/div>\n<\/div>\n<\/div>\n<\/div>\n<\/div>\n<\/div>\n<\/div>\n<\/div>\n<div class=\"hJDwNd-AhqUyc-Clt0zb Ft7HRd-AhqUyc-Clt0zb purZT-AhqUyc-II5mzb ZcASvf-AhqUyc-II5mzb pSzOP-AhqUyc-qWD73c Ktthjf-AhqUyc-qWD73c JNdkSc SQVYQc\">\n<div class=\"JNdkSc-SmKAyb LkDMRd\">\n<div class=\"\">\n<div class=\"oKdM2c ZZyype Kzv0Me\">\n<div id=\"h.13402dcbd95e20fe_4\" class=\"hJDwNd-AhqUyc-Clt0zb Ft7HRd-AhqUyc-Clt0zb jXK9ad D2fZ2 zu5uec OjCsFc dmUFtb wHaque g5GTcb GNzUNc\">\n<div class=\"jXK9ad-SmKAyb\">\n<div class=\"tyJCtd mGzaTb Depvyb baZpAe\">\n<p class=\"CDt4Ke zfr3Q\" dir=\"ltr\"><strong>Qu\u00e8 \u00e9s?<\/strong><\/p>\n<p class=\"CDt4Ke zfr3Q\" dir=\"ltr\">Un espai on parlar de manera CONFIDENCIAL de tots els problemes que preocupen als joves: tabac, alcohol, drogues, alimentaci\u00f3, exercici f\u00edsic, acne, anticoncepci\u00f3, malalties de transmissi\u00f3 sexual, body art (tatuatges, piercing) i tot all\u00f2 que us interessi. S\u2019identificar\u00e0 amb el nom de \u201cConsulta Oberta\u201d.<\/p>\n<p class=\"CDt4Ke zfr3Q\" dir=\"ltr\"><strong>Qu\u00e8 vol dir confidencial?<\/strong><\/p>\n<p class=\"CDt4Ke zfr3Q\" dir=\"ltr\">Que ni el motiu, ni all\u00f2 que es parli a la consulta ho ha de saber ning\u00fa sense perm\u00eds de l\u2019interessat (ni pares, ni professors, ni amics).<\/p>\n<p class=\"CDt4Ke zfr3Q\" dir=\"ltr\"><strong>Qui ho far\u00e0?<\/strong><\/p>\n<p class=\"CDt4Ke zfr3Q\" dir=\"ltr\">La Manuela N\u00fa\u00f1ez (Infermera de l\u2019Equip d\u2019Atenci\u00f3 Prim\u00e0ria de Salt).<\/p>\n<p class=\"CDt4Ke zfr3Q\" dir=\"ltr\"><strong>A on?<\/strong><\/p>\n<p class=\"CDt4Ke zfr3Q\" dir=\"ltr\">Al mateix institut: A la planta baixa, al final del passad\u00eds de les aules de 1r d\u2019ESO.<\/p>\n<p class=\"CDt4Ke zfr3Q\" dir=\"ltr\"><strong>Quan?<\/strong><\/p>\n<p class=\"CDt4Ke zfr3Q\" dir=\"ltr\">Els dimecres de 12 a 13 hores.<\/p>\n<p class=\"CDt4Ke zfr3Q\" dir=\"ltr\"><strong>Com em puc apuntar?<\/strong><\/p>\n<p class=\"CDt4Ke zfr3Q\" dir=\"ltr\">Les consultes seran programades i caldr\u00e0 demanar hora anticipadament al teu\/teva tutor\/a.<\/p>\n<div id=\"h.yo0hw48tz4wg\" class=\"CobnVe aP9Z7e\"><\/div>\n<h2 id=\"h.yo0hw48tz4wg_l\" class=\"CDt4Ke zfr3Q JYVBee\" dir=\"ltr\">Vine sense por i en parlarem!<\/h2>\n<\/div>\n<\/div>\n<\/div>\n<\/div>\n<\/div>\n<\/div>\n<\/div>\n<\/div>\n<\/div>\n<\/section>\n<section id=\"h.13402dcbd95e20fe_33\" class=\"yaqOZd\">\n<div class=\"IFuOkc\"><\/div>\n<div class=\"mYVXT\">\n<div class=\"LS81yb VICjCf j5pSsc db35Fc\" tabindex=\"-1\">\n<div class=\"hJDwNd-AhqUyc-c5RTEf Ft7HRd-AhqUyc-c5RTEf purZT-AhqUyc-c5RTEf ZcASvf-AhqUyc-c5RTEf pSzOP-AhqUyc-c5RTEf Ktthjf-AhqUyc-c5RTEf JNdkSc SQVYQc\">\n<div class=\"JNdkSc-SmKAyb LkDMRd\">\n<div class=\"\">\n<div class=\"oKdM2c ZZyype Kzv0Me\">\n<div id=\"h.13402dcbd95e20fe_29\" class=\"hJDwNd-AhqUyc-c5RTEf Ft7HRd-AhqUyc-c5RTEf purZT-AhqUyc-c5RTEf ZcASvf-AhqUyc-c5RTEf pSzOP-AhqUyc-c5RTEf Ktthjf-AhqUyc-c5RTEf jXK9ad D2fZ2 zu5uec OjCsFc dmUFtb wHaque g5GTcb\">\n<div class=\"jXK9ad-SmKAyb\">\n<div class=\"tyJCtd OWlOyc baZpAe\">\n<div>\n<div class=\"zGRpZc XYbcoe\"><a class=\"TqzB8b customize-unpreviewable\" href=\"https:\/\/salutpublica.gencat.cat\/ca\/ambits\/promocio_salut\/Infancia-i-adolescencia\/Adolescencia\/salut-i-escola\/\" target=\"_blank\" rel=\"noopener\"><img loading=\"lazy\" decoding=\"async\" class=\"SEaNKb alignright\" src=\"https:\/\/lh6.googleusercontent.com\/proxy\/-42mF-zPqGD-nVy8vs54-0YtGuiGvkp55SEhaUOcPx_0rQNo4lx7gFCzIa_9SQdTwAQqyxHjLg0xaPi9lmiShPIHZHgrs_vA9oVbEny7d3fjhuKrlfJzdVZSUhPfNRcT\" width=\"93\" height=\"93\" \/><span class=\"vBSm9c\"><span class=\"nWW5Nb CDt4Ke zfr3Q OmQG5e\">Programa Salut i Escola<\/span><\/span><\/a><\/div>\n<\/div>\n<\/div>\n<\/div>\n<\/div>\n<\/div>\n<\/div>\n<\/div>\n<\/div>\n<div class=\"hJDwNd-AhqUyc-Clt0zb Ft7HRd-AhqUyc-Clt0zb purZT-AhqUyc-II5mzb ZcASvf-AhqUyc-II5mzb pSzOP-AhqUyc-qWD73c Ktthjf-AhqUyc-qWD73c JNdkSc SQVYQc\">\n<div class=\"JNdkSc-SmKAyb LkDMRd\">\n<div class=\"\">\n<div class=\"oKdM2c ZZyype Kzv0Me\">\n<div id=\"h.13402dcbd95e20fe_34\" class=\"hJDwNd-AhqUyc-Clt0zb Ft7HRd-AhqUyc-Clt0zb jXK9ad D2fZ2 zu5uec OjCsFc dmUFtb wHaque g5GTcb GNzUNc\">\n<div class=\"jXK9ad-SmKAyb\">\n<div class=\"tyJCtd mGzaTb Depvyb baZpAe\">\n<p class=\"CDt4Ke zfr3Q\" dir=\"ltr\">PSiE, Guia d\u2019implementaci\u00f3 + Recursos Complementaris: Consulta Oberta, Salut Afectivo-Sexual i H\u00e0bits de Salut (Tot plegat amb data d\u2019actualitzaci\u00f3 16-07-2018)<\/p>\n<\/div>\n<\/div>\n<\/div>\n<\/div>\n<\/div>\n<\/div>\n<\/div>\n<\/div>\n<\/div>\n<\/section>\n<section id=\"h.13402dcbd95e20fe_41\" class=\"yaqOZd\">\n<div class=\"mYVXT\">\n<div class=\"LS81yb VICjCf j5pSsc db35Fc\" tabindex=\"-1\">\n<div class=\"hJDwNd-AhqUyc-Clt0zb Ft7HRd-AhqUyc-Clt0zb purZT-AhqUyc-II5mzb ZcASvf-AhqUyc-II5mzb pSzOP-AhqUyc-qWD73c Ktthjf-AhqUyc-qWD73c JNdkSc SQVYQc\">\n<div class=\"JNdkSc-SmKAyb LkDMRd\">\n<div class=\"\">\n<div class=\"oKdM2c ZZyype Kzv0Me\">\n<div id=\"h.13402dcbd95e20fe_42\" class=\"hJDwNd-AhqUyc-Clt0zb Ft7HRd-AhqUyc-Clt0zb jXK9ad D2fZ2 zu5uec OjCsFc dmUFtb wHaque g5GTcb GNzUNc\">\n<div class=\"jXK9ad-SmKAyb\">\n<div class=\"tyJCtd mGzaTb Depvyb baZpAe\">\n<p class=\"CDt4Ke zfr3Q\" dir=\"ltr\">Cartell Consulta Oberta + Tr\u00edptic Informaci\u00f3 per a les fam\u00edlies + Quadr\u00edptic pels alumnes.<a class=\"TqzB8b customize-unpreviewable\" href=\"https:\/\/www.google.com\/url?q=https%3A%2F%2Fcanalsalut.gencat.cat%2Fca%2Fsalut-a-z%2Fc%2Fcoronavirus-2019-ncov%2Fciutadania%2F&amp;sa=D&amp;sntz=1&amp;usg=AOvVaw3o1bIpUypEOAP8Kf6ySjFp\" target=\"_blank\" rel=\"noopener\"><span class=\"vBSm9c\"><span class=\"nWW5Nb CDt4Ke zfr3Q OmQG5e\">Informaci\u00f3 per a la ciutadania<\/span><\/span><\/a><\/p>\n<p class=\"CDt4Ke zfr3Q\" dir=\"ltr\"><a class=\"TqzB8b customize-unpreviewable\" href=\"https:\/\/www.google.com\/url?q=https%3A%2F%2Fcanalsalut.gencat.cat%2Fca%2Fsalut-a-z%2Fc%2Fcoronavirus-2019-ncov%2Fciutadania%2Fsalut-escola%2Finformacio-per-a-families%2F&amp;sa=D&amp;sntz=1&amp;usg=AOvVaw1BEME0KaiV1MnEwslBDQjl\" target=\"_blank\" rel=\"noopener\"><span class=\"vBSm9c\"><span class=\"nWW5Nb CDt4Ke zfr3Q OmQG5e\">Informaci\u00f3 per a fam\u00edlies<\/span><\/span><\/a><\/p>\n<\/div>\n<\/div>\n<\/div>\n<\/div>\n<\/div>\n<\/div>\n<\/div>\n<\/div>\n<\/div>\n<\/section>\n<section id=\"h.13402dcbd95e20fe_24\" class=\"yaqOZd\">\n<div class=\"mYVXT\">\n<div class=\"LS81yb VICjCf j5pSsc db35Fc\" tabindex=\"-1\">\n<div class=\"hJDwNd-AhqUyc-c5RTEf Ft7HRd-AhqUyc-c5RTEf purZT-AhqUyc-c5RTEf ZcASvf-AhqUyc-c5RTEf pSzOP-AhqUyc-c5RTEf Ktthjf-AhqUyc-c5RTEf JNdkSc SQVYQc\">\n<div class=\"JNdkSc-SmKAyb LkDMRd\">\n<div class=\"\">\n<div class=\"oKdM2c ZZyype Kzv0Me\">\n<div id=\"h.13402dcbd95e20fe_46\" class=\"hJDwNd-AhqUyc-c5RTEf Ft7HRd-AhqUyc-c5RTEf purZT-AhqUyc-c5RTEf ZcASvf-AhqUyc-c5RTEf pSzOP-AhqUyc-c5RTEf Ktthjf-AhqUyc-c5RTEf jXK9ad D2fZ2 zu5uec OjCsFc dmUFtb wHaque g5GTcb\">\n<div class=\"jXK9ad-SmKAyb\">\n<div class=\"tyJCtd OWlOyc baZpAe\">\n<div>\n<div class=\"zGRpZc XYbcoe\"><a class=\"TqzB8b customize-unpreviewable\" href=\"https:\/\/www.cgtensenyament.cat\/cataleg-de-protocols-2\/\" target=\"_blank\" rel=\"noopener\"><img loading=\"lazy\" decoding=\"async\" class=\"SEaNKb alignleft\" src=\"https:\/\/lh6.googleusercontent.com\/proxy\/MpAO1A85_-0i5B5EZuuqxzUrTQnIMyngOPibsRYcWMOTnrNhxXrC0_QF_Ieev3yfIfYwDoI8AnoCgq8OvjtgjG-uepTj0LrpPJuCMGKOUzkfDdP3-SwcS41bAMZag7ZTTw\" width=\"89\" height=\"75\" \/><span class=\"vBSm9c\"><span class=\"nWW5Nb CDt4Ke zfr3Q OmQG5e\">Cat\u00e0leg de protocols \u2013 CGT<\/span><\/span><\/a><\/div>\n<div class=\"zGRpZc XYbcoe\"><a class=\"TqzB8b customize-unpreviewable\" href=\"https:\/\/www.cgtensenyament.cat\/cataleg-de-protocols-2\/\" target=\"_blank\" rel=\"noopener\"><span class=\"vBSm9c\"><span class=\"nWW5Nb CDt4Ke zfr3Q OmQG5e\">Ensenyament<\/span><span class=\"nWW5Nb CDt4Ke zfr3Q\">Web del Departament \u00a0\u200b\u200b\u200b\u200b\u200b\u200b\u200b\u200b\u200b\u200b\u200b\u200b\u200b\u200b\u200b\u200b\u200b\u200b\u200b\u200b\u200b\u200b<\/span><\/span><\/a><\/div>\n<div class=\"zGRpZc XYbcoe\"><a class=\"TqzB8b customize-unpreviewable\" href=\"https:\/\/www.cgtensenyament.cat\/cataleg-de-protocols-2\/\" target=\"_blank\" rel=\"noopener\"><span class=\"vBSm9c\"><span class=\"nWW5Nb CDt4Ke zfr3Q\">Salut\u200b\u200b\u200b\u200b\u200b\u200b\u200b\u200bDocument\u200b\u200bM\u00e9s informaci\u00f3<\/span><\/span><\/a><\/div>\n<div class=\"zGRpZc XYbcoe\"><a class=\"TqzB8b customize-unpreviewable\" href=\"https:\/\/www.cgtensenyament.cat\/cataleg-de-protocols-2\/\" target=\"_blank\" rel=\"noopener\"><span class=\"vBSm9c\"><span class=\"nWW5Nb CDt4Ke zfr3Q\">Acompanyar l\u2019apat dels alumnes<\/span><\/span><\/a><\/div>\n<div class=\"zGRpZc XYbcoe\"><a class=\"TqzB8b customize-unpreviewable\" href=\"https:\/\/www.cgtensenyament.cat\/cataleg-de-protocols-2\/\" target=\"_blank\" rel=\"noopener\"><span class=\"vBSm9c\"><span class=\"nWW5Nb CDt4Ke zfr3Q\">Cons\u200bells per a menjadors escolars i fam\u00edlies<\/span><\/span><\/a><\/div>\n<div class=\"zGRpZc XYbcoe\"><a class=\"TqzB8b customize-unpreviewable\" href=\"https:\/\/www.cgtensenyament.cat\/cataleg-de-protocols-2\/\" target=\"_blank\" rel=\"noopener\"><span class=\"vBSm9c\"><span class=\"nWW5Nb CDt4Ke zfr3Q\">Alimentaci\u00f3 saluda<\/span><\/span><\/a><\/div>\n<\/div>\n<\/div>\n<\/div>\n<\/div>\n<\/div>\n<\/div>\n<\/div>\n<\/div>\n<\/div>\n<\/div>\n<\/section>\n<\/div>\n<\/div>\n","protected":false},"excerpt":{"rendered":"<p>Consulta oberta<\/p>\n<p>Qu\u00e8 \u00e9s?<br \/>\nUn espai on parlar de manera CONFIDENCIAL de tots els problemes que preocupen als joves: tabac, alcohol, drogues, alimentaci\u00f3, exercici f\u00edsic, acne, anticoncepci\u00f3, malalties de transmissi\u00f3 sexual, body art (tatuatges, piercing) i tot all\u00f2 que us interessi. S\u2019identificar\u00e0 amb el nom de \u201cConsulta&hellip;  <a href=\"https:\/\/agora.xtec.cat\/insvilablareix\/serveis\/salut-i-escola\/\" title=\"Read Salut i Escola\">Llegeix m\u00e9s\u00bb<\/a><\/p>\n","protected":false},"author":1,"featured_media":0,"parent":63,"menu_order":10,"comment_status":"closed","ping_status":"closed","template":"page-templates\/side-menu.php","meta":{"_bbp_topic_count":0,"_bbp_reply_count":0,"_bbp_total_topic_count":0,"_bbp_total_reply_count":0,"_bbp_voice_count":0,"_bbp_anonymous_reply_count":0,"_bbp_topic_count_hidden":0,"_bbp_reply_count_hidden":0,"_bbp_forum_subforum_count":0,"footnotes":""},"class_list":["post-811","page","type-page","status-publish","hentry"],"post_mailing_queue_ids":[],"_links":{"self":[{"href":"https:\/\/agora.xtec.cat\/insvilablareix\/wp-json\/wp\/v2\/pages\/811","targetHints":{"allow":["GET"]}}],"collection":[{"href":"https:\/\/agora.xtec.cat\/insvilablareix\/wp-json\/wp\/v2\/pages"}],"about":[{"href":"https:\/\/agora.xtec.cat\/insvilablareix\/wp-json\/wp\/v2\/types\/page"}],"author":[{"embeddable":true,"href":"https:\/\/agora.xtec.cat\/insvilablareix\/wp-json\/wp\/v2\/users\/1"}],"replies":[{"embeddable":true,"href":"https:\/\/agora.xtec.cat\/insvilablareix\/wp-json\/wp\/v2\/comments?post=811"}],"version-history":[{"count":4,"href":"https:\/\/agora.xtec.cat\/insvilablareix\/wp-json\/wp\/v2\/pages\/811\/revisions"}],"predecessor-version":[{"id":820,"href":"https:\/\/agora.xtec.cat\/insvilablareix\/wp-json\/wp\/v2\/pages\/811\/revisions\/820"}],"up":[{"embeddable":true,"href":"https:\/\/agora.xtec.cat\/insvilablareix\/wp-json\/wp\/v2\/pages\/63"}],"wp:attachment":[{"href":"https:\/\/agora.xtec.cat\/insvilablareix\/wp-json\/wp\/v2\/media?parent=811"}],"curies":[{"name":"wp","href":"https:\/\/api.w.org\/{rel}","templated":true}]}}