{"id":77,"date":"2014-09-18T10:29:25","date_gmt":"2014-09-18T08:29:25","guid":{"rendered":"http:\/\/agora.xtec.cat\/insvilablareix\/?page_id=77"},"modified":"2023-03-15T16:25:29","modified_gmt":"2023-03-15T15:25:29","slug":"transport-escolar","status":"publish","type":"page","link":"https:\/\/agora.xtec.cat\/insvilablareix\/serveis\/transport-escolar\/","title":{"rendered":"Transport escolar"},"content":{"rendered":"<p class=\"CDt4Ke zfr3Q\" dir=\"ltr\">L&#8217;organitzaci\u00f3 de l\u00ednies, itineraris i horaris \u00e9s responsabilitat del Consell Comarcal del Giron\u00e8s, d&#8217;acord amb la proposta dels centres d&#8217;educaci\u00f3 i s&#8217;intentar\u00e0 adaptar-les a les necessitats de cada moment. Els usuaris hauran d&#8217;assumir aquells canvis que s&#8217;hagin de fer per poder donar el millor servei al m\u00e0xim de fam\u00edlies.<\/p>\n<p class=\"CDt4Ke zfr3Q\" dir=\"ltr\">L&#8217;organitzaci\u00f3 de l\u00ednies, parades i horaris durant un curs escolar no suposa cap dret adquirit per als posteriors. L\u2019alumnat d&#8217;ESO que viu a Aiguaviva, Fornells i Quart t\u00e9 el transport gratu\u00eft. No obstant aix\u00f2, si no utilitzen el servei han de notificar-ho per escrit. En cas d\u2019abs\u00e8ncia espor\u00e0dica tamb\u00e9 s\u2019haur\u00e0 de notificar.<\/p>\n<p class=\"CDt4Ke zfr3Q\" dir=\"ltr\">Cal assenyalar i recordar que el servei de transport suposa, per part de l\u2019alumnat i de les fam\u00edlies, l&#8217;acceptaci\u00f3 d&#8217;unes\u00a0<a class=\"XqQF9c rXJpyf\" href=\"https:\/\/docs.google.com\/a\/insvilablareix.cat\/viewer?a=v&amp;pid=sites&amp;srcid=aW5zdmlsYWJsYXJlaXguY2F0fHdlYnxneDpkMGFkNTU1YTliYTBmOTk\" target=\"_blank\" rel=\"noopener\">normes de comportament i de conviv\u00e8ncia<\/a>. Si no es respectessin de manera evident i\/o repetitiva, l\u2019alumnat podria perdre el dret a aquest servei.<\/p>\n<p dir=\"ltr\">Documents:<\/p>\n<ul>\n<li style=\"list-style-type: none;\">\n<ul>\n<li><a href=\"https:\/\/drive.google.com\/file\/d\/1DmhoYl4OXOf26Dcus2NQITgLYMEtOOBY\/view?usp=sharing\">Normativa de funcionament del servei de transport<\/a><\/li>\n<li><a style=\"font-family: inherit; font-size: 1em;\" href=\"https:\/\/drive.google.com\/file\/d\/1QepKK108HKbd9N3D8C8usy-u9hLlg3rZ\/view?usp=sharing\">Autoritzaci\u00f3 de canvi de parada<\/a><\/li>\n<li><a href=\"https:\/\/drive.google.com\/file\/d\/15gx_jlf_X2rrCtZLrU3_15j4YSXc1LHV\/view?usp=sharing\">Comunicat d&#8217;\u00fas servei de transport<\/a><\/li>\n<\/ul>\n<\/li>\n<\/ul>\n","protected":false},"excerpt":{"rendered":"<p>L&#8217;organitzaci\u00f3 de l\u00ednies, itineraris i horaris \u00e9s responsabilitat del Consell Comarcal del Giron\u00e8s, d&#8217;acord amb la proposta dels centres d&#8217;educaci\u00f3 i s&#8217;intentar\u00e0 adaptar-les a les necessitats de cada moment. Els usuaris hauran d&#8217;assumir aquells canvis que s&#8217;hagin de fer per poder donar el millor servei&hellip;  <a href=\"https:\/\/agora.xtec.cat\/insvilablareix\/serveis\/transport-escolar\/\" title=\"Read Transport escolar\">Llegeix m\u00e9s\u00bb<\/a><\/p>\n","protected":false},"author":1,"featured_media":0,"parent":63,"menu_order":2,"comment_status":"closed","ping_status":"closed","template":"page-templates\/side-menu.php","meta":{"_bbp_topic_count":0,"_bbp_reply_count":0,"_bbp_total_topic_count":0,"_bbp_total_reply_count":0,"_bbp_voice_count":0,"_bbp_anonymous_reply_count":0,"_bbp_topic_count_hidden":0,"_bbp_reply_count_hidden":0,"_bbp_forum_subforum_count":0,"footnotes":""},"class_list":["post-77","page","type-page","status-publish","hentry"],"post_mailing_queue_ids":[],"_links":{"self":[{"href":"https:\/\/agora.xtec.cat\/insvilablareix\/wp-json\/wp\/v2\/pages\/77","targetHints":{"allow":["GET"]}}],"collection":[{"href":"https:\/\/agora.xtec.cat\/insvilablareix\/wp-json\/wp\/v2\/pages"}],"about":[{"href":"https:\/\/agora.xtec.cat\/insvilablareix\/wp-json\/wp\/v2\/types\/page"}],"author":[{"embeddable":true,"href":"https:\/\/agora.xtec.cat\/insvilablareix\/wp-json\/wp\/v2\/users\/1"}],"replies":[{"embeddable":true,"href":"https:\/\/agora.xtec.cat\/insvilablareix\/wp-json\/wp\/v2\/comments?post=77"}],"version-history":[{"count":3,"href":"https:\/\/agora.xtec.cat\/insvilablareix\/wp-json\/wp\/v2\/pages\/77\/revisions"}],"predecessor-version":[{"id":864,"href":"https:\/\/agora.xtec.cat\/insvilablareix\/wp-json\/wp\/v2\/pages\/77\/revisions\/864"}],"up":[{"embeddable":true,"href":"https:\/\/agora.xtec.cat\/insvilablareix\/wp-json\/wp\/v2\/pages\/63"}],"wp:attachment":[{"href":"https:\/\/agora.xtec.cat\/insvilablareix\/wp-json\/wp\/v2\/media?parent=77"}],"curies":[{"name":"wp","href":"https:\/\/api.w.org\/{rel}","templated":true}]}}