{"id":715,"date":"2022-07-07T00:08:47","date_gmt":"2022-07-06T22:08:47","guid":{"rendered":"https:\/\/agora.xtec.cat\/insvilablareix\/?page_id=715"},"modified":"2023-03-15T16:20:56","modified_gmt":"2023-03-15T15:20:56","slug":"consell-escolar","status":"publish","type":"page","link":"https:\/\/agora.xtec.cat\/insvilablareix\/secretaria\/consell-escolar\/","title":{"rendered":"Consell Escolar"},"content":{"rendered":"<p class=\"CDt4Ke zfr3Q\" dir=\"ltr\">Cada dos anys s\u2019han de convocar eleccions per renovar la meitat dels membres electes del Consell Escolar; \u00f2rgan de participaci\u00f3 en el control i la gesti\u00f3 del centre<sup><a class=\"XqQF9c rXJpyf\" href=\"https:\/\/mail.google.com\/mail\/u\/0\/#m_3749571489218499621_m_4235642394159213779__ftn1\" target=\"_blank\" rel=\"noopener\">[1]<\/a><\/sup>.<\/p>\n<p class=\"CDt4Ke zfr3Q\" dir=\"ltr\">El Consell Escolar el componen un total de quinze membres dels diferents sectors de la comunitat educativa. Quatre d\u2019ells s\u00f3n nats (director, cap d\u2019estudis, secretari i representant de l\u2019ajuntament), un membre de l\u2019AMPA, i els deu restants s\u00f3n electes (tres representants de l\u2019alumnat, un representant de les fam\u00edlies, cinc representants del professorat i un representant del personal d\u2019administraci\u00f3 i serveis).<\/p>\n","protected":false},"excerpt":{"rendered":"<p>Cada dos anys s\u2019han de convocar eleccions per renovar la meitat dels membres electes del Consell Escolar; \u00f2rgan de participaci\u00f3 en el control i la gesti\u00f3 del centre<a class=\"XqQF9c rXJpyf\" href=\"https:\/\/mail.google.com\/mail\/u\/0\/#m_3749571489218499621_m_4235642394159213779__ftn1\" target=\"_blank\" rel=\"noopener\">[1]<\/a>.<br \/>\nEl Consell Escolar el componen un total de quinze membres dels diferents sectors&hellip;  <a href=\"https:\/\/agora.xtec.cat\/insvilablareix\/secretaria\/consell-escolar\/\" title=\"Read Consell Escolar\">Llegeix m\u00e9s\u00bb<\/a><\/p>\n","protected":false},"author":1,"featured_media":0,"parent":81,"menu_order":0,"comment_status":"closed","ping_status":"closed","template":"page-templates\/side-menu.php","meta":{"_bbp_topic_count":0,"_bbp_reply_count":0,"_bbp_total_topic_count":0,"_bbp_total_reply_count":0,"_bbp_voice_count":0,"_bbp_anonymous_reply_count":0,"_bbp_topic_count_hidden":0,"_bbp_reply_count_hidden":0,"_bbp_forum_subforum_count":0,"footnotes":""},"class_list":["post-715","page","type-page","status-publish","hentry"],"post_mailing_queue_ids":[],"_links":{"self":[{"href":"https:\/\/agora.xtec.cat\/insvilablareix\/wp-json\/wp\/v2\/pages\/715","targetHints":{"allow":["GET"]}}],"collection":[{"href":"https:\/\/agora.xtec.cat\/insvilablareix\/wp-json\/wp\/v2\/pages"}],"about":[{"href":"https:\/\/agora.xtec.cat\/insvilablareix\/wp-json\/wp\/v2\/types\/page"}],"author":[{"embeddable":true,"href":"https:\/\/agora.xtec.cat\/insvilablareix\/wp-json\/wp\/v2\/users\/1"}],"replies":[{"embeddable":true,"href":"https:\/\/agora.xtec.cat\/insvilablareix\/wp-json\/wp\/v2\/comments?post=715"}],"version-history":[{"count":2,"href":"https:\/\/agora.xtec.cat\/insvilablareix\/wp-json\/wp\/v2\/pages\/715\/revisions"}],"predecessor-version":[{"id":719,"href":"https:\/\/agora.xtec.cat\/insvilablareix\/wp-json\/wp\/v2\/pages\/715\/revisions\/719"}],"up":[{"embeddable":true,"href":"https:\/\/agora.xtec.cat\/insvilablareix\/wp-json\/wp\/v2\/pages\/81"}],"wp:attachment":[{"href":"https:\/\/agora.xtec.cat\/insvilablareix\/wp-json\/wp\/v2\/media?parent=715"}],"curies":[{"name":"wp","href":"https:\/\/api.w.org\/{rel}","templated":true}]}}