{"id":709,"date":"2022-07-07T00:03:19","date_gmt":"2022-07-06T22:03:19","guid":{"rendered":"https:\/\/agora.xtec.cat\/insvilablareix\/?page_id=709"},"modified":"2023-09-20T08:46:54","modified_gmt":"2023-09-20T06:46:54","slug":"beques-i-ajudes","status":"publish","type":"page","link":"https:\/\/agora.xtec.cat\/insvilablareix\/secretaria\/beques-i-ajudes\/","title":{"rendered":"Beques i Ajudes"},"content":{"rendered":"<section id=\"h.18754727b5abc94d_7\" class=\"yaqOZd\">\n<div class=\"mYVXT\">\n<div class=\"LS81yb VICjCf j5pSsc db35Fc\" tabindex=\"-1\">\n<div class=\"hJDwNd-AhqUyc-EehZO Ft7HRd-AhqUyc-EehZO purZT-AhqUyc-II5mzb ZcASvf-AhqUyc-II5mzb pSzOP-AhqUyc-qWD73c Ktthjf-AhqUyc-qWD73c JNdkSc SQVYQc\">\n<div class=\"JNdkSc-SmKAyb LkDMRd\">\n<div class=\"\">\n<div class=\"oKdM2c ZZyype Kzv0Me\">\n<div id=\"h.18754727b5abc94d_4\" class=\"hJDwNd-AhqUyc-EehZO Ft7HRd-AhqUyc-EehZO jXK9ad D2fZ2 zu5uec OjCsFc dmUFtb wHaque g5GTcb GNzUNc\">\n<div class=\"jXK9ad-SmKAyb\">\n<div class=\"tyJCtd mGzaTb Depvyb baZpAe\">\n<p class=\"CDt4Ke zfr3Q\" dir=\"ltr\"><strong>Beques NEE i d&#8217;educaci\u00f3 Post-obligat\u00f2ria<\/strong><\/p>\n<p class=\"CDt4Ke zfr3Q\" dir=\"ltr\">Des de secretaria us informem que han sortit les bases per demanar les beques per al curs 2023-24.<\/p>\n<p class=\"CDt4Ke zfr3Q\" dir=\"ltr\">Podeu trobar tota la informaci\u00f3 necess\u00e0ria al seg\u00fcent enlla\u00e7: <a href=\"https:\/\/agora.xtec.cat\/insvilablareix\/general\/nova-ajuda-per-a-les-despeses-addicionals-de-caracter-general-400e\/\">https:\/\/Nova ajuda per a les despeses addicionals de car\u00e0cter general (400\u20ac)<\/a><\/p>\n<\/div>\n<\/div>\n<\/div>\n<\/div>\n<\/div>\n<\/div>\n<\/div>\n<div class=\"hJDwNd-AhqUyc-ibL1re Ft7HRd-AhqUyc-ibL1re JNdkSc SQVYQc L6cTce-purZT L6cTce-pSzOP\">\n<div class=\"JNdkSc-SmKAyb LkDMRd\">\n<div class=\"\"><\/div>\n<\/div>\n<\/div>\n<\/div>\n<\/div>\n<\/section>\n<section id=\"h.18754727b5abc94d_16\" class=\"yaqOZd\">\n<div class=\"mYVXT\">\n<div class=\"LS81yb VICjCf j5pSsc db35Fc\" tabindex=\"-1\">\n<div class=\"hJDwNd-AhqUyc-ibL1re Ft7HRd-AhqUyc-ibL1re purZT-AhqUyc-ibL1re ZcASvf-AhqUyc-ibL1re pSzOP-AhqUyc-ibL1re Ktthjf-AhqUyc-ibL1re JNdkSc SQVYQc\">\n<div class=\"JNdkSc-SmKAyb LkDMRd\">\n<div class=\"\">\n<div class=\"oKdM2c ZZyype Kzv0Me\">\n<div id=\"h.18754727b5abc94d_12\" class=\"hJDwNd-AhqUyc-ibL1re Ft7HRd-AhqUyc-ibL1re purZT-AhqUyc-ibL1re ZcASvf-AhqUyc-ibL1re pSzOP-AhqUyc-ibL1re Ktthjf-AhqUyc-ibL1re jXK9ad D2fZ2 zu5uec OjCsFc dmUFtb wHaque g5GTcb\">\n<div class=\"jXK9ad-SmKAyb\">\n<div class=\"tyJCtd OWlOyc baZpAe\">\n<div class=\"zGRpZc XYbcoe\"><a class=\"TqzB8b\" href=\"https:\/\/educacio.gencat.cat\/ca\/inici\/index.html\" target=\"_blank\" rel=\"noopener\"><img decoding=\"async\" class=\"SEaNKb alignright\" src=\"https:\/\/lh3.googleusercontent.com\/proxy\/cEcMJDcC-l_0_ks7px5lF_hq8eT995gwicl1T-URi_lOFMYQ1LeWG6mDGoPcNsHXyXkq5kd_7TLElJCq5zYQ4tBlrDSAadVF66wcJwxsexoVYX3KNHMOPoQtJc8\" \/><span class=\"vBSm9c\"><span class=\"nWW5Nb CDt4Ke zfr3Q OmQG5e\">Inici<\/span><\/span><\/a><\/div>\n<\/div>\n<\/div>\n<\/div>\n<\/div>\n<\/div>\n<\/div>\n<\/div>\n<div class=\"hJDwNd-AhqUyc-EehZO Ft7HRd-AhqUyc-EehZO purZT-AhqUyc-II5mzb ZcASvf-AhqUyc-II5mzb pSzOP-AhqUyc-qWD73c Ktthjf-AhqUyc-qWD73c JNdkSc SQVYQc\">\n<div class=\"JNdkSc-SmKAyb LkDMRd\">\n<div class=\"\">\n<div class=\"oKdM2c ZZyype Kzv0Me\">\n<div id=\"h.18754727b5abc94d_17\" class=\"hJDwNd-AhqUyc-EehZO Ft7HRd-AhqUyc-EehZO jXK9ad D2fZ2 zu5uec OjCsFc dmUFtb wHaque g5GTcb GNzUNc\">\n<div class=\"jXK9ad-SmKAyb\">\n<div class=\"tyJCtd mGzaTb Depvyb baZpAe\">\n<p class=\"CDt4Ke zfr3Q\" dir=\"ltr\">L&#8217;alumnat d&#8217;ESO que desitgi sol\u00b7licitar-ne es pot adre\u00e7ar a la secretaria del centre o enviar un correu electr\u00f2nic a <a href=\"mailto:insvilablareix@xtec.cat\" target=\"_blank\" rel=\"noopener\">insvilablareix@xtec.cat<\/a>.<\/p>\n<p class=\"CDt4Ke zfr3Q\" dir=\"ltr\">Per l&#8217;alumnat de Batxillerat el tr\u00e0mit el gestionar\u00e0 la pr\u00f2pia fam\u00edlia.<\/p>\n<\/div>\n<\/div>\n<\/div>\n<\/div>\n<\/div>\n<\/div>\n<\/div>\n<\/div>\n<\/div>\n<\/section>\n","protected":false},"excerpt":{"rendered":"<p>Beques NEE i d&#8217;educaci\u00f3 Post-obligat\u00f2ria<br \/>\nDes de secretaria us informem que han sortit les bases per demanar les beques per al curs 2023-24.<br \/>\nPodeu trobar tota la informaci\u00f3 necess\u00e0ria al seg\u00fcent enlla\u00e7: <a href=\"https:\/\/agora.xtec.cat\/insvilablareix\/general\/nova-ajuda-per-a-les-despeses-addicionals-de-caracter-general-400e\/\">https:\/\/Nova ajuda per a les despeses addicionals de car\u00e0cter general (400\u20ac)<\/a><\/p>\n<p><a class=\"TqzB8b\" href=\"https:\/\/educacio.gencat.cat\/ca\/inici\/index.html\" target=\"_blank\"&hellip;  <a href=\"https:\/\/agora.xtec.cat\/insvilablareix\/secretaria\/beques-i-ajudes\/\" title=\"Read Beques i Ajudes\">Llegeix m\u00e9s\u00bb<\/a><\/p>\n","protected":false},"author":1,"featured_media":0,"parent":81,"menu_order":0,"comment_status":"closed","ping_status":"closed","template":"page-templates\/side-menu.php","meta":{"_bbp_topic_count":0,"_bbp_reply_count":0,"_bbp_total_topic_count":0,"_bbp_total_reply_count":0,"_bbp_voice_count":0,"_bbp_anonymous_reply_count":0,"_bbp_topic_count_hidden":0,"_bbp_reply_count_hidden":0,"_bbp_forum_subforum_count":0,"footnotes":""},"class_list":["post-709","page","type-page","status-publish","hentry"],"post_mailing_queue_ids":[],"_links":{"self":[{"href":"https:\/\/agora.xtec.cat\/insvilablareix\/wp-json\/wp\/v2\/pages\/709","targetHints":{"allow":["GET"]}}],"collection":[{"href":"https:\/\/agora.xtec.cat\/insvilablareix\/wp-json\/wp\/v2\/pages"}],"about":[{"href":"https:\/\/agora.xtec.cat\/insvilablareix\/wp-json\/wp\/v2\/types\/page"}],"author":[{"embeddable":true,"href":"https:\/\/agora.xtec.cat\/insvilablareix\/wp-json\/wp\/v2\/users\/1"}],"replies":[{"embeddable":true,"href":"https:\/\/agora.xtec.cat\/insvilablareix\/wp-json\/wp\/v2\/comments?post=709"}],"version-history":[{"count":3,"href":"https:\/\/agora.xtec.cat\/insvilablareix\/wp-json\/wp\/v2\/pages\/709\/revisions"}],"predecessor-version":[{"id":1596,"href":"https:\/\/agora.xtec.cat\/insvilablareix\/wp-json\/wp\/v2\/pages\/709\/revisions\/1596"}],"up":[{"embeddable":true,"href":"https:\/\/agora.xtec.cat\/insvilablareix\/wp-json\/wp\/v2\/pages\/81"}],"wp:attachment":[{"href":"https:\/\/agora.xtec.cat\/insvilablareix\/wp-json\/wp\/v2\/media?parent=709"}],"curies":[{"name":"wp","href":"https:\/\/api.w.org\/{rel}","templated":true}]}}