{"id":690,"date":"2022-07-06T23:46:46","date_gmt":"2022-07-06T21:46:46","guid":{"rendered":"https:\/\/agora.xtec.cat\/insvilablareix\/?page_id=690"},"modified":"2026-02-04T19:06:04","modified_gmt":"2026-02-04T18:06:04","slug":"preinscripcio","status":"publish","type":"page","link":"https:\/\/agora.xtec.cat\/insvilablareix\/secretaria\/preinscripcio\/","title":{"rendered":"Preinscripci\u00f3 ESO curs 2026-2027"},"content":{"rendered":"<section id=\"h.2ddc871fa8e04899_16\" class=\"yaqOZd LB7kq gk8rDe\">\n<div class=\"mYVXT\">\n<div class=\"LS81yb VICjCf j5pSsc db35Fc\" tabindex=\"-1\">\n<div class=\"hJDwNd-AhqUyc-uQSCkd Ft7HRd-AhqUyc-uQSCkd purZT-AhqUyc-II5mzb ZcASvf-AhqUyc-II5mzb pSzOP-AhqUyc-qWD73c Ktthjf-AhqUyc-qWD73c JNdkSc SQVYQc\">\n<div class=\"JNdkSc-SmKAyb LkDMRd\">\n<div class=\"\">\n<div class=\"oKdM2c ZZyype Kzv0Me\">\n<div id=\"h.2ddc871fa8e04899_19\" class=\"hJDwNd-AhqUyc-uQSCkd Ft7HRd-AhqUyc-uQSCkd jXK9ad D2fZ2 zu5uec OjCsFc dmUFtb wHaque g5GTcb GNzUNc\">\n<div class=\"jXK9ad-SmKAyb\">\n<div class=\"tyJCtd mGzaTb Depvyb baZpAe lkHyyc\">\n<h1 id=\"h.3p5xwna4z0c6\" class=\"CDt4Ke zfr3Q duRjpb\" dir=\"ltr\"><\/h1>\n<\/div>\n<\/div>\n<\/div>\n<\/div>\n<\/div>\n<\/div>\n<\/div>\n<\/div>\n<\/div>\n<\/section>\n<section id=\"h.38e823baf937f2a0_210\" class=\"yaqOZd\">\n<div class=\"IFuOkc\"><strong style=\"font-family: inherit; font-size: 1em;\">Informaci\u00f3 general a les fam\u00edlies<\/strong><\/div>\n<div><\/div>\n<div class=\"mYVXT\">\n<div class=\"LS81yb VICjCf j5pSsc db35Fc\" tabindex=\"-1\">\n<div class=\"hJDwNd-AhqUyc-uQSCkd Ft7HRd-AhqUyc-uQSCkd purZT-AhqUyc-II5mzb ZcASvf-AhqUyc-II5mzb pSzOP-AhqUyc-qWD73c Ktthjf-AhqUyc-qWD73c JNdkSc SQVYQc\">\n<div class=\"JNdkSc-SmKAyb LkDMRd\">\n<div class=\"\">\n<div class=\"oKdM2c ZZyype Kzv0Me\">\n<div id=\"h.38e823baf937f2a0_207\" class=\"hJDwNd-AhqUyc-uQSCkd Ft7HRd-AhqUyc-uQSCkd jXK9ad D2fZ2 zu5uec OjCsFc dmUFtb wHaque g5GTcb GNzUNc\">\n<div class=\"jXK9ad-SmKAyb\">\n<div class=\"tyJCtd mGzaTb Depvyb baZpAe\">\n<ul>\n<li class=\"CDt4Ke zfr3Q\" dir=\"ltr\">\u00a0Adre\u00e7a electr\u00f2nica oficial del centre: insvilablareix@xtec.cat<\/li>\n<li class=\"CDt4Ke zfr3Q\" dir=\"ltr\">\u00a0Tel\u00e8fon de contacte: 972 40 60 05<\/li>\n<li class=\"CDt4Ke zfr3Q\" dir=\"ltr\">Horari d\u2019atenci\u00f3 telef\u00f2nica: de dilluns a divendres de 09.00h a 14:00h<\/li>\n<li class=\"CDt4Ke zfr3Q\" dir=\"ltr\">\u00a0Informaci\u00f3 sobre la preinscripci\u00f3: <a class=\"XqQF9c rXJpyf\" href=\"https:\/\/www.google.com\/url?q=https%3A%2F%2Fpreinscripcio.gencat.cat%2Fca%2Festudis%2Feso%2Finici%2F&amp;sa=D&amp;sntz=1&amp;usg=AOvVaw0cWPcPnZwVk97uAoqf7_oa\" target=\"_blank\" rel=\"noopener\"><strong>https:\/\/preinscripcio.gencat.cat\/ca\/estudis\/eso\/inici\/<\/strong><\/a><\/li>\n<li class=\"CDt4Ke zfr3Q\" dir=\"ltr\">Codi de centre: 17009205<\/li>\n<li class=\"CDt4Ke zfr3Q\" dir=\"ltr\">Informaci\u00f3 portes obertes i guia de preinscripci\u00f3 per a fam\u00edlies adjuntes en aquesta not\u00edcia.<\/li>\n<\/ul>\n<p class=\"CDt4Ke zfr3Q\" dir=\"ltr\">En la mateixa b\u00fastia de correu electr\u00f2nic atendrem tots els vostres dubtes durant el proc\u00e9s.<\/p>\n<p class=\"CDt4Ke zfr3Q\" dir=\"ltr\">La sol\u00b7licitud de preinscripci\u00f3 es considera formalitzada amb <strong>l\u2019enviament del correu electr\u00f2nic, amb el resguard i la documentaci\u00f3 acreditativa adjunta<\/strong>.<\/p>\n<p class=\"CDt4Ke zfr3Q\" dir=\"ltr\">El per\u00edode de <strong>presentaci\u00f3 de sol\u00b7licituds telem\u00e0ticament \u00e9s del 3 al 18 de mar\u00e7.<\/strong><\/p>\n<p dir=\"ltr\">Calendari preinscripci\u00f3 i matr\u00edcula 26-27<\/p>\n<\/div>\n<\/div>\n<\/div>\n<\/div>\n<\/div>\n<\/div>\n<\/div>\n<\/div>\n<\/div>\n<\/section>\n<section id=\"h.7a0eea977e48a0a_4\" class=\"yaqOZd\">\n<div>Tr\u00edptic Preinscripci\u00f3 26-27<\/div>\n<\/section>\n<div><\/div>\n<p>&nbsp;<\/p>\n","protected":false},"excerpt":{"rendered":"<p>Informaci\u00f3 general a les fam\u00edlies<\/p>\n<ul>\n<li class=\"CDt4Ke zfr3Q\" dir=\"ltr\">\u00a0Adre\u00e7a electr\u00f2nica oficial del centre: insvilablareix@xtec.cat<\/li>\n<li class=\"CDt4Ke zfr3Q\" dir=\"ltr\">\u00a0Tel\u00e8fon de contacte: 972 40 60 05<\/li>\n<li class=\"CDt4Ke zfr3Q\" dir=\"ltr\">Horari d\u2019atenci\u00f3 telef\u00f2nica: de dilluns a divendres de 09.00h a 14:00h<\/li>\n<li class=\"CDt4Ke zfr3Q\" dir=\"ltr\">\u00a0Informaci\u00f3 sobre la preinscripci\u00f3: <a class=\"XqQF9c rXJpyf\" href=\"https:\/\/www.google.com\/url?q=https%3A%2F%2Fpreinscripcio.gencat.cat%2Fca%2Festudis%2Feso%2Finici%2F&amp;sa=D&amp;sntz=1&amp;usg=AOvVaw0cWPcPnZwVk97uAoqf7_oa\"&hellip;  <a href=\"https:\/\/agora.xtec.cat\/insvilablareix\/secretaria\/preinscripcio\/\" title=\"Read Preinscripci\u00f3 ESO curs 2026-2027\">Llegeix m\u00e9s\u00bb<\/a><br \/>\n","protected":false},"author":1,"featured_media":0,"parent":81,"menu_order":0,"comment_status":"closed","ping_status":"closed","template":"page-templates\/side-menu.php","meta":{"_bbp_topic_count":0,"_bbp_reply_count":0,"_bbp_total_topic_count":0,"_bbp_total_reply_count":0,"_bbp_voice_count":0,"_bbp_anonymous_reply_count":0,"_bbp_topic_count_hidden":0,"_bbp_reply_count_hidden":0,"_bbp_forum_subforum_count":0,"footnotes":""},"class_list":["post-690","page","type-page","status-publish","hentry"],"post_mailing_queue_ids":[],"_links":{"self":[{"href":"https:\/\/agora.xtec.cat\/insvilablareix\/wp-json\/wp\/v2\/pages\/690","targetHints":{"allow":["GET"]}}],"collection":[{"href":"https:\/\/agora.xtec.cat\/insvilablareix\/wp-json\/wp\/v2\/pages"}],"about":[{"href":"https:\/\/agora.xtec.cat\/insvilablareix\/wp-json\/wp\/v2\/types\/page"}],"author":[{"embeddable":true,"href":"https:\/\/agora.xtec.cat\/insvilablareix\/wp-json\/wp\/v2\/users\/1"}],"replies":[{"embeddable":true,"href":"https:\/\/agora.xtec.cat\/insvilablareix\/wp-json\/wp\/v2\/comments?post=690"}],"version-history":[{"count":6,"href":"https:\/\/agora.xtec.cat\/insvilablareix\/wp-json\/wp\/v2\/pages\/690\/revisions"}],"predecessor-version":[{"id":695,"href":"https:\/\/agora.xtec.cat\/insvilablareix\/wp-json\/wp\/v2\/pages\/690\/revisions\/695"}],"up":[{"embeddable":true,"href":"https:\/\/agora.xtec.cat\/insvilablareix\/wp-json\/wp\/v2\/pages\/81"}],"wp:attachment":[{"href":"https:\/\/agora.xtec.cat\/insvilablareix\/wp-json\/wp\/v2\/media?parent=690"}],"curies":[{"name":"wp","href":"https:\/\/api.w.org\/{rel}","templated":true}]}}