{"id":662,"date":"2022-07-06T16:22:25","date_gmt":"2022-07-06T14:22:25","guid":{"rendered":"https:\/\/agora.xtec.cat\/insvilablareix\/?page_id=662"},"modified":"2023-03-15T16:25:18","modified_gmt":"2023-03-15T15:25:18","slug":"biblioteca","status":"publish","type":"page","link":"https:\/\/agora.xtec.cat\/insvilablareix\/serveis\/biblioteca\/","title":{"rendered":"Mediaci\u00f3"},"content":{"rendered":"<section id=\"h.18754727b5abc94d_32\" class=\"yaqOZd\">\n<div class=\"mYVXT\">\n<div class=\"LS81yb VICjCf j5pSsc db35Fc\" tabindex=\"-1\">\n<div class=\"hJDwNd-AhqUyc-uQSCkd Ft7HRd-AhqUyc-uQSCkd purZT-AhqUyc-II5mzb ZcASvf-AhqUyc-II5mzb pSzOP-AhqUyc-qWD73c Ktthjf-AhqUyc-qWD73c JNdkSc SQVYQc\">\n<div class=\"JNdkSc-SmKAyb LkDMRd\">\n<div class=\"\">\n<div class=\"oKdM2c ZZyype Kzv0Me\">\n<div id=\"h.18754727b5abc94d_29\" class=\"hJDwNd-AhqUyc-uQSCkd Ft7HRd-AhqUyc-uQSCkd jXK9ad D2fZ2 zu5uec OjCsFc dmUFtb wHaque g5GTcb GNzUNc\">\n<div class=\"jXK9ad-SmKAyb\">\n<div class=\"tyJCtd mGzaTb Depvyb baZpAe\">\n<p class=\"CDt4Ke zfr3Q\" dir=\"ltr\"><strong>CONEIXES EL SERVEI DE MEDIACI\u00d3 DE L\u2019INS VILABLAREIX?<\/strong><\/p>\n<p class=\"CDt4Ke zfr3Q\" dir=\"ltr\">Creus que tens un conflicte amb un altre alumne\/a? Creus que un company\/a del centre t\u00e9 un conflicte amb algun altre alumne\/a del centre?<\/p>\n<p class=\"CDt4Ke zfr3Q\" dir=\"ltr\">L\u2019<strong>INS Vilablareix<\/strong> posa a disposici\u00f3 de tot l\u2019alumnat un <strong>SERVEI DE MEDIACI\u00d3 ENTRE IGUALS<\/strong> (la mediaci\u00f3 ser\u00e0 condu\u00efda per alumnat voluntari del centre que participa al grup de mediaci\u00f3).<\/p>\n<p class=\"CDt4Ke zfr3Q\" dir=\"ltr\"><strong>La mediaci\u00f3 \u00e9s\u2026<\/strong><\/p>\n<ul class=\"n8H08c UVNKR\">\n<li class=\"TYR86d wXCUfe zfr3Q\" dir=\"ltr\">\n<p class=\"CDt4Ke zfr3Q\" dir=\"ltr\">Un intent de treballar amb l\u2019altre i no contra l\u2019altre, buscant una via pac\u00edfica i equitativa d\u2019afrontar els conflictes en un entorn de creixement, d\u2019acceptaci\u00f3, d\u2019aprenentatge i de respecte mutu.<\/p>\n<\/li>\n<li class=\"TYR86d wXCUfe zfr3Q\" dir=\"ltr\">\n<p class=\"CDt4Ke zfr3Q\" dir=\"ltr\">Un proc\u00e9s de comunicaci\u00f3 horitzontal a tres bandes en el qual el mediador\/a crea les condicions per tal que els protagonistes del conflicte puguin compartir inquietuds, plantejaments, punts de vista i limitacions amb l\u2019\u00e0nim d\u2019elaborar el conflicte i posar-se d\u2019acord.<\/p>\n<\/li>\n<li class=\"TYR86d wXCUfe zfr3Q\" dir=\"ltr\">\n<p class=\"CDt4Ke zfr3Q\" dir=\"ltr\">Una via volunt\u00e0ria d\u2019explorar els conflictes en qu\u00e8 els protagonistes prenen les seves pr\u00f2pies decisions per consens i sense ser coaccionats per cap mena de poder.<\/p>\n<\/li>\n<\/ul>\n<p class=\"CDt4Ke zfr3Q\" dir=\"ltr\"><strong>Afrontar els conflictes des de l\u2019\u00f2ptica de la mediaci\u00f3 implica\u2026<\/strong><\/p>\n<ul class=\"n8H08c UVNKR\">\n<li class=\"TYR86d wXCUfe zfr3Q\" dir=\"ltr\">\n<p class=\"CDt4Ke zfr3Q\" dir=\"ltr\">Prendre consci\u00e8ncia de la nostra responsabilitat en el conflicte, aix\u00ed com de les pr\u00f2pies capacitats per afrontar-lo sense dependre d\u2019una autoritat externa.<\/p>\n<\/li>\n<li class=\"TYR86d wXCUfe zfr3Q\" dir=\"ltr\">\n<p class=\"CDt4Ke zfr3Q\" dir=\"ltr\">Trobar-se volunt\u00e0riament cara a cara amb la persona amb qui s\u2019ha produ\u00eft el conflicte.<\/p>\n<\/li>\n<li class=\"TYR86d wXCUfe zfr3Q\" dir=\"ltr\">\n<p class=\"CDt4Ke zfr3Q\" dir=\"ltr\">Saber expressar i defensar els punts de vista propis sense ofendre els altres.<\/p>\n<\/li>\n<li class=\"TYR86d wXCUfe zfr3Q\" dir=\"ltr\">\n<p class=\"CDt4Ke zfr3Q\" dir=\"ltr\">Comprendre i acceptar les pr\u00f2pies emocions i sentiments.<\/p>\n<\/li>\n<li class=\"TYR86d wXCUfe zfr3Q\" dir=\"ltr\">\n<p class=\"CDt4Ke zfr3Q\" dir=\"ltr\">Fer l\u2019esfor\u00e7 de posar-se al lloc de l\u2019altra persona i mirar de comprendre-la.<\/p>\n<\/li>\n<li class=\"TYR86d wXCUfe zfr3Q\" dir=\"ltr\">\n<p class=\"CDt4Ke zfr3Q\" dir=\"ltr\">Estar en disposici\u00f3 de cooperar a la recerca d\u2019una alternativa a la situaci\u00f3 actual.<\/p>\n<\/li>\n<li class=\"TYR86d wXCUfe zfr3Q\" dir=\"ltr\">\n<p class=\"CDt4Ke zfr3Q\" dir=\"ltr\">Prendre una decisi\u00f3 lliure i equitativa mitjan\u00e7ant la via del di\u00e0leg i dell consens.<\/p>\n<\/li>\n<\/ul>\n<p class=\"CDt4Ke zfr3Q\" dir=\"ltr\"><strong>Caracter\u00edstiques de l\u2019alumnat mediador:<\/strong><\/p>\n<ul class=\"n8H08c UVNKR\">\n<li class=\"TYR86d wXCUfe zfr3Q\" dir=\"ltr\">\n<p class=\"CDt4Ke zfr3Q\" dir=\"ltr\">No es decanten per ning\u00fa.<\/p>\n<\/li>\n<li class=\"TYR86d wXCUfe zfr3Q\" dir=\"ltr\">\n<p class=\"CDt4Ke zfr3Q\" dir=\"ltr\">No donen solucions ni influeixen en les decisions preses.<\/p>\n<\/li>\n<li class=\"TYR86d wXCUfe zfr3Q\" dir=\"ltr\">\n<p class=\"CDt4Ke zfr3Q\" dir=\"ltr\">No tenen cap mena de poder.<\/p>\n<\/li>\n<li class=\"TYR86d wXCUfe zfr3Q\" dir=\"ltr\">\n<p class=\"CDt4Ke zfr3Q\" dir=\"ltr\">Mantenen confidencial el contingut de la trobada i l\u2019anonimat de les persones implicades.<\/p>\n<\/li>\n<\/ul>\n<p class=\"CDt4Ke zfr3Q\" dir=\"ltr\"><strong>Com sol\u00b7licitar una mediaci\u00f3?<\/strong><\/p>\n<p class=\"CDt4Ke zfr3Q\" dir=\"ltr\">Si vols sol\u00b7licitar una mediaci\u00f3 cal que omplis el full de sol\u00b7licitud que pots trobar a la web del centre (<a class=\"XqQF9c rXJpyf\" href=\"http:\/\/www.google.com\/url?q=http%3A%2F%2Fwww.insvilablareix.cat%2F&amp;sa=D&amp;sntz=1&amp;usg=AOvVaw2-t8li9paq6LzE_X5cLHpQ\" target=\"_blank\" rel=\"noopener\">www.insvilablareix.cat<\/a>) o b\u00e9 a la secretaria del centre. Seguidament podr\u00e0s dipositar el full a la b\u00fastia de mediaci\u00f3 que trobar\u00e0s a secretaria o enviar-la per correu a mediacio@insvilablareix.cat.<\/p>\n<p class=\"CDt4Ke zfr3Q\" dir=\"ltr\"><strong>NO <\/strong>s\u2019atendran les peticions an\u00f2nimes!<\/p>\n<\/div>\n<\/div>\n<\/div>\n<\/div>\n<\/div>\n<\/div>\n<\/div>\n<\/div>\n<\/div>\n<\/section>\n<section id=\"h.18754727b5abc94d_36\" class=\"yaqOZd\">\n<div class=\"IFuOkc\"><\/div>\n<div class=\"mYVXT\">\n<div class=\"LS81yb VICjCf j5pSsc db35Fc\" tabindex=\"-1\">\n<div class=\"hJDwNd-AhqUyc-R6PoUb Ft7HRd-AhqUyc-R6PoUb JNdkSc SQVYQc L6cTce-purZT L6cTce-pSzOP\">\n<div class=\"JNdkSc-SmKAyb LkDMRd\">\n<div class=\"\"><\/div>\n<\/div>\n<\/div>\n<div class=\"hJDwNd-AhqUyc-EehZO Ft7HRd-AhqUyc-EehZO purZT-AhqUyc-II5mzb ZcASvf-AhqUyc-II5mzb pSzOP-AhqUyc-qWD73c Ktthjf-AhqUyc-qWD73c JNdkSc SQVYQc\">\n<div class=\"JNdkSc-SmKAyb LkDMRd\">\n<div class=\"\">\n<div class=\"oKdM2c ZZyype Kzv0Me\">\n<div id=\"h.18754727b5abc94d_33\" class=\"hJDwNd-AhqUyc-EehZO Ft7HRd-AhqUyc-EehZO jXK9ad D2fZ2 zu5uec OjCsFc dmUFtb wHaque g5GTcb\">\n<div class=\"jXK9ad-SmKAyb\">\n<div class=\"tyJCtd baZpAe\">\n<div class=\"t3iYD\"><img decoding=\"async\" class=\"CENy8b\" role=\"img\" src=\"https:\/\/lh6.googleusercontent.com\/LGVk4-savPLLkPG9KrxjCdwH5f-ft-AzCrljFhsL9abxsNCqzz8NCrHOdewgdPfJjUd5cP1EHjsuR8qxoZYHQWjy4sg7yOio9M8IARCUZqv-HWgqHdD9iLEU63c5VraRZw=w1280\" \/><\/div>\n<\/div>\n<\/div>\n<\/div>\n<\/div>\n<\/div>\n<\/div>\n<\/div>\n<\/div>\n<\/div>\n<\/section>\n","protected":false},"excerpt":{"rendered":"<p>CONEIXES EL SERVEI DE MEDIACI\u00d3 DE L\u2019INS VILABLAREIX?<br \/>\nCreus que tens un conflicte amb un altre alumne\/a? Creus que un company\/a del centre t\u00e9 un conflicte amb algun altre alumne\/a del centre?<br \/>\nL\u2019INS Vilablareix posa a disposici\u00f3 de tot l\u2019alumnat un SERVEI DE MEDIACI\u00d3 ENTRE IGUALS (la&hellip;  <a href=\"https:\/\/agora.xtec.cat\/insvilablareix\/serveis\/biblioteca\/\" title=\"Read Mediaci\u00f3\">Llegeix m\u00e9s\u00bb<\/a><\/p>\n","protected":false},"author":1,"featured_media":0,"parent":63,"menu_order":5,"comment_status":"closed","ping_status":"closed","template":"page-templates\/side-menu.php","meta":{"_bbp_topic_count":0,"_bbp_reply_count":0,"_bbp_total_topic_count":0,"_bbp_total_reply_count":0,"_bbp_voice_count":0,"_bbp_anonymous_reply_count":0,"_bbp_topic_count_hidden":0,"_bbp_reply_count_hidden":0,"_bbp_forum_subforum_count":0,"footnotes":""},"class_list":["post-662","page","type-page","status-publish","hentry"],"post_mailing_queue_ids":[],"_links":{"self":[{"href":"https:\/\/agora.xtec.cat\/insvilablareix\/wp-json\/wp\/v2\/pages\/662","targetHints":{"allow":["GET"]}}],"collection":[{"href":"https:\/\/agora.xtec.cat\/insvilablareix\/wp-json\/wp\/v2\/pages"}],"about":[{"href":"https:\/\/agora.xtec.cat\/insvilablareix\/wp-json\/wp\/v2\/types\/page"}],"author":[{"embeddable":true,"href":"https:\/\/agora.xtec.cat\/insvilablareix\/wp-json\/wp\/v2\/users\/1"}],"replies":[{"embeddable":true,"href":"https:\/\/agora.xtec.cat\/insvilablareix\/wp-json\/wp\/v2\/comments?post=662"}],"version-history":[{"count":3,"href":"https:\/\/agora.xtec.cat\/insvilablareix\/wp-json\/wp\/v2\/pages\/662\/revisions"}],"predecessor-version":[{"id":738,"href":"https:\/\/agora.xtec.cat\/insvilablareix\/wp-json\/wp\/v2\/pages\/662\/revisions\/738"}],"up":[{"embeddable":true,"href":"https:\/\/agora.xtec.cat\/insvilablareix\/wp-json\/wp\/v2\/pages\/63"}],"wp:attachment":[{"href":"https:\/\/agora.xtec.cat\/insvilablareix\/wp-json\/wp\/v2\/media?parent=662"}],"curies":[{"name":"wp","href":"https:\/\/api.w.org\/{rel}","templated":true}]}}