{"id":195,"date":"2014-09-22T10:39:39","date_gmt":"2014-09-22T08:39:39","guid":{"rendered":"http:\/\/agora.xtec.cat\/insvilablareix\/?page_id=195"},"modified":"2025-06-05T10:02:57","modified_gmt":"2025-06-05T08:02:57","slug":"estudis","status":"publish","type":"page","link":"https:\/\/agora.xtec.cat\/insvilablareix\/estudis\/","title":{"rendered":"Estudis"},"content":{"rendered":"<p>A l&#8217;Institut Vilablareix s&#8217;imparteixen els seg\u00fcents cursos:<\/p>\n<ul>\n<li>1r, 2n, 3r i 4t d&#8217;ESO<\/li>\n<li>Batxillerat: cient\u00edfic tecnol\u00f2gic i human\u00edstic social<\/li>\n<\/ul>\n<p>L&#8217;horari \u00e9s el seg\u00fcent: de 8.15 h a 14.45 h. amb un pati de 20 minuts i un altre de 10 minuts.<\/p>\n<p>&nbsp;<\/p>\n","protected":false},"excerpt":{"rendered":"<p>A l&#8217;Institut Vilablareix s&#8217;imparteixen els seg\u00fcents cursos:<\/p>\n<ul>\n<li>1r, 2n, 3r i 4t d&#8217;ESO<\/li>\n<li>Batxillerat: cient\u00edfic tecnol\u00f2gic i human\u00edstic social<\/li>\n<\/ul>\n<p>L&#8217;horari \u00e9s el seg\u00fcent: de 8.15 h a 14.45 h. amb un pati de 20 minuts i un altre de 10 minuts.<br \/>\n&nbsp;<\/p>\n","protected":false},"author":1,"featured_media":0,"parent":0,"menu_order":0,"comment_status":"closed","ping_status":"closed","template":"page-templates\/side-menu.php","meta":{"_bbp_topic_count":0,"_bbp_reply_count":0,"_bbp_total_topic_count":0,"_bbp_total_reply_count":0,"_bbp_voice_count":0,"_bbp_anonymous_reply_count":0,"_bbp_topic_count_hidden":0,"_bbp_reply_count_hidden":0,"_bbp_forum_subforum_count":0,"footnotes":""},"class_list":["post-195","page","type-page","status-publish","hentry"],"post_mailing_queue_ids":[],"_links":{"self":[{"href":"https:\/\/agora.xtec.cat\/insvilablareix\/wp-json\/wp\/v2\/pages\/195","targetHints":{"allow":["GET"]}}],"collection":[{"href":"https:\/\/agora.xtec.cat\/insvilablareix\/wp-json\/wp\/v2\/pages"}],"about":[{"href":"https:\/\/agora.xtec.cat\/insvilablareix\/wp-json\/wp\/v2\/types\/page"}],"author":[{"embeddable":true,"href":"https:\/\/agora.xtec.cat\/insvilablareix\/wp-json\/wp\/v2\/users\/1"}],"replies":[{"embeddable":true,"href":"https:\/\/agora.xtec.cat\/insvilablareix\/wp-json\/wp\/v2\/comments?post=195"}],"version-history":[{"count":6,"href":"https:\/\/agora.xtec.cat\/insvilablareix\/wp-json\/wp\/v2\/pages\/195\/revisions"}],"predecessor-version":[{"id":2288,"href":"https:\/\/agora.xtec.cat\/insvilablareix\/wp-json\/wp\/v2\/pages\/195\/revisions\/2288"}],"wp:attachment":[{"href":"https:\/\/agora.xtec.cat\/insvilablareix\/wp-json\/wp\/v2\/media?parent=195"}],"curies":[{"name":"wp","href":"https:\/\/api.w.org\/{rel}","templated":true}]}}