{"id":1292,"date":"2023-03-08T08:35:41","date_gmt":"2023-03-08T07:35:41","guid":{"rendered":"https:\/\/agora.xtec.cat\/insvilablareix\/?page_id=1292"},"modified":"2024-06-26T10:55:38","modified_gmt":"2024-06-26T08:55:38","slug":"erasmus","status":"publish","type":"page","link":"https:\/\/agora.xtec.cat\/insvilablareix\/serveis\/erasmus\/","title":{"rendered":"ERASMUS"},"content":{"rendered":"<p>L<strong>&#8216;institut Vilablareix<\/strong> forma part del projecte Erasmus+ com a consorci entre altres centres com l&#8217;escola Carme Auguet, Institut Montilivi i Institut Sarri\u00e0.<\/p>\n<p>La Comissi\u00f3 Europea obre anualment la convocat\u00f2ria per a l\u2019obtenci\u00f3 de l\u2019<strong>Acreditaci\u00f3 Erasmus<\/strong> als sectors d\u2019Educaci\u00f3 de Persones Adultes, Formaci\u00f3 Professional i Educaci\u00f3 Escolar, com a una eina per a les organitzacions d\u2019educaci\u00f3 i formaci\u00f3 d\u2019aquests tres sectors educatius que vulguin obrir-se a l\u2019intercanvi i la cooperaci\u00f3 transfronterers en el marc del programa Erasmus+ 2021-2027.<\/p>\n<p>Mitjan\u00e7ant la concessi\u00f3 d\u2019aquesta\u00a0Acreditaci\u00f3 Erasmus, es confirma que l\u2019organitzaci\u00f3 sol\u00b7licitant ha establert un pla per a dur a terme activitats de mobilitat d\u2019alta qualitat en el marc d\u2019una iniciativa m\u00e9s \u00e0mplia de desenvolupament de la seva organitzaci\u00f3. Aquest pla, anomenat\u00a0Pla Erasmus, \u00e9s un element clau de la\u00a0sol\u00b7licitud d\u2019Acreditaci\u00f3 Erasmus.<\/p>\n<p><a href=\"https:\/\/sites.google.com\/insvilablareix.cat\/erasmus-insvilablareix\/p%C3%A0gina-principal\">Clica per enlla\u00e7ar amb el nostre sites<\/a><\/p>\n<p><a href=\"https:\/\/agora.xtec.cat\/insvilablareix\/wp-content\/uploads\/usu2496\/2023\/03\/EU-flag-Erasmus_vect_POS.jpg\"><img loading=\"lazy\" decoding=\"async\" class=\"alignnone size-large wp-image-1296\" src=\"https:\/\/agora.xtec.cat\/insvilablareix\/wp-content\/uploads\/usu2496\/2023\/03\/EU-flag-Erasmus_vect_POS-1024x292.jpg\" alt=\"\" width=\"1024\" height=\"292\" srcset=\"https:\/\/agora.xtec.cat\/insvilablareix\/wp-content\/uploads\/usu2496\/2023\/03\/EU-flag-Erasmus_vect_POS-1024x292.jpg 1024w, https:\/\/agora.xtec.cat\/insvilablareix\/wp-content\/uploads\/usu2496\/2023\/03\/EU-flag-Erasmus_vect_POS-300x86.jpg 300w, https:\/\/agora.xtec.cat\/insvilablareix\/wp-content\/uploads\/usu2496\/2023\/03\/EU-flag-Erasmus_vect_POS-768x219.jpg 768w, https:\/\/agora.xtec.cat\/insvilablareix\/wp-content\/uploads\/usu2496\/2023\/03\/EU-flag-Erasmus_vect_POS-1536x439.jpg 1536w, https:\/\/agora.xtec.cat\/insvilablareix\/wp-content\/uploads\/usu2496\/2023\/03\/EU-flag-Erasmus_vect_POS.jpg 1964w\" sizes=\"auto, (max-width: 1024px) 100vw, 1024px\" \/><\/a><\/p>\n","protected":false},"excerpt":{"rendered":"<p>L&#8216;institut Vilablareix forma part del projecte Erasmus+ com a consorci entre altres centres com l&#8217;escola Carme Auguet, Institut Montilivi i Institut Sarri\u00e0.<br \/>\nLa Comissi\u00f3 Europea obre anualment la convocat\u00f2ria per a l\u2019obtenci\u00f3 de l\u2019Acreditaci\u00f3 Erasmus als sectors d\u2019Educaci\u00f3 de Persones Adultes, Formaci\u00f3 Professional i Educaci\u00f3 Escolar,&hellip;  <a href=\"https:\/\/agora.xtec.cat\/insvilablareix\/serveis\/erasmus\/\" title=\"Read ERASMUS\">Llegeix m\u00e9s\u00bb<\/a><\/p>\n","protected":false},"author":1,"featured_media":0,"parent":63,"menu_order":0,"comment_status":"closed","ping_status":"closed","template":"page-templates\/side-menu.php","meta":{"_bbp_topic_count":0,"_bbp_reply_count":0,"_bbp_total_topic_count":0,"_bbp_total_reply_count":0,"_bbp_voice_count":0,"_bbp_anonymous_reply_count":0,"_bbp_topic_count_hidden":0,"_bbp_reply_count_hidden":0,"_bbp_forum_subforum_count":0,"footnotes":""},"class_list":["post-1292","page","type-page","status-publish","hentry"],"post_mailing_queue_ids":[],"_links":{"self":[{"href":"https:\/\/agora.xtec.cat\/insvilablareix\/wp-json\/wp\/v2\/pages\/1292","targetHints":{"allow":["GET"]}}],"collection":[{"href":"https:\/\/agora.xtec.cat\/insvilablareix\/wp-json\/wp\/v2\/pages"}],"about":[{"href":"https:\/\/agora.xtec.cat\/insvilablareix\/wp-json\/wp\/v2\/types\/page"}],"author":[{"embeddable":true,"href":"https:\/\/agora.xtec.cat\/insvilablareix\/wp-json\/wp\/v2\/users\/1"}],"replies":[{"embeddable":true,"href":"https:\/\/agora.xtec.cat\/insvilablareix\/wp-json\/wp\/v2\/comments?post=1292"}],"version-history":[{"count":5,"href":"https:\/\/agora.xtec.cat\/insvilablareix\/wp-json\/wp\/v2\/pages\/1292\/revisions"}],"predecessor-version":[{"id":2009,"href":"https:\/\/agora.xtec.cat\/insvilablareix\/wp-json\/wp\/v2\/pages\/1292\/revisions\/2009"}],"up":[{"embeddable":true,"href":"https:\/\/agora.xtec.cat\/insvilablareix\/wp-json\/wp\/v2\/pages\/63"}],"wp:attachment":[{"href":"https:\/\/agora.xtec.cat\/insvilablareix\/wp-json\/wp\/v2\/media?parent=1292"}],"curies":[{"name":"wp","href":"https:\/\/api.w.org\/{rel}","templated":true}]}}