{"id":1274,"date":"2023-03-06T13:47:19","date_gmt":"2023-03-06T12:47:19","guid":{"rendered":"https:\/\/agora.xtec.cat\/insvilablareix\/?page_id=1274"},"modified":"2025-03-20T13:00:16","modified_gmt":"2025-03-20T12:00:16","slug":"biblioteca-2","status":"publish","type":"page","link":"https:\/\/agora.xtec.cat\/insvilablareix\/serveis\/biblioteca-2\/","title":{"rendered":"Biblioteca"},"content":{"rendered":"<p>L&#8217;horari de la biblioteca \u00e9s: De dilluns a divendres, de 10.15 a 10.35h i de 12.35 a 12.45h. M\u00e9s hores convingudes.<\/p>\n<p>L&#8217;alumnat de Batxillerat pot anar-hi tots els dies. En canvi, l&#8217;alumnat de 1r i 2n t\u00e9 assignats els dilluns i dijous; i l&#8217;alumnat de 3r i 4t t\u00e9 assignats els dimarts i els divendres.<\/p>\n<p>L&#8217;enlla\u00e7 per buscar qualsevol llibre que hi esteu interessats \u00e9s el seg\u00fcent: <a href=\"https:\/\/aplicacions.gestioeducativa.gencat.cat\/epergam\/web\/biblioteca.jsp\">\ud83d\udcd7\u200b<\/a><\/p>\n<p>&nbsp;<\/p>\n<p>&nbsp;<\/p>\n<p>&nbsp;<\/p>\n","protected":false},"excerpt":{"rendered":"<p>L&#8217;horari de la biblioteca \u00e9s: De dilluns a divendres, de 10.15 a 10.35h i de 12.35 a 12.45h. M\u00e9s hores convingudes.<br \/>\nL&#8217;alumnat de Batxillerat pot anar-hi tots els dies. En canvi, l&#8217;alumnat de 1r i 2n t\u00e9 assignats els dilluns i dijous; i l&#8217;alumnat de 3r&hellip;  <a href=\"https:\/\/agora.xtec.cat\/insvilablareix\/serveis\/biblioteca-2\/\" title=\"Read Biblioteca\">Llegeix m\u00e9s\u00bb<\/a><\/p>\n","protected":false},"author":1,"featured_media":0,"parent":63,"menu_order":15,"comment_status":"closed","ping_status":"closed","template":"page-templates\/side-menu.php","meta":{"_bbp_topic_count":0,"_bbp_reply_count":0,"_bbp_total_topic_count":0,"_bbp_total_reply_count":0,"_bbp_voice_count":0,"_bbp_anonymous_reply_count":0,"_bbp_topic_count_hidden":0,"_bbp_reply_count_hidden":0,"_bbp_forum_subforum_count":0,"footnotes":""},"class_list":["post-1274","page","type-page","status-publish","hentry"],"post_mailing_queue_ids":[],"_links":{"self":[{"href":"https:\/\/agora.xtec.cat\/insvilablareix\/wp-json\/wp\/v2\/pages\/1274","targetHints":{"allow":["GET"]}}],"collection":[{"href":"https:\/\/agora.xtec.cat\/insvilablareix\/wp-json\/wp\/v2\/pages"}],"about":[{"href":"https:\/\/agora.xtec.cat\/insvilablareix\/wp-json\/wp\/v2\/types\/page"}],"author":[{"embeddable":true,"href":"https:\/\/agora.xtec.cat\/insvilablareix\/wp-json\/wp\/v2\/users\/1"}],"replies":[{"embeddable":true,"href":"https:\/\/agora.xtec.cat\/insvilablareix\/wp-json\/wp\/v2\/comments?post=1274"}],"version-history":[{"count":4,"href":"https:\/\/agora.xtec.cat\/insvilablareix\/wp-json\/wp\/v2\/pages\/1274\/revisions"}],"predecessor-version":[{"id":2234,"href":"https:\/\/agora.xtec.cat\/insvilablareix\/wp-json\/wp\/v2\/pages\/1274\/revisions\/2234"}],"up":[{"embeddable":true,"href":"https:\/\/agora.xtec.cat\/insvilablareix\/wp-json\/wp\/v2\/pages\/63"}],"wp:attachment":[{"href":"https:\/\/agora.xtec.cat\/insvilablareix\/wp-json\/wp\/v2\/media?parent=1274"}],"curies":[{"name":"wp","href":"https:\/\/api.w.org\/{rel}","templated":true}]}}